{"id":773,"date":"2018-07-11T07:27:26","date_gmt":"2018-07-11T07:27:26","guid":{"rendered":"https:\/\/www.casinobonusradar.com\/it\/?page_id=773"},"modified":"2018-11-18T16:50:36","modified_gmt":"2018-11-18T16:50:36","slug":"giri-gratis","status":"publish","type":"page","link":"https:\/\/www.casinobonusradar.com\/it\/giri-gratis\/","title":{"rendered":"Giri gratis dei migliori casin\u00f2 online autorizzati AAMS"},"content":{"rendered":"\n<p>I Giri gratis o free spin sono forse il Sacro Graal degli amanti delle slot machine ed in generale dei giocatori e frequentatori del casin\u00f2 online, perch\u00e9 da essi si possono ricavare grandi vincite, e i pi\u00f9 esperti lo sanno, ed \u00e8 proprio per questo che i casin\u00f2 online tendono a limitare sempre di pi\u00f9 questa offerta o a legarla a dei depositi obbligatori.<\/p>\n<p>I giri gratis, sono semplicemente delle giocate gratuite alle slot, delle mani gratis che il casin\u00f2 decide di assegnare al giocatore per diverse ragioni, che di seguito analizzeremo.<\/p>\n<p>Vuoi aggiudicarti subito dei free spin ed iniziare la tua esperienza da giocatore di casin\u00f2 online con un rilevante vantaggio? Di seguito troverai i migliori casin\u00f2 sicuri AAMS che offrono giri gratis all\u2019interno della propria offerta di benvenuto:<\/p>\n\n<table id=\"tablepress-9\" class=\"tablepress tablepress-id-9\">\n<thead>\n<tr class=\"row-1 odd\">\n\t<th class=\"column-1\">&nbsp;<\/th><th class=\"column-2\">Casin\u00f2 <\/th><th class=\"column-3\">Giri Gratis<\/th><th class=\"column-4\">Punteggio<\/th><th class=\"column-5\">Ottieni i free spin<\/th>\n<\/tr>\n<\/thead>\n<tbody class=\"row-hover\">\n<tr class=\"row-2 even\">\n\t<td class=\"column-1\"><\/td><td class=\"column-2\"><a target=\"_blank\" href=\"https:\/\/www.casinobonusradar.com\/it\/goto\/starcasino\/\" rel=\"noopener noreferrer\"><img src=\"https:\/\/www.casinobonusradar.com\/it\/wp-content\/uploads\/sites\/4\/2018\/05\/starcasino_bg-1.jpg\" alt=\"\" width=\"250\" height=\"150\" class=\"alignleft size-full wp-image-236\" \/><\/a><\/td><td class=\"column-3\">100 giri gratis<\/td><td class=\"column-4\">90%<br \/>\n<a href=\"https:\/\/www.casinobonusradar.com\/it\/online-casino\/starcasino-casino\/\">Info<\/a><\/td><td class=\"column-5\"><a class=\"big-button bigblue\" href=\"\/it\/goto\/starcasino\" target=\"_blank\" rel=\"noopener noreferrer\">Richiedi il Bonus<\/a><\/td>\n<\/tr>\n<tr class=\"row-3 odd\">\n\t<td class=\"column-1\"><\/td><td class=\"column-2\"><a target=\"_blank\" href=\"https:\/\/www.casinobonusradar.com\/it\/goto\/888casino\" rel=\"noopener noreferrer\"><img src=\"https:\/\/www.casinobonusradar.com\/it\/wp-content\/uploads\/sites\/4\/2018\/04\/888casino_bg.jpg\" alt=\"\" width=\"250\" height=\"150\" class=\"alignleft size-full wp-image-64\" \/><\/a><\/td><td class=\"column-3\"> 88 giri gratis<\/td><td class=\"column-4\">89%<br \/>\n<a href=\"https:\/\/www.casinobonusradar.com\/it\/online-casino\/888-casino\/\">Info<\/a><\/td><td class=\"column-5\"><a class=\"big-button bigblue\" href=\"\/it\/goto\/888casino\" target=\"_blank\" rel=\"noopener noreferrer\">Richiedi il Bonus<\/a><\/td>\n<\/tr>\n<tr class=\"row-4 even\">\n\t<td class=\"column-1\"><\/td><td class=\"column-2\"><a target=\"_blank\" href=\"https:\/\/www.casinobonusradar.com\/it\/goto\/netbet\" rel=\"noopener noreferrer\"><img src=\"https:\/\/www.casinobonusradar.com\/it\/wp-content\/uploads\/sites\/4\/2018\/05\/netbet_bg.jpg\" alt=\"\" width=\"250\" height=\"150\" class=\"alignleft size-full wp-image-150\" \/><\/a><\/td><td class=\"column-3\">50 giri gratis<\/td><td class=\"column-4\">87%<br \/>\n<a href=\"https:\/\/www.casinobonusradar.com\/it\/online-casino\/netbet-casino\/\">Info<\/a><\/td><td class=\"column-5\"><a class=\"big-button bigblue\" href=\"\/it\/goto\/netbet\" target=\"_blank\" rel=\"noopener noreferrer\">Richiedi il Bonus<\/a><\/td>\n<\/tr>\n<tr class=\"row-5 odd\">\n\t<td class=\"column-1\"><\/td><td class=\"column-2\"><a target=\"_blank\" href=\"https:\/\/www.casinobonusradar.com\/it\/goto\/leovegas\" rel=\"noopener noreferrer\"><img src=\"https:\/\/www.casinobonusradar.com\/it\/wp-content\/uploads\/sites\/4\/2018\/07\/leovegas_bg.jpg\" alt=\"\" width=\"250\" height=\"150\" class=\"alignleft size-full wp-image-623\" \/><\/a><\/td><td class=\"column-3\">70 giri gratis <\/td><td class=\"column-4\">86%<br \/>\n<a href=\"\/it\/leovegas-casino\/\">Info<\/a><\/td><td class=\"column-5\"><a class=\"big-button bigblue\" href=\"\/it\/goto\/leovegas\" target=\"_blank\" rel=\"noopener noreferrer\">Informazioni<\/a><\/td>\n<\/tr>\n<tr class=\"row-6 even\">\n\t<td class=\"column-1\"><\/td><td class=\"column-2\"><a target=\"_blank\" href=\"https:\/\/www.casinobonusradar.com\/it\/goto\/unibet\" rel=\"noopener noreferrer\"><img src=\"https:\/\/www.casinobonusradar.com\/it\/wp-content\/uploads\/sites\/4\/2018\/04\/unibet_bg.jpg\" alt=\"\" width=\"250\" height=\"150\" class=\"alignleft size-full wp-image-112\" \/><\/a><\/td><td class=\"column-3\">50 giri gratis <\/td><td class=\"column-4\">79%<br \/>\n<a href=\"https:\/\/www.casinobonusradar.com\/it\/online-casino\/unibet-casino\/\">Info<\/a><\/td><td class=\"column-5\"><a class=\"big-button bigblue\" href=\"\/it\/goto\/unibet\" target=\"_blank\" rel=\"noopener noreferrer\">Richiedi il Bonus<\/a><\/td>\n<\/tr>\n<tr class=\"row-7 odd\">\n\t<td class=\"column-1\"><\/td><td class=\"column-2\"><a target=\"_blank\" href=\"https:\/\/www.casinobonusradar.com\/it\/goto\/betclic\" rel=\"noopener noreferrer\"><img src=\"https:\/\/www.casinobonusradar.com\/it\/wp-content\/uploads\/sites\/4\/2018\/04\/betclick_bg.jpg\" alt=\"\" width=\"250\" height=\"150\" class=\"alignleft size-full wp-image-124\" \/><\/a><\/td><td class=\"column-3\">25 giri gratis<\/td><td class=\"column-4\">78%<br \/>\n<a href=\"https:\/\/www.casinobonusradar.com\/it\/online-casino\/betclic-casino\/\">Info<\/a><\/td><td class=\"column-5\"><a class=\"big-button bigblue\" href=\"\/it\/goto\/betclic\" target=\"_blank\" rel=\"noopener noreferrer\">Richiedi il Bonus<\/a><\/td>\n<\/tr>\n<tr class=\"row-8 even\">\n\t<td class=\"column-1\"><\/td><td class=\"column-2\"><a target=\"_blank\" href=\"https:\/\/www.casinobonusradar.com\/it\/goto\/giocodigitale\" rel=\"noopener noreferrer\"><img src=\"https:\/\/www.casinobonusradar.com\/it\/wp-content\/uploads\/sites\/4\/2018\/05\/gioco-digitale_bg.jpg\" alt=\"\" width=\"250\" height=\"150\" class=\"alignleft size-full wp-image-165\" \/><\/a><\/td><td class=\"column-3\">100 giri gratis <\/td><td class=\"column-4\">68%<br \/>\n<a href=\"https:\/\/www.casinobonusradar.com\/it\/online-casino\/gioco-digitale-casino\/\">Info<\/a><\/td><td class=\"column-5\"><a class=\"big-button bigblue\" href=\"\/it\/goto\/giocodigitale\" target=\"_blank\" rel=\"noopener noreferrer\">Richiedi il Bonus<\/a><\/td>\n<\/tr>\n<\/tbody>\n<\/table>\n<!-- #tablepress-9 from cache -->\n<p>I free spin posso essere di varia natura, ma principalmente si distinguono in giri gratis fun bonus e giri gratis reali.<\/p>\n<p><strong><span style=\"font-size: 14pt\">I Giri Gratis Fun Bonus<\/span><\/strong><\/p>\n<p><strong>I giri gratis fun bonus<\/strong>, sono i pi\u00f9 popolari e generalmente sono le giocate gratis che i casin\u00f2 online offrono nei loro pacchetti di benvenuto. Consigliamo a tutti di aprire un account con un casin\u00f2 che offre giri gratis, perch\u00e9 \u00e8 l\u2019unico modo per testare realmente il gioco e le sue funzionalit\u00e0, senza effettuare vere puntate a soldi reali.<\/p>\n<p>\u00c8 vero che quasi tutti i casin\u00f2 hanno previsto la modalit\u00e0 fun, nella quale \u00e8 possibile vedere in demo la funzionalit\u00e0 della specifica slot ma \u00e8 pur vero che una demo \u00e8 pur sempre una demo e tender\u00e0 in ogni caso a mostrarti risultati illusori, perci\u00f2 una vera valutazione \u00e8 possibile solo con i free spin che sebbene gratuiti, equivalgono a livello di gioco ad una reale giocata.<\/p>\n<p>I giri gratis che <a href=\"https:\/\/www.starcasino.it\/\">i casin\u00f2 regalano<\/a> ai clienti come incentivi o come premi di benvenuto e fedelt\u00e0 sono sempre fun bonus, ci\u00f2 vuol dire che non possono essere prelevati subito dopo l\u2019assegnazione, ma devono soddisfare delle determinate condizioni di giocata o puntata per trasformarsi da fun bonus a bonus reali ed in seguito essere ritirati direttamente dal saldo del conto di gioco.<\/p>\n<p><img decoding=\"async\" loading=\"lazy\" class=\"alignnone size-large wp-image-15628\" src=\"https:\/\/www.casinobonusradar.com\/it\/wp-content\/uploads\/sites\/4\/2018\/11\/giri-gratis-1024x335.jpg\" alt=\"\" width=\"1024\" height=\"335\" srcset=\"https:\/\/www.casinobonusradar.com\/wp-content\/uploads\/sites\/4\/2018\/11\/giri-gratis-1024x335.jpg 1024w, https:\/\/www.casinobonusradar.com\/wp-content\/uploads\/sites\/4\/2018\/11\/giri-gratis-300x98.jpg 300w, https:\/\/www.casinobonusradar.com\/wp-content\/uploads\/sites\/4\/2018\/11\/giri-gratis-768x251.jpg 768w, https:\/\/www.casinobonusradar.com\/wp-content\/uploads\/sites\/4\/2018\/11\/giri-gratis-1080x353.jpg 1080w, https:\/\/www.casinobonusradar.com\/wp-content\/uploads\/sites\/4\/2018\/11\/giri-gratis.jpg 1205w\" sizes=\"(max-width: 1024px) 100vw, 1024px\" \/><\/p>\n<p>Il Tournover (ovvero il numero delle volte in cui l\u2019ammontare del bonus free spin deve essere ripuntato per soddisfare i requisiti di giocata) \u00e8 deciso sempre dal casin\u00f2 online a sua discrezione ed \u00e8 variabile da un casin\u00f2 all\u2019altro, secondo i termini e le condizioni sempre indicati per legge dal casin\u00f2 online.<\/p>\n<p>Pi\u00f9 bassa sar\u00e0 la condizione di giocata e pi\u00f9 alte saranno le probabilit\u00e0 di trasformare il bonus in soldi reali.<\/p>\n\n        <div class=\"bonusoffer_wrap\">                        \n            <div class=\"bonusoffer_main_text\"><span>100 giri gratis su Starburst con Starcasin\u00f2<\/span><div class=\"et_pb_button_module_wrapper et_pb_module et_pb_button_alignment_center\"><a class=\"et_pb_button et_pb_custom_button_icon et_pb_button_1 et_pb_module et_pb_bg_layout_dark\" href=\"https:\/\/www.casinobonusradar.com\/it\/goto\/starcasin\u00f2\" target=\"_blank\" data-icon=\"=\">Ottieni il bonus<\/a><\/div>\n        <\/div><\/div>\n        <div class=\"clear\"><\/div>        \n  \n<p>Altro aspetto da valutare \u00e8 il tempo, o meglio le tempistiche che il <a href=\"https:\/\/www.888casino.it\/\">casin\u00f2 online<\/a> ti mette a disposizione per giocare il fun bonus, ci sono casin\u00f2 online che mettono a disposizione fino 30 giorni, in tal caso sar\u00e0 molto pi\u00f9 semplice riuscire a soddisfare i requisiti di puntata piuttosto che in una sola settimana.<\/p>\n<p>Guardare le scadenze e i requisiti di giocata da soddisfare, questi sono i nostri consigli pi\u00f9 utili da seguire nella scelta dei free spin perfetti.<\/p>\n<p><img decoding=\"async\" loading=\"lazy\" class=\"alignnone size-large wp-image-15629\" src=\"https:\/\/www.casinobonusradar.com\/it\/wp-content\/uploads\/sites\/4\/2018\/11\/giri-gratis-888-1024x435.png\" alt=\"\" width=\"1024\" height=\"435\" srcset=\"https:\/\/www.casinobonusradar.com\/wp-content\/uploads\/sites\/4\/2018\/11\/giri-gratis-888-1024x435.png 1024w, https:\/\/www.casinobonusradar.com\/wp-content\/uploads\/sites\/4\/2018\/11\/giri-gratis-888-300x127.png 300w, https:\/\/www.casinobonusradar.com\/wp-content\/uploads\/sites\/4\/2018\/11\/giri-gratis-888-768x326.png 768w, https:\/\/www.casinobonusradar.com\/wp-content\/uploads\/sites\/4\/2018\/11\/giri-gratis-888-1080x459.png 1080w, https:\/\/www.casinobonusradar.com\/wp-content\/uploads\/sites\/4\/2018\/11\/giri-gratis-888.jpg 1135w\" sizes=\"(max-width: 1024px) 100vw, 1024px\" \/><\/p>\n<p>Infine ultimo ma non meno importante, fare attenzione su quale slot sono assegnate o su quali hai diritto ad utilizzare i free spin, anche questo aspetto \u00e8 a totale discrezione del casin\u00f2, che pu\u00f2 decidere di regalare giri gratis su una determinata e unica slot come per esempio solo su \u201cStarburst\u201d su pi\u00f9 di una o ancora tutte le slot di un determinato provider come per esempio NetEnt.<\/p>\n<p>Pi\u00f9 rari ma non impossibili da trovare, i\u00a0 casin\u00f2 online che offrono free spin, giocabili su tutto il pacchetto slot del casin\u00f2.<\/p>\n\n        <div class=\"bonusoffer_wrap\">                        \n            <div class=\"bonusoffer_main_text\"><span> 88 giri gratis con 888 casino<\/span><div class=\"et_pb_button_module_wrapper et_pb_module et_pb_button_alignment_center\"><a class=\"et_pb_button et_pb_custom_button_icon et_pb_button_1 et_pb_module et_pb_bg_layout_dark\" href=\"https:\/\/www.casinobonusradar.com\/it\/goto\/888casino\" target=\"_blank\" data-icon=\"=\">Ottieni il bonus<\/a><\/div>\n        <\/div><\/div>\n        <div class=\"clear\"><\/div>        \n  \n<p>I giri gratis fun bonus possono essere presenti sia all\u2019interno di pacchetti di benvenuto, come riportato del tavolo sopra ed essi sono immediati o legati a deposito o all\u2019interno delle specifiche sezioni \u201cPROMOZIONI\u201d di ciascun casin\u00f2 sopra riportato.<\/p>\n<p>Queste promozioni sono esclusive per i clienti che gi\u00e0 possiedono un conto di gioco, perch\u00e9 non combinare una promozione di benvenuto e una promozione clienti per avere una montagna di free spin?<\/p>\n<p>Per le promozioni settimanali e mensili consulta la nostra sezione <a href=\"https:\/\/www.casinobonusradar.com\/it\/category\/novita-bonus\/\">Novit\u00e0 bonus<\/a> per rimanere sempre aggiornato sulle migliori in circolazione.<\/p>\n<p><strong><span style=\"font-size: 14pt\">I Giri Gratis Reali<\/span><\/strong><\/p>\n<p><strong>I giri gratis reali<\/strong>, sono invece quei free spin che tutte le slot sono solite regalare mentre si gioca, ci sono delle particolari combinazioni nei rulli di alcune slot, in realt\u00e0 in quasi tutte, che generano free spin o giocate gratuite, basta vedere il tabellone delle vincite della specifica slot per capire subito di quali combinazioni o linee si tratta.<\/p>\n<p>La differenza con i giri gratis fun bonus \u00e8 che per ottenerli il giocatore deve comunque puntare e giocare a saldo reale, ma allo stesso tempo le eventuali vincite derivate da questi stessi giri gratis reali, sono prelevabili immediatamente cos\u00ec come sono, sono effettive vincite.<\/p>\n<p>Se dal loro utilizzo non vengono generate vincite non bisogna mai disperare e ricordare che in ogni caso queste sono giocate gratis e, nelle peggiori delle ipotesi, non si vince nulla ma neanche si perde.<\/p>\n<p><span style=\"font-size: 14pt\"><strong>In Generale<\/strong><\/span><\/p>\n<p>Tutti i free spin sono delle giocate completamente gratuite perci\u00f2 il giocatore non pu\u00f2 perdere, al massimo non riuscir\u00e0 a generare vincite da essi ma resta comunque un bonus che permette di <a href=\"https:\/\/casino.williamhill.it\/\">giocare gratis alle slot<\/a> e non sfruttarlo farebbe sono perdere occasioni gratis per vincere altri bonus o soldi reali, in un modo che il giocatore da solo non potrebbe fare.<\/p>\n<p>Anche se i free spin sono legati ad un deposito sono comunque convenienti, sempre, per il giocatore di slot machine.<\/p>\n<p>L\u2019occasione di provare seriamente una slot, possibili vittorie, nuovi bonus o una bellissima sfida; scegli la tua motivazione per iniziare la tua esperienza in uno dei migliori casin\u00f2 online italiani con regolare licenza AAMS che offrono giri gratis!<\/p>\n<p>Cogli l\u2019occasione al volo e gioca gratis alla slot che pi\u00f9 preferisci.<\/p>\n\n        <div class=\"bonusoffer_wrap\">                        \n            <div class=\"bonusoffer_main_text\"><span>100 giri gratis su Starburst con Gioco Digitale<\/span><div class=\"et_pb_button_module_wrapper et_pb_module et_pb_button_alignment_center\"><a class=\"et_pb_button et_pb_custom_button_icon et_pb_button_1 et_pb_module et_pb_bg_layout_dark\" href=\"https:\/\/www.casinobonusradar.com\/it\/goto\/giocodigitale\" target=\"_blank\" data-icon=\"=\">Ottieni il bonus<\/a><\/div>\n        <\/div><\/div>\n        <div class=\"clear\"><\/div>        \n  \n","protected":false},"excerpt":{"rendered":"<p>I Giri gratis o free spin sono forse il Sacro Graal degli amanti delle slot machine ed in generale dei giocatori e frequentatori del casin\u00f2 online, perch\u00e9 da essi si possono ricavare grandi vincite, e i pi\u00f9 esperti lo sanno, ed \u00e8 proprio per questo che i casin\u00f2 online tendono a limitare sempre di pi\u00f9 [&hellip;]<\/p>\n","protected":false},"author":17,"featured_media":0,"parent":0,"menu_order":0,"comment_status":"closed","ping_status":"closed","template":"","meta":[],"categories":[3],"tags":[],"yoast_head":"<!-- This site is optimized with the Yoast SEO plugin v19.10 - https:\/\/yoast.com\/wordpress\/plugins\/seo\/ -->\n<title>Giri gratis dei migliori casin\u00f2 online autorizzati AAMS | Casino Bonus Radar IT<\/title>\n<meta name=\"description\" content=\"Ottieni subito giri gratis ai miglior casin\u00f2 online con licenza aams. Panoramica completa di tutti i casin\u00f2 online che offrono giri gratis e free spin.\" \/>\n<meta name=\"robots\" content=\"index, follow, max-snippet:-1, max-image-preview:large, max-video-preview:-1\" \/>\n<link rel=\"canonical\" href=\"https:\/\/www.casinobonusradar.com\/it\/giri-gratis\/\" \/>\n<meta property=\"og:locale\" content=\"it_IT\" \/>\n<meta property=\"og:type\" content=\"article\" \/>\n<meta property=\"og:title\" content=\"Giri gratis dei migliori casin\u00f2 online autorizzati AAMS | Casino Bonus Radar IT\" \/>\n<meta property=\"og:description\" content=\"Ottieni subito giri gratis ai miglior casin\u00f2 online con licenza aams. Panoramica completa di tutti i casin\u00f2 online che offrono giri gratis e free spin.\" \/>\n<meta property=\"og:url\" content=\"https:\/\/www.casinobonusradar.com\/it\/giri-gratis\/\" \/>\n<meta property=\"og:site_name\" content=\"Casino Bonus Radar IT\" \/>\n<meta property=\"article:modified_time\" content=\"2018-11-18T16:50:36+00:00\" \/>\n<meta property=\"og:image\" content=\"https:\/\/www.casinobonusradar.com\/it\/wp-content\/uploads\/sites\/4\/2018\/11\/giri-gratis-1024x335.jpg\" \/>\n<meta name=\"twitter:card\" content=\"summary_large_image\" \/>\n<meta name=\"twitter:label1\" content=\"Est. reading time\" \/>\n\t<meta name=\"twitter:data1\" content=\"5 minutes\" \/>\n<script type=\"application\/ld+json\" class=\"yoast-schema-graph\">{\"@context\":\"https:\/\/schema.org\",\"@graph\":[{\"@type\":\"WebPage\",\"@id\":\"https:\/\/www.casinobonusradar.com\/it\/giri-gratis\/\",\"url\":\"https:\/\/www.casinobonusradar.com\/it\/giri-gratis\/\",\"name\":\"Giri gratis dei migliori casin\u00f2 online autorizzati AAMS | Casino Bonus Radar IT\",\"isPartOf\":{\"@id\":\"https:\/\/www.casinobonusradar.com\/it\/#website\"},\"datePublished\":\"2018-07-11T07:27:26+00:00\",\"dateModified\":\"2018-11-18T16:50:36+00:00\",\"description\":\"Ottieni subito giri gratis ai miglior casin\u00f2 online con licenza aams. Panoramica completa di tutti i casin\u00f2 online che offrono giri gratis e free spin.\",\"breadcrumb\":{\"@id\":\"https:\/\/www.casinobonusradar.com\/it\/giri-gratis\/#breadcrumb\"},\"inLanguage\":\"it-IT\",\"potentialAction\":[{\"@type\":\"ReadAction\",\"target\":[\"https:\/\/www.casinobonusradar.com\/it\/giri-gratis\/\"]}]},{\"@type\":\"BreadcrumbList\",\"@id\":\"https:\/\/www.casinobonusradar.com\/it\/giri-gratis\/#breadcrumb\",\"itemListElement\":[{\"@type\":\"ListItem\",\"position\":1,\"name\":\"Home\",\"item\":\"https:\/\/www.casinobonusradar.com\/it\/\"},{\"@type\":\"ListItem\",\"position\":2,\"name\":\"Giri gratis dei migliori casin\u00f2 online autorizzati AAMS\"}]},{\"@type\":\"WebSite\",\"@id\":\"https:\/\/www.casinobonusradar.com\/it\/#website\",\"url\":\"https:\/\/www.casinobonusradar.com\/it\/\",\"name\":\"Casino Bonus Radar IT\",\"description\":\"\",\"potentialAction\":[{\"@type\":\"SearchAction\",\"target\":{\"@type\":\"EntryPoint\",\"urlTemplate\":\"https:\/\/www.casinobonusradar.com\/it\/?s={search_term_string}\"},\"query-input\":\"required name=search_term_string\"}],\"inLanguage\":\"it-IT\"}]}<\/script>\n<!-- \/ Yoast SEO plugin. -->","yoast_head_json":{"title":"Giri gratis dei migliori casin\u00f2 online autorizzati AAMS | Casino Bonus Radar IT","description":"Ottieni subito giri gratis ai miglior casin\u00f2 online con licenza aams. Panoramica completa di tutti i casin\u00f2 online che offrono giri gratis e free spin.","robots":{"index":"index","follow":"follow","max-snippet":"max-snippet:-1","max-image-preview":"max-image-preview:large","max-video-preview":"max-video-preview:-1"},"canonical":"https:\/\/www.casinobonusradar.com\/it\/giri-gratis\/","og_locale":"it_IT","og_type":"article","og_title":"Giri gratis dei migliori casin\u00f2 online autorizzati AAMS | Casino Bonus Radar IT","og_description":"Ottieni subito giri gratis ai miglior casin\u00f2 online con licenza aams. Panoramica completa di tutti i casin\u00f2 online che offrono giri gratis e free spin.","og_url":"https:\/\/www.casinobonusradar.com\/it\/giri-gratis\/","og_site_name":"Casino Bonus Radar IT","article_modified_time":"2018-11-18T16:50:36+00:00","og_image":[{"url":"https:\/\/www.casinobonusradar.com\/it\/wp-content\/uploads\/sites\/4\/2018\/11\/giri-gratis-1024x335.jpg"}],"twitter_card":"summary_large_image","twitter_misc":{"Est. reading time":"5 minutes"},"schema":{"@context":"https:\/\/schema.org","@graph":[{"@type":"WebPage","@id":"https:\/\/www.casinobonusradar.com\/it\/giri-gratis\/","url":"https:\/\/www.casinobonusradar.com\/it\/giri-gratis\/","name":"Giri gratis dei migliori casin\u00f2 online autorizzati AAMS | Casino Bonus Radar IT","isPartOf":{"@id":"https:\/\/www.casinobonusradar.com\/it\/#website"},"datePublished":"2018-07-11T07:27:26+00:00","dateModified":"2018-11-18T16:50:36+00:00","description":"Ottieni subito giri gratis ai miglior casin\u00f2 online con licenza aams. Panoramica completa di tutti i casin\u00f2 online che offrono giri gratis e free spin.","breadcrumb":{"@id":"https:\/\/www.casinobonusradar.com\/it\/giri-gratis\/#breadcrumb"},"inLanguage":"it-IT","potentialAction":[{"@type":"ReadAction","target":["https:\/\/www.casinobonusradar.com\/it\/giri-gratis\/"]}]},{"@type":"BreadcrumbList","@id":"https:\/\/www.casinobonusradar.com\/it\/giri-gratis\/#breadcrumb","itemListElement":[{"@type":"ListItem","position":1,"name":"Home","item":"https:\/\/www.casinobonusradar.com\/it\/"},{"@type":"ListItem","position":2,"name":"Giri gratis dei migliori casin\u00f2 online autorizzati AAMS"}]},{"@type":"WebSite","@id":"https:\/\/www.casinobonusradar.com\/it\/#website","url":"https:\/\/www.casinobonusradar.com\/it\/","name":"Casino Bonus Radar IT","description":"","potentialAction":[{"@type":"SearchAction","target":{"@type":"EntryPoint","urlTemplate":"https:\/\/www.casinobonusradar.com\/it\/?s={search_term_string}"},"query-input":"required name=search_term_string"}],"inLanguage":"it-IT"}]}},"_links":{"self":[{"href":"https:\/\/www.casinobonusradar.com\/it\/wp-json\/wp\/v2\/pages\/773"}],"collection":[{"href":"https:\/\/www.casinobonusradar.com\/it\/wp-json\/wp\/v2\/pages"}],"about":[{"href":"https:\/\/www.casinobonusradar.com\/it\/wp-json\/wp\/v2\/types\/page"}],"author":[{"embeddable":true,"href":"https:\/\/www.casinobonusradar.com\/it\/wp-json\/wp\/v2\/users\/17"}],"replies":[{"embeddable":true,"href":"https:\/\/www.casinobonusradar.com\/it\/wp-json\/wp\/v2\/comments?post=773"}],"version-history":[{"count":9,"href":"https:\/\/www.casinobonusradar.com\/it\/wp-json\/wp\/v2\/pages\/773\/revisions"}],"predecessor-version":[{"id":15630,"href":"https:\/\/www.casinobonusradar.com\/it\/wp-json\/wp\/v2\/pages\/773\/revisions\/15630"}],"wp:attachment":[{"href":"https:\/\/www.casinobonusradar.com\/it\/wp-json\/wp\/v2\/media?parent=773"}],"wp:term":[{"taxonomy":"category","embeddable":true,"href":"https:\/\/www.casinobonusradar.com\/it\/wp-json\/wp\/v2\/categories?post=773"},{"taxonomy":"post_tag","embeddable":true,"href":"https:\/\/www.casinobonusradar.com\/it\/wp-json\/wp\/v2\/tags?post=773"}],"curies":[{"name":"wp","href":"https:\/\/api.w.org\/{rel}","templated":true}]}}