{"id":685,"date":"2018-07-03T08:53:23","date_gmt":"2018-07-03T08:53:23","guid":{"rendered":"https:\/\/www.casinobonusradar.com\/it\/?page_id=685"},"modified":"2020-03-26T17:39:36","modified_gmt":"2020-03-26T17:39:36","slug":"pagamenti-con-skrill-nei-casino-online","status":"publish","type":"page","link":"https:\/\/www.casinobonusradar.com\/it\/pagamenti-con-skrill-nei-casino-online\/","title":{"rendered":"Pagamenti con Skrill nei casin\u00f2 online"},"content":{"rendered":"<p>Effettua i tuoi pagamenti con Skrill per giocare nei migliori Casin\u00f2 Online. Skrill \u00e8 una piattaforma e-wallet nata nel Regno Unito nel 2001 come \u201cMoneybookers\u201d e che ha preso il nome ufficiale Skrill solo nel 2013.<\/p>\n<p>Questo portafoglio elettronico offre ai suoi utenti un'ampia gamma di servizi finanziari in rete. Sicuro e facile da usare, il <span style=\"color: #800080\"><strong><a style=\"color: #800080\" href=\"https:\/\/www.skrill.com\/it\/\">marchio<\/a><\/strong><\/span> Skrill \u00e8 gi\u00e0 ben noto ai frequentatori italiani di casin\u00f2 online, come tra l\u2019altro \u00e8 dimostrato dal fatto di essere una delle forme di pagamento pi\u00f9 utilizzate dai giocatori per i trasferimenti di denaro.<\/p>\n<div id=\"tablepress-general\" class=\"no-next-prev-button\">\n\n<table id=\"tablepress-8\" class=\"tablepress tablepress-id-8 bonus-table show3-hideall-general close\">\n<thead>\n<tr class=\"row-1 odd\">\n\t<th class=\"column-1\">&nbsp;<\/th><th class=\"column-2\">Casin\u00f2<\/th><th class=\"column-3\">Bonus<\/th><th class=\"column-4\">Punteggio<\/th><th class=\"column-5\">Ottieni il bonus<\/th>\n<\/tr>\n<\/thead>\n<tbody class=\"row-hover\">\n<tr class=\"row-2 even\">\n\t<td class=\"column-1\"><\/td><td class=\"column-2\"><a target=\"_blank\" href=\"https:\/\/www.casinobonusradar.com\/it\/goto\/starcasino\/\" rel=\"noopener noreferrer\"><img src=\"https:\/\/www.casinobonusradar.com\/it\/wp-content\/uploads\/sites\/4\/2018\/05\/starcasino_bg-1.jpg\" alt=\"\" width=\"250\" height=\"150\" class=\"alignleft size-full wp-image-236\" \/><\/a><\/td><td class=\"column-3\">100 giri gratis senza deposito + bonus fino a 1000\u20ac<\/td><td class=\"column-4\">90%<br \/>\n<a href=\"https:\/\/www.casinobonusradar.com\/it\/online-casino\/starcasino-casino\/\">Info<\/a><\/td><td class=\"column-5\"><a class=\"big-button bigblue\" href=\"\/it\/goto\/starcasino\" target=\"_blank\" rel=\"noopener noreferrer\">Richiedi il Bonus<\/a><\/td>\n<\/tr>\n<tr class=\"row-3 odd\">\n\t<td class=\"column-1\"><\/td><td class=\"column-2\"><a target=\"_blank\" href=\"https:\/\/www.casinobonusradar.com\/it\/goto\/888casino\" rel=\"noopener noreferrer\"><img src=\"https:\/\/www.casinobonusradar.com\/it\/wp-content\/uploads\/sites\/4\/2018\/04\/888casino_bg.jpg\" alt=\"\" width=\"250\" height=\"150\" class=\"alignleft size-full wp-image-64\" \/><\/a><\/td><td class=\"column-3\">125% fino a 500 + 88 giri gratis<\/td><td class=\"column-4\">89%<br \/>\n<a href=\"https:\/\/www.casinobonusradar.com\/it\/online-casino\/888-casino\/\">Info<\/a><\/td><td class=\"column-5\"><a class=\"big-button bigblue\" href=\"\/it\/goto\/888casino\" target=\"_blank\" rel=\"noopener noreferrer\">Richiedi il Bonus<\/a><\/td>\n<\/tr>\n<tr class=\"row-4 even\">\n\t<td class=\"column-1\"><\/td><td class=\"column-2\"><a target=\"_blank\" href=\"https:\/\/www.casinobonusradar.com\/it\/goto\/netbet\" rel=\"noopener noreferrer\"><img src=\"https:\/\/www.casinobonusradar.com\/it\/wp-content\/uploads\/sites\/4\/2018\/05\/netbet_bg.jpg\" alt=\"\" width=\"250\" height=\"150\" class=\"alignleft size-full wp-image-150\" \/><\/a><\/td><td class=\"column-3\">100% fino a 600\u20ac + 50 girigratis senza deposito <br\/>+ 100 girigratis alla convalida del conto<\/td><td class=\"column-4\">87%<br \/>\n<a href=\"https:\/\/www.casinobonusradar.com\/it\/online-casino\/netbet-casino\/\">Info<\/a><\/td><td class=\"column-5\"><a class=\"big-button bigblue\" href=\"\/it\/goto\/netbet\" target=\"_blank\" rel=\"noopener noreferrer\">Richiedi il Bonus<\/a><\/td>\n<\/tr>\n<tr class=\"row-5 odd\">\n\t<td class=\"column-1\"><\/td><td class=\"column-2\"><a target=\"_blank\" href=\"https:\/\/www.casinobonusradar.com\/it\/goto\/leovegas\" rel=\"noopener noreferrer\"><img src=\"https:\/\/www.casinobonusradar.com\/it\/wp-content\/uploads\/sites\/4\/2018\/07\/leovegas_bg.jpg\" alt=\"\" width=\"250\" height=\"150\" class=\"alignleft size-full wp-image-623\" \/><\/a><\/td><td class=\"column-3\">Bonus fino a 1000\u20ac + 70 giri gratis<\/td><td class=\"column-4\">86%<br \/>\n<a href=\"\/it\/leovegas-casino\/\">Info<\/a><\/td><td class=\"column-5\"><a class=\"big-button bigblue\" href=\"\/it\/goto\/leovegas\" target=\"_blank\" rel=\"noopener noreferrer\">Informazioni <\/a><\/td>\n<\/tr>\n<tr class=\"row-6 even\">\n\t<td class=\"column-1\"><\/td><td class=\"column-2\"><a target=\"_blank\" href=\"https:\/\/www.casinobonusradar.com\/it\/goto\/casino.com\" rel=\"noopener noreferrer\"><img src=\"https:\/\/www.casinobonusradar.com\/it\/wp-content\/uploads\/sites\/4\/2018\/05\/casinocom_bg.jpg\" alt=\"\" width=\"250\" height=\"150\" class=\"alignleft size-full wp-image-168\" \/><\/a><\/td><td class=\"column-3\">100% fino a 500\u20ac + 10\u20ac senza deposito <\/td><td class=\"column-4\">85%<br \/>\n<a href=\"https:\/\/www.casinobonusradar.com\/it\/online-casino\/casino-com-casino\/\">Info<\/a><\/td><td class=\"column-5\"><a class=\"big-button bigblue\" href=\"\/it\/goto\/casino.com\" target=\"_blank\" rel=\"noopener noreferrer\">Richiedi il Bonus<\/a><\/td>\n<\/tr>\n<tr class=\"row-7 odd\">\n\t<td class=\"column-1\"><\/td><td class=\"column-2\"><a target=\"_blank\" href=\"https:\/\/www.casinobonusradar.com\/it\/goto\/snai\" rel=\"noopener noreferrer\"><img src=\"https:\/\/www.casinobonusradar.com\/it\/wp-content\/uploads\/sites\/4\/2018\/05\/snai_bg.jpg\" alt=\"\" width=\"250\" height=\"150\" class=\"alignleft size-full wp-image-140\" \/><\/a><\/td><td class=\"column-3\">100% fino a 1000\u20ac + 15\u20ac senza deposito <\/td><td class=\"column-4\">84%<br \/>\n<a href=\"https:\/\/www.casinobonusradar.com\/it\/online-casino\/snai-casino\/\">Info<\/a><\/td><td class=\"column-5\"><a class=\"big-button bigblue\" href=\"\/it\/goto\/snai\" target=\"_blank\" rel=\"noopener noreferrer\">Richiedi il Bonus<\/a><\/td>\n<\/tr>\n<tr class=\"row-8 even\">\n\t<td class=\"column-1\"><\/td><td class=\"column-2\"><a target=\"_blank\" href=\"https:\/\/www.casinobonusradar.com\/it\/goto\/eurobet\" rel=\"noopener noreferrer\"><img src=\"https:\/\/www.casinobonusradar.com\/it\/wp-content\/uploads\/sites\/4\/2018\/04\/eurobet_bg.jpg\" alt=\"\" width=\"250\" height=\"150\" class=\"alignleft size-full wp-image-103\" \/><\/a><\/td><td class=\"column-3\">fino a 1000\u20ac <\/td><td class=\"column-4\">82%<br \/>\n<a href=\"https:\/\/www.casinobonusradar.com\/it\/online-casino\/eurobet-casino\/\">Info<\/a><\/td><td class=\"column-5\"><a class=\"big-button bigblue\" href=\"\/it\/goto\/eurobet\" target=\"_blank\" rel=\"noopener noreferrer\">Richiedi il Bonus<\/a><\/td>\n<\/tr>\n<\/tbody>\n<\/table>\n<!-- #tablepress-8 from cache -->\n<div class=\"show-more-general more\"><\/div>\n<\/div>\n<p>Siete curiosi di conoscere come funziona Skrill e quali sono i vantaggi del suo utilizzo? Se la vostra risposta \u00e8 s\u00ec, vi consigliamo di leggere i prossimi paragrafi della nostra recensione!<\/p>\n<div id=\"toc_container\" class=\"no_bullets\"><p class=\"toc_title\">Contents<\/p><ul class=\"toc_list\"><li><a href=\"#PANORAMICA\"><span class=\"toc_number toc_depth_1\">1<\/span> PANORAMICA<\/a><\/li><li><a href=\"#GIOCARE_NEI_CASINO_CON_SKRILL_QUALI_SONO_I_VANTAGGI\"><span class=\"toc_number toc_depth_1\">2<\/span> GIOCARE NEI CASINO CON SKRILL: QUALI SONO I VANTAGGI?<\/a><\/li><li><a href=\"#COME_SI_EFFETTUA_UN_DEPOSITO_IN_UN_CASINO_CON_SKRILL\"><span class=\"toc_number toc_depth_1\">3<\/span> COME SI EFFETTUA UN DEPOSITO IN UN CASINO CON SKRILL?<\/a><\/li><li><a href=\"#COME_FUNZIONA_IL_PRELIEVO_IN_UN_CASINO_CON_SKRILL\"><span class=\"toc_number toc_depth_1\">4<\/span> COME FUNZIONA IL PRELIEVO IN UN CASINO CON SKRILL?<\/a><\/li><li><a href=\"#BONUS_Casino\"><span class=\"toc_number toc_depth_1\">5<\/span> BONUS Casin\u00f2<\/a><\/li><li><a href=\"#GIOCATE_ORA_NEI_CASINO_CON_SKRILL\"><span class=\"toc_number toc_depth_1\">6<\/span> GIOCATE ORA NEI CASINO CON SKRILL!<\/a><\/li><\/ul><\/div>\n<h2><span id=\"PANORAMICA\">PANORAMICA<\/span><\/h2>\n<p><strong>Skrill: come funziona? <\/strong><\/p>\n<p>Prima ancora di creare il proprio conto di gioco in un casin\u00f2 con Skrill \u00e8 necessario, ovviamente, possedere un account online e registrarsi nella sua piattaforma. Come per la maggior parte dei portafogli elettronici, anche creare un account Skrill \u00e8 semplice, veloce e gratuito. Infatti, basta andare sul sito italiano <a href=\"https:\/\/www.skrill.com\/it\/\">https:\/\/www.skrill.com\/it\/<\/a>, accedere alla sezione \u201cregistrati\u201d e inserire i dati richiesti.<\/p>\n<p>Una delle caratteristiche pi\u00f9 apprezzate dai clienti Skrill \u00e8 la disponibilit\u00e0 pressoch\u00e9 istantanea dei fondi una volta caricato l'e-wallet.<\/p>\n<p>Gli utenti hanno inoltre la possibilit\u00e0 di collegare al conto online Skrill una carta prepagata appartenente al circuito Mastercard che consente di effettuare acquisti nei normali negozi, di prelevare dagli sportelli bancomat e di essere utilizzata nei casin\u00f2 con Skrill.<\/p>\n<p><img decoding=\"async\" loading=\"lazy\" class=\"alignnone size-large wp-image-15644\" src=\"https:\/\/www.casinobonusradar.com\/it\/wp-content\/uploads\/sites\/4\/2018\/11\/skrill1-1024x399.jpg\" alt=\"\" width=\"1024\" height=\"399\" srcset=\"https:\/\/www.casinobonusradar.com\/wp-content\/uploads\/sites\/4\/2018\/11\/skrill1-1024x399.jpg 1024w, https:\/\/www.casinobonusradar.com\/wp-content\/uploads\/sites\/4\/2018\/11\/skrill1-300x117.jpg 300w, https:\/\/www.casinobonusradar.com\/wp-content\/uploads\/sites\/4\/2018\/11\/skrill1-768x299.jpg 768w, https:\/\/www.casinobonusradar.com\/wp-content\/uploads\/sites\/4\/2018\/11\/skrill1-1080x421.jpg 1080w, https:\/\/www.casinobonusradar.com\/wp-content\/uploads\/sites\/4\/2018\/11\/skrill1.jpg 1327w\" sizes=\"(max-width: 1024px) 100vw, 1024px\" \/><\/p>\n<h2><span id=\"GIOCARE_NEI_CASINO_CON_SKRILL_QUALI_SONO_I_VANTAGGI\">GIOCARE NEI CASINO CON SKRILL: QUALI SONO I VANTAGGI?<\/span><\/h2>\n<p>Anche se il bacino di utenza non \u00e8 ampio come quello di PayPal,\u00a0i casin\u00f2 con Skrill continuano ad aumentare a vista d\u2019occhio\u00a0e iniziano a offrire delle condizioni sempre pi\u00f9 vantaggiose ai giocatori che scelgono di utilizzare questo popolare e-wallet.<\/p>\n<p>Oltre alla rapidit\u00e0, facilit\u00e0, comodit\u00e0 e vantaggiosit\u00e0 economica, il punto di forza di Skrill \u00e8 decisamente la sicurezza. Grazie alla sua reputazione di essere un metodo di pagamento sicuro, esso \u00e8 ormai usato in Italia e nel mondo da milioni di utenti. Infatti, tutte le informazioni vengono criptate con gli standard pi\u00f9 elevati e gli unici dati utilizzati sono l'email e la password.<\/p>\n<p>Con Skrill moneybookers non vi sar\u00e0 mai richiesta la condivisione dei dati della vostra carta di credito o di quelli del vostro conto corrente bancario. Skrill offre inoltre a suoi clienti la possibilit\u00e0 di usufruire dell'autenticazione a due fattori, un ulteriore elemento di sicurezza e protezione dei dati sensibili.<\/p>\n<p>Oggigiorno Skrill, grazie alla sua affidabilit\u00e0 e alla sua semplicit\u00e0 di utilizzo, non manca mai di apparire tra i metodi di pagamento a disposizione nei migliori casin\u00f2 online: 888 Casin\u00f2 e Leo Vegas sono solo alcuni di questi.<\/p>\n<p><strong>\u00c8 possibile usare Skrill da dispositivi mobili?<\/strong><\/p>\n<p>Oggi, la maggior parte dei casin\u00f2 con Skrill permette un completo funzionamento dello stesso anche tramite smartphone e tablet. Molti provider di gioco sono dotati di un\u2019apposita App oltre che di versioni sempre pi\u00f9 \u201cmobile-friendly\u201d dei loro siti, per permettere agli utenti un\u2019esperienza di gioco completa che comprende anche le transizioni bancarie, dai depositi ai prelievi.<\/p>\n<h2><span id=\"COME_SI_EFFETTUA_UN_DEPOSITO_IN_UN_CASINO_CON_SKRILL\">COME SI EFFETTUA UN DEPOSITO IN UN CASINO CON SKRILL?<\/span><\/h2>\n<p>Di seguito troverete indicati i principali step per effettuare un deposito nel vostro conto gioco in un casin\u00f2 con Skrill. Vi accorgerete subito che le tempistiche sono davvero immediate!<\/p>\n<ul>\n<li>Fate il login nel casin\u00f2 Skrill prescelto;<\/li>\n<li>Cliccate in alto a destra il pulsante \u201cDeposita\u201d;<\/li>\n<li>Selezionate Skrill tra le opzioni di pagamento (o selezionate \u201cmetodi alternativi\u201d qualora non dovesse apparire subito l\u2019opzione \u201cSkrill\u201d);<\/li>\n<li>Inserite la somma da depositare e ricordate sempre che alcuni casin\u00f2 richiedono per Skrill una somma minima di deposito;<\/li>\n<li>Accedete a Skrill inserendo i vostri dati;<\/li>\n<li>Confermate il deposito e iniziate a giocare.<\/li>\n<\/ul>\n<p>Nonostante Skrill sia un metodo presente pressoch\u00e9 ovunque ed offra grandi vantaggi,\u00a0\u00e8 comunque sempre bene controllare che questo risulti anche la migliore opzione per sfruttare il bonus di benvenuto.<\/p>\n<p>Cliccando nel link di seguito potrete conoscere i principali casin\u00f2 online con i migliori welcome bonus: <a href=\"https:\/\/www.casinobonusradar.com\/it\/bonus-benvenuto\/\">https:\/\/www.casinobonusradar.com\/it\/bonus-benvenuto\/<\/a><\/p>\n<p><img decoding=\"async\" loading=\"lazy\" class=\"alignnone size-large wp-image-15645\" src=\"https:\/\/www.casinobonusradar.com\/it\/wp-content\/uploads\/sites\/4\/2018\/11\/skrill2-1024x392.jpg\" alt=\"\" width=\"1024\" height=\"392\" srcset=\"https:\/\/www.casinobonusradar.com\/wp-content\/uploads\/sites\/4\/2018\/11\/skrill2-1024x392.jpg 1024w, https:\/\/www.casinobonusradar.com\/wp-content\/uploads\/sites\/4\/2018\/11\/skrill2-300x115.jpg 300w, https:\/\/www.casinobonusradar.com\/wp-content\/uploads\/sites\/4\/2018\/11\/skrill2-768x294.jpg 768w, https:\/\/www.casinobonusradar.com\/wp-content\/uploads\/sites\/4\/2018\/11\/skrill2-1080x414.jpg 1080w, https:\/\/www.casinobonusradar.com\/wp-content\/uploads\/sites\/4\/2018\/11\/skrill2.jpg 1329w\" sizes=\"(max-width: 1024px) 100vw, 1024px\" \/><\/p>\n<h2><span id=\"COME_FUNZIONA_IL_PRELIEVO_IN_UN_CASINO_CON_SKRILL\">COME FUNZIONA IL PRELIEVO IN UN CASINO CON SKRILL?<\/span><\/h2>\n<p>Prelevare le vincite dei casin\u00f2 online con Skrill \u00e8 facile, sicuro e spesso senza commissioni aggiuntive (o comunque con commissioni molto basse!). La procedura da seguire \u00e8 lineare: per prima cosa infatti dovete individuare la pagina dei pagamenti e scegliere Skrill come e-wallet per il trasferimento di denaro.<\/p>\n<p>Fatto ci\u00f2, dovete inserire i vostri dati e specificare anche in questo caso l'ammontare della somma da trasferire.<\/p>\n<p>Tuttavia, in alcuni casi e soprattutto quando prelevate grosse somme di denaro, i casin\u00f2 con Skrill potrebbero richiedere degli ulteriori documenti come misura cautelare contro furti di identit\u00e0.<\/p>\n<p>Le tempistiche per l'accredito variano da bookmaker a bookmaker e in alcuni casi potrebbero anche essere necessari un paio di giorni affinch\u00e9 la vincita sia propriamente accreditata.<\/p>\n<h2><span id=\"BONUS_Casino\">BONUS Casin\u00f2<\/span><\/h2>\n<p>Tutti gli appassionati di gioco online conoscono ormai l\u2019importanza dei <a href=\"https:\/\/www.casinobonusradar.com\/it\/category\/novita-bonus\/\">bonus casin\u00f2<\/a> offerti dai singoli bookmaker. Per gli utenti Skrill tuttavia esiste un vantaggio in pi\u00f9 in quanto questo portafoglio elettronico offre ai suoi clienti un'ampia sezione con promozioni e concorsi a premi.<\/p>\n<p>Davvero un bell\u2019incentivo quindi per scegliere i siti scommesse che accettano Skrill e che offrono degli Skrill casin\u00f2 bonus!<\/p>\n<p>Di seguito troverai i migliori bonus casin\u00f2 online del 2018.<\/p>\n<h2><span id=\"GIOCATE_ORA_NEI_CASINO_CON_SKRILL\">GIOCATE ORA NEI CASINO CON SKRILL!<\/span><\/h2>\n<p>Volendo offrire un quadro generale riassuntivo di Skrill moneybookers, possiamo concludere dicendo che esso \u00e8 uno dei metodi di deposito e pagamento pi\u00f9 popolari e vantaggiosi che si possa trovare sul mercato. Con 36 milioni di clienti sparsi in tutto il mondo e un servizio di pagamenti disponibile in 200 paesi, questa piattaforma \u00e8 consigliata sia ai giocatori alle prime armi che a quelli pi\u00f9 esperti!<\/p>\n<p>Skrill \u00e8 ampiamente accettato dai maggiori e dai pi\u00f9 affidabili <a href=\"https:\/\/www.casinobonusradar.com\/it\/\">casin\u00f2 online<\/a>, permette di effettuare transazioni in modo facile e rapido, offre basse commissioni e alte misure di sicurezza ed infine mette a disposizione un servizio di customer service eccellente.<\/p>\n<p>Allora, perch\u00e9 non scegliete questo noto portafoglio elettronico per trasferire il vostro denaro in un casin\u00f2 con Skrill e iniziate a giocare da subito?<\/p>\n<p><strong>Il migliore Bonus Benvenuto:\u00a0<\/strong><\/p>\n\n        <div class=\"bonusoffer_wrap\">                        \n            <div class=\"bonusoffer_main_text\"><span> 20\u20ac bonus senza deposito + Bonus fino a 1000\u20ac <\/span><div class=\"et_pb_button_module_wrapper et_pb_module et_pb_button_alignment_center\"><a class=\"et_pb_button et_pb_custom_button_icon et_pb_button_1 et_pb_module et_pb_bg_layout_dark\" href=\"https:\/\/www.casinobonusradar.com\/it\/goto\/starcasino\" target=\"_blank\" data-icon=\"=\">Ottieni il bonus<\/a><\/div>\n        <\/div><\/div>\n        <div class=\"clear\"><\/div>        \n  \n","protected":false},"excerpt":{"rendered":"<p>Effettua i tuoi pagamenti con Skrill per giocare nei migliori Casin\u00f2 Online. Skrill \u00e8 una piattaforma e-wallet nata nel Regno Unito nel 2001 come \u201cMoneybookers\u201d e che ha preso il nome ufficiale Skrill solo nel 2013. Questo portafoglio elettronico offre ai suoi utenti un&#8217;ampia gamma di servizi finanziari in rete. Sicuro e facile da usare, [&hellip;]<\/p>\n","protected":false},"author":4,"featured_media":15645,"parent":0,"menu_order":0,"comment_status":"closed","ping_status":"closed","template":"","meta":[],"categories":[9],"tags":[],"yoast_head":"<!-- This site is optimized with the Yoast SEO plugin v19.10 - https:\/\/yoast.com\/wordpress\/plugins\/seo\/ -->\n<title>Pagamenti con Skrill nei casin\u00f2 online | Casino Bonus Radar IT<\/title>\n<meta name=\"description\" content=\"Scopri come effettuare i pagamenti con Skrill nei casin\u00f2 online. Tutto ci\u00f2 che c&#039;\u00e8 da sapere su Skrill, portafoglio elettronico ottimo per i Casin\u00f2 online.\" \/>\n<meta name=\"robots\" content=\"index, follow, max-snippet:-1, max-image-preview:large, max-video-preview:-1\" \/>\n<link rel=\"canonical\" href=\"https:\/\/www.casinobonusradar.com\/it\/pagamenti-con-skrill-nei-casino-online\/\" \/>\n<meta property=\"og:locale\" content=\"it_IT\" \/>\n<meta property=\"og:type\" content=\"article\" \/>\n<meta property=\"og:title\" content=\"Pagamenti con Skrill nei casin\u00f2 online | Casino Bonus Radar IT\" \/>\n<meta property=\"og:description\" content=\"Scopri come effettuare i pagamenti con Skrill nei casin\u00f2 online. Tutto ci\u00f2 che c&#039;\u00e8 da sapere su Skrill, portafoglio elettronico ottimo per i Casin\u00f2 online.\" \/>\n<meta property=\"og:url\" content=\"https:\/\/www.casinobonusradar.com\/it\/pagamenti-con-skrill-nei-casino-online\/\" \/>\n<meta property=\"og:site_name\" content=\"Casino Bonus Radar IT\" \/>\n<meta property=\"article:modified_time\" content=\"2020-03-26T17:39:36+00:00\" \/>\n<meta property=\"og:image\" content=\"https:\/\/www.casinobonusradar.com\/wp-content\/uploads\/sites\/4\/2018\/11\/skrill2.jpg\" \/>\n\t<meta property=\"og:image:width\" content=\"1329\" \/>\n\t<meta property=\"og:image:height\" content=\"509\" \/>\n\t<meta property=\"og:image:type\" content=\"image\/jpeg\" \/>\n<meta name=\"twitter:card\" content=\"summary_large_image\" \/>\n<meta name=\"twitter:label1\" content=\"Est. reading time\" \/>\n\t<meta name=\"twitter:data1\" content=\"5 minutes\" \/>\n<script type=\"application\/ld+json\" class=\"yoast-schema-graph\">{\"@context\":\"https:\/\/schema.org\",\"@graph\":[{\"@type\":\"WebPage\",\"@id\":\"https:\/\/www.casinobonusradar.com\/it\/pagamenti-con-skrill-nei-casino-online\/\",\"url\":\"https:\/\/www.casinobonusradar.com\/it\/pagamenti-con-skrill-nei-casino-online\/\",\"name\":\"Pagamenti con Skrill nei casin\u00f2 online | Casino Bonus Radar IT\",\"isPartOf\":{\"@id\":\"https:\/\/www.casinobonusradar.com\/it\/#website\"},\"datePublished\":\"2018-07-03T08:53:23+00:00\",\"dateModified\":\"2020-03-26T17:39:36+00:00\",\"description\":\"Scopri come effettuare i pagamenti con Skrill nei casin\u00f2 online. Tutto ci\u00f2 che c'\u00e8 da sapere su Skrill, portafoglio elettronico ottimo per i Casin\u00f2 online.\",\"breadcrumb\":{\"@id\":\"https:\/\/www.casinobonusradar.com\/it\/pagamenti-con-skrill-nei-casino-online\/#breadcrumb\"},\"inLanguage\":\"it-IT\",\"potentialAction\":[{\"@type\":\"ReadAction\",\"target\":[\"https:\/\/www.casinobonusradar.com\/it\/pagamenti-con-skrill-nei-casino-online\/\"]}]},{\"@type\":\"BreadcrumbList\",\"@id\":\"https:\/\/www.casinobonusradar.com\/it\/pagamenti-con-skrill-nei-casino-online\/#breadcrumb\",\"itemListElement\":[{\"@type\":\"ListItem\",\"position\":1,\"name\":\"Home\",\"item\":\"https:\/\/www.casinobonusradar.com\/it\/\"},{\"@type\":\"ListItem\",\"position\":2,\"name\":\"Pagamenti con Skrill nei casin\u00f2 online\"}]},{\"@type\":\"WebSite\",\"@id\":\"https:\/\/www.casinobonusradar.com\/it\/#website\",\"url\":\"https:\/\/www.casinobonusradar.com\/it\/\",\"name\":\"Casino Bonus Radar IT\",\"description\":\"\",\"potentialAction\":[{\"@type\":\"SearchAction\",\"target\":{\"@type\":\"EntryPoint\",\"urlTemplate\":\"https:\/\/www.casinobonusradar.com\/it\/?s={search_term_string}\"},\"query-input\":\"required name=search_term_string\"}],\"inLanguage\":\"it-IT\"}]}<\/script>\n<!-- \/ Yoast SEO plugin. -->","yoast_head_json":{"title":"Pagamenti con Skrill nei casin\u00f2 online | Casino Bonus Radar IT","description":"Scopri come effettuare i pagamenti con Skrill nei casin\u00f2 online. Tutto ci\u00f2 che c'\u00e8 da sapere su Skrill, portafoglio elettronico ottimo per i Casin\u00f2 online.","robots":{"index":"index","follow":"follow","max-snippet":"max-snippet:-1","max-image-preview":"max-image-preview:large","max-video-preview":"max-video-preview:-1"},"canonical":"https:\/\/www.casinobonusradar.com\/it\/pagamenti-con-skrill-nei-casino-online\/","og_locale":"it_IT","og_type":"article","og_title":"Pagamenti con Skrill nei casin\u00f2 online | Casino Bonus Radar IT","og_description":"Scopri come effettuare i pagamenti con Skrill nei casin\u00f2 online. Tutto ci\u00f2 che c'\u00e8 da sapere su Skrill, portafoglio elettronico ottimo per i Casin\u00f2 online.","og_url":"https:\/\/www.casinobonusradar.com\/it\/pagamenti-con-skrill-nei-casino-online\/","og_site_name":"Casino Bonus Radar IT","article_modified_time":"2020-03-26T17:39:36+00:00","og_image":[{"width":1329,"height":509,"url":"https:\/\/www.casinobonusradar.com\/wp-content\/uploads\/sites\/4\/2018\/11\/skrill2.jpg","type":"image\/jpeg"}],"twitter_card":"summary_large_image","twitter_misc":{"Est. reading time":"5 minutes"},"schema":{"@context":"https:\/\/schema.org","@graph":[{"@type":"WebPage","@id":"https:\/\/www.casinobonusradar.com\/it\/pagamenti-con-skrill-nei-casino-online\/","url":"https:\/\/www.casinobonusradar.com\/it\/pagamenti-con-skrill-nei-casino-online\/","name":"Pagamenti con Skrill nei casin\u00f2 online | Casino Bonus Radar IT","isPartOf":{"@id":"https:\/\/www.casinobonusradar.com\/it\/#website"},"datePublished":"2018-07-03T08:53:23+00:00","dateModified":"2020-03-26T17:39:36+00:00","description":"Scopri come effettuare i pagamenti con Skrill nei casin\u00f2 online. Tutto ci\u00f2 che c'\u00e8 da sapere su Skrill, portafoglio elettronico ottimo per i Casin\u00f2 online.","breadcrumb":{"@id":"https:\/\/www.casinobonusradar.com\/it\/pagamenti-con-skrill-nei-casino-online\/#breadcrumb"},"inLanguage":"it-IT","potentialAction":[{"@type":"ReadAction","target":["https:\/\/www.casinobonusradar.com\/it\/pagamenti-con-skrill-nei-casino-online\/"]}]},{"@type":"BreadcrumbList","@id":"https:\/\/www.casinobonusradar.com\/it\/pagamenti-con-skrill-nei-casino-online\/#breadcrumb","itemListElement":[{"@type":"ListItem","position":1,"name":"Home","item":"https:\/\/www.casinobonusradar.com\/it\/"},{"@type":"ListItem","position":2,"name":"Pagamenti con Skrill nei casin\u00f2 online"}]},{"@type":"WebSite","@id":"https:\/\/www.casinobonusradar.com\/it\/#website","url":"https:\/\/www.casinobonusradar.com\/it\/","name":"Casino Bonus Radar IT","description":"","potentialAction":[{"@type":"SearchAction","target":{"@type":"EntryPoint","urlTemplate":"https:\/\/www.casinobonusradar.com\/it\/?s={search_term_string}"},"query-input":"required name=search_term_string"}],"inLanguage":"it-IT"}]}},"_links":{"self":[{"href":"https:\/\/www.casinobonusradar.com\/it\/wp-json\/wp\/v2\/pages\/685"}],"collection":[{"href":"https:\/\/www.casinobonusradar.com\/it\/wp-json\/wp\/v2\/pages"}],"about":[{"href":"https:\/\/www.casinobonusradar.com\/it\/wp-json\/wp\/v2\/types\/page"}],"author":[{"embeddable":true,"href":"https:\/\/www.casinobonusradar.com\/it\/wp-json\/wp\/v2\/users\/4"}],"replies":[{"embeddable":true,"href":"https:\/\/www.casinobonusradar.com\/it\/wp-json\/wp\/v2\/comments?post=685"}],"version-history":[{"count":6,"href":"https:\/\/www.casinobonusradar.com\/it\/wp-json\/wp\/v2\/pages\/685\/revisions"}],"predecessor-version":[{"id":16373,"href":"https:\/\/www.casinobonusradar.com\/it\/wp-json\/wp\/v2\/pages\/685\/revisions\/16373"}],"wp:featuredmedia":[{"embeddable":true,"href":"https:\/\/www.casinobonusradar.com\/it\/wp-json\/wp\/v2\/media\/15645"}],"wp:attachment":[{"href":"https:\/\/www.casinobonusradar.com\/it\/wp-json\/wp\/v2\/media?parent=685"}],"wp:term":[{"taxonomy":"category","embeddable":true,"href":"https:\/\/www.casinobonusradar.com\/it\/wp-json\/wp\/v2\/categories?post=685"},{"taxonomy":"post_tag","embeddable":true,"href":"https:\/\/www.casinobonusradar.com\/it\/wp-json\/wp\/v2\/tags?post=685"}],"curies":[{"name":"wp","href":"https:\/\/api.w.org\/{rel}","templated":true}]}}