{"id":683,"date":"2018-07-03T08:46:24","date_gmt":"2018-07-03T08:46:24","guid":{"rendered":"https:\/\/www.casinobonusradar.com\/it\/?page_id=683"},"modified":"2019-03-28T07:01:40","modified_gmt":"2019-03-28T07:01:40","slug":"pagamenti-con-paysafecard-nei-casino-online","status":"publish","type":"page","link":"https:\/\/www.casinobonusradar.com\/it\/pagamenti-con-paysafecard-nei-casino-online\/","title":{"rendered":"Pagamenti con Paysafecard nei Casin\u00f2 Online"},"content":{"rendered":"<p>I pagamenti con Paysafecard sono un <a href=\"https:\/\/www.paysafecard.com\/it-it\/\">metodo elettronico molto amato dagli scommettitori italiani<\/a>.\u00a0 Oggi infatti, questo sistema \u00e8 molto utilizzato sia in Italia che in Europa non solo nei casin\u00f2 online ma anche per numerosi altri tipi di transazioni.<\/p>\n<p>La popolarit\u00e0 di Paysafecard \u00e8 dovuta principalmente al fatto che, rispetto ad altri metodi di pagamento in rete, consente di depositare denaro sul proprio conto tramite contanti senza la necessit\u00e0 di inserimento di dati personali.<\/p>\n<div id=\"tablepress-general\" class=\"no-next-prev-button\">\n<table id=\"tablepress-8\" class=\"tablepress tablepress-id-8 bonus-table show3-hideall-general close\">\n<thead>\n<tr class=\"row-1 odd\">\n\t<th class=\"column-1\">&nbsp;<\/th><th class=\"column-2\">Casin\u00f2<\/th><th class=\"column-3\">Bonus<\/th><th class=\"column-4\">Punteggio<\/th><th class=\"column-5\">Ottieni il bonus<\/th>\n<\/tr>\n<\/thead>\n<tbody class=\"row-hover\">\n<tr class=\"row-2 even\">\n\t<td class=\"column-1\"><\/td><td class=\"column-2\"><a target=\"_blank\" href=\"https:\/\/www.casinobonusradar.com\/it\/goto\/starcasino\/\" rel=\"noopener noreferrer\"><img src=\"https:\/\/www.casinobonusradar.com\/it\/wp-content\/uploads\/sites\/4\/2018\/05\/starcasino_bg-1.jpg\" alt=\"\" width=\"250\" height=\"150\" class=\"alignleft size-full wp-image-236\" \/><\/a><\/td><td class=\"column-3\">100 giri gratis senza deposito + bonus fino a 1000\u20ac<\/td><td class=\"column-4\">90%<br \/>\n<a href=\"https:\/\/www.casinobonusradar.com\/it\/online-casino\/starcasino-casino\/\">Info<\/a><\/td><td class=\"column-5\"><a class=\"big-button bigblue\" href=\"\/it\/goto\/starcasino\" target=\"_blank\" rel=\"noopener noreferrer\">Richiedi il Bonus<\/a><\/td>\n<\/tr>\n<tr class=\"row-3 odd\">\n\t<td class=\"column-1\"><\/td><td class=\"column-2\"><a target=\"_blank\" href=\"https:\/\/www.casinobonusradar.com\/it\/goto\/888casino\" rel=\"noopener noreferrer\"><img src=\"https:\/\/www.casinobonusradar.com\/it\/wp-content\/uploads\/sites\/4\/2018\/04\/888casino_bg.jpg\" alt=\"\" width=\"250\" height=\"150\" class=\"alignleft size-full wp-image-64\" \/><\/a><\/td><td class=\"column-3\">125% fino a 500 + 88 giri gratis<\/td><td class=\"column-4\">89%<br \/>\n<a href=\"https:\/\/www.casinobonusradar.com\/it\/online-casino\/888-casino\/\">Info<\/a><\/td><td class=\"column-5\"><a class=\"big-button bigblue\" href=\"\/it\/goto\/888casino\" target=\"_blank\" rel=\"noopener noreferrer\">Richiedi il Bonus<\/a><\/td>\n<\/tr>\n<tr class=\"row-4 even\">\n\t<td class=\"column-1\"><\/td><td class=\"column-2\"><a target=\"_blank\" href=\"https:\/\/www.casinobonusradar.com\/it\/goto\/netbet\" rel=\"noopener noreferrer\"><img src=\"https:\/\/www.casinobonusradar.com\/it\/wp-content\/uploads\/sites\/4\/2018\/05\/netbet_bg.jpg\" alt=\"\" width=\"250\" height=\"150\" class=\"alignleft size-full wp-image-150\" \/><\/a><\/td><td class=\"column-3\">100% fino a 600\u20ac + 50 girigratis senza deposito <br\/>+ 100 girigratis alla convalida del conto<\/td><td class=\"column-4\">87%<br \/>\n<a href=\"https:\/\/www.casinobonusradar.com\/it\/online-casino\/netbet-casino\/\">Info<\/a><\/td><td class=\"column-5\"><a class=\"big-button bigblue\" href=\"\/it\/goto\/netbet\" target=\"_blank\" rel=\"noopener noreferrer\">Richiedi il Bonus<\/a><\/td>\n<\/tr>\n<tr class=\"row-5 odd\">\n\t<td class=\"column-1\"><\/td><td class=\"column-2\"><a target=\"_blank\" href=\"https:\/\/www.casinobonusradar.com\/it\/goto\/leovegas\" rel=\"noopener noreferrer\"><img src=\"https:\/\/www.casinobonusradar.com\/it\/wp-content\/uploads\/sites\/4\/2018\/07\/leovegas_bg.jpg\" alt=\"\" width=\"250\" height=\"150\" class=\"alignleft size-full wp-image-623\" \/><\/a><\/td><td class=\"column-3\">Bonus fino a 1000\u20ac + 70 giri gratis<\/td><td class=\"column-4\">86%<br \/>\n<a href=\"\/it\/leovegas-casino\/\">Info<\/a><\/td><td class=\"column-5\"><a class=\"big-button bigblue\" href=\"\/it\/goto\/leovegas\" target=\"_blank\" rel=\"noopener noreferrer\">Informazioni <\/a><\/td>\n<\/tr>\n<tr class=\"row-6 even\">\n\t<td class=\"column-1\"><\/td><td class=\"column-2\"><a target=\"_blank\" href=\"https:\/\/www.casinobonusradar.com\/it\/goto\/casino.com\" rel=\"noopener noreferrer\"><img src=\"https:\/\/www.casinobonusradar.com\/it\/wp-content\/uploads\/sites\/4\/2018\/05\/casinocom_bg.jpg\" alt=\"\" width=\"250\" height=\"150\" class=\"alignleft size-full wp-image-168\" \/><\/a><\/td><td class=\"column-3\">100% fino a 500\u20ac + 10\u20ac senza deposito <\/td><td class=\"column-4\">85%<br \/>\n<a href=\"https:\/\/www.casinobonusradar.com\/it\/online-casino\/casino-com-casino\/\">Info<\/a><\/td><td class=\"column-5\"><a class=\"big-button bigblue\" href=\"\/it\/goto\/casino.com\" target=\"_blank\" rel=\"noopener noreferrer\">Richiedi il Bonus<\/a><\/td>\n<\/tr>\n<tr class=\"row-7 odd\">\n\t<td class=\"column-1\"><\/td><td class=\"column-2\"><a target=\"_blank\" href=\"https:\/\/www.casinobonusradar.com\/it\/goto\/snai\" rel=\"noopener noreferrer\"><img src=\"https:\/\/www.casinobonusradar.com\/it\/wp-content\/uploads\/sites\/4\/2018\/05\/snai_bg.jpg\" alt=\"\" width=\"250\" height=\"150\" class=\"alignleft size-full wp-image-140\" \/><\/a><\/td><td class=\"column-3\">100% fino a 1000\u20ac + 15\u20ac senza deposito <\/td><td class=\"column-4\">84%<br \/>\n<a href=\"https:\/\/www.casinobonusradar.com\/it\/online-casino\/snai-casino\/\">Info<\/a><\/td><td class=\"column-5\"><a class=\"big-button bigblue\" href=\"\/it\/goto\/snai\" target=\"_blank\" rel=\"noopener noreferrer\">Richiedi il Bonus<\/a><\/td>\n<\/tr>\n<tr class=\"row-8 even\">\n\t<td class=\"column-1\"><\/td><td class=\"column-2\"><a target=\"_blank\" href=\"https:\/\/www.casinobonusradar.com\/it\/goto\/eurobet\" rel=\"noopener noreferrer\"><img src=\"https:\/\/www.casinobonusradar.com\/it\/wp-content\/uploads\/sites\/4\/2018\/04\/eurobet_bg.jpg\" alt=\"\" width=\"250\" height=\"150\" class=\"alignleft size-full wp-image-103\" \/><\/a><\/td><td class=\"column-3\">fino a 1000\u20ac <\/td><td class=\"column-4\">82%<br \/>\n<a href=\"https:\/\/www.casinobonusradar.com\/it\/online-casino\/eurobet-casino\/\">Info<\/a><\/td><td class=\"column-5\"><a class=\"big-button bigblue\" href=\"\/it\/goto\/eurobet\" target=\"_blank\" rel=\"noopener noreferrer\">Richiedi il Bonus<\/a><\/td>\n<\/tr>\n<\/tbody>\n<\/table>\n<!-- #tablepress-8 from cache --><\/p>\n<div class=\"show-more-general more\"><\/div>\n<\/div>\n<p>Volete scoprire meglio come funziona Paysafecard? Nella recensione che segue troverete spiegati ed evidenziati le modalit\u00e0 d\u2019uso e i principali vantaggi di questa forma di pagamento.<\/p>\n<p><img decoding=\"async\" loading=\"lazy\" class=\"alignnone size-large wp-image-15648\" src=\"https:\/\/www.casinobonusradar.com\/it\/wp-content\/uploads\/sites\/4\/2018\/11\/paysafecard1-1024x354.jpg\" alt=\"\" width=\"1024\" height=\"354\" srcset=\"https:\/\/www.casinobonusradar.com\/wp-content\/uploads\/sites\/4\/2018\/11\/paysafecard1-1024x354.jpg 1024w, https:\/\/www.casinobonusradar.com\/wp-content\/uploads\/sites\/4\/2018\/11\/paysafecard1-300x104.jpg 300w, https:\/\/www.casinobonusradar.com\/wp-content\/uploads\/sites\/4\/2018\/11\/paysafecard1-768x266.jpg 768w, https:\/\/www.casinobonusradar.com\/wp-content\/uploads\/sites\/4\/2018\/11\/paysafecard1-1080x373.jpg 1080w, https:\/\/www.casinobonusradar.com\/wp-content\/uploads\/sites\/4\/2018\/11\/paysafecard1.jpg 1339w\" sizes=\"(max-width: 1024px) 100vw, 1024px\" \/><\/p>\n<div id=\"toc_container\" class=\"no_bullets\"><p class=\"toc_title\">Contents<\/p><ul class=\"toc_list\"><li><a href=\"#PANORAMICA_DI_PAYSAFECARD\"><span class=\"toc_number toc_depth_1\">1<\/span> PANORAMICA DI PAYSAFECARD<\/a><\/li><li><a href=\"#VANTAGGI_E_SVANTAGGI_DI_PAYSAFECARD\"><span class=\"toc_number toc_depth_1\">2<\/span> VANTAGGI E SVANTAGGI DI PAYSAFECARD<\/a><\/li><li><a href=\"#DEPOSITO_NEI_CASINO_ONLINE_PAYSAFECARD\"><span class=\"toc_number toc_depth_1\">3<\/span> DEPOSITO NEI CASINO ONLINE PAYSAFECARD<\/a><\/li><li><a href=\"#PRELIEVO_NEI_CASINO_ONLINE_CON_PAYSAFECARD\"><span class=\"toc_number toc_depth_1\">4<\/span> PRELIEVO NEI CASINO ONLINE CON PAYSAFECARD<\/a><\/li><li><a href=\"#BONUS_Casino\"><span class=\"toc_number toc_depth_1\">5<\/span> BONUS Casin\u00f2<\/a><\/li><li><a href=\"#UN_GIUDIZIO_CONCLUSIVO_PERCHE_PAYSAFECARD\"><span class=\"toc_number toc_depth_1\">6<\/span> UN GIUDIZIO CONCLUSIVO: PERCHE\u2019 PAYSAFECARD?<\/a><\/li><\/ul><\/div>\n<h2><span id=\"PANORAMICA_DI_PAYSAFECARD\">PANORAMICA DI PAYSAFECARD<\/span><\/h2>\n<p><strong>Come nasce Paysafecard?<\/strong><strong>\u00a0<\/strong><\/p>\n<p>Paysafecard nasce a Vienna, in Austria nel 2000 e in breve tempo conquista non solo i favori degli scommettitori di tutto il globo ma anche quello degli stessi bookmaker, la cui quasi totalit\u00e0 include questo metodo tra le forme di pagamento consentite al suo interno.<\/p>\n<p>Negli anni, Paysafecard ha continuato a crescere e oggi i suoi numeri sono davvero impressionanti: la carta \u00e8 disponibile infatti in 37 Paesi del mondo e vanta di oltre 450.000 punti vendita.<\/p>\n<p><strong>Come funziona Paysafecard?<\/strong><\/p>\n<p>Utilizzare Paysafecard \u00e8 facilissimo: basta recarsi in un <span style=\"color: #0000ff;\"><strong><a style=\"color: #0000ff;\" href=\"https:\/\/www.paysafecard.com\/it-it\/acquista\/ricerca-dei-punti-vendita\/\">punto vendita autorizzato<\/a><\/strong><\/span> (o visitare il suo sito italiano <a href=\"http:\/\/www.paysafecard.com\/it\">www.paysafecard.com\/it<\/a>) dove \u00e8 possibile acquistare la carta e ricaricarla con l\u2019importo desiderato. I tagli disponibili di questi voucher prepagati sono da \u20ac5, \u20ac10, \u20ac25, \u20ac50 e \u20ac100, anche se gli importi possono variare da nazione a nazione.<\/p>\n<p>Le valute di acquisto disponibili sono in totale 22. Per effettuare transazioni in rete, Paysafecard non richiede l\u2019inserimento di nessun dato personale o sensibile che possa contenere informazioni circa la vostra carta di credito o conto bancario, ma solamente un codice di sicurezza PIN a 16 cifre.<\/p>\n<p>Recentemente, in alcuni Paesi europei come Austria, Francia, Germania o Regno Unito, Paysafecard ha iniziato a collaborare anche con il circuito internazionale Mastercard e questo gli ha permesso di ampliare ulteriormente la gamma di siti dove \u00e8 possibile effettuare degli acquisti con questa carta.<\/p>\n<p>Nella sfera del gioco in rete, oggigiorno, non \u00e8 difficile imbattersi in un casin\u00f2 online Paysafecard. Tuttavia, nonostante il progresso tecnologico avvenuto negli ultimi anni circa i metodi di trasferimento tramite carte di credito, resta comunque tra gli scommettitori italiani uno scetticismo sul metodo di pagamento da scegliere per il gioco online.<\/p>\n<p>Ne risulta che in Italia, molti giocatori preferiscono utilizzare per le loro transazioni metodi come quelli\u00a0 delle carte prepagate, a loro giudizio pi\u00f9 sicuri.<\/p>\n<p><img decoding=\"async\" loading=\"lazy\" class=\"alignnone size-large wp-image-15649\" src=\"https:\/\/www.casinobonusradar.com\/it\/wp-content\/uploads\/sites\/4\/2018\/11\/paysafecard2-1024x423.jpg\" alt=\"\" width=\"1024\" height=\"423\" srcset=\"https:\/\/www.casinobonusradar.com\/wp-content\/uploads\/sites\/4\/2018\/11\/paysafecard2-1024x423.jpg 1024w, https:\/\/www.casinobonusradar.com\/wp-content\/uploads\/sites\/4\/2018\/11\/paysafecard2-300x124.jpg 300w, https:\/\/www.casinobonusradar.com\/wp-content\/uploads\/sites\/4\/2018\/11\/paysafecard2-768x317.jpg 768w, https:\/\/www.casinobonusradar.com\/wp-content\/uploads\/sites\/4\/2018\/11\/paysafecard2-1080x446.jpg 1080w, https:\/\/www.casinobonusradar.com\/wp-content\/uploads\/sites\/4\/2018\/11\/paysafecard2.jpg 1140w\" sizes=\"(max-width: 1024px) 100vw, 1024px\" \/><\/p>\n<p><strong>Paysafecard App per dispositivi mobili\u00a0<\/strong><\/p>\n<p>L\u2019 applicazione Paysafecard \u00e8 disponibile anche nei dispositivi mobili come smartphone e tablet. Utilizzare l\u2019applicazione\u00a0\u00e8 pi\u00f9 conveniente per gli utenti che vogliono controllare il saldo mentre non sono al pc. Paysafecard App pu\u00f2 essere utilizzata inoltre per trovare un punto vendita in un\u2019area vicina al cliente e indicare anche quello pi\u00f9 vicino.<\/p>\n<p>I clienti possono usare la Paysafecard dopo aver effettuato il login sul proprio account tramite l\u2019apposita App. Esistono delle opzioni non solo per verificare il saldo del conto, ma anche per monitorare le transazioni passate o modificare il codice PIN.<\/p>\n<h2><span id=\"VANTAGGI_E_SVANTAGGI_DI_PAYSAFECARD\">VANTAGGI E SVANTAGGI DI PAYSAFECARD<\/span><\/h2>\n<p>I principali vantaggi dell\u2019uso di Paysafecard in un casin\u00f2 online sono i seguenti:<\/p>\n<ul>\n<li>Metodo di pagamento prepagato la cui ricarica \u00e8 possibile anche tramite l\u2019uso di contanti e che non richiede l\u2019inserimento di dati sensibili;<\/li>\n<li>Possibilit\u00e0 di controllare i propri fondi ed effettuare depositi anche da dispositivi mobili;<\/li>\n<li>Possibilit\u00e0 di acquistare beni e servizi anche in valuta straniera;<\/li>\n<li>Sicurezza nell\u2019utilizzo sia per quanto riguarda Paysafecard Mastercard che Paysafecard prepagata in quanto i pagamenti sono privati e garantiscono l\u2019anonimato;<\/li>\n<li>Maggior controllo del proprio conto di gioco grazie all\u2019esistenza dei voucher da acquistare di volta in volta;<\/li>\n<li>Accredito istantaneo sul conto di gioco;<\/li>\n<li>Assenza di commissioni sui depositi;<\/li>\n<li>Assenza di data d scadenza della prepagata;<\/li>\n<li>La Paysafecard \u00e8 <a href=\"https:\/\/www.paysafecard.com\/it-it\/utilizzare\/scommesse-sportive\/\">accettata nei maggiori casin\u00f2 online<\/a>;<\/li>\n<li>Regolare licenza AAMS.<\/li>\n<\/ul>\n<p>Tuttavia, vi sono anche alcuni svantaggi legati all\u2019utilizzo di Paysafecard nei casin\u00f2 online, come:<\/p>\n<ul>\n<li>Necessit\u00e0 di acquistare il voucher prima di iniziare a giocare;<\/li>\n<li>Impossibilit\u00e0 di utilizzare diversi codici PIN nella stessa transazione al momento del deposito in un conto gioco: per questo l\u2019uso di Paysafecard risulta pi\u00f9 dispendioso in termini di tempo rispetto ad altre modalit\u00e0 di pagamento.<\/li>\n<\/ul>\n<h2><span id=\"DEPOSITO_NEI_CASINO_ONLINE_PAYSAFECARD\">DEPOSITO NEI CASINO ONLINE PAYSAFECARD<\/span><\/h2>\n<p>Iniziare a depositare in un casin\u00f2 online Paysafecard \u00e8 semplice, gratuito, veloce e sicuro! Per effettuare un deposito nel vostro conto gioco basta infatti entrare nella sezione \u201cdeposito\u201d del sito scommesse scelto e scegliere \u201cCarte prepagate\u201d. Da qui dovrete poi selezionare l\u2019opzione \u201cPaysafecard\u201d digitando l\u2019importo che si vuole depositare, la valuta della vostra carta e infine il codice PIN a 16 cifre.<\/p>\n<p>Una volta controllati i dati e confermato il pagamento, l\u2019importo di denaro selezionato verr\u00e0 sottratto dalla carta Paysafecard e aggiunto al vostro conto gioco.<\/p>\n<p>L\u2019operazione non richiede spese di commissione.<\/p>\n<h2><span id=\"PRELIEVO_NEI_CASINO_ONLINE_CON_PAYSAFECARD\">PRELIEVO NEI CASINO ONLINE CON PAYSAFECARD<\/span><\/h2>\n<p>Per quanto Paysafecard sia un\u2019eccellente soluzione di deposito nei casin\u00f2 online che accettano questa forma di pagamento, lo stesso discorso non vale per i prelievi. Infatti, Paysafecard non \u00e8 sempre accettata come forma di riscossione alle vincite.<\/p>\n<h2><span id=\"BONUS_Casino\">BONUS Casin\u00f2<\/span><\/h2>\n<p>Chi deposita con Paysafecard ha accesso all\u2019intera gamma di <a href=\"https:\/\/www.casinobonusradar.com\/it\/\">bonus<\/a>. Ma se desiderate scoprire i Paysafecard casin\u00f2 bonus pi\u00f9 vantaggiosi, o se volete conoscere i bookmaker che offrono anche immediati casin\u00f2 <a href=\"https:\/\/www.casinobonusradar.com\/it\/bonus-senza-deposito\/\">bonus senza deposito<\/a>\u00a0vi consigliamo di dare un\u2019occhiata qui di seguito:<\/p>\n<h2><span id=\"UN_GIUDIZIO_CONCLUSIVO_PERCHE_PAYSAFECARD\">UN GIUDIZIO CONCLUSIVO: PERCHE\u2019 PAYSAFECARD?<\/span><\/h2>\n<p>Fino a qualche anno fa avremmo sconsigliato l\u2019uso di Paysafecard in Italia perch\u00e9 il sistema non era ancora molto diffuso e i casino che accettavano Paysafecard si contavano sulle dita di una mano. Oggi la situazione \u00e8 cambiata, specialmente dopo il 2015, quando i colossi come Skrill e Mastercard hanno deciso di mettersi alle spalle di questo metodo di pagamento.<\/p>\n<p>Inoltre, grazie alla sua facilit\u00e0 di utilizzo, ai suoi alti standard di sicurezza e al fatto che non vengano applicati costi di commissione, Paysafecard appare ormai uno dei metodi di pagamento pi\u00f9 diffusi tra i giocatori italiani. Allora, che cosa state aspettando? I casin\u00f2 online Paysafecard vi aspettano!<\/p>\n<p><strong>Il migliore Bonus Benvenuto:\u00a0<\/strong><\/p>\n\n        <div class=\"bonusoffer_wrap\">                        \n            <div class=\"bonusoffer_main_text\"><span> 20\u20ac bonus senza deposito + Bonus fino a 1000\u20ac <\/span><div class=\"et_pb_button_module_wrapper et_pb_module et_pb_button_alignment_center\"><a class=\"et_pb_button et_pb_custom_button_icon et_pb_button_1 et_pb_module et_pb_bg_layout_dark\" href=\"https:\/\/www.casinobonusradar.com\/it\/goto\/starcasino\" target=\"_blank\" data-icon=\"=\">Ottieni il bonus<\/a><\/div>\n        <\/div><\/div>\n        <div class=\"clear\"><\/div>        \n  \n","protected":false},"excerpt":{"rendered":"<p>I pagamenti con Paysafecard sono un metodo elettronico molto amato dagli scommettitori italiani.\u00a0 Oggi infatti, questo sistema \u00e8 molto utilizzato sia in Italia che in Europa non solo nei casin\u00f2 online ma anche per numerosi altri tipi di transazioni. La popolarit\u00e0 di Paysafecard \u00e8 dovuta principalmente al fatto che, rispetto ad altri metodi di pagamento [&hellip;]<\/p>\n","protected":false},"author":4,"featured_media":15649,"parent":0,"menu_order":0,"comment_status":"closed","ping_status":"closed","template":"","meta":[],"categories":[9],"tags":[],"yoast_head":"<!-- This site is optimized with the Yoast SEO plugin v19.10 - https:\/\/yoast.com\/wordpress\/plugins\/seo\/ -->\n<title>Pagamenti con Paysafecard nei Casin\u00f2 Online | Casino Bonus Radar IT<\/title>\n<meta name=\"description\" content=\"Scopri come effettuare un pagamento con Paysafecard nei casin\u00f2 online. Metodo di pagamento elettronico molto amato da giocatori e scommettitori italiani.\" \/>\n<meta name=\"robots\" content=\"index, follow, max-snippet:-1, max-image-preview:large, max-video-preview:-1\" \/>\n<link rel=\"canonical\" href=\"https:\/\/www.casinobonusradar.com\/it\/pagamenti-con-paysafecard-nei-casino-online\/\" \/>\n<meta property=\"og:locale\" content=\"it_IT\" \/>\n<meta property=\"og:type\" content=\"article\" \/>\n<meta property=\"og:title\" content=\"Pagamenti con Paysafecard nei Casin\u00f2 Online | Casino Bonus Radar IT\" \/>\n<meta property=\"og:description\" content=\"Scopri come effettuare un pagamento con Paysafecard nei casin\u00f2 online. Metodo di pagamento elettronico molto amato da giocatori e scommettitori italiani.\" \/>\n<meta property=\"og:url\" content=\"https:\/\/www.casinobonusradar.com\/it\/pagamenti-con-paysafecard-nei-casino-online\/\" \/>\n<meta property=\"og:site_name\" content=\"Casino Bonus Radar IT\" \/>\n<meta property=\"article:modified_time\" content=\"2019-03-28T07:01:40+00:00\" \/>\n<meta property=\"og:image\" content=\"https:\/\/www.casinobonusradar.com\/wp-content\/uploads\/sites\/4\/2018\/11\/paysafecard2.jpg\" \/>\n\t<meta property=\"og:image:width\" content=\"1140\" \/>\n\t<meta property=\"og:image:height\" content=\"471\" \/>\n\t<meta property=\"og:image:type\" content=\"image\/jpeg\" \/>\n<meta name=\"twitter:card\" content=\"summary_large_image\" \/>\n<meta name=\"twitter:label1\" content=\"Est. reading time\" \/>\n\t<meta name=\"twitter:data1\" content=\"5 minutes\" \/>\n<script type=\"application\/ld+json\" class=\"yoast-schema-graph\">{\"@context\":\"https:\/\/schema.org\",\"@graph\":[{\"@type\":\"WebPage\",\"@id\":\"https:\/\/www.casinobonusradar.com\/it\/pagamenti-con-paysafecard-nei-casino-online\/\",\"url\":\"https:\/\/www.casinobonusradar.com\/it\/pagamenti-con-paysafecard-nei-casino-online\/\",\"name\":\"Pagamenti con Paysafecard nei Casin\u00f2 Online | Casino Bonus Radar IT\",\"isPartOf\":{\"@id\":\"https:\/\/www.casinobonusradar.com\/it\/#website\"},\"datePublished\":\"2018-07-03T08:46:24+00:00\",\"dateModified\":\"2019-03-28T07:01:40+00:00\",\"description\":\"Scopri come effettuare un pagamento con Paysafecard nei casin\u00f2 online. Metodo di pagamento elettronico molto amato da giocatori e scommettitori italiani.\",\"breadcrumb\":{\"@id\":\"https:\/\/www.casinobonusradar.com\/it\/pagamenti-con-paysafecard-nei-casino-online\/#breadcrumb\"},\"inLanguage\":\"it-IT\",\"potentialAction\":[{\"@type\":\"ReadAction\",\"target\":[\"https:\/\/www.casinobonusradar.com\/it\/pagamenti-con-paysafecard-nei-casino-online\/\"]}]},{\"@type\":\"BreadcrumbList\",\"@id\":\"https:\/\/www.casinobonusradar.com\/it\/pagamenti-con-paysafecard-nei-casino-online\/#breadcrumb\",\"itemListElement\":[{\"@type\":\"ListItem\",\"position\":1,\"name\":\"Home\",\"item\":\"https:\/\/www.casinobonusradar.com\/it\/\"},{\"@type\":\"ListItem\",\"position\":2,\"name\":\"Pagamenti con Paysafecard nei Casin\u00f2 Online\"}]},{\"@type\":\"WebSite\",\"@id\":\"https:\/\/www.casinobonusradar.com\/it\/#website\",\"url\":\"https:\/\/www.casinobonusradar.com\/it\/\",\"name\":\"Casino Bonus Radar IT\",\"description\":\"\",\"potentialAction\":[{\"@type\":\"SearchAction\",\"target\":{\"@type\":\"EntryPoint\",\"urlTemplate\":\"https:\/\/www.casinobonusradar.com\/it\/?s={search_term_string}\"},\"query-input\":\"required name=search_term_string\"}],\"inLanguage\":\"it-IT\"}]}<\/script>\n<!-- \/ Yoast SEO plugin. -->","yoast_head_json":{"title":"Pagamenti con Paysafecard nei Casin\u00f2 Online | Casino Bonus Radar IT","description":"Scopri come effettuare un pagamento con Paysafecard nei casin\u00f2 online. Metodo di pagamento elettronico molto amato da giocatori e scommettitori italiani.","robots":{"index":"index","follow":"follow","max-snippet":"max-snippet:-1","max-image-preview":"max-image-preview:large","max-video-preview":"max-video-preview:-1"},"canonical":"https:\/\/www.casinobonusradar.com\/it\/pagamenti-con-paysafecard-nei-casino-online\/","og_locale":"it_IT","og_type":"article","og_title":"Pagamenti con Paysafecard nei Casin\u00f2 Online | Casino Bonus Radar IT","og_description":"Scopri come effettuare un pagamento con Paysafecard nei casin\u00f2 online. Metodo di pagamento elettronico molto amato da giocatori e scommettitori italiani.","og_url":"https:\/\/www.casinobonusradar.com\/it\/pagamenti-con-paysafecard-nei-casino-online\/","og_site_name":"Casino Bonus Radar IT","article_modified_time":"2019-03-28T07:01:40+00:00","og_image":[{"width":1140,"height":471,"url":"https:\/\/www.casinobonusradar.com\/wp-content\/uploads\/sites\/4\/2018\/11\/paysafecard2.jpg","type":"image\/jpeg"}],"twitter_card":"summary_large_image","twitter_misc":{"Est. reading time":"5 minutes"},"schema":{"@context":"https:\/\/schema.org","@graph":[{"@type":"WebPage","@id":"https:\/\/www.casinobonusradar.com\/it\/pagamenti-con-paysafecard-nei-casino-online\/","url":"https:\/\/www.casinobonusradar.com\/it\/pagamenti-con-paysafecard-nei-casino-online\/","name":"Pagamenti con Paysafecard nei Casin\u00f2 Online | Casino Bonus Radar IT","isPartOf":{"@id":"https:\/\/www.casinobonusradar.com\/it\/#website"},"datePublished":"2018-07-03T08:46:24+00:00","dateModified":"2019-03-28T07:01:40+00:00","description":"Scopri come effettuare un pagamento con Paysafecard nei casin\u00f2 online. Metodo di pagamento elettronico molto amato da giocatori e scommettitori italiani.","breadcrumb":{"@id":"https:\/\/www.casinobonusradar.com\/it\/pagamenti-con-paysafecard-nei-casino-online\/#breadcrumb"},"inLanguage":"it-IT","potentialAction":[{"@type":"ReadAction","target":["https:\/\/www.casinobonusradar.com\/it\/pagamenti-con-paysafecard-nei-casino-online\/"]}]},{"@type":"BreadcrumbList","@id":"https:\/\/www.casinobonusradar.com\/it\/pagamenti-con-paysafecard-nei-casino-online\/#breadcrumb","itemListElement":[{"@type":"ListItem","position":1,"name":"Home","item":"https:\/\/www.casinobonusradar.com\/it\/"},{"@type":"ListItem","position":2,"name":"Pagamenti con Paysafecard nei Casin\u00f2 Online"}]},{"@type":"WebSite","@id":"https:\/\/www.casinobonusradar.com\/it\/#website","url":"https:\/\/www.casinobonusradar.com\/it\/","name":"Casino Bonus Radar IT","description":"","potentialAction":[{"@type":"SearchAction","target":{"@type":"EntryPoint","urlTemplate":"https:\/\/www.casinobonusradar.com\/it\/?s={search_term_string}"},"query-input":"required name=search_term_string"}],"inLanguage":"it-IT"}]}},"_links":{"self":[{"href":"https:\/\/www.casinobonusradar.com\/it\/wp-json\/wp\/v2\/pages\/683"}],"collection":[{"href":"https:\/\/www.casinobonusradar.com\/it\/wp-json\/wp\/v2\/pages"}],"about":[{"href":"https:\/\/www.casinobonusradar.com\/it\/wp-json\/wp\/v2\/types\/page"}],"author":[{"embeddable":true,"href":"https:\/\/www.casinobonusradar.com\/it\/wp-json\/wp\/v2\/users\/4"}],"replies":[{"embeddable":true,"href":"https:\/\/www.casinobonusradar.com\/it\/wp-json\/wp\/v2\/comments?post=683"}],"version-history":[{"count":4,"href":"https:\/\/www.casinobonusradar.com\/it\/wp-json\/wp\/v2\/pages\/683\/revisions"}],"predecessor-version":[{"id":16105,"href":"https:\/\/www.casinobonusradar.com\/it\/wp-json\/wp\/v2\/pages\/683\/revisions\/16105"}],"wp:featuredmedia":[{"embeddable":true,"href":"https:\/\/www.casinobonusradar.com\/it\/wp-json\/wp\/v2\/media\/15649"}],"wp:attachment":[{"href":"https:\/\/www.casinobonusradar.com\/it\/wp-json\/wp\/v2\/media?parent=683"}],"wp:term":[{"taxonomy":"category","embeddable":true,"href":"https:\/\/www.casinobonusradar.com\/it\/wp-json\/wp\/v2\/categories?post=683"},{"taxonomy":"post_tag","embeddable":true,"href":"https:\/\/www.casinobonusradar.com\/it\/wp-json\/wp\/v2\/tags?post=683"}],"curies":[{"name":"wp","href":"https:\/\/api.w.org\/{rel}","templated":true}]}}