{"id":679,"date":"2018-07-03T08:37:59","date_gmt":"2018-07-03T08:37:59","guid":{"rendered":"https:\/\/www.casinobonusradar.com\/it\/?page_id=679"},"modified":"2019-03-28T06:55:42","modified_gmt":"2019-03-28T06:55:42","slug":"pagamento-con-paypal-nei-casino-online","status":"publish","type":"page","link":"https:\/\/www.casinobonusradar.com\/it\/pagamento-con-paypal-nei-casino-online\/","title":{"rendered":"Pagamento con Paypal nei Casin\u00f2 online"},"content":{"rendered":"<p>PayPal \u00e8 il<a href=\"https:\/\/www.paypal.com\/it\/webapps\/mpp\/home\"> metodo di pagamento online leader nel mercato<\/a> che consente agli utenti di effettuare acquisti o ricevere pagamenti su siti web e nei casin\u00f2 online condividendo nient\u2019altro che il proprio indirizzo e-mail. Curiosi di saperne di pi\u00f9?<\/p>\n<div id=\"tablepress-general\" class=\"no-next-prev-button\">\n<table id=\"tablepress-8\" class=\"tablepress tablepress-id-8 bonus-table show3-hideall-general close\">\n<thead>\n<tr class=\"row-1 odd\">\n\t<th class=\"column-1\">&nbsp;<\/th><th class=\"column-2\">Casin\u00f2<\/th><th class=\"column-3\">Bonus<\/th><th class=\"column-4\">Punteggio<\/th><th class=\"column-5\">Ottieni il bonus<\/th>\n<\/tr>\n<\/thead>\n<tbody class=\"row-hover\">\n<tr class=\"row-2 even\">\n\t<td class=\"column-1\"><\/td><td class=\"column-2\"><a target=\"_blank\" href=\"https:\/\/www.casinobonusradar.com\/it\/goto\/starcasino\/\" rel=\"noopener noreferrer\"><img src=\"https:\/\/www.casinobonusradar.com\/it\/wp-content\/uploads\/sites\/4\/2018\/05\/starcasino_bg-1.jpg\" alt=\"\" width=\"250\" height=\"150\" class=\"alignleft size-full wp-image-236\" \/><\/a><\/td><td class=\"column-3\">100 giri gratis senza deposito + bonus fino a 1000\u20ac<\/td><td class=\"column-4\">90%<br \/>\n<a href=\"https:\/\/www.casinobonusradar.com\/it\/online-casino\/starcasino-casino\/\">Info<\/a><\/td><td class=\"column-5\"><a class=\"big-button bigblue\" href=\"\/it\/goto\/starcasino\" target=\"_blank\" rel=\"noopener noreferrer\">Richiedi il Bonus<\/a><\/td>\n<\/tr>\n<tr class=\"row-3 odd\">\n\t<td class=\"column-1\"><\/td><td class=\"column-2\"><a target=\"_blank\" href=\"https:\/\/www.casinobonusradar.com\/it\/goto\/888casino\" rel=\"noopener noreferrer\"><img src=\"https:\/\/www.casinobonusradar.com\/it\/wp-content\/uploads\/sites\/4\/2018\/04\/888casino_bg.jpg\" alt=\"\" width=\"250\" height=\"150\" class=\"alignleft size-full wp-image-64\" \/><\/a><\/td><td class=\"column-3\">125% fino a 500 + 88 giri gratis<\/td><td class=\"column-4\">89%<br \/>\n<a href=\"https:\/\/www.casinobonusradar.com\/it\/online-casino\/888-casino\/\">Info<\/a><\/td><td class=\"column-5\"><a class=\"big-button bigblue\" href=\"\/it\/goto\/888casino\" target=\"_blank\" rel=\"noopener noreferrer\">Richiedi il Bonus<\/a><\/td>\n<\/tr>\n<tr class=\"row-4 even\">\n\t<td class=\"column-1\"><\/td><td class=\"column-2\"><a target=\"_blank\" href=\"https:\/\/www.casinobonusradar.com\/it\/goto\/netbet\" rel=\"noopener noreferrer\"><img src=\"https:\/\/www.casinobonusradar.com\/it\/wp-content\/uploads\/sites\/4\/2018\/05\/netbet_bg.jpg\" alt=\"\" width=\"250\" height=\"150\" class=\"alignleft size-full wp-image-150\" \/><\/a><\/td><td class=\"column-3\">100% fino a 600\u20ac + 50 girigratis senza deposito <br\/>+ 100 girigratis alla convalida del conto<\/td><td class=\"column-4\">87%<br \/>\n<a href=\"https:\/\/www.casinobonusradar.com\/it\/online-casino\/netbet-casino\/\">Info<\/a><\/td><td class=\"column-5\"><a class=\"big-button bigblue\" href=\"\/it\/goto\/netbet\" target=\"_blank\" rel=\"noopener noreferrer\">Richiedi il Bonus<\/a><\/td>\n<\/tr>\n<tr class=\"row-5 odd\">\n\t<td class=\"column-1\"><\/td><td class=\"column-2\"><a target=\"_blank\" href=\"https:\/\/www.casinobonusradar.com\/it\/goto\/leovegas\" rel=\"noopener noreferrer\"><img src=\"https:\/\/www.casinobonusradar.com\/it\/wp-content\/uploads\/sites\/4\/2018\/07\/leovegas_bg.jpg\" alt=\"\" width=\"250\" height=\"150\" class=\"alignleft size-full wp-image-623\" \/><\/a><\/td><td class=\"column-3\">Bonus fino a 1000\u20ac + 70 giri gratis<\/td><td class=\"column-4\">86%<br \/>\n<a href=\"\/it\/leovegas-casino\/\">Info<\/a><\/td><td class=\"column-5\"><a class=\"big-button bigblue\" href=\"\/it\/goto\/leovegas\" target=\"_blank\" rel=\"noopener noreferrer\">Informazioni <\/a><\/td>\n<\/tr>\n<tr class=\"row-6 even\">\n\t<td class=\"column-1\"><\/td><td class=\"column-2\"><a target=\"_blank\" href=\"https:\/\/www.casinobonusradar.com\/it\/goto\/casino.com\" rel=\"noopener noreferrer\"><img src=\"https:\/\/www.casinobonusradar.com\/it\/wp-content\/uploads\/sites\/4\/2018\/05\/casinocom_bg.jpg\" alt=\"\" width=\"250\" height=\"150\" class=\"alignleft size-full wp-image-168\" \/><\/a><\/td><td class=\"column-3\">100% fino a 500\u20ac + 10\u20ac senza deposito <\/td><td class=\"column-4\">85%<br \/>\n<a href=\"https:\/\/www.casinobonusradar.com\/it\/online-casino\/casino-com-casino\/\">Info<\/a><\/td><td class=\"column-5\"><a class=\"big-button bigblue\" href=\"\/it\/goto\/casino.com\" target=\"_blank\" rel=\"noopener noreferrer\">Richiedi il Bonus<\/a><\/td>\n<\/tr>\n<tr class=\"row-7 odd\">\n\t<td class=\"column-1\"><\/td><td class=\"column-2\"><a target=\"_blank\" href=\"https:\/\/www.casinobonusradar.com\/it\/goto\/snai\" rel=\"noopener noreferrer\"><img src=\"https:\/\/www.casinobonusradar.com\/it\/wp-content\/uploads\/sites\/4\/2018\/05\/snai_bg.jpg\" alt=\"\" width=\"250\" height=\"150\" class=\"alignleft size-full wp-image-140\" \/><\/a><\/td><td class=\"column-3\">100% fino a 1000\u20ac + 15\u20ac senza deposito <\/td><td class=\"column-4\">84%<br \/>\n<a href=\"https:\/\/www.casinobonusradar.com\/it\/online-casino\/snai-casino\/\">Info<\/a><\/td><td class=\"column-5\"><a class=\"big-button bigblue\" href=\"\/it\/goto\/snai\" target=\"_blank\" rel=\"noopener noreferrer\">Richiedi il Bonus<\/a><\/td>\n<\/tr>\n<tr class=\"row-8 even\">\n\t<td class=\"column-1\"><\/td><td class=\"column-2\"><a target=\"_blank\" href=\"https:\/\/www.casinobonusradar.com\/it\/goto\/eurobet\" rel=\"noopener noreferrer\"><img src=\"https:\/\/www.casinobonusradar.com\/it\/wp-content\/uploads\/sites\/4\/2018\/04\/eurobet_bg.jpg\" alt=\"\" width=\"250\" height=\"150\" class=\"alignleft size-full wp-image-103\" \/><\/a><\/td><td class=\"column-3\">fino a 1000\u20ac <\/td><td class=\"column-4\">82%<br \/>\n<a href=\"https:\/\/www.casinobonusradar.com\/it\/online-casino\/eurobet-casino\/\">Info<\/a><\/td><td class=\"column-5\"><a class=\"big-button bigblue\" href=\"\/it\/goto\/eurobet\" target=\"_blank\" rel=\"noopener noreferrer\">Richiedi il Bonus<\/a><\/td>\n<\/tr>\n<\/tbody>\n<\/table>\n<!-- #tablepress-8 from cache --><\/p>\n<div class=\"show-more-general more\"><\/div>\n<\/div>\n<p>Non perdete allora la nostra recensione qui di seguito, dove andremo ad analizzare il funzionamento e le caratteristiche principali del portafoglio elettronico pi\u00f9 amato dai giocatori italiani!<\/p>\n<p><img decoding=\"async\" loading=\"lazy\" class=\"alignnone size-large wp-image-15652\" src=\"https:\/\/www.casinobonusradar.com\/it\/wp-content\/uploads\/sites\/4\/2018\/11\/paypal-1024x383.jpg\" alt=\"\" width=\"1024\" height=\"383\" srcset=\"https:\/\/www.casinobonusradar.com\/wp-content\/uploads\/sites\/4\/2018\/11\/paypal-1024x383.jpg 1024w, https:\/\/www.casinobonusradar.com\/wp-content\/uploads\/sites\/4\/2018\/11\/paypal-300x112.jpg 300w, https:\/\/www.casinobonusradar.com\/wp-content\/uploads\/sites\/4\/2018\/11\/paypal-768x287.jpg 768w, https:\/\/www.casinobonusradar.com\/wp-content\/uploads\/sites\/4\/2018\/11\/paypal-1080x404.jpg 1080w, https:\/\/www.casinobonusradar.com\/wp-content\/uploads\/sites\/4\/2018\/11\/paypal.jpg 1339w\" sizes=\"(max-width: 1024px) 100vw, 1024px\" \/><\/p>\n<div id=\"toc_container\" class=\"no_bullets\"><p class=\"toc_title\">Contents<\/p><ul class=\"toc_list\"><li><a href=\"#PANORAMICA\"><span class=\"toc_number toc_depth_1\">1<\/span> PANORAMICA<\/a><\/li><li><a href=\"#PAYPAL_VANTAGGI_E_SVANTAGGI_NEI_CASINO_ONLINE\"><span class=\"toc_number toc_depth_1\">2<\/span> PAYPAL: VANTAGGI E SVANTAGGI NEI CASINO ONLINE<\/a><\/li><li><a href=\"#DEPOSITOcon_Paypal\"><span class=\"toc_number toc_depth_1\">3<\/span> DEPOSITO\u00a0con Paypal<\/a><\/li><li><a href=\"#PAGAMENTO_con_Paypal\"><span class=\"toc_number toc_depth_1\">4<\/span> PAGAMENTO con Paypal<\/a><\/li><li><a href=\"#BONUS_Casino\"><span class=\"toc_number toc_depth_1\">5<\/span> BONUS Casin\u00f2<\/a><\/li><li><a href=\"#PAYPAL_LE-WALLET_NUMERO_UNO\"><span class=\"toc_number toc_depth_1\">6<\/span> PAYPAL, L\u2019E-WALLET NUMERO UNO!<\/a><\/li><\/ul><\/div>\n<h2><span id=\"PANORAMICA\">PANORAMICA<\/span><\/h2>\n<p><strong>Come nasce PayPal?<\/strong><\/p>\n<p>PayPal nasce nel 1998 con il nome di Confinity e sin dagli esordi riscuote un successo strepitoso. Tuttavia, la sua crescita vera e propria inizia nel 2002, quando il colosso online eBay decide di acquistarlo. PayPal approda in Europa e in Italia solamente nel 2007.<\/p>\n<p>Oggi, \u00e8 totalmente scorporato dalla societ\u00e0 eBay, conta circa 218 milioni di conti attivi, permette di eseguire transazioni in 25 monete diverse ed \u00e8 quotato in borsa sul listino NASDAQ di New York.<\/p>\n<p><strong>Come aprire un conto online PayPal?<\/strong><\/p>\n<p>Aprire un conto PayPal \u00e8 relativamente semplice. L\u2019utente infatti non deve far altro che registrarsi sul sito italiano PayPal, inserire i propri dettagli e collegare questo conto ad una carta di credito o a un conto corrente bancario.<\/p>\n<p>I passaggi principali sono i seguenti:<\/p>\n<ul>\n<li>Aprite il sito <a href=\"http:\/\/www.paypal.com\/it\">paypal.com\/it<\/a> e cliccate in alto a destra su \u201cregistrati\u201d;<\/li>\n<li>Selezionate l\u2019opzione \u201cConto Personale\u201d;<\/li>\n<li>Compilate i campi richiesti scegliendo un\u2019e-mail e una password che saranno collegati al vostro conto online;<\/li>\n<li>Legate il conto online appena aperto a una carta di credito o a un conto bancario.<\/li>\n<\/ul>\n<p>PayPal non richiede nessuna spesa di apertura o di gestione del conto.<\/p>\n<p>La velocit\u00e0 nell\u2019eseguire le transazioni \u00e8 rapida, sia nel caso di spostamenti di denaro tra privati che all\u2019interno di un casin\u00f2 online PayPal.<\/p>\n<p><strong>PayPal sul cellulare<\/strong><\/p>\n<p>Una piattaforma all\u2019avanguardia come PayPal non poteva non offrire ai suoi utenti anche la possibilit\u00e0 del suo utilizzo da dispositivi mobili come smartphone e tablet. L\u2019<strong><span style=\"color: #0000ff;\"><a style=\"color: #0000ff;\" href=\"https:\/\/www.paypal.com\/it\/webapps\/mpp\/mobile-apps\">applicazione \u00e8 disponibile sia per Android che iOS<\/a><\/span><\/strong> e presenta la stessa facilit\u00e0 di utilizzo del sito tradizionale.<\/p>\n<p><strong>PayPal nei casin\u00f2 online: perch\u00e9 sceglierlo?<\/strong><\/p>\n<p>PayPal \u00e8 uno dei metodi pi\u00f9 amati dai giocatori italiani per le transazioni online. Tuttavia, non sempre tutti i casin\u00f2 online lo accettano come metodo di pagamento.<\/p>\n<p>Ma questo pu\u00f2 essere considerato un elemento positivo: i casin\u00f2 online Paypal sono infatti i pi\u00f9 prestigiosi e sicuri in circolazione e pertanto il fatto che vi sia la possibilit\u00e0 di trovarlo meno come forma di pagamento disponibile in certi casin\u00f2 online piuttosto che in altri determina la credibilit\u00e0 del bookmaker stesso.<\/p>\n<p>In Italia e nel mondo, la sua popolarit\u00e0 nel contesto del gioco in rete deriva principalmente da tre fattori: sicurezza, efficacia e facilit\u00e0 nell\u2019uso.<\/p>\n<p>Insomma, questo portafoglio elettronico ha davvero tutte le caratteristiche che un giocatore possa desiderare!<\/p>\n<h2><span id=\"PAYPAL_VANTAGGI_E_SVANTAGGI_NEI_CASINO_ONLINE\">PAYPAL: VANTAGGI E SVANTAGGI NEI CASINO ONLINE<\/span><\/h2>\n<p>Conoscete i maggiori vantaggi dell\u2019uso di PayPal in un casin\u00f2 online? Ecco i principali:<\/p>\n<ul>\n<li><strong>Sicurezza<\/strong>: la cosa forse pi\u00f9 vantaggiosa di PayPal \u00e8 il fatto che, tramite questo gateway \u00e8 possibile pagare e farsi pagare senza mai divulgare dati sensibili. Con PayPal infatti, l\u2019utente \u00e8 tenuto al riparo da qualsiasi tentativo di truffa, perch\u00e9 per eseguire una transazione l\u2019unica informazione necessaria richiesta \u00e8 l\u2019indirizzo di posta elettronica collegato al conto PayPal.<\/li>\n<li><strong>Facilit\u00e0 e rapidit\u00e0 d\u2019uso:<\/strong>PayPal \u00e8 decisamente pi\u00f9 semplice da usare rispetto alla maggior parte degli altri metodi di pagamento. Si sceglie il deposito, si inserisce il totale, si fornisce nome utente e password ed \u00e8 fatta! La transazione si trover\u00e0 istantaneamente nel vostro account.<\/li>\n<li><strong>Assistenza clienti:<\/strong> l\u2019assistenza clienti PayPal \u00e8 disponibile in lingua italiana tramite email o chat dal vivo.<\/li>\n<\/ul>\n<p>Tra gli svantaggi invece, oltre al fatto sopra citato di non essere sempre accettato in tutti i casin\u00f2 online, possiamo riscontrare due ulteriori ostacoli:<\/p>\n<ul>\n<li><strong>Le tasse di deposito<\/strong>: alcuni casin\u00f2 fanno pagare una tassa di deposito per PayPal;<\/li>\n<li><strong>L\u2019impossibilit\u00e0 di essere presente <\/strong><strong>in ogni Paese:\u00a0<\/strong>non tutti i paesi accettano depositi PayPal nei casin\u00f2 online. Le nazioni che di solito lo accettano sono la Germania, la Spagna, la Gran Bretagna, l\u2019Irlanda, I\u2019 Italia, il Portogallo, la Finlandia, la Danimarca, l\u2019Austria e la Svezia.<\/li>\n<\/ul>\n<p>Un\u2019ultima nota dolente riguarda la regolamentazione. PayPal infatti lavora soltanto con i casin\u00f2 online che possiedono una licenza per gioco d\u2019azzardo nella stessa nazione del giocatore.<\/p>\n<p><img decoding=\"async\" loading=\"lazy\" class=\"alignnone size-large wp-image-15653\" src=\"https:\/\/www.casinobonusradar.com\/it\/wp-content\/uploads\/sites\/4\/2018\/11\/paypal2-1024x367.jpg\" alt=\"\" width=\"1024\" height=\"367\" srcset=\"https:\/\/www.casinobonusradar.com\/wp-content\/uploads\/sites\/4\/2018\/11\/paypal2-1024x367.jpg 1024w, https:\/\/www.casinobonusradar.com\/wp-content\/uploads\/sites\/4\/2018\/11\/paypal2-300x107.jpg 300w, https:\/\/www.casinobonusradar.com\/wp-content\/uploads\/sites\/4\/2018\/11\/paypal2-768x275.jpg 768w, https:\/\/www.casinobonusradar.com\/wp-content\/uploads\/sites\/4\/2018\/11\/paypal2-1080x387.jpg 1080w, https:\/\/www.casinobonusradar.com\/wp-content\/uploads\/sites\/4\/2018\/11\/paypal2.jpg 1341w\" sizes=\"(max-width: 1024px) 100vw, 1024px\" \/><\/p>\n<h2><span id=\"DEPOSITOcon_Paypal\">DEPOSITO\u00a0con Paypal<\/span><\/h2>\n<p>Come gi\u00e0 menzionato, \u00e8 possibile eseguire un deposito con PayPal solamente nei casin\u00f2 online che lo accettano come metodo di pagamento. Tuttavia, alcuni casin\u00f2 online consento di depositare e di prelevare tramite questo portafoglio elettronico solo quando l\u2019ammontare di denaro prelevato non eccede quello depositato.<\/p>\n<p>Solitamente PayPal richiede un deposito minimo ma a volte vi possono essere delle eccezioni. Inoltre, al primo deposito il bookmaker offre spesso un bonus.<\/p>\n<p>Per tutte le novit\u00e0 bonus casino:\u00a0<a href=\"https:\/\/www.casinobonusradar.com\/it\/category\/novita-bonus\/\">https:\/\/www.casinobonusradar.com\/it\/category\/novita-bonus\/<\/a><\/p>\n<h2><span id=\"PAGAMENTO_con_Paypal\">PAGAMENTO con Paypal<\/span><\/h2>\n<p>Il cashout con PayPal generalmente \u00e8 molto pi\u00f9 rapido rispetto alle altre forme di pagamento: nessun\u2019altra societ\u00e0 infatti accredita le vincite in un lasso di tempo cos\u00ec breve! Le carte di credito, per esempio, possono richiedere fino ad una settimana o pi\u00f9 rispetto all\u2019e-wallet PayPal.<\/p>\n<h2><span id=\"BONUS_Casino\">BONUS Casin\u00f2<\/span><\/h2>\n<p>Quando si parla di casin\u00f2 online bisogna sempre ricordare l\u2019importanza che <a href=\"https:\/\/www.casinobonusradar.com\/it\/\">i bonus e le promozioni offerte<\/a> dai bookmaker rappresentano per un giocatore. Se si sceglie di adottare PayPal come metodo di pagamento nei casin\u00f2 online che lo accettano bisogna considerare un fattore importante: il bonus deposito.<\/p>\n<p>Infatti, alcuni casino online offrono percentuali di bonus diverse in base al metodo di deposito utilizzato. Per esempio, i casin\u00f2 online Playtech di solito danno un bonus del 15% per i depositi PayPal e uno del 10% per i depositi con carta di credito.<\/p>\n<p>Ricordiamo di seguito i principali casin\u00f2 con i migliori bonus:<\/p>\n<h2><span id=\"PAYPAL_LE-WALLET_NUMERO_UNO\">PAYPAL, L\u2019E-WALLET NUMERO UNO!<\/span><\/h2>\n<p>Dopo aver indicato in questa recensione tutte le caratteristiche e i vantaggi principali legati all\u2019uso del portafoglio elettronico PayPal, non \u00e8 difficile comprendere perch\u00e9 esso sia considerato il metodo di pagamento pi\u00f9 diffuso nei casin\u00f2 online e nello shopping in rete.<\/p>\n<p>Sicurezza, velocit\u00e0, comodit\u00e0 sono infatti solo alcune delle caratteristiche che negli anni hanno contribuito a renderlo l\u2019e-wallet numero uno al mondo. Quindi, sei pronto a giocare al casin\u00f2 online con PayPal?<\/p>\n<p><strong>Il migliore Bonus Benvenuto:\u00a0<\/strong><\/p>\n\n        <div class=\"bonusoffer_wrap\">                        \n            <div class=\"bonusoffer_main_text\"><span> 20\u20ac bonus senza deposito + Bonus fino a 1000\u20ac <\/span><div class=\"et_pb_button_module_wrapper et_pb_module et_pb_button_alignment_center\"><a class=\"et_pb_button et_pb_custom_button_icon et_pb_button_1 et_pb_module et_pb_bg_layout_dark\" href=\"https:\/\/www.casinobonusradar.com\/it\/goto\/starcasino\" target=\"_blank\" data-icon=\"=\">Ottieni il bonus<\/a><\/div>\n        <\/div><\/div>\n        <div class=\"clear\"><\/div>        \n  \n","protected":false},"excerpt":{"rendered":"<p>PayPal \u00e8 il metodo di pagamento online leader nel mercato che consente agli utenti di effettuare acquisti o ricevere pagamenti su siti web e nei casin\u00f2 online condividendo nient\u2019altro che il proprio indirizzo e-mail. Curiosi di saperne di pi\u00f9? Non perdete allora la nostra recensione qui di seguito, dove andremo ad analizzare il funzionamento e [&hellip;]<\/p>\n","protected":false},"author":4,"featured_media":15652,"parent":0,"menu_order":0,"comment_status":"closed","ping_status":"closed","template":"","meta":[],"categories":[9],"tags":[],"yoast_head":"<!-- This site is optimized with the Yoast SEO plugin v19.10 - https:\/\/yoast.com\/wordpress\/plugins\/seo\/ -->\n<title>Pagamento con Paypal nei Casin\u00f2 online | Casino Bonus Radar IT<\/title>\n<meta name=\"description\" content=\"Scopri come effettuare un pagamento con Paypal nei casin\u00f2 online. Tutto ci\u00f2 che c&#039;\u00e8 da sapere su Paypal l&#039;e-wallet numero uno in assoluto per i pagamenti nei Casin\u00f2 online. Leggi la nostra guida ai metodi di pagamento.\" \/>\n<meta name=\"robots\" content=\"index, follow, max-snippet:-1, max-image-preview:large, max-video-preview:-1\" \/>\n<link rel=\"canonical\" href=\"https:\/\/www.casinobonusradar.com\/it\/pagamento-con-paypal-nei-casino-online\/\" \/>\n<meta property=\"og:locale\" content=\"it_IT\" \/>\n<meta property=\"og:type\" content=\"article\" \/>\n<meta property=\"og:title\" content=\"Pagamento con Paypal nei Casin\u00f2 online | Casino Bonus Radar IT\" \/>\n<meta property=\"og:description\" content=\"Scopri come effettuare un pagamento con Paypal nei casin\u00f2 online. Tutto ci\u00f2 che c&#039;\u00e8 da sapere su Paypal l&#039;e-wallet numero uno in assoluto per i pagamenti nei Casin\u00f2 online. Leggi la nostra guida ai metodi di pagamento.\" \/>\n<meta property=\"og:url\" content=\"https:\/\/www.casinobonusradar.com\/it\/pagamento-con-paypal-nei-casino-online\/\" \/>\n<meta property=\"og:site_name\" content=\"Casino Bonus Radar IT\" \/>\n<meta property=\"article:modified_time\" content=\"2019-03-28T06:55:42+00:00\" \/>\n<meta property=\"og:image\" content=\"https:\/\/www.casinobonusradar.com\/wp-content\/uploads\/sites\/4\/2018\/11\/paypal.jpg\" \/>\n\t<meta property=\"og:image:width\" content=\"1339\" \/>\n\t<meta property=\"og:image:height\" content=\"501\" \/>\n\t<meta property=\"og:image:type\" content=\"image\/jpeg\" \/>\n<meta name=\"twitter:card\" content=\"summary_large_image\" \/>\n<meta name=\"twitter:label1\" content=\"Est. reading time\" \/>\n\t<meta name=\"twitter:data1\" content=\"5 minutes\" \/>\n<script type=\"application\/ld+json\" class=\"yoast-schema-graph\">{\"@context\":\"https:\/\/schema.org\",\"@graph\":[{\"@type\":\"WebPage\",\"@id\":\"https:\/\/www.casinobonusradar.com\/it\/pagamento-con-paypal-nei-casino-online\/\",\"url\":\"https:\/\/www.casinobonusradar.com\/it\/pagamento-con-paypal-nei-casino-online\/\",\"name\":\"Pagamento con Paypal nei Casin\u00f2 online | Casino Bonus Radar IT\",\"isPartOf\":{\"@id\":\"https:\/\/www.casinobonusradar.com\/it\/#website\"},\"datePublished\":\"2018-07-03T08:37:59+00:00\",\"dateModified\":\"2019-03-28T06:55:42+00:00\",\"description\":\"Scopri come effettuare un pagamento con Paypal nei casin\u00f2 online. Tutto ci\u00f2 che c'\u00e8 da sapere su Paypal l'e-wallet numero uno in assoluto per i pagamenti nei Casin\u00f2 online. Leggi la nostra guida ai metodi di pagamento.\",\"breadcrumb\":{\"@id\":\"https:\/\/www.casinobonusradar.com\/it\/pagamento-con-paypal-nei-casino-online\/#breadcrumb\"},\"inLanguage\":\"it-IT\",\"potentialAction\":[{\"@type\":\"ReadAction\",\"target\":[\"https:\/\/www.casinobonusradar.com\/it\/pagamento-con-paypal-nei-casino-online\/\"]}]},{\"@type\":\"BreadcrumbList\",\"@id\":\"https:\/\/www.casinobonusradar.com\/it\/pagamento-con-paypal-nei-casino-online\/#breadcrumb\",\"itemListElement\":[{\"@type\":\"ListItem\",\"position\":1,\"name\":\"Home\",\"item\":\"https:\/\/www.casinobonusradar.com\/it\/\"},{\"@type\":\"ListItem\",\"position\":2,\"name\":\"Pagamento con Paypal nei Casin\u00f2 online\"}]},{\"@type\":\"WebSite\",\"@id\":\"https:\/\/www.casinobonusradar.com\/it\/#website\",\"url\":\"https:\/\/www.casinobonusradar.com\/it\/\",\"name\":\"Casino Bonus Radar IT\",\"description\":\"\",\"potentialAction\":[{\"@type\":\"SearchAction\",\"target\":{\"@type\":\"EntryPoint\",\"urlTemplate\":\"https:\/\/www.casinobonusradar.com\/it\/?s={search_term_string}\"},\"query-input\":\"required name=search_term_string\"}],\"inLanguage\":\"it-IT\"}]}<\/script>\n<!-- \/ Yoast SEO plugin. -->","yoast_head_json":{"title":"Pagamento con Paypal nei Casin\u00f2 online | Casino Bonus Radar IT","description":"Scopri come effettuare un pagamento con Paypal nei casin\u00f2 online. Tutto ci\u00f2 che c'\u00e8 da sapere su Paypal l'e-wallet numero uno in assoluto per i pagamenti nei Casin\u00f2 online. Leggi la nostra guida ai metodi di pagamento.","robots":{"index":"index","follow":"follow","max-snippet":"max-snippet:-1","max-image-preview":"max-image-preview:large","max-video-preview":"max-video-preview:-1"},"canonical":"https:\/\/www.casinobonusradar.com\/it\/pagamento-con-paypal-nei-casino-online\/","og_locale":"it_IT","og_type":"article","og_title":"Pagamento con Paypal nei Casin\u00f2 online | Casino Bonus Radar IT","og_description":"Scopri come effettuare un pagamento con Paypal nei casin\u00f2 online. Tutto ci\u00f2 che c'\u00e8 da sapere su Paypal l'e-wallet numero uno in assoluto per i pagamenti nei Casin\u00f2 online. Leggi la nostra guida ai metodi di pagamento.","og_url":"https:\/\/www.casinobonusradar.com\/it\/pagamento-con-paypal-nei-casino-online\/","og_site_name":"Casino Bonus Radar IT","article_modified_time":"2019-03-28T06:55:42+00:00","og_image":[{"width":1339,"height":501,"url":"https:\/\/www.casinobonusradar.com\/wp-content\/uploads\/sites\/4\/2018\/11\/paypal.jpg","type":"image\/jpeg"}],"twitter_card":"summary_large_image","twitter_misc":{"Est. reading time":"5 minutes"},"schema":{"@context":"https:\/\/schema.org","@graph":[{"@type":"WebPage","@id":"https:\/\/www.casinobonusradar.com\/it\/pagamento-con-paypal-nei-casino-online\/","url":"https:\/\/www.casinobonusradar.com\/it\/pagamento-con-paypal-nei-casino-online\/","name":"Pagamento con Paypal nei Casin\u00f2 online | Casino Bonus Radar IT","isPartOf":{"@id":"https:\/\/www.casinobonusradar.com\/it\/#website"},"datePublished":"2018-07-03T08:37:59+00:00","dateModified":"2019-03-28T06:55:42+00:00","description":"Scopri come effettuare un pagamento con Paypal nei casin\u00f2 online. Tutto ci\u00f2 che c'\u00e8 da sapere su Paypal l'e-wallet numero uno in assoluto per i pagamenti nei Casin\u00f2 online. Leggi la nostra guida ai metodi di pagamento.","breadcrumb":{"@id":"https:\/\/www.casinobonusradar.com\/it\/pagamento-con-paypal-nei-casino-online\/#breadcrumb"},"inLanguage":"it-IT","potentialAction":[{"@type":"ReadAction","target":["https:\/\/www.casinobonusradar.com\/it\/pagamento-con-paypal-nei-casino-online\/"]}]},{"@type":"BreadcrumbList","@id":"https:\/\/www.casinobonusradar.com\/it\/pagamento-con-paypal-nei-casino-online\/#breadcrumb","itemListElement":[{"@type":"ListItem","position":1,"name":"Home","item":"https:\/\/www.casinobonusradar.com\/it\/"},{"@type":"ListItem","position":2,"name":"Pagamento con Paypal nei Casin\u00f2 online"}]},{"@type":"WebSite","@id":"https:\/\/www.casinobonusradar.com\/it\/#website","url":"https:\/\/www.casinobonusradar.com\/it\/","name":"Casino Bonus Radar IT","description":"","potentialAction":[{"@type":"SearchAction","target":{"@type":"EntryPoint","urlTemplate":"https:\/\/www.casinobonusradar.com\/it\/?s={search_term_string}"},"query-input":"required name=search_term_string"}],"inLanguage":"it-IT"}]}},"_links":{"self":[{"href":"https:\/\/www.casinobonusradar.com\/it\/wp-json\/wp\/v2\/pages\/679"}],"collection":[{"href":"https:\/\/www.casinobonusradar.com\/it\/wp-json\/wp\/v2\/pages"}],"about":[{"href":"https:\/\/www.casinobonusradar.com\/it\/wp-json\/wp\/v2\/types\/page"}],"author":[{"embeddable":true,"href":"https:\/\/www.casinobonusradar.com\/it\/wp-json\/wp\/v2\/users\/4"}],"replies":[{"embeddable":true,"href":"https:\/\/www.casinobonusradar.com\/it\/wp-json\/wp\/v2\/comments?post=679"}],"version-history":[{"count":9,"href":"https:\/\/www.casinobonusradar.com\/it\/wp-json\/wp\/v2\/pages\/679\/revisions"}],"predecessor-version":[{"id":16100,"href":"https:\/\/www.casinobonusradar.com\/it\/wp-json\/wp\/v2\/pages\/679\/revisions\/16100"}],"wp:featuredmedia":[{"embeddable":true,"href":"https:\/\/www.casinobonusradar.com\/it\/wp-json\/wp\/v2\/media\/15652"}],"wp:attachment":[{"href":"https:\/\/www.casinobonusradar.com\/it\/wp-json\/wp\/v2\/media?parent=679"}],"wp:term":[{"taxonomy":"category","embeddable":true,"href":"https:\/\/www.casinobonusradar.com\/it\/wp-json\/wp\/v2\/categories?post=679"},{"taxonomy":"post_tag","embeddable":true,"href":"https:\/\/www.casinobonusradar.com\/it\/wp-json\/wp\/v2\/tags?post=679"}],"curies":[{"name":"wp","href":"https:\/\/api.w.org\/{rel}","templated":true}]}}