{"id":676,"date":"2018-07-03T08:28:15","date_gmt":"2018-07-03T08:28:15","guid":{"rendered":"https:\/\/www.casinobonusradar.com\/it\/?page_id=676"},"modified":"2019-03-28T06:57:58","modified_gmt":"2019-03-28T06:57:58","slug":"pagamento-con-neteller-nei-casino-online","status":"publish","type":"page","link":"https:\/\/www.casinobonusradar.com\/it\/pagamento-con-neteller-nei-casino-online\/","title":{"rendered":"Pagamento con Neteller nei Casin\u00f2 online"},"content":{"rendered":"<p>Hai gi\u00e0 sentito parlare di Neteller ma non sai esattamente di cosa si tratta? Te lo spieghiamo noi in questa recensione! Il Pagamento con Neteller \u00e8 molto utilizzato per <a href=\"https:\/\/www.neteller.com\/it\">prelievi e depositi nel mondo delle scommesse e dei casin\u00f2 online<\/a>.<\/p>\n<div id=\"tablepress-general\" class=\"no-next-prev-button\">\n<table id=\"tablepress-8\" class=\"tablepress tablepress-id-8 bonus-table show3-hideall-general close\">\n<thead>\n<tr class=\"row-1 odd\">\n\t<th class=\"column-1\">&nbsp;<\/th><th class=\"column-2\">Casin\u00f2<\/th><th class=\"column-3\">Bonus<\/th><th class=\"column-4\">Punteggio<\/th><th class=\"column-5\">Ottieni il bonus<\/th>\n<\/tr>\n<\/thead>\n<tbody class=\"row-hover\">\n<tr class=\"row-2 even\">\n\t<td class=\"column-1\"><\/td><td class=\"column-2\"><a target=\"_blank\" href=\"https:\/\/www.casinobonusradar.com\/it\/goto\/starcasino\/\" rel=\"noopener noreferrer\"><img src=\"https:\/\/www.casinobonusradar.com\/it\/wp-content\/uploads\/sites\/4\/2018\/05\/starcasino_bg-1.jpg\" alt=\"\" width=\"250\" height=\"150\" class=\"alignleft size-full wp-image-236\" \/><\/a><\/td><td class=\"column-3\">100 giri gratis senza deposito + bonus fino a 1000\u20ac<\/td><td class=\"column-4\">90%<br \/>\n<a href=\"https:\/\/www.casinobonusradar.com\/it\/online-casino\/starcasino-casino\/\">Info<\/a><\/td><td class=\"column-5\"><a class=\"big-button bigblue\" href=\"\/it\/goto\/starcasino\" target=\"_blank\" rel=\"noopener noreferrer\">Richiedi il Bonus<\/a><\/td>\n<\/tr>\n<tr class=\"row-3 odd\">\n\t<td class=\"column-1\"><\/td><td class=\"column-2\"><a target=\"_blank\" href=\"https:\/\/www.casinobonusradar.com\/it\/goto\/888casino\" rel=\"noopener noreferrer\"><img src=\"https:\/\/www.casinobonusradar.com\/it\/wp-content\/uploads\/sites\/4\/2018\/04\/888casino_bg.jpg\" alt=\"\" width=\"250\" height=\"150\" class=\"alignleft size-full wp-image-64\" \/><\/a><\/td><td class=\"column-3\">125% fino a 500 + 88 giri gratis<\/td><td class=\"column-4\">89%<br \/>\n<a href=\"https:\/\/www.casinobonusradar.com\/it\/online-casino\/888-casino\/\">Info<\/a><\/td><td class=\"column-5\"><a class=\"big-button bigblue\" href=\"\/it\/goto\/888casino\" target=\"_blank\" rel=\"noopener noreferrer\">Richiedi il Bonus<\/a><\/td>\n<\/tr>\n<tr class=\"row-4 even\">\n\t<td class=\"column-1\"><\/td><td class=\"column-2\"><a target=\"_blank\" href=\"https:\/\/www.casinobonusradar.com\/it\/goto\/netbet\" rel=\"noopener noreferrer\"><img src=\"https:\/\/www.casinobonusradar.com\/it\/wp-content\/uploads\/sites\/4\/2018\/05\/netbet_bg.jpg\" alt=\"\" width=\"250\" height=\"150\" class=\"alignleft size-full wp-image-150\" \/><\/a><\/td><td class=\"column-3\">100% fino a 600\u20ac + 50 girigratis senza deposito <br\/>+ 100 girigratis alla convalida del conto<\/td><td class=\"column-4\">87%<br \/>\n<a href=\"https:\/\/www.casinobonusradar.com\/it\/online-casino\/netbet-casino\/\">Info<\/a><\/td><td class=\"column-5\"><a class=\"big-button bigblue\" href=\"\/it\/goto\/netbet\" target=\"_blank\" rel=\"noopener noreferrer\">Richiedi il Bonus<\/a><\/td>\n<\/tr>\n<tr class=\"row-5 odd\">\n\t<td class=\"column-1\"><\/td><td class=\"column-2\"><a target=\"_blank\" href=\"https:\/\/www.casinobonusradar.com\/it\/goto\/leovegas\" rel=\"noopener noreferrer\"><img src=\"https:\/\/www.casinobonusradar.com\/it\/wp-content\/uploads\/sites\/4\/2018\/07\/leovegas_bg.jpg\" alt=\"\" width=\"250\" height=\"150\" class=\"alignleft size-full wp-image-623\" \/><\/a><\/td><td class=\"column-3\">Bonus fino a 1000\u20ac + 70 giri gratis<\/td><td class=\"column-4\">86%<br \/>\n<a href=\"\/it\/leovegas-casino\/\">Info<\/a><\/td><td class=\"column-5\"><a class=\"big-button bigblue\" href=\"\/it\/goto\/leovegas\" target=\"_blank\" rel=\"noopener noreferrer\">Informazioni <\/a><\/td>\n<\/tr>\n<tr class=\"row-6 even\">\n\t<td class=\"column-1\"><\/td><td class=\"column-2\"><a target=\"_blank\" href=\"https:\/\/www.casinobonusradar.com\/it\/goto\/casino.com\" rel=\"noopener noreferrer\"><img src=\"https:\/\/www.casinobonusradar.com\/it\/wp-content\/uploads\/sites\/4\/2018\/05\/casinocom_bg.jpg\" alt=\"\" width=\"250\" height=\"150\" class=\"alignleft size-full wp-image-168\" \/><\/a><\/td><td class=\"column-3\">100% fino a 500\u20ac + 10\u20ac senza deposito <\/td><td class=\"column-4\">85%<br \/>\n<a href=\"https:\/\/www.casinobonusradar.com\/it\/online-casino\/casino-com-casino\/\">Info<\/a><\/td><td class=\"column-5\"><a class=\"big-button bigblue\" href=\"\/it\/goto\/casino.com\" target=\"_blank\" rel=\"noopener noreferrer\">Richiedi il Bonus<\/a><\/td>\n<\/tr>\n<tr class=\"row-7 odd\">\n\t<td class=\"column-1\"><\/td><td class=\"column-2\"><a target=\"_blank\" href=\"https:\/\/www.casinobonusradar.com\/it\/goto\/snai\" rel=\"noopener noreferrer\"><img src=\"https:\/\/www.casinobonusradar.com\/it\/wp-content\/uploads\/sites\/4\/2018\/05\/snai_bg.jpg\" alt=\"\" width=\"250\" height=\"150\" class=\"alignleft size-full wp-image-140\" \/><\/a><\/td><td class=\"column-3\">100% fino a 1000\u20ac + 15\u20ac senza deposito <\/td><td class=\"column-4\">84%<br \/>\n<a href=\"https:\/\/www.casinobonusradar.com\/it\/online-casino\/snai-casino\/\">Info<\/a><\/td><td class=\"column-5\"><a class=\"big-button bigblue\" href=\"\/it\/goto\/snai\" target=\"_blank\" rel=\"noopener noreferrer\">Richiedi il Bonus<\/a><\/td>\n<\/tr>\n<tr class=\"row-8 even\">\n\t<td class=\"column-1\"><\/td><td class=\"column-2\"><a target=\"_blank\" href=\"https:\/\/www.casinobonusradar.com\/it\/goto\/eurobet\" rel=\"noopener noreferrer\"><img src=\"https:\/\/www.casinobonusradar.com\/it\/wp-content\/uploads\/sites\/4\/2018\/04\/eurobet_bg.jpg\" alt=\"\" width=\"250\" height=\"150\" class=\"alignleft size-full wp-image-103\" \/><\/a><\/td><td class=\"column-3\">fino a 1000\u20ac <\/td><td class=\"column-4\">82%<br \/>\n<a href=\"https:\/\/www.casinobonusradar.com\/it\/online-casino\/eurobet-casino\/\">Info<\/a><\/td><td class=\"column-5\"><a class=\"big-button bigblue\" href=\"\/it\/goto\/eurobet\" target=\"_blank\" rel=\"noopener noreferrer\">Richiedi il Bonus<\/a><\/td>\n<\/tr>\n<\/tbody>\n<\/table>\n<!-- #tablepress-8 from cache --><\/p>\n<div class=\"show-more-general more\"><\/div>\n<\/div>\n<p>Conosciuto principalmente all\u2019estero, si pu\u00f2 considerare uno tra i servizi di portafogli elettronici pi\u00f9 specializzati nelle transazioni da e verso i casin\u00f2 che lo accettano. Nei paragrafi successivi ne andremo ad approfondire le sue caratteristiche principali: funzionalit\u00e0, affidabilit\u00e0 e servizi disponibili per i suoi iscritti.<\/p>\n<p><img decoding=\"async\" loading=\"lazy\" class=\"alignnone size-large wp-image-15657\" src=\"https:\/\/www.casinobonusradar.com\/it\/wp-content\/uploads\/sites\/4\/2018\/11\/neteller1-1024x462.jpg\" alt=\"\" width=\"1024\" height=\"462\" srcset=\"https:\/\/www.casinobonusradar.com\/wp-content\/uploads\/sites\/4\/2018\/11\/neteller1-1024x462.jpg 1024w, https:\/\/www.casinobonusradar.com\/wp-content\/uploads\/sites\/4\/2018\/11\/neteller1-300x135.jpg 300w, https:\/\/www.casinobonusradar.com\/wp-content\/uploads\/sites\/4\/2018\/11\/neteller1-768x347.jpg 768w, https:\/\/www.casinobonusradar.com\/wp-content\/uploads\/sites\/4\/2018\/11\/neteller1-1080x487.jpg 1080w, https:\/\/www.casinobonusradar.com\/wp-content\/uploads\/sites\/4\/2018\/11\/neteller1.jpg 1334w\" sizes=\"(max-width: 1024px) 100vw, 1024px\" \/><\/p>\n<div id=\"toc_container\" class=\"no_bullets\"><p class=\"toc_title\">Contents<\/p><ul class=\"toc_list\"><li><a href=\"#PANORAMICA\"><span class=\"toc_number toc_depth_1\">1<\/span> PANORAMICA<\/a><\/li><li><a href=\"#PAGAMENTO_CON_NETELLER_I_PRINCIPALI_VANTAGGI\"><span class=\"toc_number toc_depth_1\">2<\/span> PAGAMENTO CON NETELLER: I PRINCIPALI VANTAGGI<\/a><\/li><li><a href=\"#DEPOSITO_CON_NETELLER_NEI_CASINO_ONLINE\"><span class=\"toc_number toc_depth_1\">3<\/span> DEPOSITO CON NETELLER NEI CASINO ONLINE<\/a><\/li><li><a href=\"#PRELIEVO_CON_NETELLER_NEI_CASINO_ONLINE\"><span class=\"toc_number toc_depth_1\">4<\/span> PRELIEVO CON NETELLER NEI CASINO ONLINE<\/a><\/li><li><a href=\"#BONUS_Casino\"><span class=\"toc_number toc_depth_1\">5<\/span> BONUS Casin\u00f2<\/a><\/li><li><a href=\"#NETELLER_LA_SCELTA_MIGLIORE\"><span class=\"toc_number toc_depth_1\">6<\/span> NETELLER, LA SCELTA MIGLIORE!<\/a><\/li><\/ul><\/div>\n<h2><span id=\"PANORAMICA\">PANORAMICA<\/span><\/h2>\n<p><b>Che cos'\u00e8\u00a0Neteller e come nasce?<\/b><\/p>\n<p>Neteller \u00e8 stato fondato in Canada nel 1999 e si \u00e8 poi trasferito nell\u2019Isola di Man nel 2004. Questo sistema e-wallet ha iniziato ad occuparsi di siti per scommesse e casin\u00f2 online nel 2000. Originariamente, il mercato principale era quello statunitense ma successivamente il suo uso si \u00e8 esteso anche al resto del mondo.<\/p>\n<p>Tuttavia, pur essendo cresciuto negli ultimi anni il numero di bookmaker che accetta Neteller come metodo di deposito e prelievo, questa forma di pagamento non \u00e8 ancora molto utilizzata dai giocatori italiani.<\/p>\n<p>Neteller \u00e8 un sistema di pagamento semplice e vantaggioso. Esso offre ai suoi utenti diverse possibilit\u00e0 di trasferimento di denaro o di pagamento internazionale in poche mosse, anche solamente dal cellulare. \u00c8 esente da commissioni e offre un servizio di assistenza clienti eccellente (24 ore su 24).<\/p>\n<p>\u00c8 disponibile in 15 lingue e ha a disposizione ben 26 tra le principali valute.<\/p>\n<p><strong>Come funziona Neteller nei casin\u00f2 online?<\/strong><\/p>\n<p>Il giocatore, dopo essersi <strong><span style=\"color: #00ff00;\"><a style=\"color: #00ff00;\" href=\"https:\/\/member.neteller.com\/signUp\/?lang=it\">registrato gratuitamente<\/a><\/span><\/strong> sulla piattaforma Neteller e aver aperto quindi un conto online, sar\u00e0 in possesso di tre credenziali: l\u2019ID del conto, la password e il codice di sicurezza.<\/p>\n<p>Se lo si desidera, \u00e8 possibile inoltre, a seguito di un deposito di denaro iniziale, richiedere la carta prepagata Net+ appartenente al circuito Mastercard che \u00e8 utilizzabile in tutti i casin\u00f2 con Neteller.<\/p>\n<p>Per procedere con un deposito o con un prelievo da un account di gioco si pu\u00f2 procedere nel seguente modo:<\/p>\n<ul>\n<li>Recarsi nella sezione \u201cVersamenti\u201d, \u201cPrelievi\u201d o \u201cCassa\u201d del bookmaker;<\/li>\n<li>Selezionare \u201cNeteller\u201d come forma di pagamento;<\/li>\n<li>Inserire il codice del conto o l\u2019indirizzo email ad esso associato e l\u2019importo da depositare o prelevare;<\/li>\n<li>Autorizzare la transazione inserendo il proprio codice di sicurezza.<\/li>\n<\/ul>\n<h2><span id=\"PAGAMENTO_CON_NETELLER_I_PRINCIPALI_VANTAGGI\">PAGAMENTO CON NETELLER: I PRINCIPALI VANTAGGI<\/span><\/h2>\n<p>I principali benefici dell\u2019uso di Neteller nei casin\u00f2 online sono due: sicurezza e affidabilit\u00e0. Neteller infatti, grazie al suo sistema antifrode continuo 7 giorni su 7 rende i pagamenti online ancora pi\u00f9 sicuri, anche laddove le carte di credito o debito potrebbero fallire.<\/p>\n<p>Inoltre, essendo un\u2019azienda autorizzata dall\u2019ente britannico Financial Conduct Authority (FCA) conserva pi\u00f9 del 100% dei fondi presenti nel vostro conto in conti fiduciari, permettendovi una liquidit\u00e0 sempre disponibile.<\/p>\n<p>Sul piano sicurezza, Neteller sfrutta il sistema SSL e quello di criptaggio a 128 bit per la protezione dei dati personali, cos\u00ec come offre un\u2019opzione di doppia autentificazione (ossia manda un codice sul vostro cellulare da inserire successivamente insieme alla password e all\u2019email).<\/p>\n<p>Neteller \u00e8 accessibile sia da PC che da dispositivo mobile e questo permette di visionare con estrema facilit\u00e0 l\u2019intera cronologia delle vostre transazioni.<\/p>\n<p>Un ulteriore vantaggio \u00e8 la sua praticit\u00e0 in quanto \u00e8 accettato dalla stragrande maggioranza dei casin\u00f2 in rete.<\/p>\n<p><img decoding=\"async\" loading=\"lazy\" class=\"alignnone size-large wp-image-15658\" src=\"https:\/\/www.casinobonusradar.com\/it\/wp-content\/uploads\/sites\/4\/2018\/11\/neteller2-1024x464.jpg\" alt=\"\" width=\"1024\" height=\"464\" srcset=\"https:\/\/www.casinobonusradar.com\/wp-content\/uploads\/sites\/4\/2018\/11\/neteller2-1024x464.jpg 1024w, https:\/\/www.casinobonusradar.com\/wp-content\/uploads\/sites\/4\/2018\/11\/neteller2-300x136.jpg 300w, https:\/\/www.casinobonusradar.com\/wp-content\/uploads\/sites\/4\/2018\/11\/neteller2-768x348.jpg 768w, https:\/\/www.casinobonusradar.com\/wp-content\/uploads\/sites\/4\/2018\/11\/neteller2-1080x490.jpg 1080w, https:\/\/www.casinobonusradar.com\/wp-content\/uploads\/sites\/4\/2018\/11\/neteller2.jpg 1341w\" sizes=\"(max-width: 1024px) 100vw, 1024px\" \/><\/p>\n<h2><span id=\"DEPOSITO_CON_NETELLER_NEI_CASINO_ONLINE\">DEPOSITO CON NETELLER NEI CASINO ONLINE<\/span><\/h2>\n<p>Oggi tutti i migliori casin\u00f2 di gioco in rete accettano il pagamento con Neteller.<\/p>\n<p>Per quanto riguarda le commissioni di deposito, esse possono variare da bookmaker a bookmaker. Nella maggior parte dei casi, Neteller rappresenta un metodo di deposito gratuito, perch\u00e9 generalmente non vengono mai addebitati i depositi effettuati con Mastercard, tuttavia, alcuni casin\u00f2 potrebbero applicare dei costi.<\/p>\n<p>Circa le tempistiche invece, i depositi via Neteller sono generalmente istantanei e dovrebbero comparire immediatamente nell\u2019account di gioco dell\u2019utente.<\/p>\n<p>Alcuni bookmaker prevedono addirittura Neteller come metodo di pagamento preferito e offrono un premio ai giocatori con crediti extra quando lo utilizzano. Consideriamo ad esempio i giri gratis regalati come premio di registrazione al primo deposito: <a href=\"https:\/\/www.casinobonusradar.com\/it\/giri-gratis-senza-deposito\/\">https:\/\/www.casinobonusradar.com\/it\/giri-gratis-senza-deposito\/<\/a><\/p>\n<h2><span id=\"PRELIEVO_CON_NETELLER_NEI_CASINO_ONLINE\"><strong>PRELIEVO CON NETELLER NEI CASINO ONLINE<\/strong><\/span><\/h2>\n<p>In un casin\u00f2 online con Neteller, le vincite possono essere riscosse effettuando il login al proprio account di gioco, inserendo la richiesta di prelievo e scegliendo appunto Neteller come metodo di riscossione.<\/p>\n<p>Il denaro della vincita sar\u00e0 trasferito cos\u00ec nell\u2019account Neteller e il giocatore a sua volta sceglier\u00e0 poi di versarlo nella sua carta o nel suo conto bancario collegati all\u2019account o di spenderlo presso qualunque negozio online che accetti Neteller come forma di pagamento.<\/p>\n<p>Per quanto riguarda le somme minime e massime di prelievo consentite, queste cifre sono stabilite esclusivamente dal bookmaker e pertanto si consiglia sempre l\u2019utente di informarsi anticipatamente leggendo attentamente il regolamento sul sito scommesse in cui si vuole iniziare a giocare.<\/p>\n<p>I bookmaker possono inoltre applicare dei costi di prelievo.<\/p>\n<p>Sul piano delle tempistiche, i casin\u00f2 online hanno tutti generalmente tempi di prelievo simili che vanno dai 3 ai 5 giorni di attesa.<\/p>\n<h2><span id=\"BONUS_Casino\">BONUS Casin\u00f2<\/span><\/h2>\n<p>Sia che si decida di iniziare a giocare aprendo un account di gioco tramite Neteller, sia che lo si apra attraverso un altro mezzo di pagamento, non bisogna mai dimenticarsi dei numerosi benefici e bonus che i siti di scommesse online mettono a disposizione del giocatore, siano essi bonus casino, bonus di benvenuto, free spins ecc.<\/p>\n<p>Ricordiamo di seguito i principali bonus casin\u00f2 2018:<\/p>\n<h2><span id=\"NETELLER_LA_SCELTA_MIGLIORE\"><strong>NETELLER, LA SCELTA MIGLIORE!<\/strong><\/span><\/h2>\n<p>Siete gi\u00e0 corsi ad aprire il vostro conto online Neteller? Se non lo avete ancora fatto vi consigliamo di provvedere al pi\u00f9 presto (anche perch\u00e9 come abbiamo gi\u00e0 detto sopra \u00e8 completamente gratuito, senza nemmeno le spese annuali!) per iniziare a giocare in modo pratico, facile, veloce e pi\u00f9 di ogni altra cosa, sicuro!<\/p>\n<p>Non dimenticate poi dei i vantaggi di cui potrete beneficiare in un casin\u00f2 Neteller, a partire dai bonus casin\u00f2 e le promozioni in palio, fino ad arrivare alle raccolte punti specifiche per gli utenti Neteller.<\/p>\n<p>Quindi, nonostante esso non sia l\u2019unico conto e metodo di pagamento online \u00e8 chiaramente da considerarsi uno dei migliori, che vale sicuramente la pena sperimentare!<\/p>\n<p><strong>Il migliore Bonus Benvenuto:\u00a0<\/strong><\/p>\n\n        <div class=\"bonusoffer_wrap\">                        \n            <div class=\"bonusoffer_main_text\"><span> 20\u20ac bonus senza deposito + Bonus fino a 1000\u20ac <\/span><div class=\"et_pb_button_module_wrapper et_pb_module et_pb_button_alignment_center\"><a class=\"et_pb_button et_pb_custom_button_icon et_pb_button_1 et_pb_module et_pb_bg_layout_dark\" href=\"https:\/\/www.casinobonusradar.com\/it\/goto\/starcasino\" target=\"_blank\" data-icon=\"=\">Ottieni il bonus<\/a><\/div>\n        <\/div><\/div>\n        <div class=\"clear\"><\/div>        \n  \n","protected":false},"excerpt":{"rendered":"<p>Hai gi\u00e0 sentito parlare di Neteller ma non sai esattamente di cosa si tratta? Te lo spieghiamo noi in questa recensione! Il Pagamento con Neteller \u00e8 molto utilizzato per prelievi e depositi nel mondo delle scommesse e dei casin\u00f2 online. Conosciuto principalmente all\u2019estero, si pu\u00f2 considerare uno tra i servizi di portafogli elettronici pi\u00f9 specializzati [&hellip;]<\/p>\n","protected":false},"author":4,"featured_media":15658,"parent":0,"menu_order":0,"comment_status":"closed","ping_status":"closed","template":"","meta":[],"categories":[9],"tags":[],"yoast_head":"<!-- This site is optimized with the Yoast SEO plugin v19.10 - https:\/\/yoast.com\/wordpress\/plugins\/seo\/ -->\n<title>Pagamento con Neteller nei Casin\u00f2 online | Casino Bonus Radar IT<\/title>\n<meta name=\"description\" content=\"Come effettuare un pagamento con Neteller nei casin\u00f2 online. Servizio di portafogli elettronico tra i pi\u00f9 specializzati nel mondo di scommesse e casin\u00f2.\" \/>\n<meta name=\"robots\" content=\"index, follow, max-snippet:-1, max-image-preview:large, max-video-preview:-1\" \/>\n<link rel=\"canonical\" href=\"https:\/\/www.casinobonusradar.com\/it\/pagamento-con-neteller-nei-casino-online\/\" \/>\n<meta property=\"og:locale\" content=\"it_IT\" \/>\n<meta property=\"og:type\" content=\"article\" \/>\n<meta property=\"og:title\" content=\"Pagamento con Neteller nei Casin\u00f2 online | Casino Bonus Radar IT\" \/>\n<meta property=\"og:description\" content=\"Come effettuare un pagamento con Neteller nei casin\u00f2 online. Servizio di portafogli elettronico tra i pi\u00f9 specializzati nel mondo di scommesse e casin\u00f2.\" \/>\n<meta property=\"og:url\" content=\"https:\/\/www.casinobonusradar.com\/it\/pagamento-con-neteller-nei-casino-online\/\" \/>\n<meta property=\"og:site_name\" content=\"Casino Bonus Radar IT\" \/>\n<meta property=\"article:modified_time\" content=\"2019-03-28T06:57:58+00:00\" \/>\n<meta property=\"og:image\" content=\"https:\/\/www.casinobonusradar.com\/wp-content\/uploads\/sites\/4\/2018\/11\/neteller2.jpg\" \/>\n\t<meta property=\"og:image:width\" content=\"1341\" \/>\n\t<meta property=\"og:image:height\" content=\"608\" \/>\n\t<meta property=\"og:image:type\" content=\"image\/jpeg\" \/>\n<meta name=\"twitter:card\" content=\"summary_large_image\" \/>\n<meta name=\"twitter:label1\" content=\"Est. reading time\" \/>\n\t<meta name=\"twitter:data1\" content=\"5 minutes\" \/>\n<script type=\"application\/ld+json\" class=\"yoast-schema-graph\">{\"@context\":\"https:\/\/schema.org\",\"@graph\":[{\"@type\":\"WebPage\",\"@id\":\"https:\/\/www.casinobonusradar.com\/it\/pagamento-con-neteller-nei-casino-online\/\",\"url\":\"https:\/\/www.casinobonusradar.com\/it\/pagamento-con-neteller-nei-casino-online\/\",\"name\":\"Pagamento con Neteller nei Casin\u00f2 online | Casino Bonus Radar IT\",\"isPartOf\":{\"@id\":\"https:\/\/www.casinobonusradar.com\/it\/#website\"},\"datePublished\":\"2018-07-03T08:28:15+00:00\",\"dateModified\":\"2019-03-28T06:57:58+00:00\",\"description\":\"Come effettuare un pagamento con Neteller nei casin\u00f2 online. Servizio di portafogli elettronico tra i pi\u00f9 specializzati nel mondo di scommesse e casin\u00f2.\",\"breadcrumb\":{\"@id\":\"https:\/\/www.casinobonusradar.com\/it\/pagamento-con-neteller-nei-casino-online\/#breadcrumb\"},\"inLanguage\":\"it-IT\",\"potentialAction\":[{\"@type\":\"ReadAction\",\"target\":[\"https:\/\/www.casinobonusradar.com\/it\/pagamento-con-neteller-nei-casino-online\/\"]}]},{\"@type\":\"BreadcrumbList\",\"@id\":\"https:\/\/www.casinobonusradar.com\/it\/pagamento-con-neteller-nei-casino-online\/#breadcrumb\",\"itemListElement\":[{\"@type\":\"ListItem\",\"position\":1,\"name\":\"Home\",\"item\":\"https:\/\/www.casinobonusradar.com\/it\/\"},{\"@type\":\"ListItem\",\"position\":2,\"name\":\"Pagamento con Neteller nei Casin\u00f2 online\"}]},{\"@type\":\"WebSite\",\"@id\":\"https:\/\/www.casinobonusradar.com\/it\/#website\",\"url\":\"https:\/\/www.casinobonusradar.com\/it\/\",\"name\":\"Casino Bonus Radar IT\",\"description\":\"\",\"potentialAction\":[{\"@type\":\"SearchAction\",\"target\":{\"@type\":\"EntryPoint\",\"urlTemplate\":\"https:\/\/www.casinobonusradar.com\/it\/?s={search_term_string}\"},\"query-input\":\"required name=search_term_string\"}],\"inLanguage\":\"it-IT\"}]}<\/script>\n<!-- \/ Yoast SEO plugin. -->","yoast_head_json":{"title":"Pagamento con Neteller nei Casin\u00f2 online | Casino Bonus Radar IT","description":"Come effettuare un pagamento con Neteller nei casin\u00f2 online. Servizio di portafogli elettronico tra i pi\u00f9 specializzati nel mondo di scommesse e casin\u00f2.","robots":{"index":"index","follow":"follow","max-snippet":"max-snippet:-1","max-image-preview":"max-image-preview:large","max-video-preview":"max-video-preview:-1"},"canonical":"https:\/\/www.casinobonusradar.com\/it\/pagamento-con-neteller-nei-casino-online\/","og_locale":"it_IT","og_type":"article","og_title":"Pagamento con Neteller nei Casin\u00f2 online | Casino Bonus Radar IT","og_description":"Come effettuare un pagamento con Neteller nei casin\u00f2 online. Servizio di portafogli elettronico tra i pi\u00f9 specializzati nel mondo di scommesse e casin\u00f2.","og_url":"https:\/\/www.casinobonusradar.com\/it\/pagamento-con-neteller-nei-casino-online\/","og_site_name":"Casino Bonus Radar IT","article_modified_time":"2019-03-28T06:57:58+00:00","og_image":[{"width":1341,"height":608,"url":"https:\/\/www.casinobonusradar.com\/wp-content\/uploads\/sites\/4\/2018\/11\/neteller2.jpg","type":"image\/jpeg"}],"twitter_card":"summary_large_image","twitter_misc":{"Est. reading time":"5 minutes"},"schema":{"@context":"https:\/\/schema.org","@graph":[{"@type":"WebPage","@id":"https:\/\/www.casinobonusradar.com\/it\/pagamento-con-neteller-nei-casino-online\/","url":"https:\/\/www.casinobonusradar.com\/it\/pagamento-con-neteller-nei-casino-online\/","name":"Pagamento con Neteller nei Casin\u00f2 online | Casino Bonus Radar IT","isPartOf":{"@id":"https:\/\/www.casinobonusradar.com\/it\/#website"},"datePublished":"2018-07-03T08:28:15+00:00","dateModified":"2019-03-28T06:57:58+00:00","description":"Come effettuare un pagamento con Neteller nei casin\u00f2 online. Servizio di portafogli elettronico tra i pi\u00f9 specializzati nel mondo di scommesse e casin\u00f2.","breadcrumb":{"@id":"https:\/\/www.casinobonusradar.com\/it\/pagamento-con-neteller-nei-casino-online\/#breadcrumb"},"inLanguage":"it-IT","potentialAction":[{"@type":"ReadAction","target":["https:\/\/www.casinobonusradar.com\/it\/pagamento-con-neteller-nei-casino-online\/"]}]},{"@type":"BreadcrumbList","@id":"https:\/\/www.casinobonusradar.com\/it\/pagamento-con-neteller-nei-casino-online\/#breadcrumb","itemListElement":[{"@type":"ListItem","position":1,"name":"Home","item":"https:\/\/www.casinobonusradar.com\/it\/"},{"@type":"ListItem","position":2,"name":"Pagamento con Neteller nei Casin\u00f2 online"}]},{"@type":"WebSite","@id":"https:\/\/www.casinobonusradar.com\/it\/#website","url":"https:\/\/www.casinobonusradar.com\/it\/","name":"Casino Bonus Radar IT","description":"","potentialAction":[{"@type":"SearchAction","target":{"@type":"EntryPoint","urlTemplate":"https:\/\/www.casinobonusradar.com\/it\/?s={search_term_string}"},"query-input":"required name=search_term_string"}],"inLanguage":"it-IT"}]}},"_links":{"self":[{"href":"https:\/\/www.casinobonusradar.com\/it\/wp-json\/wp\/v2\/pages\/676"}],"collection":[{"href":"https:\/\/www.casinobonusradar.com\/it\/wp-json\/wp\/v2\/pages"}],"about":[{"href":"https:\/\/www.casinobonusradar.com\/it\/wp-json\/wp\/v2\/types\/page"}],"author":[{"embeddable":true,"href":"https:\/\/www.casinobonusradar.com\/it\/wp-json\/wp\/v2\/users\/4"}],"replies":[{"embeddable":true,"href":"https:\/\/www.casinobonusradar.com\/it\/wp-json\/wp\/v2\/comments?post=676"}],"version-history":[{"count":5,"href":"https:\/\/www.casinobonusradar.com\/it\/wp-json\/wp\/v2\/pages\/676\/revisions"}],"predecessor-version":[{"id":16102,"href":"https:\/\/www.casinobonusradar.com\/it\/wp-json\/wp\/v2\/pages\/676\/revisions\/16102"}],"wp:featuredmedia":[{"embeddable":true,"href":"https:\/\/www.casinobonusradar.com\/it\/wp-json\/wp\/v2\/media\/15658"}],"wp:attachment":[{"href":"https:\/\/www.casinobonusradar.com\/it\/wp-json\/wp\/v2\/media?parent=676"}],"wp:term":[{"taxonomy":"category","embeddable":true,"href":"https:\/\/www.casinobonusradar.com\/it\/wp-json\/wp\/v2\/categories?post=676"},{"taxonomy":"post_tag","embeddable":true,"href":"https:\/\/www.casinobonusradar.com\/it\/wp-json\/wp\/v2\/tags?post=676"}],"curies":[{"name":"wp","href":"https:\/\/api.w.org\/{rel}","templated":true}]}}