{"id":672,"date":"2018-07-03T08:17:48","date_gmt":"2018-07-03T08:17:48","guid":{"rendered":"https:\/\/www.casinobonusradar.com\/it\/?page_id=672"},"modified":"2019-03-28T06:59:08","modified_gmt":"2019-03-28T06:59:08","slug":"pagamento-con-carta-di-credito-dei-casino-online","status":"publish","type":"page","link":"https:\/\/www.casinobonusradar.com\/it\/pagamento-con-carta-di-credito-dei-casino-online\/","title":{"rendered":"Pagamento con Carta di credito nei Casin\u00f2 online"},"content":{"rendered":"<p>L\u2019uso della carta di credito sta prendendo sempre pi\u00f9 piede nella quotidianit\u00e0 ed \u00e8 uno dei metodi di pagamento preferiti a livello internazionale, in tutti i settori e per tutti i servizi. Il mondo del gioco online non fa eccezione a riguardo.<\/p>\n<p>Infatti, il pagamento con carta di credito \u00e8 un metodo che oggi non necessita nemmeno di molte spiegazioni tra gli i giocatori di casin\u00f2 online pi\u00f9 esperti. Tuttavia, questa forma di pagamento pu\u00f2 creare diversi dubbi a coloro che invece sono ancora alle prime armi.<\/p>\n<div id=\"tablepress-general\" class=\"no-next-prev-button\">\n<table id=\"tablepress-8\" class=\"tablepress tablepress-id-8 bonus-table show3-hideall-general close\">\n<thead>\n<tr class=\"row-1 odd\">\n\t<th class=\"column-1\">&nbsp;<\/th><th class=\"column-2\">Casin\u00f2<\/th><th class=\"column-3\">Bonus<\/th><th class=\"column-4\">Punteggio<\/th><th class=\"column-5\">Ottieni il bonus<\/th>\n<\/tr>\n<\/thead>\n<tbody class=\"row-hover\">\n<tr class=\"row-2 even\">\n\t<td class=\"column-1\"><\/td><td class=\"column-2\"><a target=\"_blank\" href=\"https:\/\/www.casinobonusradar.com\/it\/goto\/starcasino\/\" rel=\"noopener noreferrer\"><img src=\"https:\/\/www.casinobonusradar.com\/it\/wp-content\/uploads\/sites\/4\/2018\/05\/starcasino_bg-1.jpg\" alt=\"\" width=\"250\" height=\"150\" class=\"alignleft size-full wp-image-236\" \/><\/a><\/td><td class=\"column-3\">100 giri gratis senza deposito + bonus fino a 1000\u20ac<\/td><td class=\"column-4\">90%<br \/>\n<a href=\"https:\/\/www.casinobonusradar.com\/it\/online-casino\/starcasino-casino\/\">Info<\/a><\/td><td class=\"column-5\"><a class=\"big-button bigblue\" href=\"\/it\/goto\/starcasino\" target=\"_blank\" rel=\"noopener noreferrer\">Richiedi il Bonus<\/a><\/td>\n<\/tr>\n<tr class=\"row-3 odd\">\n\t<td class=\"column-1\"><\/td><td class=\"column-2\"><a target=\"_blank\" href=\"https:\/\/www.casinobonusradar.com\/it\/goto\/888casino\" rel=\"noopener noreferrer\"><img src=\"https:\/\/www.casinobonusradar.com\/it\/wp-content\/uploads\/sites\/4\/2018\/04\/888casino_bg.jpg\" alt=\"\" width=\"250\" height=\"150\" class=\"alignleft size-full wp-image-64\" \/><\/a><\/td><td class=\"column-3\">125% fino a 500 + 88 giri gratis<\/td><td class=\"column-4\">89%<br \/>\n<a href=\"https:\/\/www.casinobonusradar.com\/it\/online-casino\/888-casino\/\">Info<\/a><\/td><td class=\"column-5\"><a class=\"big-button bigblue\" href=\"\/it\/goto\/888casino\" target=\"_blank\" rel=\"noopener noreferrer\">Richiedi il Bonus<\/a><\/td>\n<\/tr>\n<tr class=\"row-4 even\">\n\t<td class=\"column-1\"><\/td><td class=\"column-2\"><a target=\"_blank\" href=\"https:\/\/www.casinobonusradar.com\/it\/goto\/netbet\" rel=\"noopener noreferrer\"><img src=\"https:\/\/www.casinobonusradar.com\/it\/wp-content\/uploads\/sites\/4\/2018\/05\/netbet_bg.jpg\" alt=\"\" width=\"250\" height=\"150\" class=\"alignleft size-full wp-image-150\" \/><\/a><\/td><td class=\"column-3\">100% fino a 600\u20ac + 50 girigratis senza deposito <br\/>+ 100 girigratis alla convalida del conto<\/td><td class=\"column-4\">87%<br \/>\n<a href=\"https:\/\/www.casinobonusradar.com\/it\/online-casino\/netbet-casino\/\">Info<\/a><\/td><td class=\"column-5\"><a class=\"big-button bigblue\" href=\"\/it\/goto\/netbet\" target=\"_blank\" rel=\"noopener noreferrer\">Richiedi il Bonus<\/a><\/td>\n<\/tr>\n<tr class=\"row-5 odd\">\n\t<td class=\"column-1\"><\/td><td class=\"column-2\"><a target=\"_blank\" href=\"https:\/\/www.casinobonusradar.com\/it\/goto\/leovegas\" rel=\"noopener noreferrer\"><img src=\"https:\/\/www.casinobonusradar.com\/it\/wp-content\/uploads\/sites\/4\/2018\/07\/leovegas_bg.jpg\" alt=\"\" width=\"250\" height=\"150\" class=\"alignleft size-full wp-image-623\" \/><\/a><\/td><td class=\"column-3\">Bonus fino a 1000\u20ac + 70 giri gratis<\/td><td class=\"column-4\">86%<br \/>\n<a href=\"\/it\/leovegas-casino\/\">Info<\/a><\/td><td class=\"column-5\"><a class=\"big-button bigblue\" href=\"\/it\/goto\/leovegas\" target=\"_blank\" rel=\"noopener noreferrer\">Informazioni <\/a><\/td>\n<\/tr>\n<tr class=\"row-6 even\">\n\t<td class=\"column-1\"><\/td><td class=\"column-2\"><a target=\"_blank\" href=\"https:\/\/www.casinobonusradar.com\/it\/goto\/casino.com\" rel=\"noopener noreferrer\"><img src=\"https:\/\/www.casinobonusradar.com\/it\/wp-content\/uploads\/sites\/4\/2018\/05\/casinocom_bg.jpg\" alt=\"\" width=\"250\" height=\"150\" class=\"alignleft size-full wp-image-168\" \/><\/a><\/td><td class=\"column-3\">100% fino a 500\u20ac + 10\u20ac senza deposito <\/td><td class=\"column-4\">85%<br \/>\n<a href=\"https:\/\/www.casinobonusradar.com\/it\/online-casino\/casino-com-casino\/\">Info<\/a><\/td><td class=\"column-5\"><a class=\"big-button bigblue\" href=\"\/it\/goto\/casino.com\" target=\"_blank\" rel=\"noopener noreferrer\">Richiedi il Bonus<\/a><\/td>\n<\/tr>\n<tr class=\"row-7 odd\">\n\t<td class=\"column-1\"><\/td><td class=\"column-2\"><a target=\"_blank\" href=\"https:\/\/www.casinobonusradar.com\/it\/goto\/snai\" rel=\"noopener noreferrer\"><img src=\"https:\/\/www.casinobonusradar.com\/it\/wp-content\/uploads\/sites\/4\/2018\/05\/snai_bg.jpg\" alt=\"\" width=\"250\" height=\"150\" class=\"alignleft size-full wp-image-140\" \/><\/a><\/td><td class=\"column-3\">100% fino a 1000\u20ac + 15\u20ac senza deposito <\/td><td class=\"column-4\">84%<br \/>\n<a href=\"https:\/\/www.casinobonusradar.com\/it\/online-casino\/snai-casino\/\">Info<\/a><\/td><td class=\"column-5\"><a class=\"big-button bigblue\" href=\"\/it\/goto\/snai\" target=\"_blank\" rel=\"noopener noreferrer\">Richiedi il Bonus<\/a><\/td>\n<\/tr>\n<tr class=\"row-8 even\">\n\t<td class=\"column-1\"><\/td><td class=\"column-2\"><a target=\"_blank\" href=\"https:\/\/www.casinobonusradar.com\/it\/goto\/eurobet\" rel=\"noopener noreferrer\"><img src=\"https:\/\/www.casinobonusradar.com\/it\/wp-content\/uploads\/sites\/4\/2018\/04\/eurobet_bg.jpg\" alt=\"\" width=\"250\" height=\"150\" class=\"alignleft size-full wp-image-103\" \/><\/a><\/td><td class=\"column-3\">fino a 1000\u20ac <\/td><td class=\"column-4\">82%<br \/>\n<a href=\"https:\/\/www.casinobonusradar.com\/it\/online-casino\/eurobet-casino\/\">Info<\/a><\/td><td class=\"column-5\"><a class=\"big-button bigblue\" href=\"\/it\/goto\/eurobet\" target=\"_blank\" rel=\"noopener noreferrer\">Richiedi il Bonus<\/a><\/td>\n<\/tr>\n<\/tbody>\n<\/table>\n<!-- #tablepress-8 from cache --><\/p>\n<div class=\"show-more-general more\"><\/div>\n<\/div>\n<p>In questa recensione andremo a scoprire le principali caratteristiche delle carte di credito accettate dai casin\u00f2 online legali e metteremo in evidenza i principali vantaggi e svantaggi legati al loro uso.<\/p>\n<div id=\"toc_container\" class=\"no_bullets\"><p class=\"toc_title\">Contents<\/p><ul class=\"toc_list\"><li><a href=\"#PANORAMICA\"><span class=\"toc_number toc_depth_1\">1<\/span> PANORAMICA<\/a><\/li><li><a href=\"#CARTA_DI_CREDITO_VANTAGGI_E_SVANTAGGI\"><span class=\"toc_number toc_depth_1\">2<\/span> CARTA DI CREDITO: VANTAGGI E SVANTAGGI<\/a><\/li><li><a href=\"#IL_DEPOSITO_CON_CARTA_DI_CREDITO\"><span class=\"toc_number toc_depth_1\">3<\/span> IL DEPOSITO CON CARTA DI CREDITO<\/a><\/li><li><a href=\"#PAGAMENTO_DELLE_VINCITE_CON_CARTA_DI_CREDITO\"><span class=\"toc_number toc_depth_1\">4<\/span> PAGAMENTO DELLE VINCITE CON CARTA DI CREDITO<\/a><\/li><li><a href=\"#BONUS_Casino\"><span class=\"toc_number toc_depth_1\">5<\/span> BONUS Casin\u00f2<\/a><\/li><li><a href=\"#TIRIAMO_LE_SOMME\"><span class=\"toc_number toc_depth_1\">6<\/span> \u00a0TIRIAMO LE SOMME<\/a><\/li><\/ul><\/div>\n<h2><span id=\"PANORAMICA\"><strong>PANORAMICA<\/strong><\/span><\/h2>\n<p>Dal momento in cui la Bank of America in California sped\u00ec a sessantamila ignari cittadini una busta con all\u2019interno quello che oggi \u00e8 considerato il rettangolino di plastica pi\u00f9 famoso al mondo, l\u2019uso della carta di credito non ha visto il minimo arresto.<\/p>\n<p>In Italia tuttavia, rispetto al resto d\u2019Europa e del mondo, si \u00e8 ancora molto restii all\u2019utilizzo quotidiano della carta di credito e questa tendenza si riflette anche nel mondo del gioco online.<\/p>\n<p><strong>Quali carte di credito si possono utilizzare in un casin\u00f2 online?<\/strong><\/p>\n<p>Gli utenti che decidono di usare la carta di credito come il metodo per depositare e ritirare le vincite in un casin\u00f2 online possono scegliere tra le principali carte di credito in circolazione appartenenti a circuiti internazionali riconosciuti come <a href=\"https:\/\/www.visaitalia.com\/\">Visa<\/a>, <a href=\"https:\/\/www.mastercard.it\/it-it.html\">Mastercard<\/a>, <a href=\"https:\/\/www.americanexpress.com\/it\/\">American Express<\/a>, <a href=\"https:\/\/www.dinersclub.it\/\">Diners Club<\/a> e altri ancora.<\/p>\n<p><img decoding=\"async\" loading=\"lazy\" class=\"size-full wp-image-15662 aligncenter\" src=\"https:\/\/www.casinobonusradar.com\/it\/wp-content\/uploads\/sites\/4\/2018\/11\/carte.png\" alt=\"\" width=\"486\" height=\"224\" srcset=\"https:\/\/www.casinobonusradar.com\/wp-content\/uploads\/sites\/4\/2018\/11\/carte.png 486w, https:\/\/www.casinobonusradar.com\/wp-content\/uploads\/sites\/4\/2018\/11\/carte-300x138.png 300w\" sizes=\"(max-width: 486px) 100vw, 486px\" \/><\/p>\n<p>Tutte le carte di credito accettate dai casin\u00f2 AAMS italiani sono da considerarsi strumenti sicuri, veloci e facili da utilizzare.<\/p>\n<p>Ai casin\u00f2 piace particolarmente avere dei rapporti con maggiori societ\u00e0 come Visa e Mastercard in quanto queste hanno dei sistemi preventivi antifrode che consentono ai casin\u00f2 stessi di risparmiare problemi, tempo e denaro. Inoltre, le transazioni di deposito e prelievo effettuate con Visa e Mastercard sono tra le pi\u00f9 rapide.<\/p>\n<p>In Italia, tra le carte riconosciute vi \u00e8 anche la prepagata Postepay, appartenente al circuito Visa Electron e ricaricabile con denaro corrente in qualsiasi momento. Inoltre, non essendo Postpay e numero di conto corrente collegati all\u2019account di gioco, essa risulta essere un\u2019opzione ottima dal punto di vista della sicurezza.<\/p>\n<h2><span id=\"CARTA_DI_CREDITO_VANTAGGI_E_SVANTAGGI\">CARTA DI CREDITO: VANTAGGI E SVANTAGGI<\/span><\/h2>\n<p>Perch\u00e9 giocare in casin\u00f2 online con la carta di credito? Eccone spiegati i principali vantaggi:<\/p>\n<ul>\n<li><strong>Rapidit\u00e0: <\/strong>rispetto al pagamento con carta ricaricabile o bonifico bancario, i casin\u00f2 online con carta di credito sono molto rapidi. La ricarica del deposito con carta ricaricabile pu\u00f2 avvenire solo se \u00e8 presente del credito nella stessa, mentre la carta di credito collegata al conto bancario garantisce una certa liquidit\u00e0 in ogni occasione. Le operazioni di bonifico inoltre richiedono sempre qualche giorno, mentre i pagamenti con la carta di credito sono istantanei.<\/li>\n<li><strong>Costo: <\/strong>i casin\u00f2 che accettano carte di credito non hanno nessun costo imposto sul deposito e sulle vincite. Le spese riguardano solo i costi di gestione stabiliti dalla banca.<\/li>\n<li><strong>Monitoraggio, trasparenza e sicurezza:<\/strong> gli account registrati con carta di credito dispongono di una sezione particolare dove si trova lo storico di tutte le puntate, fattore questo davvero importante nel caso ipotetico in cui si dovessero riscontrare discrepanze tra transazioni. Inoltre, i software di gioco sono diventati sempre pi\u00f9 criptati e questo garantisce una maggior sicurezza al giocatore proteggendolo da frodi in rete.<\/li>\n<\/ul>\n<p><img decoding=\"async\" loading=\"lazy\" class=\"size-full wp-image-15663 aligncenter\" src=\"https:\/\/www.casinobonusradar.com\/it\/wp-content\/uploads\/sites\/4\/2018\/11\/carte1.jpg\" alt=\"\" width=\"665\" height=\"221\" srcset=\"https:\/\/www.casinobonusradar.com\/wp-content\/uploads\/sites\/4\/2018\/11\/carte1.jpg 665w, https:\/\/www.casinobonusradar.com\/wp-content\/uploads\/sites\/4\/2018\/11\/carte1-300x100.jpg 300w\" sizes=\"(max-width: 665px) 100vw, 665px\" \/><\/p>\n<p>Vi sono tuttavia anche alcuni svantaggi. Per esempio, uno dei problemi pi\u00f9 comuni \u00e8 la politica della banca e le sue regolamentazioni sulle transazioni relative al gioco online.<\/p>\n<p>A volte infatti, i trasferimenti di denaro non sono consentiti dalle normative di quel particolare Paese e pertanto il giocatore corre il rischio che i suoi depositi e\/o prelievi vengano rifiutati.<\/p>\n<p>Un ulteriore aspetto scomodo delle carte di credito \u00e8 quello riguardante la facilit\u00e0 nell\u2019abusarne. Infatti, la liquidit\u00e0 messa a disposizione dello scommettitore potrebbe fargli perdere il controllo del gioco e farlo andare oltre i propri mezzi.<\/p>\n<h2><span id=\"IL_DEPOSITO_CON_CARTA_DI_CREDITO\">IL DEPOSITO CON CARTA DI CREDITO<\/span><\/h2>\n<p>Iniziare a utilizzare la carta di credito in un casin\u00f2 online per effettuare un deposito \u00e8 davvero semplice. Ogni transazione richieder\u00e0 l\u2019inserimento dei seguenti dati: tipo di carta, numero, informazioni personali del titolare e il numero CVC di 3 cifre che si trova sul retro della carta stessa.<\/p>\n<p>Una volta ricevuta la conferma dell\u2019accettazione della carta, l\u2019operazione di trasferimento del denaro \u00e8 immediata e l\u2019utente pu\u00f2 iniziare subito a fare il proprio gioco all\u2019interno della piattaforma scelta.<\/p>\n<p><strong>Ci sono commissioni da pagare?<\/strong><\/p>\n<p>Generalmente i bookmaker non addebitano commissioni quando si deposita nell\u2019account di gioco.<\/p>\n<p>Al momento del primo deposito, i migliori casin\u00f2 online offrono spesso anche un bonus speciale come qui indicato: <a href=\"https:\/\/www.casinobonusradar.com\/it\/bonus-sul-primo-deposito\/\">https:\/\/www.casinobonusradar.com\/it\/bonus-sul-primo-deposito\/<\/a>.<\/p>\n<h2><span id=\"PAGAMENTO_DELLE_VINCITE_CON_CARTA_DI_CREDITO\">PAGAMENTO DELLE VINCITE CON CARTA DI CREDITO<\/span><\/h2>\n<p>Prima di prelevare una vincita \u00e8 importante conoscere le procedure necessarie per poter ritirare il denaro dal vostro conto di gioco.<\/p>\n<p>La maggior parte dei siti scommesse richiedono al momento del prelievo e dunque prima del pagamento, alcuni documenti di riconoscimento. Tale procedura garantisce ai siti scommesse la protezione da eventuali frodi. Inoltre, al momento del prelievo vi potrebbero anche essere delle spese che variano a seconda del bookmaker.<\/p>\n<h2><span id=\"BONUS_Casino\">BONUS Casin\u00f2<\/span><\/h2>\n<p>Lo sapevate che i depositi con carte sono spesso ricompensati dai casin\u00f2 online con bonus di ricarica? Siete al corrente degli accrediti iniziali immediati offerti dai siti scommesse come il casin\u00f2 <a href=\"https:\/\/www.casinobonusradar.com\/it\/bonus-senza-deposito\/\">bonus senza deposito<\/a> o il <a href=\"https:\/\/www.casinobonusradar.com\/it\/bonus-benvenuto\/\">bonus di benvenuto<\/a>?<\/p>\n<p>Ricordiamo di seguito i principali casin\u00f2 con i migliori bonus 2018:<\/p>\n<h2><span id=\"TIRIAMO_LE_SOMME\">\u00a0TIRIAMO LE SOMME<\/span><\/h2>\n<p>Possiamo dunque concludere la nostra recensione nel dire che il pagamento con la carta di credito e di debito \u00e8 ormai ampiamente accettato dalla maggior parte dei casin\u00f2 online legali in quanto si rivela un modo comodo, veloce, facile e alla portata di tutti.<\/p>\n<p>In aggiunta a ci\u00f2, grazie alla sua flessibilit\u00e0, trasparenza, importo di commissioni minime e costante possibilit\u00e0 di credito rispetto ad altre forme di pagamento, l\u2019uso della carta di credito nei casin\u00f2 online pu\u00f2 davvero essere considerato una delle migliori opzioni presenti sul mercato.<\/p>\n<p><strong>Il migliore Bonus Benvenuto:\u00a0<\/strong><\/p>\n<p>\n        <div class=\"bonusoffer_wrap\">                        \n            <div class=\"bonusoffer_main_text\"><span> 20\u20ac bonus senza deposito + Bonus fino a 1000\u20ac <\/span><div class=\"et_pb_button_module_wrapper et_pb_module et_pb_button_alignment_center\"><a class=\"et_pb_button et_pb_custom_button_icon et_pb_button_1 et_pb_module et_pb_bg_layout_dark\" href=\"https:\/\/www.casinobonusradar.com\/it\/goto\/starcasino\" target=\"_blank\" data-icon=\"=\">Ottieni il bonus<\/a><\/div>\n        <\/div><\/div>\n        <div class=\"clear\"><\/div>        \n  <strong>\u00a0<\/strong><\/p>\n","protected":false},"excerpt":{"rendered":"<p>L\u2019uso della carta di credito sta prendendo sempre pi\u00f9 piede nella quotidianit\u00e0 ed \u00e8 uno dei metodi di pagamento preferiti a livello internazionale, in tutti i settori e per tutti i servizi. Il mondo del gioco online non fa eccezione a riguardo. Infatti, il pagamento con carta di credito \u00e8 un metodo che oggi non [&hellip;]<\/p>\n","protected":false},"author":4,"featured_media":15663,"parent":0,"menu_order":0,"comment_status":"closed","ping_status":"closed","template":"","meta":[],"categories":[9],"tags":[],"yoast_head":"<!-- This site is optimized with the Yoast SEO plugin v19.10 - https:\/\/yoast.com\/wordpress\/plugins\/seo\/ -->\n<title>Pagamento con Carta di credito nei Casin\u00f2 online | Casino Bonus Radar IT<\/title>\n<meta name=\"description\" content=\"Scopri come effettuare un pagamento con Carta di credito nei casin\u00f2 online. Tutto ci\u00f2 che c&#039;\u00e8 da sapere sui pagamenti con carta, un metodo classico in Italia, molto spesso utilizzato nei Casin\u00f2 online. Leggi la nostra guida ai metodi di pagamento.\" \/>\n<meta name=\"robots\" content=\"index, follow, max-snippet:-1, max-image-preview:large, max-video-preview:-1\" \/>\n<link rel=\"canonical\" href=\"https:\/\/www.casinobonusradar.com\/it\/pagamento-con-carta-di-credito-dei-casino-online\/\" \/>\n<meta property=\"og:locale\" content=\"it_IT\" \/>\n<meta property=\"og:type\" content=\"article\" \/>\n<meta property=\"og:title\" content=\"Pagamento con Carta di credito nei Casin\u00f2 online | Casino Bonus Radar IT\" \/>\n<meta property=\"og:description\" content=\"Scopri come effettuare un pagamento con Carta di credito nei casin\u00f2 online. Tutto ci\u00f2 che c&#039;\u00e8 da sapere sui pagamenti con carta, un metodo classico in Italia, molto spesso utilizzato nei Casin\u00f2 online. Leggi la nostra guida ai metodi di pagamento.\" \/>\n<meta property=\"og:url\" content=\"https:\/\/www.casinobonusradar.com\/it\/pagamento-con-carta-di-credito-dei-casino-online\/\" \/>\n<meta property=\"og:site_name\" content=\"Casino Bonus Radar IT\" \/>\n<meta property=\"article:modified_time\" content=\"2019-03-28T06:59:08+00:00\" \/>\n<meta property=\"og:image\" content=\"https:\/\/www.casinobonusradar.com\/wp-content\/uploads\/sites\/4\/2018\/11\/carte1.jpg\" \/>\n\t<meta property=\"og:image:width\" content=\"665\" \/>\n\t<meta property=\"og:image:height\" content=\"221\" \/>\n\t<meta property=\"og:image:type\" content=\"image\/jpeg\" \/>\n<meta name=\"twitter:card\" content=\"summary_large_image\" \/>\n<meta name=\"twitter:label1\" content=\"Est. reading time\" \/>\n\t<meta name=\"twitter:data1\" content=\"5 minutes\" \/>\n<script type=\"application\/ld+json\" class=\"yoast-schema-graph\">{\"@context\":\"https:\/\/schema.org\",\"@graph\":[{\"@type\":\"WebPage\",\"@id\":\"https:\/\/www.casinobonusradar.com\/it\/pagamento-con-carta-di-credito-dei-casino-online\/\",\"url\":\"https:\/\/www.casinobonusradar.com\/it\/pagamento-con-carta-di-credito-dei-casino-online\/\",\"name\":\"Pagamento con Carta di credito nei Casin\u00f2 online | Casino Bonus Radar IT\",\"isPartOf\":{\"@id\":\"https:\/\/www.casinobonusradar.com\/it\/#website\"},\"datePublished\":\"2018-07-03T08:17:48+00:00\",\"dateModified\":\"2019-03-28T06:59:08+00:00\",\"description\":\"Scopri come effettuare un pagamento con Carta di credito nei casin\u00f2 online. Tutto ci\u00f2 che c'\u00e8 da sapere sui pagamenti con carta, un metodo classico in Italia, molto spesso utilizzato nei Casin\u00f2 online. Leggi la nostra guida ai metodi di pagamento.\",\"breadcrumb\":{\"@id\":\"https:\/\/www.casinobonusradar.com\/it\/pagamento-con-carta-di-credito-dei-casino-online\/#breadcrumb\"},\"inLanguage\":\"it-IT\",\"potentialAction\":[{\"@type\":\"ReadAction\",\"target\":[\"https:\/\/www.casinobonusradar.com\/it\/pagamento-con-carta-di-credito-dei-casino-online\/\"]}]},{\"@type\":\"BreadcrumbList\",\"@id\":\"https:\/\/www.casinobonusradar.com\/it\/pagamento-con-carta-di-credito-dei-casino-online\/#breadcrumb\",\"itemListElement\":[{\"@type\":\"ListItem\",\"position\":1,\"name\":\"Home\",\"item\":\"https:\/\/www.casinobonusradar.com\/it\/\"},{\"@type\":\"ListItem\",\"position\":2,\"name\":\"Pagamento con Carta di credito nei Casin\u00f2 online\"}]},{\"@type\":\"WebSite\",\"@id\":\"https:\/\/www.casinobonusradar.com\/it\/#website\",\"url\":\"https:\/\/www.casinobonusradar.com\/it\/\",\"name\":\"Casino Bonus Radar IT\",\"description\":\"\",\"potentialAction\":[{\"@type\":\"SearchAction\",\"target\":{\"@type\":\"EntryPoint\",\"urlTemplate\":\"https:\/\/www.casinobonusradar.com\/it\/?s={search_term_string}\"},\"query-input\":\"required name=search_term_string\"}],\"inLanguage\":\"it-IT\"}]}<\/script>\n<!-- \/ Yoast SEO plugin. -->","yoast_head_json":{"title":"Pagamento con Carta di credito nei Casin\u00f2 online | Casino Bonus Radar IT","description":"Scopri come effettuare un pagamento con Carta di credito nei casin\u00f2 online. Tutto ci\u00f2 che c'\u00e8 da sapere sui pagamenti con carta, un metodo classico in Italia, molto spesso utilizzato nei Casin\u00f2 online. Leggi la nostra guida ai metodi di pagamento.","robots":{"index":"index","follow":"follow","max-snippet":"max-snippet:-1","max-image-preview":"max-image-preview:large","max-video-preview":"max-video-preview:-1"},"canonical":"https:\/\/www.casinobonusradar.com\/it\/pagamento-con-carta-di-credito-dei-casino-online\/","og_locale":"it_IT","og_type":"article","og_title":"Pagamento con Carta di credito nei Casin\u00f2 online | Casino Bonus Radar IT","og_description":"Scopri come effettuare un pagamento con Carta di credito nei casin\u00f2 online. Tutto ci\u00f2 che c'\u00e8 da sapere sui pagamenti con carta, un metodo classico in Italia, molto spesso utilizzato nei Casin\u00f2 online. Leggi la nostra guida ai metodi di pagamento.","og_url":"https:\/\/www.casinobonusradar.com\/it\/pagamento-con-carta-di-credito-dei-casino-online\/","og_site_name":"Casino Bonus Radar IT","article_modified_time":"2019-03-28T06:59:08+00:00","og_image":[{"width":665,"height":221,"url":"https:\/\/www.casinobonusradar.com\/wp-content\/uploads\/sites\/4\/2018\/11\/carte1.jpg","type":"image\/jpeg"}],"twitter_card":"summary_large_image","twitter_misc":{"Est. reading time":"5 minutes"},"schema":{"@context":"https:\/\/schema.org","@graph":[{"@type":"WebPage","@id":"https:\/\/www.casinobonusradar.com\/it\/pagamento-con-carta-di-credito-dei-casino-online\/","url":"https:\/\/www.casinobonusradar.com\/it\/pagamento-con-carta-di-credito-dei-casino-online\/","name":"Pagamento con Carta di credito nei Casin\u00f2 online | Casino Bonus Radar IT","isPartOf":{"@id":"https:\/\/www.casinobonusradar.com\/it\/#website"},"datePublished":"2018-07-03T08:17:48+00:00","dateModified":"2019-03-28T06:59:08+00:00","description":"Scopri come effettuare un pagamento con Carta di credito nei casin\u00f2 online. Tutto ci\u00f2 che c'\u00e8 da sapere sui pagamenti con carta, un metodo classico in Italia, molto spesso utilizzato nei Casin\u00f2 online. Leggi la nostra guida ai metodi di pagamento.","breadcrumb":{"@id":"https:\/\/www.casinobonusradar.com\/it\/pagamento-con-carta-di-credito-dei-casino-online\/#breadcrumb"},"inLanguage":"it-IT","potentialAction":[{"@type":"ReadAction","target":["https:\/\/www.casinobonusradar.com\/it\/pagamento-con-carta-di-credito-dei-casino-online\/"]}]},{"@type":"BreadcrumbList","@id":"https:\/\/www.casinobonusradar.com\/it\/pagamento-con-carta-di-credito-dei-casino-online\/#breadcrumb","itemListElement":[{"@type":"ListItem","position":1,"name":"Home","item":"https:\/\/www.casinobonusradar.com\/it\/"},{"@type":"ListItem","position":2,"name":"Pagamento con Carta di credito nei Casin\u00f2 online"}]},{"@type":"WebSite","@id":"https:\/\/www.casinobonusradar.com\/it\/#website","url":"https:\/\/www.casinobonusradar.com\/it\/","name":"Casino Bonus Radar IT","description":"","potentialAction":[{"@type":"SearchAction","target":{"@type":"EntryPoint","urlTemplate":"https:\/\/www.casinobonusradar.com\/it\/?s={search_term_string}"},"query-input":"required name=search_term_string"}],"inLanguage":"it-IT"}]}},"_links":{"self":[{"href":"https:\/\/www.casinobonusradar.com\/it\/wp-json\/wp\/v2\/pages\/672"}],"collection":[{"href":"https:\/\/www.casinobonusradar.com\/it\/wp-json\/wp\/v2\/pages"}],"about":[{"href":"https:\/\/www.casinobonusradar.com\/it\/wp-json\/wp\/v2\/types\/page"}],"author":[{"embeddable":true,"href":"https:\/\/www.casinobonusradar.com\/it\/wp-json\/wp\/v2\/users\/4"}],"replies":[{"embeddable":true,"href":"https:\/\/www.casinobonusradar.com\/it\/wp-json\/wp\/v2\/comments?post=672"}],"version-history":[{"count":6,"href":"https:\/\/www.casinobonusradar.com\/it\/wp-json\/wp\/v2\/pages\/672\/revisions"}],"predecessor-version":[{"id":16103,"href":"https:\/\/www.casinobonusradar.com\/it\/wp-json\/wp\/v2\/pages\/672\/revisions\/16103"}],"wp:featuredmedia":[{"embeddable":true,"href":"https:\/\/www.casinobonusradar.com\/it\/wp-json\/wp\/v2\/media\/15663"}],"wp:attachment":[{"href":"https:\/\/www.casinobonusradar.com\/it\/wp-json\/wp\/v2\/media?parent=672"}],"wp:term":[{"taxonomy":"category","embeddable":true,"href":"https:\/\/www.casinobonusradar.com\/it\/wp-json\/wp\/v2\/categories?post=672"},{"taxonomy":"post_tag","embeddable":true,"href":"https:\/\/www.casinobonusradar.com\/it\/wp-json\/wp\/v2\/tags?post=672"}],"curies":[{"name":"wp","href":"https:\/\/api.w.org\/{rel}","templated":true}]}}