{"id":665,"date":"2018-07-03T07:56:01","date_gmt":"2018-07-03T07:56:01","guid":{"rendered":"https:\/\/www.casinobonusradar.com\/it\/?page_id=665"},"modified":"2019-03-28T07:00:29","modified_gmt":"2019-03-28T07:00:29","slug":"pagamento-con-bonifico-bancario-nei-casino-online","status":"publish","type":"page","link":"https:\/\/www.casinobonusradar.com\/it\/pagamento-con-bonifico-bancario-nei-casino-online\/","title":{"rendered":"Pagamento con Bonifico Bancario nei Casin\u00f2 Online"},"content":{"rendered":"<p>In Italia, giocare nei <a href=\"https:\/\/www.casinobonusradar.com\/it\/\">casin\u00f2 online<\/a> utilizzando il pagamento con Bonifico Bancario sta diventando una pratica sempre pi\u00f9 comune. Il bonifico bancario infatti \u00e8 attualmente il metodo pi\u00f9 utilizzato dagli italiani per depositare e incassare le vincite dopo aver sbancato al casin\u00f2!<\/p>\n<div id=\"tablepress-general\" class=\"no-next-prev-button\">\n<table id=\"tablepress-8\" class=\"tablepress tablepress-id-8 bonus-table show3-hideall-general close\">\n<thead>\n<tr class=\"row-1 odd\">\n\t<th class=\"column-1\">&nbsp;<\/th><th class=\"column-2\">Casin\u00f2<\/th><th class=\"column-3\">Bonus<\/th><th class=\"column-4\">Punteggio<\/th><th class=\"column-5\">Ottieni il bonus<\/th>\n<\/tr>\n<\/thead>\n<tbody class=\"row-hover\">\n<tr class=\"row-2 even\">\n\t<td class=\"column-1\"><\/td><td class=\"column-2\"><a target=\"_blank\" href=\"https:\/\/www.casinobonusradar.com\/it\/goto\/starcasino\/\" rel=\"noopener noreferrer\"><img src=\"https:\/\/www.casinobonusradar.com\/it\/wp-content\/uploads\/sites\/4\/2018\/05\/starcasino_bg-1.jpg\" alt=\"\" width=\"250\" height=\"150\" class=\"alignleft size-full wp-image-236\" \/><\/a><\/td><td class=\"column-3\">100 giri gratis senza deposito + bonus fino a 1000\u20ac<\/td><td class=\"column-4\">90%<br \/>\n<a href=\"https:\/\/www.casinobonusradar.com\/it\/online-casino\/starcasino-casino\/\">Info<\/a><\/td><td class=\"column-5\"><a class=\"big-button bigblue\" href=\"\/it\/goto\/starcasino\" target=\"_blank\" rel=\"noopener noreferrer\">Richiedi il Bonus<\/a><\/td>\n<\/tr>\n<tr class=\"row-3 odd\">\n\t<td class=\"column-1\"><\/td><td class=\"column-2\"><a target=\"_blank\" href=\"https:\/\/www.casinobonusradar.com\/it\/goto\/888casino\" rel=\"noopener noreferrer\"><img src=\"https:\/\/www.casinobonusradar.com\/it\/wp-content\/uploads\/sites\/4\/2018\/04\/888casino_bg.jpg\" alt=\"\" width=\"250\" height=\"150\" class=\"alignleft size-full wp-image-64\" \/><\/a><\/td><td class=\"column-3\">125% fino a 500 + 88 giri gratis<\/td><td class=\"column-4\">89%<br \/>\n<a href=\"https:\/\/www.casinobonusradar.com\/it\/online-casino\/888-casino\/\">Info<\/a><\/td><td class=\"column-5\"><a class=\"big-button bigblue\" href=\"\/it\/goto\/888casino\" target=\"_blank\" rel=\"noopener noreferrer\">Richiedi il Bonus<\/a><\/td>\n<\/tr>\n<tr class=\"row-4 even\">\n\t<td class=\"column-1\"><\/td><td class=\"column-2\"><a target=\"_blank\" href=\"https:\/\/www.casinobonusradar.com\/it\/goto\/netbet\" rel=\"noopener noreferrer\"><img src=\"https:\/\/www.casinobonusradar.com\/it\/wp-content\/uploads\/sites\/4\/2018\/05\/netbet_bg.jpg\" alt=\"\" width=\"250\" height=\"150\" class=\"alignleft size-full wp-image-150\" \/><\/a><\/td><td class=\"column-3\">100% fino a 600\u20ac + 50 girigratis senza deposito <br\/>+ 100 girigratis alla convalida del conto<\/td><td class=\"column-4\">87%<br \/>\n<a href=\"https:\/\/www.casinobonusradar.com\/it\/online-casino\/netbet-casino\/\">Info<\/a><\/td><td class=\"column-5\"><a class=\"big-button bigblue\" href=\"\/it\/goto\/netbet\" target=\"_blank\" rel=\"noopener noreferrer\">Richiedi il Bonus<\/a><\/td>\n<\/tr>\n<tr class=\"row-5 odd\">\n\t<td class=\"column-1\"><\/td><td class=\"column-2\"><a target=\"_blank\" href=\"https:\/\/www.casinobonusradar.com\/it\/goto\/leovegas\" rel=\"noopener noreferrer\"><img src=\"https:\/\/www.casinobonusradar.com\/it\/wp-content\/uploads\/sites\/4\/2018\/07\/leovegas_bg.jpg\" alt=\"\" width=\"250\" height=\"150\" class=\"alignleft size-full wp-image-623\" \/><\/a><\/td><td class=\"column-3\">Bonus fino a 1000\u20ac + 70 giri gratis<\/td><td class=\"column-4\">86%<br \/>\n<a href=\"\/it\/leovegas-casino\/\">Info<\/a><\/td><td class=\"column-5\"><a class=\"big-button bigblue\" href=\"\/it\/goto\/leovegas\" target=\"_blank\" rel=\"noopener noreferrer\">Informazioni <\/a><\/td>\n<\/tr>\n<tr class=\"row-6 even\">\n\t<td class=\"column-1\"><\/td><td class=\"column-2\"><a target=\"_blank\" href=\"https:\/\/www.casinobonusradar.com\/it\/goto\/casino.com\" rel=\"noopener noreferrer\"><img src=\"https:\/\/www.casinobonusradar.com\/it\/wp-content\/uploads\/sites\/4\/2018\/05\/casinocom_bg.jpg\" alt=\"\" width=\"250\" height=\"150\" class=\"alignleft size-full wp-image-168\" \/><\/a><\/td><td class=\"column-3\">100% fino a 500\u20ac + 10\u20ac senza deposito <\/td><td class=\"column-4\">85%<br \/>\n<a href=\"https:\/\/www.casinobonusradar.com\/it\/online-casino\/casino-com-casino\/\">Info<\/a><\/td><td class=\"column-5\"><a class=\"big-button bigblue\" href=\"\/it\/goto\/casino.com\" target=\"_blank\" rel=\"noopener noreferrer\">Richiedi il Bonus<\/a><\/td>\n<\/tr>\n<tr class=\"row-7 odd\">\n\t<td class=\"column-1\"><\/td><td class=\"column-2\"><a target=\"_blank\" href=\"https:\/\/www.casinobonusradar.com\/it\/goto\/snai\" rel=\"noopener noreferrer\"><img src=\"https:\/\/www.casinobonusradar.com\/it\/wp-content\/uploads\/sites\/4\/2018\/05\/snai_bg.jpg\" alt=\"\" width=\"250\" height=\"150\" class=\"alignleft size-full wp-image-140\" \/><\/a><\/td><td class=\"column-3\">100% fino a 1000\u20ac + 15\u20ac senza deposito <\/td><td class=\"column-4\">84%<br \/>\n<a href=\"https:\/\/www.casinobonusradar.com\/it\/online-casino\/snai-casino\/\">Info<\/a><\/td><td class=\"column-5\"><a class=\"big-button bigblue\" href=\"\/it\/goto\/snai\" target=\"_blank\" rel=\"noopener noreferrer\">Richiedi il Bonus<\/a><\/td>\n<\/tr>\n<tr class=\"row-8 even\">\n\t<td class=\"column-1\"><\/td><td class=\"column-2\"><a target=\"_blank\" href=\"https:\/\/www.casinobonusradar.com\/it\/goto\/eurobet\" rel=\"noopener noreferrer\"><img src=\"https:\/\/www.casinobonusradar.com\/it\/wp-content\/uploads\/sites\/4\/2018\/04\/eurobet_bg.jpg\" alt=\"\" width=\"250\" height=\"150\" class=\"alignleft size-full wp-image-103\" \/><\/a><\/td><td class=\"column-3\">fino a 1000\u20ac <\/td><td class=\"column-4\">82%<br \/>\n<a href=\"https:\/\/www.casinobonusradar.com\/it\/online-casino\/eurobet-casino\/\">Info<\/a><\/td><td class=\"column-5\"><a class=\"big-button bigblue\" href=\"\/it\/goto\/eurobet\" target=\"_blank\" rel=\"noopener noreferrer\">Richiedi il Bonus<\/a><\/td>\n<\/tr>\n<\/tbody>\n<\/table>\n<!-- #tablepress-8 from cache --><\/p>\n<div class=\"show-more-general more\"><\/div>\n<\/div>\n<p>Questo \u00e8 uno strumento di pagamento che consente di eseguire transazioni in modo sicuro al 100% e che risulta essere molto semplice da utilizzare anche per coloro che non hanno troppo dimestichezza con le transazioni elettroniche e i metodi di pagamento pi\u00f9 moderni.<\/p>\n<p><img decoding=\"async\" loading=\"lazy\" class=\"alignnone size-large wp-image-15666\" src=\"https:\/\/www.casinobonusradar.com\/it\/wp-content\/uploads\/sites\/4\/2018\/11\/bonifico2-1024x427.png\" alt=\"\" width=\"1024\" height=\"427\" srcset=\"https:\/\/www.casinobonusradar.com\/wp-content\/uploads\/sites\/4\/2018\/11\/bonifico2-1024x427.png 1024w, https:\/\/www.casinobonusradar.com\/wp-content\/uploads\/sites\/4\/2018\/11\/bonifico2-300x125.png 300w, https:\/\/www.casinobonusradar.com\/wp-content\/uploads\/sites\/4\/2018\/11\/bonifico2-768x320.png 768w, https:\/\/www.casinobonusradar.com\/wp-content\/uploads\/sites\/4\/2018\/11\/bonifico2-1080x450.png 1080w, https:\/\/www.casinobonusradar.com\/wp-content\/uploads\/sites\/4\/2018\/11\/bonifico2.png 1200w\" sizes=\"(max-width: 1024px) 100vw, 1024px\" \/><\/p>\n<div id=\"toc_container\" class=\"no_bullets\"><p class=\"toc_title\">Contents<\/p><ul class=\"toc_list\"><li><a href=\"#PANORAMICA\"><span class=\"toc_number toc_depth_1\">1<\/span> PANORAMICA<\/a><\/li><li><a href=\"#BONIFICO_BANCARIO_VANTAGGI_E_SVANTAGGI\"><span class=\"toc_number toc_depth_1\">2<\/span> BONIFICO BANCARIO: VANTAGGI E SVANTAGGI<\/a><\/li><li><a href=\"#DEPOSITO_CON_BONIFICO_BANCARIO_NEI_CASINO_ONLINE\"><span class=\"toc_number toc_depth_1\">3<\/span> \u00a0DEPOSITO CON BONIFICO BANCARIO NEI CASINO ONLINE<\/a><\/li><li><a href=\"#PAGAMENTO_CON_BONIFICO_BANCARIO_NEI_CASINO_ONLINE\"><span class=\"toc_number toc_depth_1\">4<\/span> PAGAMENTO CON BONIFICO BANCARIO NEI CASINO ONLINE<\/a><\/li><li><a href=\"#BONUS_Casino\"><span class=\"toc_number toc_depth_1\">5<\/span> \u00a0BONUS Casin\u00f2<\/a><\/li><li><a href=\"#BONIFICO_BANCARIO_SCEGLI_LA_SICUREZZA\"><span class=\"toc_number toc_depth_1\">6<\/span> BONIFICO BANCARIO, SCEGLI LA SICUREZZA!<\/a><\/li><\/ul><\/div>\n<h2><span id=\"PANORAMICA\">PANORAMICA<\/span><\/h2>\n<p>Come appena menzionato sopra, il bonifico bancario da qualche anno a questa parte non \u00e8 pi\u00f9 una delle tante forme di pagamento ma bens\u00ec la forma di pagamento pi\u00f9 adottata nel mondo.<\/p>\n<p>La storia del bonifico per\u00f2 \u00e8 piuttosto antica e alquanto curiosa. Infatti, i suoi antenati si possono tracciare gi\u00e0 dai tempi del Medioevo anche se le origini effettive del metodo del bonifico bancario per come le conosciamo oggi vanno rintracciate con l\u2019invenzione del telegrafo (nel nord America esiste ancora il termine \u201ctelegraphic transfer\u201d!).<\/p>\n<p><strong>Come funziona il bonifico bancario nei casin\u00f2 online?<\/strong><\/p>\n<p>Come specificato sopra, l\u2019utilizzo di un bonifico bancario nel gioco online per le operazioni di deposito e di ritiro delle vincite sta diventando un metodo sempre pi\u00f9 comune in Italia. La procedura per effettuare un bonifico \u00e8 semplice e lineare.<\/p>\n<p>Ovviamente il bonifico bancario pu\u00f2 essere effettuato sia online che presso gli sportelli. Oggigiorno inoltre \u00e8 possibile effettuare un bonifico in tempo reale anche con il cellulare tramite le \u201cApp\u201d messe a disposizione dagli istituti di credito.<\/p>\n<p>Per l\u2019esecuzione del bonifico, al giocatore sar\u00e0 richiesto dalla propria banca di fornire le informazioni relative al casin\u00f2 in cui desidera effettuare il deposito insieme a: nome e numero account, indirizzo della banca, numero di routing, codici swift e IBAN.<\/p>\n<p>Siete interessati a un casin\u00f2 online che utilizza bonifici bancari? Per vedere se fa al caso vostro, di seguito riportiamo un\u2019analisi dettagliata dei vantaggi e degli svantaggi del pagamento con bonifico bancario nei casin\u00f2 online rispetto ai pi\u00f9 moderni metodi di pagamento elettronici.<\/p>\n<p>&nbsp;<\/p>\n<h2><span id=\"BONIFICO_BANCARIO_VANTAGGI_E_SVANTAGGI\">BONIFICO BANCARIO: VANTAGGI E SVANTAGGI<\/span><\/h2>\n<p>Se si decide di optare per il bonifico bancario, ecco quali sono i principali pro e contro da considerare.<strong>\u00a0<\/strong><\/p>\n<p><strong>VANTAGGI:<\/strong><\/p>\n<ul>\n<li><strong>Sicurezza: <\/strong>Il metodo di pagamento con bonifico bancario \u00e8 la forma di pagamento pi\u00f9 sicura esistente al mondo. Il rischio di furti d\u2019identit\u00e0 o di frode \u00e8 praticamente nullo perch\u00e9 i siti dove il giocatore effettua le transazioni non riescono a venire a conoscenza delle credenziali personali dell\u2019utente. Per ricevere i pagamenti a mezzo bonifico bisogna necessariamente essere titolari di un conto corrente bancario. L\u2019istituto bancario di appartenenza possiede un sistema di sicurezza tale per cui i dati personali e finanziari dell\u2019utente vengono tenuti in sicurezza da possibili tentativi di appropriazione indebita da parte di malintenzionati.<\/li>\n<li><strong>Accessibilit\u00e0: <\/strong>Il bonifico bancario, essendo molto popolare, \u00e8 accessibile nella stragrande maggioranza dei casin\u00f2 online di tutto il mondo.<\/li>\n<li><strong>Volume di Trasferimento: <\/strong>Il pagamento tramite bonifico bancario \u00e8 particolarmente vantaggioso per coloro che depositano ingenti somme di denaro in quanto possono evitare possibili spese aggiuntive richieste in altre forme di pagamento.<\/li>\n<\/ul>\n<p><strong>SVANTAGGI:<\/strong><\/p>\n<ul>\n<li><strong>Tempi di trasferimento: <\/strong>Quando si paragona il bonifico ad altre forme di pagamento per casin\u00f2 online, le tempistiche di trasferimento del denaro possono, a volte, rappresentare un problema. Le transazioni infatti, richiedono un po' di tempo per essere processate. I tempi possono variare generalmente da un paio d\u2019ore fino ad alcuni giorni lavorativi a seconda delle procedure interne dell\u2019istituto bancario intermediario e dal casin\u00f2 scelto. In alcuni casi tuttavia, proprio per ovviare ai tempi di attesa pi\u00f9 lunghi, alcune banche mettono a disposizione il servizio di \u201cInstant Banking\u201d che consente di effettuare transazioni in tempo reale.<\/li>\n<li><strong>Spese bancarie: <\/strong>Bisogna tener presente che l\u2019istituto bancario potrebbe richiedere una commissione da pagare o tasse legate all\u2019utilizzo del bonifico stesso. Tuttavia, sempre pi\u00f9 spesso oggi, molti istituti di credito offrono ai loro clienti che dispongono di un conto corrente online la possibilit\u00e0 di effettuare bonifici gratuitamente, rendendo cos\u00ec l\u2019operazione alquanto conveniente.<\/li>\n<\/ul>\n<p><img decoding=\"async\" loading=\"lazy\" class=\"alignnone size-large wp-image-15667\" src=\"https:\/\/www.casinobonusradar.com\/it\/wp-content\/uploads\/sites\/4\/2018\/11\/bonifico-1024x272.png\" alt=\"\" width=\"1024\" height=\"272\" srcset=\"https:\/\/www.casinobonusradar.com\/wp-content\/uploads\/sites\/4\/2018\/11\/bonifico.png 1024w, https:\/\/www.casinobonusradar.com\/wp-content\/uploads\/sites\/4\/2018\/11\/bonifico-300x80.png 300w, https:\/\/www.casinobonusradar.com\/wp-content\/uploads\/sites\/4\/2018\/11\/bonifico-768x204.png 768w\" sizes=\"(max-width: 1024px) 100vw, 1024px\" \/><\/p>\n<h2><span id=\"DEPOSITO_CON_BONIFICO_BANCARIO_NEI_CASINO_ONLINE\">\u00a0<strong>DEPOSITO CON BONIFICO BANCARIO NEI CASINO ONLINE<\/strong><\/span><\/h2>\n<p>Per effettuare un deposito tramite bonifico dovete fornire le coordinate bancarie del vostro istituto e quelle del bookmaker scelto.\u00a0 Generalmente, nei casin\u00f2 online i depositi effettuati con bonifico bancario impiegano dai 3 agli 8 giorni lavorativi, in base ai controlli di sicurezza che vengono applicati dalle banche.<\/p>\n<p>I bookmaker italiani di norma non addebitano commissioni sui depositi, tuttavia potrebbero essere previste delle spese di gestione da parte della vostra banca.<strong>\u00a0<\/strong><\/p>\n<h2><span id=\"PAGAMENTO_CON_BONIFICO_BANCARIO_NEI_CASINO_ONLINE\">PAGAMENTO CON BONIFICO BANCARIO NEI CASINO ONLINE<\/span><\/h2>\n<p>Riguardo il pagamento delle vincite, l\u2019importo che si pu\u00f2 prelevare per transazione cambia da casin\u00f2 a casin\u00f2 e pertanto \u00e8 importante informarsi anticipatamente.<\/p>\n<p>I prelievi effettuati tramite bonifico bancario possono impiegare dai 3 ai 10 giorni prima di arrivare nel conto del giocatore e quindi, questo metodo di pagamento non \u00e8 raccomandabile per chi desidera fruire delle vincite istantaneamente e ricominciare a giocare da subito!<\/p>\n<p>Considerate che possono esserci inoltre delle commissioni prelevate dal bookmaker (si consiglia di verificare nel loro sito) e anche delle spese di gestione della banca.<\/p>\n<h2><span id=\"BONUS_Casino\"><strong>\u00a0<\/strong>BONUS Casin\u00f2<\/span><\/h2>\n<p>Volete iniziare a giocare in un casin\u00f2 online che accetta il bonifico bancario? Lo sapete che i migliori casin\u00f2 online propongono delle offerte promozionali imperdibili? Nel momento dell\u2019apertura di un account di gioco infatti, viene spesso offerto al giocatore un accredito iniziale e immediato come il \u201c<a href=\"https:\/\/www.casinobonusradar.com\/it\/bonus-benvenuto\/\">welcome bonus<\/a>\u201d!<\/p>\n<p>&nbsp;<\/p>\n<p>Qui di seguito elenchiamo i principali casin\u00f2 online dove potrete trovare i migliori bonus 2018:<\/p>\n<h2><span id=\"BONIFICO_BANCARIO_SCEGLI_LA_SICUREZZA\">BONIFICO BANCARIO, SCEGLI LA SICUREZZA!<\/span><\/h2>\n<p>Leggendo la nostra recensione sul metodo di pagamento con bonifico bancario nei casin\u00f2 online, avrete ormai appurato come esso sia sicuro, popolare (viene accettato dalla maggior parte dei casin\u00f2!), facile da utilizzare e come riesca ad offrire grandi benefici nello spostamento di ingenti somme di denaro senza particolari limiti di bonifico o alte commissioni.<\/p>\n<p>Pertanto, a meno che aspettare qualche giorno per i tempi di trasferimento non sia un problema per voi, suggeriamo di prendere seriamente in considerazione il bonifico bancario come metodo di pagamento per giocare online e riscuotere in tutta sicurezza!<\/p>\n<p><strong>Il migliore Bonus Benvenuto:\u00a0<\/strong><\/p>\n\n        <div class=\"bonusoffer_wrap\">                        \n            <div class=\"bonusoffer_main_text\"><span> 20\u20ac bonus senza deposito + Bonus fino a 1000\u20ac <\/span><div class=\"et_pb_button_module_wrapper et_pb_module et_pb_button_alignment_center\"><a class=\"et_pb_button et_pb_custom_button_icon et_pb_button_1 et_pb_module et_pb_bg_layout_dark\" href=\"https:\/\/www.casinobonusradar.com\/it\/goto\/starcasino\" target=\"_blank\" data-icon=\"=\">Ottieni il bonus<\/a><\/div>\n        <\/div><\/div>\n        <div class=\"clear\"><\/div>        \n  \n","protected":false},"excerpt":{"rendered":"<p>In Italia, giocare nei casin\u00f2 online utilizzando il pagamento con Bonifico Bancario sta diventando una pratica sempre pi\u00f9 comune. Il bonifico bancario infatti \u00e8 attualmente il metodo pi\u00f9 utilizzato dagli italiani per depositare e incassare le vincite dopo aver sbancato al casin\u00f2! Questo \u00e8 uno strumento di pagamento che consente di eseguire transazioni in modo [&hellip;]<\/p>\n","protected":false},"author":4,"featured_media":15667,"parent":0,"menu_order":0,"comment_status":"closed","ping_status":"closed","template":"","meta":[],"categories":[9],"tags":[],"yoast_head":"<!-- This site is optimized with the Yoast SEO plugin v19.10 - https:\/\/yoast.com\/wordpress\/plugins\/seo\/ -->\n<title>Pagamento con Bonifico Bancario nei Casin\u00f2 Online | Casino Bonus Radar IT<\/title>\n<meta name=\"description\" content=\"Scopri come effettuare un pagamento con Bonifico Bancario nei casin\u00f2 online. Sicurezza, vantaggi e svantaggi. Leggi la nostra guida ai metodi di pagamento.\" \/>\n<meta name=\"robots\" content=\"index, follow, max-snippet:-1, max-image-preview:large, max-video-preview:-1\" \/>\n<link rel=\"canonical\" href=\"https:\/\/www.casinobonusradar.com\/it\/pagamento-con-bonifico-bancario-nei-casino-online\/\" \/>\n<meta property=\"og:locale\" content=\"it_IT\" \/>\n<meta property=\"og:type\" content=\"article\" \/>\n<meta property=\"og:title\" content=\"Pagamento con Bonifico Bancario nei Casin\u00f2 Online | Casino Bonus Radar IT\" \/>\n<meta property=\"og:description\" content=\"Scopri come effettuare un pagamento con Bonifico Bancario nei casin\u00f2 online. Sicurezza, vantaggi e svantaggi. Leggi la nostra guida ai metodi di pagamento.\" \/>\n<meta property=\"og:url\" content=\"https:\/\/www.casinobonusradar.com\/it\/pagamento-con-bonifico-bancario-nei-casino-online\/\" \/>\n<meta property=\"og:site_name\" content=\"Casino Bonus Radar IT\" \/>\n<meta property=\"article:modified_time\" content=\"2019-03-28T07:00:29+00:00\" \/>\n<meta property=\"og:image\" content=\"https:\/\/www.casinobonusradar.com\/wp-content\/uploads\/sites\/4\/2018\/11\/bonifico.png\" \/>\n\t<meta property=\"og:image:width\" content=\"1024\" \/>\n\t<meta property=\"og:image:height\" content=\"272\" \/>\n\t<meta property=\"og:image:type\" content=\"image\/png\" \/>\n<meta name=\"twitter:card\" content=\"summary_large_image\" \/>\n<meta name=\"twitter:label1\" content=\"Est. reading time\" \/>\n\t<meta name=\"twitter:data1\" content=\"5 minutes\" \/>\n<script type=\"application\/ld+json\" class=\"yoast-schema-graph\">{\"@context\":\"https:\/\/schema.org\",\"@graph\":[{\"@type\":\"WebPage\",\"@id\":\"https:\/\/www.casinobonusradar.com\/it\/pagamento-con-bonifico-bancario-nei-casino-online\/\",\"url\":\"https:\/\/www.casinobonusradar.com\/it\/pagamento-con-bonifico-bancario-nei-casino-online\/\",\"name\":\"Pagamento con Bonifico Bancario nei Casin\u00f2 Online | Casino Bonus Radar IT\",\"isPartOf\":{\"@id\":\"https:\/\/www.casinobonusradar.com\/it\/#website\"},\"datePublished\":\"2018-07-03T07:56:01+00:00\",\"dateModified\":\"2019-03-28T07:00:29+00:00\",\"description\":\"Scopri come effettuare un pagamento con Bonifico Bancario nei casin\u00f2 online. Sicurezza, vantaggi e svantaggi. Leggi la nostra guida ai metodi di pagamento.\",\"breadcrumb\":{\"@id\":\"https:\/\/www.casinobonusradar.com\/it\/pagamento-con-bonifico-bancario-nei-casino-online\/#breadcrumb\"},\"inLanguage\":\"it-IT\",\"potentialAction\":[{\"@type\":\"ReadAction\",\"target\":[\"https:\/\/www.casinobonusradar.com\/it\/pagamento-con-bonifico-bancario-nei-casino-online\/\"]}]},{\"@type\":\"BreadcrumbList\",\"@id\":\"https:\/\/www.casinobonusradar.com\/it\/pagamento-con-bonifico-bancario-nei-casino-online\/#breadcrumb\",\"itemListElement\":[{\"@type\":\"ListItem\",\"position\":1,\"name\":\"Home\",\"item\":\"https:\/\/www.casinobonusradar.com\/it\/\"},{\"@type\":\"ListItem\",\"position\":2,\"name\":\"Pagamento con Bonifico Bancario nei Casin\u00f2 Online\"}]},{\"@type\":\"WebSite\",\"@id\":\"https:\/\/www.casinobonusradar.com\/it\/#website\",\"url\":\"https:\/\/www.casinobonusradar.com\/it\/\",\"name\":\"Casino Bonus Radar IT\",\"description\":\"\",\"potentialAction\":[{\"@type\":\"SearchAction\",\"target\":{\"@type\":\"EntryPoint\",\"urlTemplate\":\"https:\/\/www.casinobonusradar.com\/it\/?s={search_term_string}\"},\"query-input\":\"required name=search_term_string\"}],\"inLanguage\":\"it-IT\"}]}<\/script>\n<!-- \/ Yoast SEO plugin. -->","yoast_head_json":{"title":"Pagamento con Bonifico Bancario nei Casin\u00f2 Online | Casino Bonus Radar IT","description":"Scopri come effettuare un pagamento con Bonifico Bancario nei casin\u00f2 online. Sicurezza, vantaggi e svantaggi. Leggi la nostra guida ai metodi di pagamento.","robots":{"index":"index","follow":"follow","max-snippet":"max-snippet:-1","max-image-preview":"max-image-preview:large","max-video-preview":"max-video-preview:-1"},"canonical":"https:\/\/www.casinobonusradar.com\/it\/pagamento-con-bonifico-bancario-nei-casino-online\/","og_locale":"it_IT","og_type":"article","og_title":"Pagamento con Bonifico Bancario nei Casin\u00f2 Online | Casino Bonus Radar IT","og_description":"Scopri come effettuare un pagamento con Bonifico Bancario nei casin\u00f2 online. Sicurezza, vantaggi e svantaggi. Leggi la nostra guida ai metodi di pagamento.","og_url":"https:\/\/www.casinobonusradar.com\/it\/pagamento-con-bonifico-bancario-nei-casino-online\/","og_site_name":"Casino Bonus Radar IT","article_modified_time":"2019-03-28T07:00:29+00:00","og_image":[{"width":1024,"height":272,"url":"https:\/\/www.casinobonusradar.com\/wp-content\/uploads\/sites\/4\/2018\/11\/bonifico.png","type":"image\/png"}],"twitter_card":"summary_large_image","twitter_misc":{"Est. reading time":"5 minutes"},"schema":{"@context":"https:\/\/schema.org","@graph":[{"@type":"WebPage","@id":"https:\/\/www.casinobonusradar.com\/it\/pagamento-con-bonifico-bancario-nei-casino-online\/","url":"https:\/\/www.casinobonusradar.com\/it\/pagamento-con-bonifico-bancario-nei-casino-online\/","name":"Pagamento con Bonifico Bancario nei Casin\u00f2 Online | Casino Bonus Radar IT","isPartOf":{"@id":"https:\/\/www.casinobonusradar.com\/it\/#website"},"datePublished":"2018-07-03T07:56:01+00:00","dateModified":"2019-03-28T07:00:29+00:00","description":"Scopri come effettuare un pagamento con Bonifico Bancario nei casin\u00f2 online. Sicurezza, vantaggi e svantaggi. Leggi la nostra guida ai metodi di pagamento.","breadcrumb":{"@id":"https:\/\/www.casinobonusradar.com\/it\/pagamento-con-bonifico-bancario-nei-casino-online\/#breadcrumb"},"inLanguage":"it-IT","potentialAction":[{"@type":"ReadAction","target":["https:\/\/www.casinobonusradar.com\/it\/pagamento-con-bonifico-bancario-nei-casino-online\/"]}]},{"@type":"BreadcrumbList","@id":"https:\/\/www.casinobonusradar.com\/it\/pagamento-con-bonifico-bancario-nei-casino-online\/#breadcrumb","itemListElement":[{"@type":"ListItem","position":1,"name":"Home","item":"https:\/\/www.casinobonusradar.com\/it\/"},{"@type":"ListItem","position":2,"name":"Pagamento con Bonifico Bancario nei Casin\u00f2 Online"}]},{"@type":"WebSite","@id":"https:\/\/www.casinobonusradar.com\/it\/#website","url":"https:\/\/www.casinobonusradar.com\/it\/","name":"Casino Bonus Radar IT","description":"","potentialAction":[{"@type":"SearchAction","target":{"@type":"EntryPoint","urlTemplate":"https:\/\/www.casinobonusradar.com\/it\/?s={search_term_string}"},"query-input":"required name=search_term_string"}],"inLanguage":"it-IT"}]}},"_links":{"self":[{"href":"https:\/\/www.casinobonusradar.com\/it\/wp-json\/wp\/v2\/pages\/665"}],"collection":[{"href":"https:\/\/www.casinobonusradar.com\/it\/wp-json\/wp\/v2\/pages"}],"about":[{"href":"https:\/\/www.casinobonusradar.com\/it\/wp-json\/wp\/v2\/types\/page"}],"author":[{"embeddable":true,"href":"https:\/\/www.casinobonusradar.com\/it\/wp-json\/wp\/v2\/users\/4"}],"replies":[{"embeddable":true,"href":"https:\/\/www.casinobonusradar.com\/it\/wp-json\/wp\/v2\/comments?post=665"}],"version-history":[{"count":9,"href":"https:\/\/www.casinobonusradar.com\/it\/wp-json\/wp\/v2\/pages\/665\/revisions"}],"predecessor-version":[{"id":16104,"href":"https:\/\/www.casinobonusradar.com\/it\/wp-json\/wp\/v2\/pages\/665\/revisions\/16104"}],"wp:featuredmedia":[{"embeddable":true,"href":"https:\/\/www.casinobonusradar.com\/it\/wp-json\/wp\/v2\/media\/15667"}],"wp:attachment":[{"href":"https:\/\/www.casinobonusradar.com\/it\/wp-json\/wp\/v2\/media?parent=665"}],"wp:term":[{"taxonomy":"category","embeddable":true,"href":"https:\/\/www.casinobonusradar.com\/it\/wp-json\/wp\/v2\/categories?post=665"},{"taxonomy":"post_tag","embeddable":true,"href":"https:\/\/www.casinobonusradar.com\/it\/wp-json\/wp\/v2\/tags?post=665"}],"curies":[{"name":"wp","href":"https:\/\/api.w.org\/{rel}","templated":true}]}}