{"id":657,"date":"2018-07-03T07:42:42","date_gmt":"2018-07-03T07:42:42","guid":{"rendered":"https:\/\/www.casinobonusradar.com\/it\/?page_id=657"},"modified":"2019-03-28T06:54:05","modified_gmt":"2019-03-28T06:54:05","slug":"pagamento-con-bitcoin-nei-casino-online","status":"publish","type":"page","link":"https:\/\/www.casinobonusradar.com\/it\/pagamento-con-bitcoin-nei-casino-online\/","title":{"rendered":"Pagamento con BITCOIN nei Casin\u00f2 online"},"content":{"rendered":"<p>Bitcoin \u00e8 una cripto valuta digitale e innovativa che si sta rivelando uno dei trend emergenti tra gli scommettitori italiani e del mondo. Probabilmente, il motivo principale del suo successo \u00e8 dovuto al fatto che semplifica in modo indiscusso la vita dei giocatori sia dal punto di vista delle transazioni di deposito che di pagamento delle vincite.<\/p>\n<div id=\"tablepress-general\" class=\"no-next-prev-button\">\n<table id=\"tablepress-8\" class=\"tablepress tablepress-id-8 bonus-table show3-hideall-general close\">\n<thead>\n<tr class=\"row-1 odd\">\n\t<th class=\"column-1\">&nbsp;<\/th><th class=\"column-2\">Casin\u00f2<\/th><th class=\"column-3\">Bonus<\/th><th class=\"column-4\">Punteggio<\/th><th class=\"column-5\">Ottieni il bonus<\/th>\n<\/tr>\n<\/thead>\n<tbody class=\"row-hover\">\n<tr class=\"row-2 even\">\n\t<td class=\"column-1\"><\/td><td class=\"column-2\"><a target=\"_blank\" href=\"https:\/\/www.casinobonusradar.com\/it\/goto\/starcasino\/\" rel=\"noopener noreferrer\"><img src=\"https:\/\/www.casinobonusradar.com\/it\/wp-content\/uploads\/sites\/4\/2018\/05\/starcasino_bg-1.jpg\" alt=\"\" width=\"250\" height=\"150\" class=\"alignleft size-full wp-image-236\" \/><\/a><\/td><td class=\"column-3\">100 giri gratis senza deposito + bonus fino a 1000\u20ac<\/td><td class=\"column-4\">90%<br \/>\n<a href=\"https:\/\/www.casinobonusradar.com\/it\/online-casino\/starcasino-casino\/\">Info<\/a><\/td><td class=\"column-5\"><a class=\"big-button bigblue\" href=\"\/it\/goto\/starcasino\" target=\"_blank\" rel=\"noopener noreferrer\">Richiedi il Bonus<\/a><\/td>\n<\/tr>\n<tr class=\"row-3 odd\">\n\t<td class=\"column-1\"><\/td><td class=\"column-2\"><a target=\"_blank\" href=\"https:\/\/www.casinobonusradar.com\/it\/goto\/888casino\" rel=\"noopener noreferrer\"><img src=\"https:\/\/www.casinobonusradar.com\/it\/wp-content\/uploads\/sites\/4\/2018\/04\/888casino_bg.jpg\" alt=\"\" width=\"250\" height=\"150\" class=\"alignleft size-full wp-image-64\" \/><\/a><\/td><td class=\"column-3\">125% fino a 500 + 88 giri gratis<\/td><td class=\"column-4\">89%<br \/>\n<a href=\"https:\/\/www.casinobonusradar.com\/it\/online-casino\/888-casino\/\">Info<\/a><\/td><td class=\"column-5\"><a class=\"big-button bigblue\" href=\"\/it\/goto\/888casino\" target=\"_blank\" rel=\"noopener noreferrer\">Richiedi il Bonus<\/a><\/td>\n<\/tr>\n<tr class=\"row-4 even\">\n\t<td class=\"column-1\"><\/td><td class=\"column-2\"><a target=\"_blank\" href=\"https:\/\/www.casinobonusradar.com\/it\/goto\/netbet\" rel=\"noopener noreferrer\"><img src=\"https:\/\/www.casinobonusradar.com\/it\/wp-content\/uploads\/sites\/4\/2018\/05\/netbet_bg.jpg\" alt=\"\" width=\"250\" height=\"150\" class=\"alignleft size-full wp-image-150\" \/><\/a><\/td><td class=\"column-3\">100% fino a 600\u20ac + 50 girigratis senza deposito <br\/>+ 100 girigratis alla convalida del conto<\/td><td class=\"column-4\">87%<br \/>\n<a href=\"https:\/\/www.casinobonusradar.com\/it\/online-casino\/netbet-casino\/\">Info<\/a><\/td><td class=\"column-5\"><a class=\"big-button bigblue\" href=\"\/it\/goto\/netbet\" target=\"_blank\" rel=\"noopener noreferrer\">Richiedi il Bonus<\/a><\/td>\n<\/tr>\n<tr class=\"row-5 odd\">\n\t<td class=\"column-1\"><\/td><td class=\"column-2\"><a target=\"_blank\" href=\"https:\/\/www.casinobonusradar.com\/it\/goto\/leovegas\" rel=\"noopener noreferrer\"><img src=\"https:\/\/www.casinobonusradar.com\/it\/wp-content\/uploads\/sites\/4\/2018\/07\/leovegas_bg.jpg\" alt=\"\" width=\"250\" height=\"150\" class=\"alignleft size-full wp-image-623\" \/><\/a><\/td><td class=\"column-3\">Bonus fino a 1000\u20ac + 70 giri gratis<\/td><td class=\"column-4\">86%<br \/>\n<a href=\"\/it\/leovegas-casino\/\">Info<\/a><\/td><td class=\"column-5\"><a class=\"big-button bigblue\" href=\"\/it\/goto\/leovegas\" target=\"_blank\" rel=\"noopener noreferrer\">Informazioni <\/a><\/td>\n<\/tr>\n<tr class=\"row-6 even\">\n\t<td class=\"column-1\"><\/td><td class=\"column-2\"><a target=\"_blank\" href=\"https:\/\/www.casinobonusradar.com\/it\/goto\/casino.com\" rel=\"noopener noreferrer\"><img src=\"https:\/\/www.casinobonusradar.com\/it\/wp-content\/uploads\/sites\/4\/2018\/05\/casinocom_bg.jpg\" alt=\"\" width=\"250\" height=\"150\" class=\"alignleft size-full wp-image-168\" \/><\/a><\/td><td class=\"column-3\">100% fino a 500\u20ac + 10\u20ac senza deposito <\/td><td class=\"column-4\">85%<br \/>\n<a href=\"https:\/\/www.casinobonusradar.com\/it\/online-casino\/casino-com-casino\/\">Info<\/a><\/td><td class=\"column-5\"><a class=\"big-button bigblue\" href=\"\/it\/goto\/casino.com\" target=\"_blank\" rel=\"noopener noreferrer\">Richiedi il Bonus<\/a><\/td>\n<\/tr>\n<tr class=\"row-7 odd\">\n\t<td class=\"column-1\"><\/td><td class=\"column-2\"><a target=\"_blank\" href=\"https:\/\/www.casinobonusradar.com\/it\/goto\/snai\" rel=\"noopener noreferrer\"><img src=\"https:\/\/www.casinobonusradar.com\/it\/wp-content\/uploads\/sites\/4\/2018\/05\/snai_bg.jpg\" alt=\"\" width=\"250\" height=\"150\" class=\"alignleft size-full wp-image-140\" \/><\/a><\/td><td class=\"column-3\">100% fino a 1000\u20ac + 15\u20ac senza deposito <\/td><td class=\"column-4\">84%<br \/>\n<a href=\"https:\/\/www.casinobonusradar.com\/it\/online-casino\/snai-casino\/\">Info<\/a><\/td><td class=\"column-5\"><a class=\"big-button bigblue\" href=\"\/it\/goto\/snai\" target=\"_blank\" rel=\"noopener noreferrer\">Richiedi il Bonus<\/a><\/td>\n<\/tr>\n<tr class=\"row-8 even\">\n\t<td class=\"column-1\"><\/td><td class=\"column-2\"><a target=\"_blank\" href=\"https:\/\/www.casinobonusradar.com\/it\/goto\/eurobet\" rel=\"noopener noreferrer\"><img src=\"https:\/\/www.casinobonusradar.com\/it\/wp-content\/uploads\/sites\/4\/2018\/04\/eurobet_bg.jpg\" alt=\"\" width=\"250\" height=\"150\" class=\"alignleft size-full wp-image-103\" \/><\/a><\/td><td class=\"column-3\">fino a 1000\u20ac <\/td><td class=\"column-4\">82%<br \/>\n<a href=\"https:\/\/www.casinobonusradar.com\/it\/online-casino\/eurobet-casino\/\">Info<\/a><\/td><td class=\"column-5\"><a class=\"big-button bigblue\" href=\"\/it\/goto\/eurobet\" target=\"_blank\" rel=\"noopener noreferrer\">Richiedi il Bonus<\/a><\/td>\n<\/tr>\n<\/tbody>\n<\/table>\n<!-- #tablepress-8 from cache --><\/p>\n<div class=\"show-more-general more\"><\/div>\n<\/div>\n<p>Vi piace l\u2019idea di usare Bitcoin come valuta di pagamento? State cercando un casin\u00f2 Bitcoin?\u00a0 Se \u00e8 cos\u00ec, leggete sotto la nostra recensione \u2013 guida di casin\u00f2 Bitcoin: Pagamento con BITCOIN nei Casin\u00f2 online e iniziate il vostro gioco!<\/p>\n<p><img decoding=\"async\" loading=\"lazy\" class=\"alignnone size-large wp-image-15670\" src=\"https:\/\/www.casinobonusradar.com\/it\/wp-content\/uploads\/sites\/4\/2018\/11\/bitcoin2-1024x512.jpg\" alt=\"\" width=\"1024\" height=\"512\" srcset=\"https:\/\/www.casinobonusradar.com\/wp-content\/uploads\/sites\/4\/2018\/11\/bitcoin2-1024x512.jpg 1024w, https:\/\/www.casinobonusradar.com\/wp-content\/uploads\/sites\/4\/2018\/11\/bitcoin2-300x150.jpg 300w, https:\/\/www.casinobonusradar.com\/wp-content\/uploads\/sites\/4\/2018\/11\/bitcoin2-768x384.jpg 768w, https:\/\/www.casinobonusradar.com\/wp-content\/uploads\/sites\/4\/2018\/11\/bitcoin2-1080x540.jpg 1080w, https:\/\/www.casinobonusradar.com\/wp-content\/uploads\/sites\/4\/2018\/11\/bitcoin2-1280x640.jpg 1280w, https:\/\/www.casinobonusradar.com\/wp-content\/uploads\/sites\/4\/2018\/11\/bitcoin2.jpg 2000w\" sizes=\"(max-width: 1024px) 100vw, 1024px\" \/><\/p>\n<div id=\"toc_container\" class=\"no_bullets\"><p class=\"toc_title\">Contents<\/p><ul class=\"toc_list\"><li><a href=\"#BITCOIN_UNA_PANAORAMICA\"><span class=\"toc_number toc_depth_1\">1<\/span> BITCOIN: UNA PANAORAMICA<\/a><\/li><li><a href=\"#CASINO_CON_BITCOIN_VANTAGGI_E_SVANTAGGI\"><span class=\"toc_number toc_depth_1\">2<\/span> CASINO CON BITCOIN: VANTAGGI E SVANTAGGI<\/a><\/li><li><a href=\"#DEPOSITO_CON_BITCOIN\"><span class=\"toc_number toc_depth_1\">3<\/span> DEPOSITO CON BITCOIN<\/a><\/li><li><a href=\"#PAGAMENTO_CON_BITCOIN\"><span class=\"toc_number toc_depth_1\">4<\/span> PAGAMENTO CON BITCOIN<\/a><\/li><li><a href=\"#BONUS_Casino\"><span class=\"toc_number toc_depth_1\">5<\/span> BONUS Casin\u00f2<\/a><\/li><li><a href=\"#CONCLUSIONI\"><span class=\"toc_number toc_depth_1\">6<\/span> CONCLUSIONI<\/a><\/li><\/ul><\/div>\n<h2><span id=\"BITCOIN_UNA_PANAORAMICA\">BITCOIN: UNA PANAORAMICA<\/span><\/h2>\n<p><strong>Come nasce Bitcoin?<\/strong><\/p>\n<p>Il primo network di Bitcoin \u00e8 nato nel 2009 ma il suo inventore \u00e8 ancora sconosciuto. Inizialmente si era pensato a Elon Musk che tuttavia ha sempre smentito ogni legame con l\u2019invenzione di questa cripto valuta.<\/p>\n<p>Bitcoin come valuta elettronica moderna ha raggiunto il mercato mainstream nel 2011, diventando la prima valuta decentralizzata al mondo. Bitcoin \u00e8 diverso dalle valute tradizionali perch\u00e9 non si appoggia a terze parti. Infatti, per esso non esiste una banca centrale, \u00e8 una moneta totalmente libera con emissione automatica e costante che funziona solamente nel mercato peer-to-peer.<\/p>\n<p>Oggi migliaia di business online offrono Bitcoin come opzione di pagamento anche nel gioco in rete, contando un numero di italiani che si avvicinano al mondo del Bitcoin nell\u2019ambito dei casin\u00f2 online sempre in crescita.<\/p>\n<p><strong>Come pagare con Bitcoin nei casin\u00f2 online?<\/strong><strong>\u00a0<\/strong><\/p>\n<p>Per possedere il primo Bitcoin basta scaricare un software sul proprio computer o smartphone e aprire un conto virtuale: l\u00ec vi confluiranno sia i Bitcoin comprati in valuta reale, che quelli ottenuti come pagamento per vendite e servizi o addirittura quelli ricavati tramite estrazione.<\/p>\n<p>Fatto ci\u00f2, questa cripto valuta potr\u00e0 essere utilizzata proprio come una moneta reale e quindi potr\u00e0 essere usata anche nei casin\u00f2 che accettano Bitcoin!<\/p>\n<p><strong>Esistono casin\u00f2 che accettano Bitcoin disponibili nei dispositivi mobili?<\/strong><strong>\u00a0<\/strong><\/p>\n<p>Quasi tutti i casin\u00f2 con Bitcoin, oggi, oltre alla versione desktop hanno anche una versione per smartphone e tablet, da scaricare o da giocare via browser. Perci\u00f2 potrete giocare in serenit\u00e0 ovunque vi troviate!<\/p>\n<h2><span id=\"CASINO_CON_BITCOIN_VANTAGGI_E_SVANTAGGI\">CASINO CON BITCOIN: VANTAGGI E SVANTAGGI<\/span><\/h2>\n<p>Interessati a giocare in un casin\u00f2 online con Bitcoin? I vantaggi dell\u2019uso di questa cripto valuta digitale cos\u00ec alternativa sono numerosi. Andiamo a scoprirli pi\u00f9 nello specifico.<\/p>\n<ul>\n<li>Decentralizzazione con assenza di terze parti (come stati, banche centrali o istituti finanziari) coinvolte nelle transazioni e nel trasferimento fondi;<\/li>\n<li>Assenza di commissioni di servizio da pagare a terze parti e nella maggior parte dei casi, anche assenza dei costi di deposito (alcuni casin\u00f2 online Bitcoin a volte potrebbero accreditare piccole somme di denaro quindi \u00e8 sempre meglio controllare i termini e condizioni del bookmaker scelto);<\/li>\n<li>Maggiore sicurezza nelle transazioni in rete grazie alla funzione \u201chash\u201d crittografica;<\/li>\n<li>Possibilit\u00e0 di gioco anonimo in quanto i casin\u00f2 online Bitcoin richiedono ai loro giocatori solamente l\u2019indirizzo email. Tuttavia, al fine di salvaguardare la vostra privacy dovete assicurarvi di non condividere con nessuno il vostro indirizzo Bitcoin e i vostri dettagli di identificazione. Questo perch\u00e9 tutte le transazioni Bitcoin sono salvate permanentemente in un network pubblico.<\/li>\n<\/ul>\n<p>Bitcoin \u00e8 sicuramente il metodo pi\u00f9 innovativo al momento ma questo non esclude il fatto della presenza di alcuni svantaggi che elenchiamo di seguito:<\/p>\n<ul>\n<li>Il valore dei Bitcoin tende a fluttuare: dal momento che esso \u00e8 una valuta relativamente nuova, il suo valore tende ad aumentare ma anche a diminuire in un lasso di tempo molto ridotto.<\/li>\n<li>Irreversibilit\u00e0 del processo di pagamento una volta effettuato: bisogna ricordare che se si sceglie di trasferire dei fondi usando Bitcoin, non \u00e8 possibile in nessun modo cancellare il pagamento. In pratica, i Bitcoin possono essere restituiti soltanto dai casin\u00f2 online ai quali sono stati trasferiti inizialmente.<\/li>\n<li>Tassazione sulle vincite: agli scommettitori potrebbe essere richiesto di pagare una tassa sulla cifra totale anche se Bitcoin non \u00e8 riconosciuta dallo Stato come valuta ufficiale (questo \u00e8 dovuto al fatto che la cripto valuta in questione detiene sempre un valore economico).<\/li>\n<\/ul>\n<h2><span id=\"DEPOSITO_CON_BITCOIN\">DEPOSITO CON BITCOIN<\/span><\/h2>\n<p>Per depositare in un casin\u00f2 online con Bitcoin bisogna prima di tutto creare un portafoglio elettronico che dovrete successivamente caricare acquistando i Bitcoin da utilizzare. Fatto ci\u00f2, non resta che scegliere il casin\u00f2 in cui si vuole iniziare a giocare, aprire un conto gioco e depositare il bankroll.<\/p>\n<p>I fondi di un account Bitcoin sono trasferiti tra voi e il casin\u00f2, tramite indirizzi Bitcoin caratterizzati da una serie di lettere e numeri, che di solito vanno dai 27 ai 38 caratteri di lunghezza.<\/p>\n<p>Ricordate sempre inoltre che con il primo deposito molti casin\u00f2 online con Bitcoin offrono la possibilit\u00e0 di ricevere bonus e promozioni.\u00a0 Potete scegliere qui il miglior casin\u00f2 online che prevede codici per l'attivazione di promozioni e bonus: <a href=\"https:\/\/www.casinobonusradar.com\/it\/codici-bonus-casino\/\">https:\/\/www.casinobonusradar.com\/it\/codici-bonus-casino\/<\/a><\/p>\n<h2><span id=\"PAGAMENTO_CON_BITCOIN\">PAGAMENTO CON BITCOIN<\/span><\/h2>\n<p>Per prelevare le vostre vincite in un casin\u00f2 con Bitcoin, la prima cosa da fare \u00e8 quella di andare sulla pagina delle opzioni di pagamento del casin\u00f2 online in cui avete i vostri soldi. Una volta sulla pagina, inserite l\u2019indirizzo del vostro portafoglio Bitcoin.<\/p>\n<p>Attendete quindi il completamento del trasferimento del denaro dal vostro conto gioco al vostro portafoglio elettronico.<\/p>\n<p><img decoding=\"async\" loading=\"lazy\" class=\"alignnone size-full wp-image-15671\" src=\"https:\/\/www.casinobonusradar.com\/it\/wp-content\/uploads\/sites\/4\/2018\/11\/bitcoin.jpg\" alt=\"\" width=\"960\" height=\"604\" srcset=\"https:\/\/www.casinobonusradar.com\/wp-content\/uploads\/sites\/4\/2018\/11\/bitcoin.jpg 960w, https:\/\/www.casinobonusradar.com\/wp-content\/uploads\/sites\/4\/2018\/11\/bitcoin-300x189.jpg 300w, https:\/\/www.casinobonusradar.com\/wp-content\/uploads\/sites\/4\/2018\/11\/bitcoin-768x483.jpg 768w, https:\/\/www.casinobonusradar.com\/wp-content\/uploads\/sites\/4\/2018\/11\/bitcoin-320x200.jpg 320w\" sizes=\"(max-width: 960px) 100vw, 960px\" \/><\/p>\n<h2><span id=\"BONUS_Casino\">BONUS Casin\u00f2<\/span><\/h2>\n<p>I casin\u00f2 Bitcoin offrono dei bonus molto generosi, che li rendono ancora pi\u00f9 attraenti. Essi permettono infatti ai propri giocatori di godere di ottimi <a href=\"https:\/\/www.casinobonusradar.com\/it\/bonus-benvenuto\/\">bonus di benvenuto<\/a>, <a href=\"https:\/\/www.casinobonusradar.com\/it\/bonus-senza-deposito\/\">bonus senza deposito<\/a>, <a href=\"https:\/\/www.casinobonusradar.com\/it\/giri-gratis\/\">bonus free spins<\/a> e bonus cashback.<\/p>\n<p>Le offerte dei casin\u00f2 online Bitcoin esteri possono essere molto allettanti ma ricordate che non vi \u00e8 un ente regolatore come AAMS ad assicurarvi la loro affidabilit\u00e0.<\/p>\n<p>Qui di seguito potete trovare una lista con i migliori bonus casin\u00f2 online del 2018.<\/p>\n<h2><span id=\"CONCLUSIONI\">CONCLUSIONI<\/span><\/h2>\n<p>Pur essendo un metodo di pagamento sempre pi\u00f9 popolare tra gli italiani, purtroppo AAMS non ha ancora autorizzato nel nostro Paese i casin\u00f2 con Bitcoin.<\/p>\n<p>L\u2019ente regolatore deve sottostare infatti a delle leggi sulla sicurezza molto severe e i casin\u00f2 autorizzati AAMS devono fornire a tutti i giocatori la massima trasparenza\u00a0sulle transazioni.<\/p>\n<p>Bitcoin invece, permettendo di effettuare delle transazioni istantanee senza la mediazione di istituti finanziari tra utenti anonimi, presenta delle caratteristiche che, almeno per il momento, non autorizzano AAMS a concedere le licenze ai casin\u00f2 online italiani con Bitcoin.<\/p>\n<p><strong>Il migliore Bonus Benvenuto:\u00a0<\/strong><\/p>\n\n        <div class=\"bonusoffer_wrap\">                        \n            <div class=\"bonusoffer_main_text\"><span> 20\u20ac bonus senza deposito + Bonus fino a 1000\u20ac <\/span><div class=\"et_pb_button_module_wrapper et_pb_module et_pb_button_alignment_center\"><a class=\"et_pb_button et_pb_custom_button_icon et_pb_button_1 et_pb_module et_pb_bg_layout_dark\" href=\"https:\/\/www.casinobonusradar.com\/it\/goto\/starcasino\" target=\"_blank\" data-icon=\"=\">Ottieni il bonus<\/a><\/div>\n        <\/div><\/div>\n        <div class=\"clear\"><\/div>        \n  \n<p><strong>\u00a0<\/strong><\/p>\n","protected":false},"excerpt":{"rendered":"<p>Bitcoin \u00e8 una cripto valuta digitale e innovativa che si sta rivelando uno dei trend emergenti tra gli scommettitori italiani e del mondo. Probabilmente, il motivo principale del suo successo \u00e8 dovuto al fatto che semplifica in modo indiscusso la vita dei giocatori sia dal punto di vista delle transazioni di deposito che di pagamento [&hellip;]<\/p>\n","protected":false},"author":4,"featured_media":15670,"parent":0,"menu_order":0,"comment_status":"closed","ping_status":"closed","template":"","meta":[],"categories":[9],"tags":[],"yoast_head":"<!-- This site is optimized with the Yoast SEO plugin v19.10 - https:\/\/yoast.com\/wordpress\/plugins\/seo\/ -->\n<title>Pagamento con BITCOIN nei Casin\u00f2 online | Casino Bonus Radar IT<\/title>\n<meta name=\"description\" content=\"Scopri come effettuare un pagamento con BITCOIN nei casin\u00f2 online. Tutto ci\u00f2 che c&#039;\u00e8 da sapere sui Bitcoin,una cripto valuta digitale sempre pi\u00f9 popolare anche nei Casin\u00f2 online. Leggi la nostra guida ai metodi di pagamento.\" \/>\n<meta name=\"robots\" content=\"index, follow, max-snippet:-1, max-image-preview:large, max-video-preview:-1\" \/>\n<link rel=\"canonical\" href=\"https:\/\/www.casinobonusradar.com\/it\/pagamento-con-bitcoin-nei-casino-online\/\" \/>\n<meta property=\"og:locale\" content=\"it_IT\" \/>\n<meta property=\"og:type\" content=\"article\" \/>\n<meta property=\"og:title\" content=\"Pagamento con BITCOIN nei Casin\u00f2 online | Casino Bonus Radar IT\" \/>\n<meta property=\"og:description\" content=\"Scopri come effettuare un pagamento con BITCOIN nei casin\u00f2 online. Tutto ci\u00f2 che c&#039;\u00e8 da sapere sui Bitcoin,una cripto valuta digitale sempre pi\u00f9 popolare anche nei Casin\u00f2 online. Leggi la nostra guida ai metodi di pagamento.\" \/>\n<meta property=\"og:url\" content=\"https:\/\/www.casinobonusradar.com\/it\/pagamento-con-bitcoin-nei-casino-online\/\" \/>\n<meta property=\"og:site_name\" content=\"Casino Bonus Radar IT\" \/>\n<meta property=\"article:modified_time\" content=\"2019-03-28T06:54:05+00:00\" \/>\n<meta property=\"og:image\" content=\"https:\/\/www.casinobonusradar.com\/wp-content\/uploads\/sites\/4\/2018\/11\/bitcoin2.jpg\" \/>\n\t<meta property=\"og:image:width\" content=\"2000\" \/>\n\t<meta property=\"og:image:height\" content=\"1000\" \/>\n\t<meta property=\"og:image:type\" content=\"image\/jpeg\" \/>\n<meta name=\"twitter:card\" content=\"summary_large_image\" \/>\n<meta name=\"twitter:label1\" content=\"Est. reading time\" \/>\n\t<meta name=\"twitter:data1\" content=\"5 minutes\" \/>\n<script type=\"application\/ld+json\" class=\"yoast-schema-graph\">{\"@context\":\"https:\/\/schema.org\",\"@graph\":[{\"@type\":\"WebPage\",\"@id\":\"https:\/\/www.casinobonusradar.com\/it\/pagamento-con-bitcoin-nei-casino-online\/\",\"url\":\"https:\/\/www.casinobonusradar.com\/it\/pagamento-con-bitcoin-nei-casino-online\/\",\"name\":\"Pagamento con BITCOIN nei Casin\u00f2 online | Casino Bonus Radar IT\",\"isPartOf\":{\"@id\":\"https:\/\/www.casinobonusradar.com\/it\/#website\"},\"datePublished\":\"2018-07-03T07:42:42+00:00\",\"dateModified\":\"2019-03-28T06:54:05+00:00\",\"description\":\"Scopri come effettuare un pagamento con BITCOIN nei casin\u00f2 online. Tutto ci\u00f2 che c'\u00e8 da sapere sui Bitcoin,una cripto valuta digitale sempre pi\u00f9 popolare anche nei Casin\u00f2 online. Leggi la nostra guida ai metodi di pagamento.\",\"breadcrumb\":{\"@id\":\"https:\/\/www.casinobonusradar.com\/it\/pagamento-con-bitcoin-nei-casino-online\/#breadcrumb\"},\"inLanguage\":\"it-IT\",\"potentialAction\":[{\"@type\":\"ReadAction\",\"target\":[\"https:\/\/www.casinobonusradar.com\/it\/pagamento-con-bitcoin-nei-casino-online\/\"]}]},{\"@type\":\"BreadcrumbList\",\"@id\":\"https:\/\/www.casinobonusradar.com\/it\/pagamento-con-bitcoin-nei-casino-online\/#breadcrumb\",\"itemListElement\":[{\"@type\":\"ListItem\",\"position\":1,\"name\":\"Home\",\"item\":\"https:\/\/www.casinobonusradar.com\/it\/\"},{\"@type\":\"ListItem\",\"position\":2,\"name\":\"Pagamento con BITCOIN nei Casin\u00f2 online\"}]},{\"@type\":\"WebSite\",\"@id\":\"https:\/\/www.casinobonusradar.com\/it\/#website\",\"url\":\"https:\/\/www.casinobonusradar.com\/it\/\",\"name\":\"Casino Bonus Radar IT\",\"description\":\"\",\"potentialAction\":[{\"@type\":\"SearchAction\",\"target\":{\"@type\":\"EntryPoint\",\"urlTemplate\":\"https:\/\/www.casinobonusradar.com\/it\/?s={search_term_string}\"},\"query-input\":\"required name=search_term_string\"}],\"inLanguage\":\"it-IT\"}]}<\/script>\n<!-- \/ Yoast SEO plugin. -->","yoast_head_json":{"title":"Pagamento con BITCOIN nei Casin\u00f2 online | Casino Bonus Radar IT","description":"Scopri come effettuare un pagamento con BITCOIN nei casin\u00f2 online. Tutto ci\u00f2 che c'\u00e8 da sapere sui Bitcoin,una cripto valuta digitale sempre pi\u00f9 popolare anche nei Casin\u00f2 online. Leggi la nostra guida ai metodi di pagamento.","robots":{"index":"index","follow":"follow","max-snippet":"max-snippet:-1","max-image-preview":"max-image-preview:large","max-video-preview":"max-video-preview:-1"},"canonical":"https:\/\/www.casinobonusradar.com\/it\/pagamento-con-bitcoin-nei-casino-online\/","og_locale":"it_IT","og_type":"article","og_title":"Pagamento con BITCOIN nei Casin\u00f2 online | Casino Bonus Radar IT","og_description":"Scopri come effettuare un pagamento con BITCOIN nei casin\u00f2 online. Tutto ci\u00f2 che c'\u00e8 da sapere sui Bitcoin,una cripto valuta digitale sempre pi\u00f9 popolare anche nei Casin\u00f2 online. Leggi la nostra guida ai metodi di pagamento.","og_url":"https:\/\/www.casinobonusradar.com\/it\/pagamento-con-bitcoin-nei-casino-online\/","og_site_name":"Casino Bonus Radar IT","article_modified_time":"2019-03-28T06:54:05+00:00","og_image":[{"width":2000,"height":1000,"url":"https:\/\/www.casinobonusradar.com\/wp-content\/uploads\/sites\/4\/2018\/11\/bitcoin2.jpg","type":"image\/jpeg"}],"twitter_card":"summary_large_image","twitter_misc":{"Est. reading time":"5 minutes"},"schema":{"@context":"https:\/\/schema.org","@graph":[{"@type":"WebPage","@id":"https:\/\/www.casinobonusradar.com\/it\/pagamento-con-bitcoin-nei-casino-online\/","url":"https:\/\/www.casinobonusradar.com\/it\/pagamento-con-bitcoin-nei-casino-online\/","name":"Pagamento con BITCOIN nei Casin\u00f2 online | Casino Bonus Radar IT","isPartOf":{"@id":"https:\/\/www.casinobonusradar.com\/it\/#website"},"datePublished":"2018-07-03T07:42:42+00:00","dateModified":"2019-03-28T06:54:05+00:00","description":"Scopri come effettuare un pagamento con BITCOIN nei casin\u00f2 online. Tutto ci\u00f2 che c'\u00e8 da sapere sui Bitcoin,una cripto valuta digitale sempre pi\u00f9 popolare anche nei Casin\u00f2 online. Leggi la nostra guida ai metodi di pagamento.","breadcrumb":{"@id":"https:\/\/www.casinobonusradar.com\/it\/pagamento-con-bitcoin-nei-casino-online\/#breadcrumb"},"inLanguage":"it-IT","potentialAction":[{"@type":"ReadAction","target":["https:\/\/www.casinobonusradar.com\/it\/pagamento-con-bitcoin-nei-casino-online\/"]}]},{"@type":"BreadcrumbList","@id":"https:\/\/www.casinobonusradar.com\/it\/pagamento-con-bitcoin-nei-casino-online\/#breadcrumb","itemListElement":[{"@type":"ListItem","position":1,"name":"Home","item":"https:\/\/www.casinobonusradar.com\/it\/"},{"@type":"ListItem","position":2,"name":"Pagamento con BITCOIN nei Casin\u00f2 online"}]},{"@type":"WebSite","@id":"https:\/\/www.casinobonusradar.com\/it\/#website","url":"https:\/\/www.casinobonusradar.com\/it\/","name":"Casino Bonus Radar IT","description":"","potentialAction":[{"@type":"SearchAction","target":{"@type":"EntryPoint","urlTemplate":"https:\/\/www.casinobonusradar.com\/it\/?s={search_term_string}"},"query-input":"required name=search_term_string"}],"inLanguage":"it-IT"}]}},"_links":{"self":[{"href":"https:\/\/www.casinobonusradar.com\/it\/wp-json\/wp\/v2\/pages\/657"}],"collection":[{"href":"https:\/\/www.casinobonusradar.com\/it\/wp-json\/wp\/v2\/pages"}],"about":[{"href":"https:\/\/www.casinobonusradar.com\/it\/wp-json\/wp\/v2\/types\/page"}],"author":[{"embeddable":true,"href":"https:\/\/www.casinobonusradar.com\/it\/wp-json\/wp\/v2\/users\/4"}],"replies":[{"embeddable":true,"href":"https:\/\/www.casinobonusradar.com\/it\/wp-json\/wp\/v2\/comments?post=657"}],"version-history":[{"count":9,"href":"https:\/\/www.casinobonusradar.com\/it\/wp-json\/wp\/v2\/pages\/657\/revisions"}],"predecessor-version":[{"id":16099,"href":"https:\/\/www.casinobonusradar.com\/it\/wp-json\/wp\/v2\/pages\/657\/revisions\/16099"}],"wp:featuredmedia":[{"embeddable":true,"href":"https:\/\/www.casinobonusradar.com\/it\/wp-json\/wp\/v2\/media\/15670"}],"wp:attachment":[{"href":"https:\/\/www.casinobonusradar.com\/it\/wp-json\/wp\/v2\/media?parent=657"}],"wp:term":[{"taxonomy":"category","embeddable":true,"href":"https:\/\/www.casinobonusradar.com\/it\/wp-json\/wp\/v2\/categories?post=657"},{"taxonomy":"post_tag","embeddable":true,"href":"https:\/\/www.casinobonusradar.com\/it\/wp-json\/wp\/v2\/tags?post=657"}],"curies":[{"name":"wp","href":"https:\/\/api.w.org\/{rel}","templated":true}]}}