{"id":416,"date":"2018-05-25T07:19:59","date_gmt":"2018-05-25T07:19:59","guid":{"rendered":"https:\/\/www.casinobonusradar.com\/it\/?page_id=416"},"modified":"2018-07-18T07:33:26","modified_gmt":"2018-07-18T07:33:26","slug":"impressum","status":"publish","type":"page","link":"https:\/\/www.casinobonusradar.com\/it\/impressum\/","title":{"rendered":"Impressum Casinobonusradar.com\/it"},"content":{"rendered":"<p>Secondo \u00a7 5 TMG:<\/p>\n<p>Sito della societ\u00e0: <a href=\"http:\/\/www.wis-ltd.net\/\">https:\/\/casinobonusradar.com<\/a><\/p>\n<h2><\/h2>\n<div id=\"toc_container\" class=\"no_bullets\"><p class=\"toc_title\">Contents<\/p><ul class=\"toc_list\"><li><a href=\"#Avviso_legale_per_gli_utenti_di_questo_sito_Web_offrono\"><span class=\"toc_number toc_depth_1\">1<\/span> Avviso legale per gli utenti di questo sito Web offrono:<\/a><\/li><li><a href=\"#Responsabilita_per_il_contenuto\"><span class=\"toc_number toc_depth_1\">2<\/span> Responsabilit\u00e0 per il contenuto:<\/a><\/li><li><a href=\"#Responsabilita_per_i_links\"><span class=\"toc_number toc_depth_1\">3<\/span> Responsabilit\u00e0 per i links<\/a><\/li><li><a href=\"#Copyright\"><span class=\"toc_number toc_depth_1\">4<\/span> Copyright<\/a><\/li><li><a href=\"#Protezione_dei_dati_e_politica_sulla_privacy\"><span class=\"toc_number toc_depth_1\">5<\/span> Protezione dei dati e politica sulla privacy<\/a><\/li><\/ul><\/div>\n<h2><span id=\"Avviso_legale_per_gli_utenti_di_questo_sito_Web_offrono\">Avviso legale per gli utenti di questo sito Web offrono:<\/span><\/h2>\n<p>In alcuni paesi, la partecipazione alle attivit\u00e0 promosse su questo sito \u00e8 considerata come gioco d'azzardo. Le leggi del gioco d'azzardo differiscono da paese a paese nell'UE. Come regola generale, le attivit\u00e0 promosse su questo sito sono consentite solo ai maggiorenni, dopo i 18 anni di et\u00e0. \u00c8 doveroso anche far notare il rischio della dipendenza, che pu\u00f2 innescarsi con la partecipazione al gioco d'azzardo. Se desideri utilizzare le nostre offerte, ti preghiamo di informarti in anticipo sulla situazione legale nel tuo paese e, se necessario, sullo stato federale.<\/p>\n<p>&nbsp;<\/p>\n<h2><span id=\"Responsabilita_per_il_contenuto\">Responsabilit\u00e0 per il contenuto:<\/span><\/h2>\n<p>Il contenuto delle nostre pagine \u00e8 stato creato con grande cura. Tuttavia, non ci assumiamo alcuna responsabilit\u00e0 per l'accuratezza, la completezza e la tempestivit\u00e0 del contenuto.<\/p>\n<p>Come fornitore di servizi siamo responsabili secondo \u00a7 7 Abs.1 TMG per i propri contenuti sui nostri siti secondo le leggi generali. Secondo \u00a7\u00a7 8-10 TMG, tuttavia, non vi \u00e8 alcuna indicazione che siano illegali. Gli obblighi di rimozione o blocco rimangono inalterati. Una responsabilit\u00e0 a questo proposito, tuttavia, \u00e8 possibile solo dalla data di conoscenza di una specifica violazione. Se veniamo a conoscenza di tali violazioni, rimuoveremo immediatamente tali contenuti.<\/p>\n<p>&nbsp;<\/p>\n<h2><span id=\"Responsabilita_per_i_links\">Responsabilit\u00e0 per i links<\/span><\/h2>\n<p>La nostra offerta contiene link a siti Web esterni di terze parti sui cui contenuti non abbiamo alcuna influenza. Pertanto, non ci assumiamo alcuna responsabilit\u00e0 per i contenuti esterni. Il particolare fornitore o operatore delle pagine \u00e8 sempre responsabile per il contenuto delle pagine collegate. I siti Web collegati sono stati controllati per eventuali violazioni legali al momento del collegamento. Contenuti illegali non sono stati riconosciuti al momento del collegamento. Tuttavia, un controllo permanente del contenuto delle pagine collegate non \u00e8 ragionevole senza prove concrete di una violazione. Quando saremo a conoscenza di violazioni, rimuoveremo immediatamente tali collegamenti.<\/p>\n<p>&nbsp;<\/p>\n<h2><span id=\"Copyright\">Copyright<\/span><\/h2>\n<p>Il contenuto e le eventuali creazioni su queste pagine sono protetti da copyright. I contributi di terzi sono contrassegnati come tali. La riproduzione, l'elaborazione, la distribuzione e qualsiasi tipo di sfruttamento al di fuori dei limiti del diritto d'autore richiedono il consenso scritto dell'autore o del creatore. Download e copie di questo sito sono solo per uso privato e non commerciale.<\/p>\n<p>Gli operatori delle pagine si sforzano di osservare sempre il copyright degli altri o di utilizzare opere autoprodotte e prive di licenza.<\/p>\n<p>&nbsp;<\/p>\n<h2><span id=\"Protezione_dei_dati_e_politica_sulla_privacy\">Protezione dei dati e politica sulla privacy<\/span><\/h2>\n<p>Casinobonusradar.com\/it \u00e8 conforme alle leggi sulla protezione e sulla privacy. La nostra informativa sui cookie e sulla privacy \u00e8 disponibile qui:<\/p>\n<p>&nbsp;<\/p>\n<p>Informativa sui cookie [<a href=\"https:\/\/www.casinobonusradar.com\/it\/cookie-policy\/\">https:\/\/www.casinobonusradar.com\/it\/cookie-policy\/<\/a>]<\/p>\n<p>Informativa sulla privacy [<a href=\"https:\/\/www.casinobonusradar.com\/it\/privacy-policy\/\">https:\/\/www.casinobonusradar.com\/it\/privacy-policy\/<\/a>]<\/p>\n","protected":false},"excerpt":{"rendered":"<p>Secondo \u00a7 5 TMG: Sito della societ\u00e0: https:\/\/casinobonusradar.com Contents1 Avviso legale per gli utenti di questo sito Web offrono:2 Responsabilit\u00e0 per il contenuto:3 Responsabilit\u00e0 per i links4 Copyright5 Protezione dei dati e politica sulla privacy Avviso legale per gli utenti di questo sito Web offrono: In alcuni paesi, la partecipazione alle attivit\u00e0 promosse su questo [&hellip;]<\/p>\n","protected":false},"author":4,"featured_media":0,"parent":0,"menu_order":0,"comment_status":"closed","ping_status":"closed","template":"","meta":[],"categories":[],"tags":[],"yoast_head":"<!-- This site is optimized with the Yoast SEO plugin v19.10 - https:\/\/yoast.com\/wordpress\/plugins\/seo\/ -->\n<title>Impressum Casinobonusradar.com\/it | Casino Bonus Radar IT<\/title>\n<meta name=\"robots\" content=\"index, follow, max-snippet:-1, max-image-preview:large, max-video-preview:-1\" \/>\n<link rel=\"canonical\" href=\"https:\/\/www.casinobonusradar.com\/it\/impressum\/\" \/>\n<meta property=\"og:locale\" content=\"it_IT\" \/>\n<meta property=\"og:type\" content=\"article\" \/>\n<meta property=\"og:title\" content=\"Impressum Casinobonusradar.com\/it | Casino Bonus Radar IT\" \/>\n<meta property=\"og:description\" content=\"Secondo \u00a7 5 TMG: Sito della societ\u00e0: https:\/\/casinobonusradar.com Contents1 Avviso legale per gli utenti di questo sito Web offrono:2 Responsabilit\u00e0 per il contenuto:3 Responsabilit\u00e0 per i links4 Copyright5 Protezione dei dati e politica sulla privacy Avviso legale per gli utenti di questo sito Web offrono: In alcuni paesi, la partecipazione alle attivit\u00e0 promosse su questo [&hellip;]\" \/>\n<meta property=\"og:url\" content=\"https:\/\/www.casinobonusradar.com\/it\/impressum\/\" \/>\n<meta property=\"og:site_name\" content=\"Casino Bonus Radar IT\" \/>\n<meta property=\"article:modified_time\" content=\"2018-07-18T07:33:26+00:00\" \/>\n<meta name=\"twitter:card\" content=\"summary_large_image\" \/>\n<meta name=\"twitter:label1\" content=\"Est. reading time\" \/>\n\t<meta name=\"twitter:data1\" content=\"2 minutes\" \/>\n<script type=\"application\/ld+json\" class=\"yoast-schema-graph\">{\"@context\":\"https:\/\/schema.org\",\"@graph\":[{\"@type\":\"WebPage\",\"@id\":\"https:\/\/www.casinobonusradar.com\/it\/impressum\/\",\"url\":\"https:\/\/www.casinobonusradar.com\/it\/impressum\/\",\"name\":\"Impressum Casinobonusradar.com\/it | Casino Bonus Radar IT\",\"isPartOf\":{\"@id\":\"https:\/\/www.casinobonusradar.com\/it\/#website\"},\"datePublished\":\"2018-05-25T07:19:59+00:00\",\"dateModified\":\"2018-07-18T07:33:26+00:00\",\"breadcrumb\":{\"@id\":\"https:\/\/www.casinobonusradar.com\/it\/impressum\/#breadcrumb\"},\"inLanguage\":\"it-IT\",\"potentialAction\":[{\"@type\":\"ReadAction\",\"target\":[\"https:\/\/www.casinobonusradar.com\/it\/impressum\/\"]}]},{\"@type\":\"BreadcrumbList\",\"@id\":\"https:\/\/www.casinobonusradar.com\/it\/impressum\/#breadcrumb\",\"itemListElement\":[{\"@type\":\"ListItem\",\"position\":1,\"name\":\"Home\",\"item\":\"https:\/\/www.casinobonusradar.com\/it\/\"},{\"@type\":\"ListItem\",\"position\":2,\"name\":\"Impressum Casinobonusradar.com\/it\"}]},{\"@type\":\"WebSite\",\"@id\":\"https:\/\/www.casinobonusradar.com\/it\/#website\",\"url\":\"https:\/\/www.casinobonusradar.com\/it\/\",\"name\":\"Casino Bonus Radar IT\",\"description\":\"\",\"potentialAction\":[{\"@type\":\"SearchAction\",\"target\":{\"@type\":\"EntryPoint\",\"urlTemplate\":\"https:\/\/www.casinobonusradar.com\/it\/?s={search_term_string}\"},\"query-input\":\"required name=search_term_string\"}],\"inLanguage\":\"it-IT\"}]}<\/script>\n<!-- \/ Yoast SEO plugin. -->","yoast_head_json":{"title":"Impressum Casinobonusradar.com\/it | Casino Bonus Radar IT","robots":{"index":"index","follow":"follow","max-snippet":"max-snippet:-1","max-image-preview":"max-image-preview:large","max-video-preview":"max-video-preview:-1"},"canonical":"https:\/\/www.casinobonusradar.com\/it\/impressum\/","og_locale":"it_IT","og_type":"article","og_title":"Impressum Casinobonusradar.com\/it | Casino Bonus Radar IT","og_description":"Secondo \u00a7 5 TMG: Sito della societ\u00e0: https:\/\/casinobonusradar.com Contents1 Avviso legale per gli utenti di questo sito Web offrono:2 Responsabilit\u00e0 per il contenuto:3 Responsabilit\u00e0 per i links4 Copyright5 Protezione dei dati e politica sulla privacy Avviso legale per gli utenti di questo sito Web offrono: In alcuni paesi, la partecipazione alle attivit\u00e0 promosse su questo [&hellip;]","og_url":"https:\/\/www.casinobonusradar.com\/it\/impressum\/","og_site_name":"Casino Bonus Radar IT","article_modified_time":"2018-07-18T07:33:26+00:00","twitter_card":"summary_large_image","twitter_misc":{"Est. reading time":"2 minutes"},"schema":{"@context":"https:\/\/schema.org","@graph":[{"@type":"WebPage","@id":"https:\/\/www.casinobonusradar.com\/it\/impressum\/","url":"https:\/\/www.casinobonusradar.com\/it\/impressum\/","name":"Impressum Casinobonusradar.com\/it | Casino Bonus Radar IT","isPartOf":{"@id":"https:\/\/www.casinobonusradar.com\/it\/#website"},"datePublished":"2018-05-25T07:19:59+00:00","dateModified":"2018-07-18T07:33:26+00:00","breadcrumb":{"@id":"https:\/\/www.casinobonusradar.com\/it\/impressum\/#breadcrumb"},"inLanguage":"it-IT","potentialAction":[{"@type":"ReadAction","target":["https:\/\/www.casinobonusradar.com\/it\/impressum\/"]}]},{"@type":"BreadcrumbList","@id":"https:\/\/www.casinobonusradar.com\/it\/impressum\/#breadcrumb","itemListElement":[{"@type":"ListItem","position":1,"name":"Home","item":"https:\/\/www.casinobonusradar.com\/it\/"},{"@type":"ListItem","position":2,"name":"Impressum Casinobonusradar.com\/it"}]},{"@type":"WebSite","@id":"https:\/\/www.casinobonusradar.com\/it\/#website","url":"https:\/\/www.casinobonusradar.com\/it\/","name":"Casino Bonus Radar IT","description":"","potentialAction":[{"@type":"SearchAction","target":{"@type":"EntryPoint","urlTemplate":"https:\/\/www.casinobonusradar.com\/it\/?s={search_term_string}"},"query-input":"required name=search_term_string"}],"inLanguage":"it-IT"}]}},"_links":{"self":[{"href":"https:\/\/www.casinobonusradar.com\/it\/wp-json\/wp\/v2\/pages\/416"}],"collection":[{"href":"https:\/\/www.casinobonusradar.com\/it\/wp-json\/wp\/v2\/pages"}],"about":[{"href":"https:\/\/www.casinobonusradar.com\/it\/wp-json\/wp\/v2\/types\/page"}],"author":[{"embeddable":true,"href":"https:\/\/www.casinobonusradar.com\/it\/wp-json\/wp\/v2\/users\/4"}],"replies":[{"embeddable":true,"href":"https:\/\/www.casinobonusradar.com\/it\/wp-json\/wp\/v2\/comments?post=416"}],"version-history":[{"count":4,"href":"https:\/\/www.casinobonusradar.com\/it\/wp-json\/wp\/v2\/pages\/416\/revisions"}],"predecessor-version":[{"id":505,"href":"https:\/\/www.casinobonusradar.com\/it\/wp-json\/wp\/v2\/pages\/416\/revisions\/505"}],"wp:attachment":[{"href":"https:\/\/www.casinobonusradar.com\/it\/wp-json\/wp\/v2\/media?parent=416"}],"wp:term":[{"taxonomy":"category","embeddable":true,"href":"https:\/\/www.casinobonusradar.com\/it\/wp-json\/wp\/v2\/categories?post=416"},{"taxonomy":"post_tag","embeddable":true,"href":"https:\/\/www.casinobonusradar.com\/it\/wp-json\/wp\/v2\/tags?post=416"}],"curies":[{"name":"wp","href":"https:\/\/api.w.org\/{rel}","templated":true}]}}