{"id":411,"date":"2018-05-25T07:15:37","date_gmt":"2018-05-25T07:15:37","guid":{"rendered":"https:\/\/www.casinobonusradar.com\/it\/?page_id=411"},"modified":"2018-07-18T07:33:26","modified_gmt":"2018-07-18T07:33:26","slug":"cookie-policy","status":"publish","type":"page","link":"https:\/\/www.casinobonusradar.com\/it\/cookie-policy\/","title":{"rendered":"Cookie policy"},"content":{"rendered":"<p>Per offrirti una gamma completa di funzioni quando visiti il \u200b\u200bnostro sito web, per riconoscere le tue preferenze e rendere pi\u00f9 comodo e conveniente l'uso del nostro sito web, utilizziamo i &#8220;cookie&#8221;.<\/p>\n<div id=\"toc_container\" class=\"no_bullets\"><p class=\"toc_title\">Contents<\/p><ul class=\"toc_list\"><li><a href=\"#Cosa_sono_i_cookie\"><span class=\"toc_number toc_depth_1\">1<\/span> Cosa sono i cookie?<\/a><\/li><li><a href=\"#Le_tue_opzioni\"><span class=\"toc_number toc_depth_1\">2<\/span> Le tue opzioni<\/a><\/li><li><a href=\"#Categorie_dei_cookie\"><span class=\"toc_number toc_depth_1\">3<\/span> Categorie dei cookie<\/a><\/li><li><a href=\"#Necessita_tecnica\"><span class=\"toc_number toc_depth_1\">4<\/span> Necessit\u00e0 tecnica<\/a><\/li><li><a href=\"#Durata_di_archiviazione\"><span class=\"toc_number toc_depth_1\">5<\/span> Durata di archiviazione<\/a><\/li><li><a href=\"#Provider_di_cookie\"><span class=\"toc_number toc_depth_1\">6<\/span> Provider di cookie<\/a><\/li><li><a href=\"#Utilizzo_dei_cookie_per_l8217analisi_dei_dati_Web_e_misurazione_della_portata\"><span class=\"toc_number toc_depth_1\">7<\/span> Utilizzo dei cookie per l'analisi dei dati Web e misurazione della portata<\/a><\/li><li><a href=\"#Modifiche_della_policy\"><span class=\"toc_number toc_depth_1\">8<\/span> Modifiche della policy<\/a><\/li><\/ul><\/div>\n<h2><span id=\"Cosa_sono_i_cookie\">Cosa sono i cookie?<\/span><\/h2>\n<p>Un cookie, pixel o tecnologia simile \u00e8 un piccolo file o informazioni salvate sul tuo computer o dispositivo quando visiti il \u200b\u200bsito web. Consente al sito web di ricordare le tue azioni e preferenze (come login, lingua, dimensione del carattere e altre preferenze di visualizzazione) per un periodo di tempo, quindi non devi continuare a reinserirle quando torni sul sito o navigare da una pagina all'altra.<\/p>\n<h2><span id=\"Le_tue_opzioni\">Le tue opzioni<\/span><\/h2>\n<p>Utilizzando il nostro sito Web, l'utente accetta l'uso e la memorizzazione dei cookie sul proprio computer o dispositivo.<\/p>\n<p>In generale, \u00e8 possibile visualizzare il nostro sito Web senza cookie, ma alcune parti del sito Web potrebbero non funzionare correttamente o navigare pi\u00f9 lentamente.<\/p>\n<p>Se non si desidera memorizzare i cookie sul proprio computer o dispositivo, \u00e8 possibile disattivare l'opzione pertinente nelle impostazioni di sistema del proprio browser. Puoi anche eliminare i cookie memorizzati nelle impostazioni di sistema del tuo browser in qualsiasi momento.<\/p>\n<p>Ulteriori informazioni su come disattivare o eliminare i cookie possono essere trovate qui: https:\/\/www.aboutcookies.org\/cookie-faq\/. Tuttavia, tieni presente che se non accetti nessun cookie, ci\u00f2 potrebbe limitare la funzionalit\u00e0 delle nostre offerte.<\/p>\n<h2><span id=\"Categorie_dei_cookie\">Categorie dei cookie<\/span><\/h2>\n<p>Utilizziamo i cookie per diversi scopi e con diverse funzioni. Alcuni cookie sono:<\/p>\n<ul>\n<li>necessari in termini tecnici (necessit\u00e0 tecnica)<\/li>\n<li>memorizzati e utilizzati per un determinato periodo di tempo (durata di conservazione)<\/li>\n<li>inseriti e archiviati da noi o da terzi (fornitore di cookie)<\/li>\n<\/ul>\n<h2><span id=\"Necessita_tecnica\">Necessit\u00e0 tecnica<\/span><\/h2>\n<p>Cookie che sono tecnicamente:<\/p>\n<ul>\n<li>Necessari: Utilizziamo determinati cookie perch\u00e9 sono strettamente necessari per il corretto funzionamento del sito Web e delle sue funzioni. Questi cookie vengono automaticamente inseriti sul tuo computer o dispositivo quando accedi al sito web o ad una determinata funzione, a meno che tu non abbia impostato il browser in modo da rifiutare i cookie.<\/li>\n<li>Non necessari: i cookie che non sono strettamente necessari sono collocati sul computer o sul dispositivo per migliorare la praticit\u00e0 e le prestazioni del nostro sito Web o salvare determinate impostazioni che sono state fatte. Utilizziamo inoltre i cookie che non sono strettamente necessari in termini tecnici per ottenere informazioni sulla frequenza di utilizzo di alcune aree del nostro sito Web, in modo che possiamo adattarci alle vostre esigenze e ai vostri requisiti su una base pi\u00f9 mirata.<\/li>\n<\/ul>\n<h2><span id=\"Durata_di_archiviazione\">Durata di archiviazione<\/span><\/h2>\n<p><strong>Cookie di sessione<\/strong>: alcuni cookie sono necessari solo per la durata della sessione del tuo sito web, i cosiddetti &#8220;cookie di sessione&#8221;. Verranno cancellati o diverranno non validi non appena lascerai il nostro sito Web o scadr\u00e0 la sessione corrente. I cookie di sessione vengono utilizzati, ad esempio, per conservare determinate informazioni durante la sessione.<\/p>\n<p><strong>Cookie permanenti<\/strong>: alcuni cookie vengono archiviati per un periodo pi\u00f9 lungo. Ad esempio, consente di riconoscerti quando accedi nuovamente al nostro sito Web in un secondo momento e accedi alle impostazioni salvate. Di conseguenza, \u00e8 possibile accedere alle pagine Web pi\u00f9 rapidamente o con maggiore praticit\u00e0, ad esempio non \u00e8 necessario impostare nuovamente determinate opzioni, ad esempio la lingua scelta. I cookie permanenti vengono automaticamente cancellati dopo un periodo predefinito.<\/p>\n<p><strong>Flusso di cookie<\/strong>: questi cookie vengono utilizzati per la comunicazione tra i nostri server interni all'interno del nostro gruppo aziendale. Vengono posizionati sul computer o sul dispositivo quando si inizia a navigare nel sito Web e cancellati dopo la fine della navigazione sul sito Web. Ai cookie di flusso viene assegnato un numero identificativo univoco, ma non \u00e8 possibile trarre conclusioni in merito al cliente o all'utente effettivo.<\/p>\n<h2><span id=\"Provider_di_cookie\">Provider di cookie<\/span><\/h2>\n<p><strong>Cookie provider<\/strong>: questi sono i cookie inseriti da noi o dall'operatore del nostro sito Web, che \u00e8 commissionato da us.session.<\/p>\n<p><strong>Cookie di terze parti<\/strong>: i &#8220;cookie di terze parti&#8221; sono memorizzati e utilizzati da altre organizzazioni o siti Web, come ad esempio strumenti di analisi dei dati web. I fornitori esterni possono anche utilizzare i cookie per visualizzare pubblicit\u00e0 o integrare contenuti dai social network, come i social plugin. Per ulteriori informazioni sugli strumenti di analisi dei dati Web e sulla misurazione della copertura, vedere di seguito, questa cookie policy.<\/p>\n<h2><span id=\"Utilizzo_dei_cookie_per_l8217analisi_dei_dati_Web_e_misurazione_della_portata\">Utilizzo dei cookie per l'analisi dei dati Web e misurazione della portata<\/span><\/h2>\n<p>Utilizziamo Google Analytics, un servizio di analisi Web di Google Inc. (&#8220;Google&#8221;). Google Analytics utilizza i cookie per identificare la frequenza di utilizzo di alcune aree del nostro sito Web e per identificare le preferenze. Le informazioni riguardanti l'utilizzo di questo sito Web generate dal cookie (incluso il tuo indirizzo IP troncato) vengono trasferite su un server di Google negli Stati Uniti e l\u00ec memorizzate. Google utilizzer\u00e0 queste informazioni per analizzare l'utilizzo del sito Web, compilare report sulle attivit\u00e0 del sito Web per noi e svolgere ulteriori servizi associati all'uso del sito Web e all'uso di Internet. Google pu\u00f2 anche trasmettere queste informazioni a terzi ove richiesto dalla legge o nella misura in cui terze parti elaborino questi dati per conto di Google.<\/p>\n<p><strong>Puoi disattivare Google Analytics utilizzando un add-on del browser se non desideri che l'analisi del sito web abbia luogo. Puoi scaricare l\u2019add-on \u00a0qui:<\/strong> <a href=\"https:\/\/tools.google.com\/dlpage\/gaoptout?hl\">https:\/\/tools.google.com\/dlpage\/gaoptout?hl<\/a>=. Questo add-on memorizza le informazioni di &#8220;opt-out&#8221; sul dispositivo, che servono per abbinare la disattivazione di Google Analytics. Tieni presente che questo tipo di &#8220;disattivazione&#8221; comporta solo la disattivazione di Google Analytics per il dispositivo e il browser da cui \u00e8 stata attivata la disattivazione. Inoltre, potrebbe essere necessario riattivarlo, se elimini i cookie dal tuo dispositivo. I nostri cookie pi\u00f9 comuni sono:<\/p>\n<table width=\"652\">\n<tbody>\n<tr>\n<td style=\"text-align: center;\" width=\"131\"><strong>Nome del cookie<\/strong><\/td>\n<td style=\"text-align: center;\" width=\"133\"><strong>Cookie provider<\/strong><\/td>\n<td style=\"text-align: center;\" width=\"387\"><strong>Scopo<\/strong><\/td>\n<\/tr>\n<tr>\n<td style=\"text-align: center;\" width=\"131\">Google Analytics<\/td>\n<td style=\"text-align: center;\" width=\"133\">Google<\/td>\n<td width=\"387\">Questo cookie \u00e8 inserito da Google. Consente al nostro sito Web di acquisire informazioni sull'utilizzo del nostro sito da parte dei nostri utenti, ad esempio l'ora della visita, le pagine visualizzate, se l'utente ha visitato in precedenza e i siti Web visitati prima di visitare il nostro.<\/td>\n<\/tr>\n<tr>\n<td style=\"text-align: center;\" width=\"131\">Facebook Pixel<\/td>\n<td style=\"text-align: center;\" width=\"133\">Facebook<\/td>\n<td width=\"387\">Questo cookie \u00e8 inserito da Facebook. Consente al nostro sito web di misurare, ottimizzare e costruire audience per campagne pubblicitarie servite su Facebook.<\/td>\n<\/tr>\n<tr>\n<td style=\"text-align: center;\" width=\"131\">One Signal<\/td>\n<td style=\"text-align: center;\" width=\"133\">One Signal<\/td>\n<td width=\"387\">Questo cookie \u00e8 posto da One Signal. Consente al nostro sito Web di ricordare che ti sei iscritto per ricevere le notifiche push. Inoltre, ci aiuta a fornire notifiche personalizzate.<\/td>\n<\/tr>\n<tr>\n<td style=\"text-align: center;\" width=\"131\">Hotjar<\/td>\n<td style=\"text-align: center;\" width=\"133\">Hotjar<\/td>\n<td width=\"387\">Questo cookie \u00e8 inserito da Hotjar. Raccoglie informazioni non personali, con l'obiettivo generale di fornirti un'esperienza migliore sul sito web, diagnosticare problemi tecnici e analizzare le tendenze.<\/td>\n<\/tr>\n<tr>\n<td style=\"text-align: center;\" width=\"131\">AdWords<\/td>\n<td style=\"text-align: center;\" width=\"133\">AdWords<\/td>\n<td width=\"387\">AdWords viene utilizzato per abilitare le campagne PPC (pay per click) di Google.<\/td>\n<\/tr>\n<tr>\n<td style=\"text-align: center;\" width=\"131\">Double Click<\/td>\n<td style=\"text-align: center;\" width=\"133\">Double Click<\/td>\n<td width=\"387\">Il doppio clic viene utilizzato per gli inserzionisti e per fare pubblicit\u00e0 su pi\u00f9 server di annunci.<\/td>\n<\/tr>\n<\/tbody>\n<\/table>\n<p>&nbsp;<\/p>\n<h2><span id=\"Modifiche_della_policy\">Modifiche della policy<\/span><\/h2>\n<p>La nostra policy sui cookie pu\u00f2 essere aggiornata di volta in volta. Eventuali modifiche verranno quindi pubblicate su questa pagina.<\/p>\n<p>&nbsp;<\/p>\n<p>&nbsp;<\/p>\n<p><strong>Ultimo aggiornamento: maggio 2018<\/strong><\/p>\n","protected":false},"excerpt":{"rendered":"<p>Per offrirti una gamma completa di funzioni quando visiti il \u200b\u200bnostro sito web, per riconoscere le tue preferenze e rendere pi\u00f9 comodo e conveniente l&#8217;uso del nostro sito web, utilizziamo i &#8220;cookie&#8221;. Contents1 Cosa sono i cookie?2 Le tue opzioni3 Categorie dei cookie4 Necessit\u00e0 tecnica5 Durata di archiviazione6 Provider di cookie7 Utilizzo dei cookie per [&hellip;]<\/p>\n","protected":false},"author":4,"featured_media":0,"parent":0,"menu_order":0,"comment_status":"closed","ping_status":"closed","template":"","meta":[],"categories":[],"tags":[],"yoast_head":"<!-- This site is optimized with the Yoast SEO plugin v19.10 - https:\/\/yoast.com\/wordpress\/plugins\/seo\/ -->\n<title>Cookie policy | Casino Bonus Radar IT<\/title>\n<meta name=\"robots\" content=\"index, follow, max-snippet:-1, max-image-preview:large, max-video-preview:-1\" \/>\n<link rel=\"canonical\" href=\"https:\/\/www.casinobonusradar.com\/it\/cookie-policy\/\" \/>\n<meta property=\"og:locale\" content=\"it_IT\" \/>\n<meta property=\"og:type\" content=\"article\" \/>\n<meta property=\"og:title\" content=\"Cookie policy | Casino Bonus Radar IT\" \/>\n<meta property=\"og:description\" content=\"Per offrirti una gamma completa di funzioni quando visiti il \u200b\u200bnostro sito web, per riconoscere le tue preferenze e rendere pi\u00f9 comodo e conveniente l&#039;uso del nostro sito web, utilizziamo i &#8220;cookie&#8221;. Contents1 Cosa sono i cookie?2 Le tue opzioni3 Categorie dei cookie4 Necessit\u00e0 tecnica5 Durata di archiviazione6 Provider di cookie7 Utilizzo dei cookie per [&hellip;]\" \/>\n<meta property=\"og:url\" content=\"https:\/\/www.casinobonusradar.com\/it\/cookie-policy\/\" \/>\n<meta property=\"og:site_name\" content=\"Casino Bonus Radar IT\" \/>\n<meta property=\"article:modified_time\" content=\"2018-07-18T07:33:26+00:00\" \/>\n<meta name=\"twitter:card\" content=\"summary_large_image\" \/>\n<meta name=\"twitter:label1\" content=\"Est. reading time\" \/>\n\t<meta name=\"twitter:data1\" content=\"6 minutes\" \/>\n<script type=\"application\/ld+json\" class=\"yoast-schema-graph\">{\"@context\":\"https:\/\/schema.org\",\"@graph\":[{\"@type\":\"WebPage\",\"@id\":\"https:\/\/www.casinobonusradar.com\/it\/cookie-policy\/\",\"url\":\"https:\/\/www.casinobonusradar.com\/it\/cookie-policy\/\",\"name\":\"Cookie policy | Casino Bonus Radar IT\",\"isPartOf\":{\"@id\":\"https:\/\/www.casinobonusradar.com\/it\/#website\"},\"datePublished\":\"2018-05-25T07:15:37+00:00\",\"dateModified\":\"2018-07-18T07:33:26+00:00\",\"breadcrumb\":{\"@id\":\"https:\/\/www.casinobonusradar.com\/it\/cookie-policy\/#breadcrumb\"},\"inLanguage\":\"it-IT\",\"potentialAction\":[{\"@type\":\"ReadAction\",\"target\":[\"https:\/\/www.casinobonusradar.com\/it\/cookie-policy\/\"]}]},{\"@type\":\"BreadcrumbList\",\"@id\":\"https:\/\/www.casinobonusradar.com\/it\/cookie-policy\/#breadcrumb\",\"itemListElement\":[{\"@type\":\"ListItem\",\"position\":1,\"name\":\"Home\",\"item\":\"https:\/\/www.casinobonusradar.com\/it\/\"},{\"@type\":\"ListItem\",\"position\":2,\"name\":\"Cookie policy\"}]},{\"@type\":\"WebSite\",\"@id\":\"https:\/\/www.casinobonusradar.com\/it\/#website\",\"url\":\"https:\/\/www.casinobonusradar.com\/it\/\",\"name\":\"Casino Bonus Radar IT\",\"description\":\"\",\"potentialAction\":[{\"@type\":\"SearchAction\",\"target\":{\"@type\":\"EntryPoint\",\"urlTemplate\":\"https:\/\/www.casinobonusradar.com\/it\/?s={search_term_string}\"},\"query-input\":\"required name=search_term_string\"}],\"inLanguage\":\"it-IT\"}]}<\/script>\n<!-- \/ Yoast SEO plugin. -->","yoast_head_json":{"title":"Cookie policy | Casino Bonus Radar IT","robots":{"index":"index","follow":"follow","max-snippet":"max-snippet:-1","max-image-preview":"max-image-preview:large","max-video-preview":"max-video-preview:-1"},"canonical":"https:\/\/www.casinobonusradar.com\/it\/cookie-policy\/","og_locale":"it_IT","og_type":"article","og_title":"Cookie policy | Casino Bonus Radar IT","og_description":"Per offrirti una gamma completa di funzioni quando visiti il \u200b\u200bnostro sito web, per riconoscere le tue preferenze e rendere pi\u00f9 comodo e conveniente l'uso del nostro sito web, utilizziamo i &#8220;cookie&#8221;. Contents1 Cosa sono i cookie?2 Le tue opzioni3 Categorie dei cookie4 Necessit\u00e0 tecnica5 Durata di archiviazione6 Provider di cookie7 Utilizzo dei cookie per [&hellip;]","og_url":"https:\/\/www.casinobonusradar.com\/it\/cookie-policy\/","og_site_name":"Casino Bonus Radar IT","article_modified_time":"2018-07-18T07:33:26+00:00","twitter_card":"summary_large_image","twitter_misc":{"Est. reading time":"6 minutes"},"schema":{"@context":"https:\/\/schema.org","@graph":[{"@type":"WebPage","@id":"https:\/\/www.casinobonusradar.com\/it\/cookie-policy\/","url":"https:\/\/www.casinobonusradar.com\/it\/cookie-policy\/","name":"Cookie policy | Casino Bonus Radar IT","isPartOf":{"@id":"https:\/\/www.casinobonusradar.com\/it\/#website"},"datePublished":"2018-05-25T07:15:37+00:00","dateModified":"2018-07-18T07:33:26+00:00","breadcrumb":{"@id":"https:\/\/www.casinobonusradar.com\/it\/cookie-policy\/#breadcrumb"},"inLanguage":"it-IT","potentialAction":[{"@type":"ReadAction","target":["https:\/\/www.casinobonusradar.com\/it\/cookie-policy\/"]}]},{"@type":"BreadcrumbList","@id":"https:\/\/www.casinobonusradar.com\/it\/cookie-policy\/#breadcrumb","itemListElement":[{"@type":"ListItem","position":1,"name":"Home","item":"https:\/\/www.casinobonusradar.com\/it\/"},{"@type":"ListItem","position":2,"name":"Cookie policy"}]},{"@type":"WebSite","@id":"https:\/\/www.casinobonusradar.com\/it\/#website","url":"https:\/\/www.casinobonusradar.com\/it\/","name":"Casino Bonus Radar IT","description":"","potentialAction":[{"@type":"SearchAction","target":{"@type":"EntryPoint","urlTemplate":"https:\/\/www.casinobonusradar.com\/it\/?s={search_term_string}"},"query-input":"required name=search_term_string"}],"inLanguage":"it-IT"}]}},"_links":{"self":[{"href":"https:\/\/www.casinobonusradar.com\/it\/wp-json\/wp\/v2\/pages\/411"}],"collection":[{"href":"https:\/\/www.casinobonusradar.com\/it\/wp-json\/wp\/v2\/pages"}],"about":[{"href":"https:\/\/www.casinobonusradar.com\/it\/wp-json\/wp\/v2\/types\/page"}],"author":[{"embeddable":true,"href":"https:\/\/www.casinobonusradar.com\/it\/wp-json\/wp\/v2\/users\/4"}],"replies":[{"embeddable":true,"href":"https:\/\/www.casinobonusradar.com\/it\/wp-json\/wp\/v2\/comments?post=411"}],"version-history":[{"count":4,"href":"https:\/\/www.casinobonusradar.com\/it\/wp-json\/wp\/v2\/pages\/411\/revisions"}],"predecessor-version":[{"id":415,"href":"https:\/\/www.casinobonusradar.com\/it\/wp-json\/wp\/v2\/pages\/411\/revisions\/415"}],"wp:attachment":[{"href":"https:\/\/www.casinobonusradar.com\/it\/wp-json\/wp\/v2\/media?parent=411"}],"wp:term":[{"taxonomy":"category","embeddable":true,"href":"https:\/\/www.casinobonusradar.com\/it\/wp-json\/wp\/v2\/categories?post=411"},{"taxonomy":"post_tag","embeddable":true,"href":"https:\/\/www.casinobonusradar.com\/it\/wp-json\/wp\/v2\/tags?post=411"}],"curies":[{"name":"wp","href":"https:\/\/api.w.org\/{rel}","templated":true}]}}