{"id":409,"date":"2018-05-25T07:12:08","date_gmt":"2018-05-25T07:12:08","guid":{"rendered":"https:\/\/www.casinobonusradar.com\/it\/?page_id=409"},"modified":"2018-06-12T07:07:11","modified_gmt":"2018-06-12T07:07:11","slug":"privacy-policy","status":"publish","type":"page","link":"https:\/\/www.casinobonusradar.com\/it\/privacy-policy\/","title":{"rendered":"Privacy policy"},"content":{"rendered":"\n<p>Casinobonusrdar.com\/it \u00e8 di propriet\u00e0 di Casinobonusradar e quindi applica l'informativa sulla privacy della societ\u00e0.<\/p>\n<p>A Casinobonusradar (&#8220;Casinobonusradar&#8221;, &#8220;noi&#8221;, &#8220;ci&#8221;) elaboriamo i dati personali dei nostri clienti e visitatori sui nostri siti Web (&#8220;voi&#8221;). Ci impegniamo a gestire i vostri dati personali con cura e sicurezza, conforme alle leggi sulla protezione dei dati.<\/p>\n<p>Casinobonusradar si occupa di performance marketing e lead generation online, con sede a Malta.<\/p>\n<h2>Come funziona questa policy<\/h2>\n<p>Lo scopo di questa policy \u00e8 quello di spiegare quando, perch\u00e9 e come trattiamo le informazioni che possono riguardare voi (&#8220;dati personali&#8221;). Fornisce inoltre importanti informazioni sui diritti legali dell'utente. Questa policy non ha l'intenzione di ignorare i termini qualsivoglia contratto stipulato con noi, n\u00e9 i diritti che potresti avere in base alle leggi sulla protezione dei dati.<\/p>\n<ol>\n<li>\n<h2>Chi \u00e8 responsabile della cura dei tuoi dati personali?<\/h2>\n<\/li>\n<\/ol>\n<p>Casinobonusradar, \u00e8 principalmente responsabile della protezione dei dati personali dell'utente (il Titolare del trattamento dei dati personali). Con \u201ctitolare dei dati\u201d si indica la societ\u00e0 che determina i mezzi e le finalit\u00e0 del trattamento dei dati personali.<\/p>\n<p>\u00c8 necessario essere consapevoli del fatto che, sebbene siamo i principali responsabili della tutela dei dati personali, le informazioni possono essere conservate in banche dati a cui possono accedere altre societ\u00e0. Quando si accede ai propri dati personali, tutte le societ\u00e0 rispetteranno gli standard stabiliti in questa policy.<\/p>\n<ol start=\"2\">\n<li>\n<h2>Quali dati personali trattiamo?<\/h2>\n<\/li>\n<\/ol>\n<p>Potremmo elaborare i tuoi seguenti dati personali:<\/p>\n<ul>\n<li>Nome<\/li>\n<li>Data di nascita<\/li>\n<li>Indirizzo email<\/li>\n<li>Parola d'ordine<\/li>\n<li>Indirizzo IP<\/li>\n<li>Dati sulla posizione<\/li>\n<li>Utilizzo del sito Web<\/li>\n<li>Preferenze e opinioni personali<\/li>\n<\/ul>\n<p>&nbsp;<\/p>\n<ol start=\"3\">\n<li>\n<h2>Che cosa usiamo dei tuoi dati personali? Per e quando li elaboriamo?<\/h2>\n<\/li>\n<\/ol>\n<p>Casinobonusradar raccoglier\u00e0 informazioni direttamente da te quando usi i nostri servizi o visiti i nostri siti web.<\/p>\n<p>Utilizziamo i tuoi dati personali per:<\/p>\n<ul>\n<li>inviare e-mail promozionali relative a prodotti e servizi. Vedi anche la Sezione 6 in basso sul Direct marketing.<\/li>\n<li>analizzare le informazioni nei nostri sistemi e database, per migliorare il modo in cui gestiamo la nostra attivit\u00e0 e i nostri siti web in base alle preferenze degli utenti, per fornire un servizio e un'esperienza utente migliore.<\/li>\n<li>migliorare e indirizzare gli annunci pubblicitari che ricevi da noi.<\/li>\n<li>registrati per un forum di chat o community, se lo rendiamo disponibile, in cui puoi fornire commenti.<\/li>\n<li>soddisfare o esercitare uno qualsiasi dei nostri obblighi o diritti legali.<\/li>\n<\/ul>\n<p>Tratteremo i tuoi dati personali solo per gli scopi indicati in questa Sezione 3 e solamente se:<\/p>\n<ul>\n<li>hai fornito a noi il tuo consenso, utilizzando i dati in questo modo, o<\/li>\n<li>se il nostro uso dei dati personali \u00e8 necessario per supportare &#8220;interessi legittimi&#8221; che abbiamo come azienda (ad esempio, per migliorare i nostri prodotti o per eseguire analisi sui nostri set di dati), in modo proporzionato e nel rispetto della tua privacy.<\/li>\n<\/ul>\n<ol start=\"4\">\n<li>\n<h2>Con chi condividiamo i tuoi dati personali?<\/h2>\n<\/li>\n<\/ol>\n<p><strong>Questo sito Web \u00e8 ospitato da HostEurope, un provider di hosting conforme a GDPR.<\/strong><\/p>\n<p>Lavoriamo con molte terze parti, per aiutare a gestire la nostra attivit\u00e0 e fornire servizi. Queste terze parti possono di volta in volta dover accedere ai tuoi dati personali:<\/p>\n<ul>\n<li>Il nostro provider di applicazioni di posta elettronica Aweber Systems, Inc., con sede negli Stati Uniti, che \u00e8 certificato da Privacy Shield, come puoi qui vedere, tratta i dati personali per nostro conto;<\/li>\n<li>Il nostro provider di plug-in e host di WordPress.com Automattic, Inc., con sede negli Stati Uniti, che \u00e8 certificato come Privacy Shield, come puoi qui vedere elabora i dati personali per nostro conto;<\/li>\n<li>I nostri fornitori di servizi di analisi (come Google e Hotjar), elaborano i dati personali per i propri scopi, come controllori dei dati. Si prega di fare riferimento alla nostra Policy sui cookie nell'appendice sottostante al fine di identificare come impedire l'accesso ai dati personali da parte dei fornitori di servizi di analisi.<\/li>\n<li>Fornitori di servizi o elaboratori di dati che gestiscono i dati personali dell'utente sulle nostre istruzioni, ad esempio servizi cloud.<\/li>\n<li>Se siamo tenuti all'obbligo di divulgazione per rispettare un obbligo legale o proteggere i nostri interessi o la sicurezza.<\/li>\n<li>Nel caso in cui vendiamo, acquistiamo o riorganizziamo attivit\u00e0 o beni, o se i nostri beni sono acquisiti da una terza parte, inclusi potenziali venditori o acquirenti.<\/li>\n<\/ul>\n<ol start=\"5\">\n<li>\n<h2>Trasferimenti internazionali<\/h2>\n<\/li>\n<\/ol>\n<p>Trasferimenti internazionali significa che i dati personali vengono trasferiti in un paese al di fuori dell'Unione europea.<\/p>\n<p>Come indicato nella precedente Sezione 4, potremmo consentire l'accesso ai tuoi dati personali a terze parti che potrebbero trovarsi al di fuori dell'Unione Europea.<\/p>\n<p>Potremmo anche divulgare i tuoi dati personali, in caso ricevessimo una richiesta legale o regolamentare da un organismo di polizia straniero al di fuori dell'Unione Europea.<\/p>\n<p>Ci adopereremo sempre per garantire che qualsiasi trasferimento internazionale di informazioni sia gestito per proteggere i vostri diritti e interessi. Eventuali richieste di informazioni che riceviamo da forze dell'ordine o autorit\u00e0 di regolamentazione, saranno attentamente controllate prima che i dati personali vengano divulgati.<\/p>\n<p>Avete il diritto di chiederci ulteriori informazioni sulle garanzie che abbiamo messo in atto come menzionato sopra. Contattaci (vedi Sezione 8) se desideri maggiori informazioni.<\/p>\n<ol start=\"6\">\n<li>\n<h2>Direct marketing<\/h2>\n<\/li>\n<\/ol>\n<p>Utilizzeremo i tuoi dati personali per inviarti comunicazioni di marketing diretto relative a prodotti e servizi offerti da noi e dai nostri partner, ad esempio casin\u00f2 online, scommesse sportive e servizi finanziari. Questo potrebbe essere sotto forma di e-mail o pubblicit\u00e0 online mirate.<\/p>\n<p>In alcuni casi, il nostro trattamento dei dati personali per scopi di marketing sar\u00e0 basato sui nostri legittimi interessi (vedere la Sezione 3 sopra). Se richiesto dalla legge, si baser\u00e0 sul tuo consenso.<\/p>\n<p>Hai sempre il diritto di dire no ad un ulteriore marketing diretto, in qualsiasi momento. Puoi utilizzare il link di opt-out che trovi in \u200b\u200btutte le comunicazioni di marketing diretto o contattandoci (vedi Sezione 8).<\/p>\n<p>Prendiamo provvedimenti per limitare il marketing diretto ad un livello ragionevole e proporzionato, per inviarti comunicazioni che riteniamo possano essere di tuo interesse o rilevanti, in base alle informazioni che abbiamo su di te.<\/p>\n<ol start=\"7\">\n<li>\n<h2>Quanto tempo conserviamo i tuoi dati personali?<\/h2>\n<\/li>\n<\/ol>\n<p>Conserveremo i tuoi dati personali per tutto il tempo ragionevolmente necessario per gli scopi elencati nella Sezione 3 di questa Informativa.<\/p>\n<p>In alcune circostanze, conserviamo i tuoi dati personali durante un certo periodo per soddisfare, ad esempio, requisiti legali, fiscali o contabili.<\/p>\n<p>Manteniamo una politica di conservazione dei dati per i dati personali a nostra cura. Laddove i tuoi dati personali non sono pi\u00f9 necessari, ci assicureremo che sia cancellato in modo sicuro e anonimo.<\/p>\n<ol start=\"8\">\n<li>\n<h2>Quali sono i tuoi diritti?<\/h2>\n<\/li>\n<\/ol>\n<p>Hai diversi diritti in relazione ai tuoi dati personali. Maggiori informazioni su ciascuno di questi diritti possono essere trovate facendo riferimento alla tabella riportata di seguito.<\/p>\n<p>Per esercitare i tuoi diritti, puoi contattarci inviando un'e-mail a contact@casinobonusradar.com.<\/p>\n<p>Si prega di notare quanto segue se si desidera esercitare i propri diritti:<\/p>\n<p><strong>Accesso<\/strong><\/p>\n<p>Puoi chiederci di:<\/p>\n<ul>\n<li>confermare se stiamo elaborando i tuoi dati personali;<\/li>\n<li>darti una copia di tali dati;<\/li>\n<li>fornirti altre informazioni sui tuoi dati personali, ad esempio quali dati abbiamo, per cosa lo utilizziamo, a chi li rendiamo noti, se li trasferiamo al di fuori dell'UE e come li proteggiamo, per quanto a lungo li terremo, quali sono i tuoi diritti, come puoi presentare un reclamo, da dove abbiamo ottenuto i tuoi dati e se abbiamo effettuato qualsiasi processo decisionale o profilazione automatizzata, nella misura in cui le informazioni non ti sono gi\u00e0 state fornite in questa Informativa.<\/li>\n<\/ul>\n<p><strong>Rettifica<\/strong><\/p>\n<p>Puoi chiederci di rettificare dati personali imprecisi.<\/p>\n<p>Potremmo cercare di verificare l'esattezza dei dati prima di correggerli.<\/p>\n<p><strong>Cancellatura<\/strong><\/p>\n<p>Puoi chiederci di cancellare i tuoi dati personali, ma solo dove:<\/p>\n<ul>\n<li>non \u00e8 pi\u00f9 necessario per gli scopi per cui \u00e8 stato raccolto; o<\/li>\n<li>hai revocato il tuo consenso (laddove il trattamento fosse basato sul consenso); o<\/li>\n<li>in seguito al successo del diritto all'oggetto (vedi &#8216;Obiezione' sotto); o<\/li>\n<li>\u00e8 stato trattato illegalmente; o<\/li>\n<li>rispettare un obbligo legale.<\/li>\n<\/ul>\n<p>Non siamo tenuti a rispettare la vostra richiesta di cancellare i vostri dati personali se il trattamento dei vostri dati personali \u00e8 necessario:<\/p>\n<ul>\n<li>per il rispetto di un obbligo legale; o<\/li>\n<li>per l'istituzione, l'esercizio o la difesa di rivendicazioni legali;<\/li>\n<\/ul>\n<p>Ci sono alcune altre circostanze in cui non siamo tenuti a rispettare la tua richiesta di cancellazione, sebbene queste due siano le circostanze pi\u00f9 probabili in cui negheremo tale richiesta.<\/p>\n<p><strong>Restrizione<\/strong><\/p>\n<p>Puoi chiederci di limitare (ad esempio, mantenere ma non utilizzare) i tuoi dati personali, ma solo dove:<\/p>\n<ul>\n<li>la sua accuratezza \u00e8 contestata (vedi Rettifica), per consentirci di verificarne l'accuratezza; o<\/li>\n<li>l'elaborazione \u00e8 illegale, ma non vuoi cancellarla; o<\/li>\n<li>non \u00e8 pi\u00f9 necessario per gli scopi per cui \u00e8 stato raccolto, ma abbiamo ancora bisogno di stabilire, esercitare o difendere i diritti legali; o<\/li>\n<li>hai esercitato il diritto di opporsi e la verifica dei motivi imperativi \u00e8 in sospeso.<\/li>\n<\/ul>\n<p>Possiamo continuare a utilizzare i tuoi dati personali a seguito di una richiesta di restrizione, dove:<\/p>\n<ul>\n<li>abbiamo il tuo consenso; o<\/li>\n<li>stabilire, esercitare o difendere i diritti legali; o<\/li>\n<li>proteggere i diritti di un'altra persona fisica o giuridica.<\/li>\n<\/ul>\n<p><strong>Portabilit\u00e0<\/strong><\/p>\n<p>Puoi chiederci di fornirti i tuoi dati personali in un formato strutturato, comunemente usato, leggibile da un dispositivo, oppure puoi chiedere di averlo &#8220;trasferito&#8221; direttamente su un altro Data Controller, ma in ogni caso solo ove:<\/p>\n<ul>\n<li>il trattamento \u00e8 basato sul tuo consenso o sull'esecuzione di un contratto con te; e<\/li>\n<li>il trattamento \u00e8 effettuato con mezzi automatizzati.<\/li>\n<\/ul>\n<p><strong>Obiezione<\/strong><\/p>\n<p>\u00c8 possibile opporsi a qualsiasi trattamento dei dati personali che abbia i nostri &#8220;interessi legittimi&#8221; come base legale, se ritieni che i tuoi diritti e le libert\u00e0 fondamentali superino i nostri legittimi interessi.<\/p>\n<p>Abbiamo l'opportunit\u00e0 di dimostrare che abbiamo interessi legittimi convincenti che annullano i tuoi diritti e le tue libert\u00e0.<\/p>\n<p><strong>Trasferimenti internazionali<\/strong><\/p>\n<p>\u00c8 possibile chiedere di ottenere una copia o riferimento alle garanzie in base alle quali i dati personali vengono trasferiti al di fuori dell'area economica europea.<\/p>\n<p>Potremmo redigere accordi di trasferimento di dati o documenti correlati (ovvero oscurare alcune informazioni contenute in questi documenti) per motivi di sensibilit\u00e0 commerciale.<\/p>\n<p><strong>Autorit\u00e0 di vigilanza<\/strong><\/p>\n<p>Avete il diritto di sporgere denuncia presso l'autorit\u00e0 di controllo locale responsabile in merito al nostro trattamento dei vostri dati personali.<\/p>\n<p>Ti preghiamo di tentare di risolvere qualsiasi problema con noi, anche se hai il diritto di contattare la tua autorit\u00e0 di vigilanza in qualsiasi momento.<\/p>\n<p>&nbsp;<\/p>\n<p><strong>Ultimo aggiornamento: maggio 2018<\/strong><\/p>\n","protected":false},"excerpt":{"rendered":"<p>Casinobonusrdar.com\/it \u00e8 di propriet\u00e0 di Casinobonusradar e quindi applica l&#8217;informativa sulla privacy della societ\u00e0. A Casinobonusradar (&#8220;Casinobonusradar&#8221;, &#8220;noi&#8221;, &#8220;ci&#8221;) elaboriamo i dati personali dei nostri clienti e visitatori sui nostri siti Web (&#8220;voi&#8221;). Ci impegniamo a gestire i vostri dati personali con cura e sicurezza, conforme alle leggi sulla protezione dei dati. Casinobonusradar si occupa [&hellip;]<\/p>\n","protected":false},"author":4,"featured_media":0,"parent":0,"menu_order":0,"comment_status":"closed","ping_status":"closed","template":"","meta":[],"categories":[],"tags":[],"yoast_head":"<!-- This site is optimized with the Yoast SEO plugin v19.10 - https:\/\/yoast.com\/wordpress\/plugins\/seo\/ -->\n<title>Privacy policy | Casino Bonus Radar IT<\/title>\n<meta name=\"robots\" content=\"index, follow, max-snippet:-1, max-image-preview:large, max-video-preview:-1\" \/>\n<link rel=\"canonical\" href=\"https:\/\/www.casinobonusradar.com\/it\/privacy-policy\/\" \/>\n<meta property=\"og:locale\" content=\"it_IT\" \/>\n<meta property=\"og:type\" content=\"article\" \/>\n<meta property=\"og:title\" content=\"Privacy policy | Casino Bonus Radar IT\" \/>\n<meta property=\"og:description\" content=\"Casinobonusrdar.com\/it \u00e8 di propriet\u00e0 di Casinobonusradar e quindi applica l&#039;informativa sulla privacy della societ\u00e0. A Casinobonusradar (&#8220;Casinobonusradar&#8221;, &#8220;noi&#8221;, &#8220;ci&#8221;) elaboriamo i dati personali dei nostri clienti e visitatori sui nostri siti Web (&#8220;voi&#8221;). Ci impegniamo a gestire i vostri dati personali con cura e sicurezza, conforme alle leggi sulla protezione dei dati. Casinobonusradar si occupa [&hellip;]\" \/>\n<meta property=\"og:url\" content=\"https:\/\/www.casinobonusradar.com\/it\/privacy-policy\/\" \/>\n<meta property=\"og:site_name\" content=\"Casino Bonus Radar IT\" \/>\n<meta property=\"article:modified_time\" content=\"2018-06-12T07:07:11+00:00\" \/>\n<meta name=\"twitter:card\" content=\"summary_large_image\" \/>\n<meta name=\"twitter:label1\" content=\"Est. reading time\" \/>\n\t<meta name=\"twitter:data1\" content=\"8 minutes\" \/>\n<script type=\"application\/ld+json\" class=\"yoast-schema-graph\">{\"@context\":\"https:\/\/schema.org\",\"@graph\":[{\"@type\":\"WebPage\",\"@id\":\"https:\/\/www.casinobonusradar.com\/it\/privacy-policy\/\",\"url\":\"https:\/\/www.casinobonusradar.com\/it\/privacy-policy\/\",\"name\":\"Privacy policy | Casino Bonus Radar IT\",\"isPartOf\":{\"@id\":\"https:\/\/www.casinobonusradar.com\/it\/#website\"},\"datePublished\":\"2018-05-25T07:12:08+00:00\",\"dateModified\":\"2018-06-12T07:07:11+00:00\",\"breadcrumb\":{\"@id\":\"https:\/\/www.casinobonusradar.com\/it\/privacy-policy\/#breadcrumb\"},\"inLanguage\":\"it-IT\",\"potentialAction\":[{\"@type\":\"ReadAction\",\"target\":[\"https:\/\/www.casinobonusradar.com\/it\/privacy-policy\/\"]}]},{\"@type\":\"BreadcrumbList\",\"@id\":\"https:\/\/www.casinobonusradar.com\/it\/privacy-policy\/#breadcrumb\",\"itemListElement\":[{\"@type\":\"ListItem\",\"position\":1,\"name\":\"Home\",\"item\":\"https:\/\/www.casinobonusradar.com\/it\/\"},{\"@type\":\"ListItem\",\"position\":2,\"name\":\"Privacy policy\"}]},{\"@type\":\"WebSite\",\"@id\":\"https:\/\/www.casinobonusradar.com\/it\/#website\",\"url\":\"https:\/\/www.casinobonusradar.com\/it\/\",\"name\":\"Casino Bonus Radar IT\",\"description\":\"\",\"potentialAction\":[{\"@type\":\"SearchAction\",\"target\":{\"@type\":\"EntryPoint\",\"urlTemplate\":\"https:\/\/www.casinobonusradar.com\/it\/?s={search_term_string}\"},\"query-input\":\"required name=search_term_string\"}],\"inLanguage\":\"it-IT\"}]}<\/script>\n<!-- \/ Yoast SEO plugin. -->","yoast_head_json":{"title":"Privacy policy | Casino Bonus Radar IT","robots":{"index":"index","follow":"follow","max-snippet":"max-snippet:-1","max-image-preview":"max-image-preview:large","max-video-preview":"max-video-preview:-1"},"canonical":"https:\/\/www.casinobonusradar.com\/it\/privacy-policy\/","og_locale":"it_IT","og_type":"article","og_title":"Privacy policy | Casino Bonus Radar IT","og_description":"Casinobonusrdar.com\/it \u00e8 di propriet\u00e0 di Casinobonusradar e quindi applica l'informativa sulla privacy della societ\u00e0. A Casinobonusradar (&#8220;Casinobonusradar&#8221;, &#8220;noi&#8221;, &#8220;ci&#8221;) elaboriamo i dati personali dei nostri clienti e visitatori sui nostri siti Web (&#8220;voi&#8221;). Ci impegniamo a gestire i vostri dati personali con cura e sicurezza, conforme alle leggi sulla protezione dei dati. Casinobonusradar si occupa [&hellip;]","og_url":"https:\/\/www.casinobonusradar.com\/it\/privacy-policy\/","og_site_name":"Casino Bonus Radar IT","article_modified_time":"2018-06-12T07:07:11+00:00","twitter_card":"summary_large_image","twitter_misc":{"Est. reading time":"8 minutes"},"schema":{"@context":"https:\/\/schema.org","@graph":[{"@type":"WebPage","@id":"https:\/\/www.casinobonusradar.com\/it\/privacy-policy\/","url":"https:\/\/www.casinobonusradar.com\/it\/privacy-policy\/","name":"Privacy policy | Casino Bonus Radar IT","isPartOf":{"@id":"https:\/\/www.casinobonusradar.com\/it\/#website"},"datePublished":"2018-05-25T07:12:08+00:00","dateModified":"2018-06-12T07:07:11+00:00","breadcrumb":{"@id":"https:\/\/www.casinobonusradar.com\/it\/privacy-policy\/#breadcrumb"},"inLanguage":"it-IT","potentialAction":[{"@type":"ReadAction","target":["https:\/\/www.casinobonusradar.com\/it\/privacy-policy\/"]}]},{"@type":"BreadcrumbList","@id":"https:\/\/www.casinobonusradar.com\/it\/privacy-policy\/#breadcrumb","itemListElement":[{"@type":"ListItem","position":1,"name":"Home","item":"https:\/\/www.casinobonusradar.com\/it\/"},{"@type":"ListItem","position":2,"name":"Privacy policy"}]},{"@type":"WebSite","@id":"https:\/\/www.casinobonusradar.com\/it\/#website","url":"https:\/\/www.casinobonusradar.com\/it\/","name":"Casino Bonus Radar IT","description":"","potentialAction":[{"@type":"SearchAction","target":{"@type":"EntryPoint","urlTemplate":"https:\/\/www.casinobonusradar.com\/it\/?s={search_term_string}"},"query-input":"required name=search_term_string"}],"inLanguage":"it-IT"}]}},"_links":{"self":[{"href":"https:\/\/www.casinobonusradar.com\/it\/wp-json\/wp\/v2\/pages\/409"}],"collection":[{"href":"https:\/\/www.casinobonusradar.com\/it\/wp-json\/wp\/v2\/pages"}],"about":[{"href":"https:\/\/www.casinobonusradar.com\/it\/wp-json\/wp\/v2\/types\/page"}],"author":[{"embeddable":true,"href":"https:\/\/www.casinobonusradar.com\/it\/wp-json\/wp\/v2\/users\/4"}],"replies":[{"embeddable":true,"href":"https:\/\/www.casinobonusradar.com\/it\/wp-json\/wp\/v2\/comments?post=409"}],"version-history":[{"count":4,"href":"https:\/\/www.casinobonusradar.com\/it\/wp-json\/wp\/v2\/pages\/409\/revisions"}],"predecessor-version":[{"id":481,"href":"https:\/\/www.casinobonusradar.com\/it\/wp-json\/wp\/v2\/pages\/409\/revisions\/481"}],"wp:attachment":[{"href":"https:\/\/www.casinobonusradar.com\/it\/wp-json\/wp\/v2\/media?parent=409"}],"wp:term":[{"taxonomy":"category","embeddable":true,"href":"https:\/\/www.casinobonusradar.com\/it\/wp-json\/wp\/v2\/categories?post=409"},{"taxonomy":"post_tag","embeddable":true,"href":"https:\/\/www.casinobonusradar.com\/it\/wp-json\/wp\/v2\/tags?post=409"}],"curies":[{"name":"wp","href":"https:\/\/api.w.org\/{rel}","templated":true}]}}