{"id":382,"date":"2018-05-18T13:38:30","date_gmt":"2018-05-18T13:38:30","guid":{"rendered":"https:\/\/www.casinobonusradar.com\/it\/?page_id=382"},"modified":"2019-11-26T08:27:11","modified_gmt":"2019-11-26T08:27:11","slug":"glossario-dei-bonus-casino","status":"publish","type":"page","link":"https:\/\/www.casinobonusradar.com\/it\/glossario-dei-bonus-casino\/","title":{"rendered":"Glossario dei bonus casin\u00f2"},"content":{"rendered":"\n<p>Ci sono molti termini e sinonimi diversi per i bonus del casin\u00f2.\u00a0In questo glossario dei bonus casin\u00f2 troverai tutte le definizioni e le spiegazioni con i diversi termini utilizzati, in modo che tu possa fare la migliore scelta quando valuti un casin\u00f2 online.\u00a0Tutti i termini sono disposti in ordine alfabetico.<\/p>\n<p>Mandaci una e-mail se ti manca un termine o hai bisogno di ulteriori spiegazioni.<\/p>\n<p><strong>Percentuale bonus <\/strong><\/p>\n<p>La percentuale che il giocatore riceve come extra bonus.<\/p>\n<p>Supponiamo che la percentuale del bonus sia del 50% sul deposito.\u00a0Con un deposito di \u20ac 100, il giocatore ottiene \u20ac 50 in pi\u00f9 (50%).<\/p>\n<p><strong>Bonus sul primo deposito<br \/>\n<\/strong>Il\u00a0bonus sul\u00a0primo deposito \u00e8 il bonus che ricevi solo sul primo deposito che effettui come nuovo cliente in un casin\u00f2.<\/p>\n<p><strong>Giri gratis\/ Giri gratuiti\/ free spins<br \/>\n<\/strong>Si tratta di <a href=\"https:\/\/www.casinobonusradar.com\/it\/giri-gratis-senza-deposito\/\">giri gratis<\/a> che si ottengono su una o pi\u00f9 slot machine.\u00a0Questi giri sono spesso per la puntata minima e generalmente si applicano ad una slot machine specifica.\u00a0I giri gratis si possono ottenere sia senza deposito che con.<\/p>\n<p>Free spins \u00e8 il termine inglese per i giri gratuiti.<\/p>\n<p><strong>Bonus senza deposito<br \/>\n<\/strong>Il <strong><span style=\"color: #000080;\"><a style=\"color: #000080;\" href=\"https:\/\/www.casinobonusradar.com\/it\/bonus-senza-deposito\/\">bonus senza deposito<\/a><\/span><\/strong>\u00a0\u00e8 un bonus per il quale non \u00e8 richiesto alcun risarcimento.\u00a0Ottieni questo bonus senza depositare somme di denaro.\u00a0Molti casin\u00f2 online usano questo bonus, nella loro offerta di benvenuto, per i nuovi giocatori.<\/p>\n<p><strong>Bonus\u00a0<\/strong><strong>High<\/strong><strong> Roller<\/strong><strong><br \/>\n<\/strong>Un\u00a0bonus\u00a0High Roller\u00a0\u00e8 un bonus per i giocatori che sono disposti ad effettuare un deposito di grandi dimensioni.\u00a0Questi sono bonus extra generosi, oltre \u20ac 1.000 che vengono dati per i nuovi giocatori.<\/p>\n<p><strong>Bonus mobile<\/strong><\/p>\n<p>Il bonus mobile \u00e8 un bonus valido solo su un dispositivo mobile, smartphone e tablet.\u00a0Consigliamo sempre di controllare attentamente le condizioni della promozione.<\/p>\n<p><strong>Bonus ricarica<\/strong><\/p>\n<p>Si tratta di un'offerta promozionale in base alla quale i giocatori esistenti ricevono un bonus per effettuare un deposito.<\/p>\n<p><strong>Requisiti di gioco \/ Requisiti di scommessa<\/strong><\/p>\n<p>I requisiti di gioco rappresentano il numero di volte in cui \u00e8 necessario scommettere il denaro bonus prima che questo denaro possa essere pagato e convertirsi in soldi reali.\u00a0Esempio: un giocatore riceve \u20ac 100 in bonus con una condizione di gioco di 12 X. Prima che il giocatore possa prelevare il denaro, deve scommettere \u20ac 100 x 12 = \u20ac 1.200.<\/p>\n<p><strong>Bonus sul deposito\u00a0<\/strong><\/p>\n<p>Offerta in cui il giocatore riceve denaro extra per effettuare un deposito.<\/p>\n<p><strong>Bonus Invita un amico <\/strong><\/p>\n<p>Risarcimento sotto forma di denaro bonus che il giocatore riceve per aver presentato un\u00a0amico in un casin\u00f2 online.<\/p>\n<p><strong> Bonus benvenuto\u00a0<\/strong><\/p>\n<p>Offerta bonus per i nuovi giocatori in un casin\u00f2 online.<\/p>\n<p>I<a href=\"https:\/\/www.casinobonusradar.com\/it\/bonus-benvenuto\/\"> bonus di benvenuto<\/a> si\u00a0\u00a0presentano in molte varianti.\u00a0Ad esempio, bonus sul primo deposito, giri gratuiti, bonus di deposito progressivo, bonus senza deposito e molti altri.<\/p>\n<p>Attualmente il\u00a0bonus di\u00a0benvenuto di Leovegas\u00a0\u00e8 il\u00a0nostro\u00a0bonus di\u00a0benvenuto preferito.\u00a0Riceverai immediatamente il Bonus fino a 1000\u20ac + 70 giri gratis.<\/p>\n<p style=\"text-align: center;\">\n        <div class=\"bonusoffer_wrap\">                        \n            <div class=\"bonusoffer_main_text\"><span>Bonus fino a 1000\u20ac + 70 giri gratis<\/span><div class=\"et_pb_button_module_wrapper et_pb_module et_pb_button_alignment_center\"><a class=\"et_pb_button et_pb_custom_button_icon et_pb_button_1 et_pb_module et_pb_bg_layout_dark\" href=\"https:\/\/www.casinobonusradar.com\/it\/goto\/leovegas\" target=\"_blank\" data-icon=\"=\">Ottieni il bonus<\/a><\/div>\n        <\/div><\/div>\n        <div class=\"clear\"><\/div>        \n  <\/p>\n<div id=\"gtx-trans\" style=\"position: absolute; left: -12px; top: 1360px;\">\n<div class=\"gtx-trans-icon\"><\/div>\n<\/div>\n","protected":false},"excerpt":{"rendered":"<p>Ci sono molti termini e sinonimi diversi per i bonus del casin\u00f2.\u00a0In questo glossario dei bonus casin\u00f2 troverai tutte le definizioni e le spiegazioni con i diversi termini utilizzati, in modo che tu possa fare la migliore scelta quando valuti un casin\u00f2 online.\u00a0Tutti i termini sono disposti in ordine alfabetico. Mandaci una e-mail se ti [&hellip;]<\/p>\n","protected":false},"author":4,"featured_media":16146,"parent":0,"menu_order":0,"comment_status":"closed","ping_status":"closed","template":"","meta":[],"categories":[],"tags":[],"yoast_head":"<!-- This site is optimized with the Yoast SEO plugin v19.10 - https:\/\/yoast.com\/wordpress\/plugins\/seo\/ -->\n<title>Glossario dei bonus casin\u00f2 | Casino Bonus Radar IT<\/title>\n<meta name=\"description\" content=\"Elencati tutti termini legati ai bonus casin\u00f2. Visita il nostro sito per maggiori informazioni, resta sempre informato per aggiudicarti il miglior bonus casin\u00f2.\" \/>\n<meta name=\"robots\" content=\"index, follow, max-snippet:-1, max-image-preview:large, max-video-preview:-1\" \/>\n<link rel=\"canonical\" href=\"https:\/\/www.casinobonusradar.com\/it\/glossario-dei-bonus-casino\/\" \/>\n<meta property=\"og:locale\" content=\"it_IT\" \/>\n<meta property=\"og:type\" content=\"article\" \/>\n<meta property=\"og:title\" content=\"Glossario dei bonus casin\u00f2 | Casino Bonus Radar IT\" \/>\n<meta property=\"og:description\" content=\"Elencati tutti termini legati ai bonus casin\u00f2. Visita il nostro sito per maggiori informazioni, resta sempre informato per aggiudicarti il miglior bonus casin\u00f2.\" \/>\n<meta property=\"og:url\" content=\"https:\/\/www.casinobonusradar.com\/it\/glossario-dei-bonus-casino\/\" \/>\n<meta property=\"og:site_name\" content=\"Casino Bonus Radar IT\" \/>\n<meta property=\"article:modified_time\" content=\"2019-11-26T08:27:11+00:00\" \/>\n<meta property=\"og:image\" content=\"https:\/\/www.casinobonusradar.com\/wp-content\/uploads\/sites\/4\/2019\/04\/casino_online.jpg\" \/>\n\t<meta property=\"og:image:width\" content=\"250\" \/>\n\t<meta property=\"og:image:height\" content=\"150\" \/>\n\t<meta property=\"og:image:type\" content=\"image\/jpeg\" \/>\n<meta name=\"twitter:card\" content=\"summary_large_image\" \/>\n<meta name=\"twitter:label1\" content=\"Est. reading time\" \/>\n\t<meta name=\"twitter:data1\" content=\"2 minutes\" \/>\n<script type=\"application\/ld+json\" class=\"yoast-schema-graph\">{\"@context\":\"https:\/\/schema.org\",\"@graph\":[{\"@type\":\"WebPage\",\"@id\":\"https:\/\/www.casinobonusradar.com\/it\/glossario-dei-bonus-casino\/\",\"url\":\"https:\/\/www.casinobonusradar.com\/it\/glossario-dei-bonus-casino\/\",\"name\":\"Glossario dei bonus casin\u00f2 | Casino Bonus Radar IT\",\"isPartOf\":{\"@id\":\"https:\/\/www.casinobonusradar.com\/it\/#website\"},\"datePublished\":\"2018-05-18T13:38:30+00:00\",\"dateModified\":\"2019-11-26T08:27:11+00:00\",\"description\":\"Elencati tutti termini legati ai bonus casin\u00f2. Visita il nostro sito per maggiori informazioni, resta sempre informato per aggiudicarti il miglior bonus casin\u00f2.\",\"breadcrumb\":{\"@id\":\"https:\/\/www.casinobonusradar.com\/it\/glossario-dei-bonus-casino\/#breadcrumb\"},\"inLanguage\":\"it-IT\",\"potentialAction\":[{\"@type\":\"ReadAction\",\"target\":[\"https:\/\/www.casinobonusradar.com\/it\/glossario-dei-bonus-casino\/\"]}]},{\"@type\":\"BreadcrumbList\",\"@id\":\"https:\/\/www.casinobonusradar.com\/it\/glossario-dei-bonus-casino\/#breadcrumb\",\"itemListElement\":[{\"@type\":\"ListItem\",\"position\":1,\"name\":\"Home\",\"item\":\"https:\/\/www.casinobonusradar.com\/it\/\"},{\"@type\":\"ListItem\",\"position\":2,\"name\":\"Glossario dei bonus casin\u00f2\"}]},{\"@type\":\"WebSite\",\"@id\":\"https:\/\/www.casinobonusradar.com\/it\/#website\",\"url\":\"https:\/\/www.casinobonusradar.com\/it\/\",\"name\":\"Casino Bonus Radar IT\",\"description\":\"\",\"potentialAction\":[{\"@type\":\"SearchAction\",\"target\":{\"@type\":\"EntryPoint\",\"urlTemplate\":\"https:\/\/www.casinobonusradar.com\/it\/?s={search_term_string}\"},\"query-input\":\"required name=search_term_string\"}],\"inLanguage\":\"it-IT\"}]}<\/script>\n<!-- \/ Yoast SEO plugin. -->","yoast_head_json":{"title":"Glossario dei bonus casin\u00f2 | Casino Bonus Radar IT","description":"Elencati tutti termini legati ai bonus casin\u00f2. Visita il nostro sito per maggiori informazioni, resta sempre informato per aggiudicarti il miglior bonus casin\u00f2.","robots":{"index":"index","follow":"follow","max-snippet":"max-snippet:-1","max-image-preview":"max-image-preview:large","max-video-preview":"max-video-preview:-1"},"canonical":"https:\/\/www.casinobonusradar.com\/it\/glossario-dei-bonus-casino\/","og_locale":"it_IT","og_type":"article","og_title":"Glossario dei bonus casin\u00f2 | Casino Bonus Radar IT","og_description":"Elencati tutti termini legati ai bonus casin\u00f2. Visita il nostro sito per maggiori informazioni, resta sempre informato per aggiudicarti il miglior bonus casin\u00f2.","og_url":"https:\/\/www.casinobonusradar.com\/it\/glossario-dei-bonus-casino\/","og_site_name":"Casino Bonus Radar IT","article_modified_time":"2019-11-26T08:27:11+00:00","og_image":[{"width":250,"height":150,"url":"https:\/\/www.casinobonusradar.com\/wp-content\/uploads\/sites\/4\/2019\/04\/casino_online.jpg","type":"image\/jpeg"}],"twitter_card":"summary_large_image","twitter_misc":{"Est. reading time":"2 minutes"},"schema":{"@context":"https:\/\/schema.org","@graph":[{"@type":"WebPage","@id":"https:\/\/www.casinobonusradar.com\/it\/glossario-dei-bonus-casino\/","url":"https:\/\/www.casinobonusradar.com\/it\/glossario-dei-bonus-casino\/","name":"Glossario dei bonus casin\u00f2 | Casino Bonus Radar IT","isPartOf":{"@id":"https:\/\/www.casinobonusradar.com\/it\/#website"},"datePublished":"2018-05-18T13:38:30+00:00","dateModified":"2019-11-26T08:27:11+00:00","description":"Elencati tutti termini legati ai bonus casin\u00f2. Visita il nostro sito per maggiori informazioni, resta sempre informato per aggiudicarti il miglior bonus casin\u00f2.","breadcrumb":{"@id":"https:\/\/www.casinobonusradar.com\/it\/glossario-dei-bonus-casino\/#breadcrumb"},"inLanguage":"it-IT","potentialAction":[{"@type":"ReadAction","target":["https:\/\/www.casinobonusradar.com\/it\/glossario-dei-bonus-casino\/"]}]},{"@type":"BreadcrumbList","@id":"https:\/\/www.casinobonusradar.com\/it\/glossario-dei-bonus-casino\/#breadcrumb","itemListElement":[{"@type":"ListItem","position":1,"name":"Home","item":"https:\/\/www.casinobonusradar.com\/it\/"},{"@type":"ListItem","position":2,"name":"Glossario dei bonus casin\u00f2"}]},{"@type":"WebSite","@id":"https:\/\/www.casinobonusradar.com\/it\/#website","url":"https:\/\/www.casinobonusradar.com\/it\/","name":"Casino Bonus Radar IT","description":"","potentialAction":[{"@type":"SearchAction","target":{"@type":"EntryPoint","urlTemplate":"https:\/\/www.casinobonusradar.com\/it\/?s={search_term_string}"},"query-input":"required name=search_term_string"}],"inLanguage":"it-IT"}]}},"_links":{"self":[{"href":"https:\/\/www.casinobonusradar.com\/it\/wp-json\/wp\/v2\/pages\/382"}],"collection":[{"href":"https:\/\/www.casinobonusradar.com\/it\/wp-json\/wp\/v2\/pages"}],"about":[{"href":"https:\/\/www.casinobonusradar.com\/it\/wp-json\/wp\/v2\/types\/page"}],"author":[{"embeddable":true,"href":"https:\/\/www.casinobonusradar.com\/it\/wp-json\/wp\/v2\/users\/4"}],"replies":[{"embeddable":true,"href":"https:\/\/www.casinobonusradar.com\/it\/wp-json\/wp\/v2\/comments?post=382"}],"version-history":[{"count":5,"href":"https:\/\/www.casinobonusradar.com\/it\/wp-json\/wp\/v2\/pages\/382\/revisions"}],"predecessor-version":[{"id":16354,"href":"https:\/\/www.casinobonusradar.com\/it\/wp-json\/wp\/v2\/pages\/382\/revisions\/16354"}],"wp:featuredmedia":[{"embeddable":true,"href":"https:\/\/www.casinobonusradar.com\/it\/wp-json\/wp\/v2\/media\/16146"}],"wp:attachment":[{"href":"https:\/\/www.casinobonusradar.com\/it\/wp-json\/wp\/v2\/media?parent=382"}],"wp:term":[{"taxonomy":"category","embeddable":true,"href":"https:\/\/www.casinobonusradar.com\/it\/wp-json\/wp\/v2\/categories?post=382"},{"taxonomy":"post_tag","embeddable":true,"href":"https:\/\/www.casinobonusradar.com\/it\/wp-json\/wp\/v2\/tags?post=382"}],"curies":[{"name":"wp","href":"https:\/\/api.w.org\/{rel}","templated":true}]}}