{"id":198,"date":"2018-05-02T13:25:38","date_gmt":"2018-05-02T13:25:38","guid":{"rendered":"https:\/\/www.casinobonusradar.com\/it\/?page_id=198"},"modified":"2018-07-18T07:33:26","modified_gmt":"2018-07-18T07:33:26","slug":"disconoscimento","status":"publish","type":"page","link":"https:\/\/www.casinobonusradar.com\/it\/disconoscimento\/","title":{"rendered":"Disconoscimento"},"content":{"rendered":"<p>L'intero team di redattori ed esperti di Casino Bonus Radar fa del suo meglio per mantenere il contenuto su Casinobonusradar.it il pi\u00f9 aggiornato possibile o per integrarlo con tutte le novit\u00e0. Nonostante questa cura ed attenzione, \u00e8 possibile che parti di contenuto siano incorrette e \/ o errate. Le informazioni fornite su Casinobonusradar.it non sono vincolanti. Casino Bonus Radar inoltre non pu\u00f2 garantire la totale correttezza dei materiali offerti su Casinobonusradar.it.<\/p>\n<p>Casino Bonus Radar si riserva il diritto di modificare il contenuto o rimuoverne delle parti in qualsiasi momento senza doverlo notificare. Casino Bonus Radar pubblica informazioni sui casin\u00f2 online e bonus. Nessuna responsabilit\u00e0 \u00e8 accettata per le conseguenze di informazioni errate o incomplete. Nessun accordo \u00e8 stato fatto sulla base di qualsiasi informazione pubblicata su Casinobonusradar.it.<\/p>\n<p>Nessuna responsabilit\u00e0 pu\u00f2 essere accettata quindi per i collegamenti ipertestuali ai siti Web di terze parti inclusi su Casinobonusradar.com.<\/p>\n<p>Tutti i diritti di propriet\u00e0 intellettuale relativi al sito Web sono con Casino Bonus Radar.<\/p>\n<p>La copia, la distribuzione e qualsiasi altro uso dei materiali (immagini, video e testo) sul sito Web non sono consentiti senza il permesso scritto di Casino Bonus Radar.<\/p>\n<p>Casino Bonus Radar effettua ricerche continue sui materiali copiati del Casino Bonus Radar su Internet.<\/p>\n<p>Questo disclaimer pu\u00f2 cambiare di volta in volta. Se noti imprecisioni o omissioni sul sito Web, contatta team@casinobonusradar.com .<\/p>\n<p>Ci impegniamo ogni giorno per garantire completezza e facciamo tutto il possibile per mantenere il sito web il pi\u00f9 aggiornato possibile.<\/p>\n","protected":false},"excerpt":{"rendered":"<p>L&#8217;intero team di redattori ed esperti di Casino Bonus Radar fa del suo meglio per mantenere il contenuto su Casinobonusradar.it il pi\u00f9 aggiornato possibile o per integrarlo con tutte le novit\u00e0. Nonostante questa cura ed attenzione, \u00e8 possibile che parti di contenuto siano incorrette e \/ o errate. Le informazioni fornite su Casinobonusradar.it non sono [&hellip;]<\/p>\n","protected":false},"author":4,"featured_media":0,"parent":0,"menu_order":0,"comment_status":"closed","ping_status":"closed","template":"","meta":[],"categories":[],"tags":[],"yoast_head":"<!-- This site is optimized with the Yoast SEO plugin v19.10 - https:\/\/yoast.com\/wordpress\/plugins\/seo\/ -->\n<title>Disconoscimento | Casino Bonus Radar |<\/title>\n<meta name=\"description\" content=\"L&#039;intero team di redattori ed esperti di Casino Bonus Radar fa del suo meglio per mantenere il contenuto su Casinobonusradar.it il pi\u00f9 aggiornato possibile o per integrarlo con tutte le novit\u00e0. Nonostante questa cura ed attenzione, \u00e8 possibile che parti di contenuto siano incorrette e \/ o errate.\" \/>\n<meta name=\"robots\" content=\"index, follow, max-snippet:-1, max-image-preview:large, max-video-preview:-1\" \/>\n<link rel=\"canonical\" href=\"https:\/\/www.casinobonusradar.com\/it\/disconoscimento\/\" \/>\n<meta property=\"og:locale\" content=\"it_IT\" \/>\n<meta property=\"og:type\" content=\"article\" \/>\n<meta property=\"og:title\" content=\"Disconoscimento | Casino Bonus Radar |\" \/>\n<meta property=\"og:description\" content=\"L&#039;intero team di redattori ed esperti di Casino Bonus Radar fa del suo meglio per mantenere il contenuto su Casinobonusradar.it il pi\u00f9 aggiornato possibile o per integrarlo con tutte le novit\u00e0. Nonostante questa cura ed attenzione, \u00e8 possibile che parti di contenuto siano incorrette e \/ o errate.\" \/>\n<meta property=\"og:url\" content=\"https:\/\/www.casinobonusradar.com\/it\/disconoscimento\/\" \/>\n<meta property=\"og:site_name\" content=\"Casino Bonus Radar IT\" \/>\n<meta property=\"article:modified_time\" content=\"2018-07-18T07:33:26+00:00\" \/>\n<meta name=\"twitter:card\" content=\"summary_large_image\" \/>\n<meta name=\"twitter:label1\" content=\"Est. reading time\" \/>\n\t<meta name=\"twitter:data1\" content=\"1 minute\" \/>\n<script type=\"application\/ld+json\" class=\"yoast-schema-graph\">{\"@context\":\"https:\/\/schema.org\",\"@graph\":[{\"@type\":\"WebPage\",\"@id\":\"https:\/\/www.casinobonusradar.com\/it\/disconoscimento\/\",\"url\":\"https:\/\/www.casinobonusradar.com\/it\/disconoscimento\/\",\"name\":\"Disconoscimento | Casino Bonus Radar |\",\"isPartOf\":{\"@id\":\"https:\/\/www.casinobonusradar.com\/it\/#website\"},\"datePublished\":\"2018-05-02T13:25:38+00:00\",\"dateModified\":\"2018-07-18T07:33:26+00:00\",\"description\":\"L'intero team di redattori ed esperti di Casino Bonus Radar fa del suo meglio per mantenere il contenuto su Casinobonusradar.it il pi\u00f9 aggiornato possibile o per integrarlo con tutte le novit\u00e0. Nonostante questa cura ed attenzione, \u00e8 possibile che parti di contenuto siano incorrette e \/ o errate.\",\"breadcrumb\":{\"@id\":\"https:\/\/www.casinobonusradar.com\/it\/disconoscimento\/#breadcrumb\"},\"inLanguage\":\"it-IT\",\"potentialAction\":[{\"@type\":\"ReadAction\",\"target\":[\"https:\/\/www.casinobonusradar.com\/it\/disconoscimento\/\"]}]},{\"@type\":\"BreadcrumbList\",\"@id\":\"https:\/\/www.casinobonusradar.com\/it\/disconoscimento\/#breadcrumb\",\"itemListElement\":[{\"@type\":\"ListItem\",\"position\":1,\"name\":\"Home\",\"item\":\"https:\/\/www.casinobonusradar.com\/it\/\"},{\"@type\":\"ListItem\",\"position\":2,\"name\":\"Disconoscimento\"}]},{\"@type\":\"WebSite\",\"@id\":\"https:\/\/www.casinobonusradar.com\/it\/#website\",\"url\":\"https:\/\/www.casinobonusradar.com\/it\/\",\"name\":\"Casino Bonus Radar IT\",\"description\":\"\",\"potentialAction\":[{\"@type\":\"SearchAction\",\"target\":{\"@type\":\"EntryPoint\",\"urlTemplate\":\"https:\/\/www.casinobonusradar.com\/it\/?s={search_term_string}\"},\"query-input\":\"required name=search_term_string\"}],\"inLanguage\":\"it-IT\"}]}<\/script>\n<!-- \/ Yoast SEO plugin. -->","yoast_head_json":{"title":"Disconoscimento | Casino Bonus Radar |","description":"L'intero team di redattori ed esperti di Casino Bonus Radar fa del suo meglio per mantenere il contenuto su Casinobonusradar.it il pi\u00f9 aggiornato possibile o per integrarlo con tutte le novit\u00e0. Nonostante questa cura ed attenzione, \u00e8 possibile che parti di contenuto siano incorrette e \/ o errate.","robots":{"index":"index","follow":"follow","max-snippet":"max-snippet:-1","max-image-preview":"max-image-preview:large","max-video-preview":"max-video-preview:-1"},"canonical":"https:\/\/www.casinobonusradar.com\/it\/disconoscimento\/","og_locale":"it_IT","og_type":"article","og_title":"Disconoscimento | Casino Bonus Radar |","og_description":"L'intero team di redattori ed esperti di Casino Bonus Radar fa del suo meglio per mantenere il contenuto su Casinobonusradar.it il pi\u00f9 aggiornato possibile o per integrarlo con tutte le novit\u00e0. Nonostante questa cura ed attenzione, \u00e8 possibile che parti di contenuto siano incorrette e \/ o errate.","og_url":"https:\/\/www.casinobonusradar.com\/it\/disconoscimento\/","og_site_name":"Casino Bonus Radar IT","article_modified_time":"2018-07-18T07:33:26+00:00","twitter_card":"summary_large_image","twitter_misc":{"Est. reading time":"1 minute"},"schema":{"@context":"https:\/\/schema.org","@graph":[{"@type":"WebPage","@id":"https:\/\/www.casinobonusradar.com\/it\/disconoscimento\/","url":"https:\/\/www.casinobonusradar.com\/it\/disconoscimento\/","name":"Disconoscimento | Casino Bonus Radar |","isPartOf":{"@id":"https:\/\/www.casinobonusradar.com\/it\/#website"},"datePublished":"2018-05-02T13:25:38+00:00","dateModified":"2018-07-18T07:33:26+00:00","description":"L'intero team di redattori ed esperti di Casino Bonus Radar fa del suo meglio per mantenere il contenuto su Casinobonusradar.it il pi\u00f9 aggiornato possibile o per integrarlo con tutte le novit\u00e0. Nonostante questa cura ed attenzione, \u00e8 possibile che parti di contenuto siano incorrette e \/ o errate.","breadcrumb":{"@id":"https:\/\/www.casinobonusradar.com\/it\/disconoscimento\/#breadcrumb"},"inLanguage":"it-IT","potentialAction":[{"@type":"ReadAction","target":["https:\/\/www.casinobonusradar.com\/it\/disconoscimento\/"]}]},{"@type":"BreadcrumbList","@id":"https:\/\/www.casinobonusradar.com\/it\/disconoscimento\/#breadcrumb","itemListElement":[{"@type":"ListItem","position":1,"name":"Home","item":"https:\/\/www.casinobonusradar.com\/it\/"},{"@type":"ListItem","position":2,"name":"Disconoscimento"}]},{"@type":"WebSite","@id":"https:\/\/www.casinobonusradar.com\/it\/#website","url":"https:\/\/www.casinobonusradar.com\/it\/","name":"Casino Bonus Radar IT","description":"","potentialAction":[{"@type":"SearchAction","target":{"@type":"EntryPoint","urlTemplate":"https:\/\/www.casinobonusradar.com\/it\/?s={search_term_string}"},"query-input":"required name=search_term_string"}],"inLanguage":"it-IT"}]}},"_links":{"self":[{"href":"https:\/\/www.casinobonusradar.com\/it\/wp-json\/wp\/v2\/pages\/198"}],"collection":[{"href":"https:\/\/www.casinobonusradar.com\/it\/wp-json\/wp\/v2\/pages"}],"about":[{"href":"https:\/\/www.casinobonusradar.com\/it\/wp-json\/wp\/v2\/types\/page"}],"author":[{"embeddable":true,"href":"https:\/\/www.casinobonusradar.com\/it\/wp-json\/wp\/v2\/users\/4"}],"replies":[{"embeddable":true,"href":"https:\/\/www.casinobonusradar.com\/it\/wp-json\/wp\/v2\/comments?post=198"}],"version-history":[{"count":2,"href":"https:\/\/www.casinobonusradar.com\/it\/wp-json\/wp\/v2\/pages\/198\/revisions"}],"predecessor-version":[{"id":470,"href":"https:\/\/www.casinobonusradar.com\/it\/wp-json\/wp\/v2\/pages\/198\/revisions\/470"}],"wp:attachment":[{"href":"https:\/\/www.casinobonusradar.com\/it\/wp-json\/wp\/v2\/media?parent=198"}],"wp:term":[{"taxonomy":"category","embeddable":true,"href":"https:\/\/www.casinobonusradar.com\/it\/wp-json\/wp\/v2\/categories?post=198"},{"taxonomy":"post_tag","embeddable":true,"href":"https:\/\/www.casinobonusradar.com\/it\/wp-json\/wp\/v2\/tags?post=198"}],"curies":[{"name":"wp","href":"https:\/\/api.w.org\/{rel}","templated":true}]}}