{"id":191,"date":"2018-05-02T12:36:32","date_gmt":"2018-05-02T12:36:32","guid":{"rendered":"https:\/\/www.casinobonusradar.com\/it\/?page_id=191"},"modified":"2018-07-18T07:33:26","modified_gmt":"2018-07-18T07:33:26","slug":"codici-bonus-casino","status":"publish","type":"page","link":"https:\/\/www.casinobonusradar.com\/it\/codici-bonus-casino\/","title":{"rendered":"Codici bonus casin\u00f2"},"content":{"rendered":"\n<p>Cerchi un codice bonus per un buon casin\u00f2 o per il tuo casin\u00f2 preferito? In questa panoramica troverai alcuni codici bonus per differenti casin\u00f2 online, infatti non tutti i casin\u00f2 online prevedono codici per l'attivazione di promozioni e bonus. Gli extra che danno i codici bonus possono variare molto. I pi\u00f9 interessanti sono ovviamente i codici bonus che offrono denaro gratuito senza deposito.<\/p>\n<p>\n<table id=\"tablepress-7\" class=\"tablepress tablepress-id-7 bonus-table table7\">\n<thead>\n<tr class=\"row-1 odd\">\n\t<th class=\"column-1\">&nbsp;<\/th><th class=\"column-2\">Casin\u00f2 <\/th><th class=\"column-3\">Bonus <\/th><th class=\"column-4\">&nbsp;<\/th><th class=\"column-5\">Codice bonus <\/th><th class=\"column-6\">Richiedi bonus <\/th>\n<\/tr>\n<\/thead>\n<tbody class=\"row-hover\">\n<tr class=\"row-2 even\">\n\t<td class=\"column-1\"><\/td><td class=\"column-2\"><a target=\"_blank\" href=\"https:\/\/www.casinobonusradar.com\/it\/goto\/pokerstarscasino\"><img src=\"https:\/\/www.casinobonusradar.com\/it\/wp-content\/uploads\/sites\/4\/2018\/04\/pokerstarscasino_bg.jpg\" alt=\"\" width=\"250\" height=\"150\" class=\"alignleft size-full wp-image-92\" \/><\/a><\/td><td class=\"column-3\"> 100% fino a 300\u20ac<\/td><td class=\"column-4\"><\/td><td class=\"column-5\">casino300<\/td><td class=\"column-6\"><a class=\"big-button bigblue\" href=\"\/it\/goto\/pokerstarscasino\" target=\"_blank\">Richiedi il Bonus<\/a><\/td>\n<\/tr>\n<tr class=\"row-3 odd\">\n\t<td class=\"column-1\"><\/td><td class=\"column-2\"><a target=\"_blank\" href=\"https:\/\/www.casinobonusradar.com\/it\/goto\/snai\"><img src=\"https:\/\/www.casinobonusradar.com\/it\/wp-content\/uploads\/sites\/4\/2018\/05\/snai_bg.jpg\" alt=\"\" width=\"250\" height=\"150\" class=\"alignleft size-full wp-image-140\" \/><\/a><\/td><td class=\"column-3\">15\u20ac senza deposito +100% fino a 1000\u20ac <\/td><td class=\"column-4\"><\/td><td class=\"column-5\">BB_CASINOTUTTO<\/td><td class=\"column-6\"><a class=\"big-button bigblue\" href=\"\/it\/goto\/snai\" target=\"_blank\">Richiedi il Bonus<\/a><\/td>\n<\/tr>\n<tr class=\"row-4 even\">\n\t<td class=\"column-1\"><\/td><td class=\"column-2\"><a target=\"_blank\" href=\"https:\/\/www.casinobonusradar.com\/it\/goto\/betflag\"><img src=\"https:\/\/www.casinobonusradar.com\/it\/wp-content\/uploads\/sites\/4\/2018\/05\/betflag_bg.jpg\" alt=\"\" width=\"250\" height=\"150\" class=\"alignleft size-full wp-image-157\" \/><\/a><\/td><td class=\"column-3\">100% fino a 500\u20ac<\/td><td class=\"column-4\"><\/td><td class=\"column-5\">CASINO500<\/td><td class=\"column-6\"><a class=\"big-button bigblue\" href=\"\/it\/goto\/betflag\" target=\"_blank\">Richiedi il Bonus<\/a><\/td>\n<\/tr>\n<tr class=\"row-5 odd\">\n\t<td class=\"column-1\"><\/td><td class=\"column-2\"><a target=\"_blank\" href=\"https:\/\/www.casinobonusradar.com\/it\/goto\/stanleybet-casino\"><img src=\"https:\/\/www.casinobonusradar.com\/it\/wp-content\/uploads\/sites\/4\/2018\/07\/stanleybet_logo_250x150-1.jpg\" alt=\"\" width=\"250\" height=\"150\" class=\"alignleft size-full wp-image-837\" \/><\/a><\/td><td class=\"column-3\">20\u20ac senza deposito + il 100% fino a 1000\u20ac <\/td><td class=\"column-4\"><\/td><td class=\"column-5\">welcomeslot<\/td><td class=\"column-6\"><a class=\"big-button bigblue\" href=\"\/it\/goto\/stanleybet-casino\" target=\"_blank\">Richiedi il Bonus<\/a><\/td>\n<\/tr>\n<tr class=\"row-6 even\">\n\t<td class=\"column-1\"><\/td><td class=\"column-2\"><a target=\"_blank\" href=\"https:\/\/www.casinobonusradar.com\/it\/goto\/betclic\"><img src=\"https:\/\/www.casinobonusradar.com\/it\/wp-content\/uploads\/sites\/4\/2018\/04\/betclick_bg.jpg\" alt=\"\" width=\"250\" height=\"150\" class=\"alignleft size-full wp-image-124\" \/><\/a><\/td><td class=\"column-3\">1000\u20ac sul deposito + 25 giri gratis<\/td><td class=\"column-4\"><\/td><td class=\"column-5\">PROMO1000<\/td><td class=\"column-6\"><a class=\"big-button bigblue\" href=\"\/it\/goto\/betclic\" target=\"_blank\">Richiedi il Bonus<\/a><\/td>\n<\/tr>\n<\/tbody>\n<\/table>\n<!-- #tablepress-7 from cache --><strong>\u00a0<\/strong><\/p>\n<p>In tutta onest\u00e0 dobbiamo ovviamente dire che spesso i codici bonus del casin\u00f2 che danno soldi gratis senza un deposito sono spesso legati a condizioni di scommessa complicate. Altri codici fanno accedere al momento della registrazione a diversi tipi di bonus, ad esempio: giri gratis extra, bonus pi\u00f9 elevati sui depositi o bonus sui depositi multipli al secondo, terzo, quarto e quinto deposito. Alcuni codici bonus casin\u00f2 sono esclusivi di Casino Bonus Radar, scegline uno e divertiti!<\/p>\n<h2>Quando uso un codice bonus casin\u00f2?<\/h2>\n<p>Raccomandiamo ai giocatori che hanno intenzione di aprirsi un nuovo conto di gioco, di leggere esattamente dove deve essere inserito il codice bonus, prima della creazione dell\u2019account,\u00a0 cos\u00ec da essere certo di aggiudicarsi il bonus che aveva intenzione di ottenere. Anche i codici bonus hanno delle regole. Ad esempio, quando deve essere utilizzato il codice bonus casin\u00f2 per richiedere il bonus? In generale il codice bonus \u00e8 richiesto semplicemente nella fase di registrazione.<\/p>\n<p>Un altro punto a cui prestare attenzione sono le condizioni bonus dei codici bonus. Come per qualsiasi altro bonus, si applicano termini e condizioni. Poich\u00e9 i codici bonus fanno spesso accedere ad un bonus ancora pi\u00f9 generoso, le condizioni sono spesso pi\u00f9 articolate. Pu\u00f2 quindi richiedere pi\u00f9 tempo \u00a0e attenzione se, per esempio, si desidera convertire i soldi bonus in denaro prelevabile. Tutto sommato, ovviamente, non dovremmo essere troppo bacchettoni, un bonus rimane comunque denaro extra per giocare gratuitamente.<\/p>\n<h2>Bonus casin\u00f2 vs codice bonus casin\u00f2<\/h2>\n<p>Cosa scegliere? Il normale casino bonus che viene offerto o il codice (esclusivo) che offre un bonus speciale. Ci sono condizioni legate sia al normale casino bonus sia al codice bonus. Lo svantaggio di un codice bonus casin\u00f2 \u00e8 che spesso le condizioni pi\u00f9 o meno articolate sono legate a questo. Ci\u00f2 non deve sorprendere, i giocatori ricevono anche bonus extra, giri gratis o in alcuni casi anche soldi gratuiti senza un deposito richiesto. Se non hai l'obiettivo immediato di liberare il bonus, \u00e8 quasi sempre consigliabile utilizzare un codice bonus. Hai l'obiettivo di soddisfare al pi\u00f9 presto le condizioni di scommessa per ritirare il bonus? Mi raccomando prima leggi attentamente i termini e le condizioni del codice bonus.<\/p>\n<h2>Dove dovrei prestare attenzione?<\/h2>\n<p>La cosa pi\u00f9 importante da tenere a mente \u00e8 che una volta che usi un codice bonus, il normale bonus di benvenuto scadr\u00e0 automaticamente. Per i casin\u00f2 online non \u00e8 previsto che i giocatori utilizzino sia il normale bonus di benvenuto che il codice bonus casin\u00f2. Inoltre, come con altri bonus, termini e \u00a0condizioni si applicano ai codici promozionali. Queste regole assicurano che i bonus non possano essere semplicemente trasferiti sul conto bancario dei giocatori. Questo \u00e8 semplicemente previsto per prevenire gli abusi. Elementi importanti da tenere in considerazione sono il periodo di validit\u00e0 del bonus, le condizioni di scommessa e nella misura in cui i giochi contano per sbloccare il bonus. Ad esempio, i giochi da tavolo come Blackjack e Roulette spesso non sono considerabili ai fini del bonus. Questo \u00e8 il caso in cui scommetti su slot machine. Ultimo ma non meno importante: i codici bonus hanno una scadenza. Assicurati di usarlo in tempo.<\/p>\n<h2>Utilizzare immediatamente un codice?<\/h2>\n<p>Se desideri utilizzare direttamente un codice bonus, ti consigliamo il codice PROMO1000 con Betclic. Ottieni 25 giri gratis, e il 100% fino a 1000\u20ac sul tuo primo deposito<\/p>\n\n        <div class=\"bonusoffer_wrap\">                        \n            <div class=\"bonusoffer_main_text\"><span><\/span><div class=\"et_pb_button_module_wrapper et_pb_module et_pb_button_alignment_center\"><a class=\"et_pb_button et_pb_custom_button_icon et_pb_button_1 et_pb_module et_pb_bg_layout_dark\" href=\"https:\/\/www.casinobonusradar.com\/it\/goto\/betclic\" target=\"_blank\" data-icon=\"=\">Vai a Betclic<\/a><\/div>\n        <\/div><\/div>\n        <div class=\"clear\"><\/div>        \n  \n<p>&nbsp;<\/p>\n","protected":false},"excerpt":{"rendered":"<p>Cerchi un codice bonus per un buon casin\u00f2 o per il tuo casin\u00f2 preferito? In questa panoramica troverai alcuni codici bonus per differenti casin\u00f2 online, infatti non tutti i casin\u00f2 online prevedono codici per l&#8217;attivazione di promozioni e bonus. Gli extra che danno i codici bonus possono variare molto. I pi\u00f9 interessanti sono ovviamente i [&hellip;]<\/p>\n","protected":false},"author":17,"featured_media":0,"parent":0,"menu_order":0,"comment_status":"closed","ping_status":"closed","template":"","meta":[],"categories":[3],"tags":[],"yoast_head":"<!-- This site is optimized with the Yoast SEO plugin v19.10 - https:\/\/yoast.com\/wordpress\/plugins\/seo\/ -->\n<title>Codici bonus casin\u00f2 | Casino Bonus Radar | casin\u00f2 online<\/title>\n<meta name=\"description\" content=\"Confrontiamo i migliori codici bonus e promozionali dei pi\u00f9 noti ed affidabili casin\u00f2 online. Usa il codice per il bonus che pi\u00f9 fa al caso tuo. Tutti i codici sono disponibili grazie all&#039;esperienza di Casino Bonus Radar. Solo i migliori bonus sul mercato!\" \/>\n<meta name=\"robots\" content=\"index, follow, max-snippet:-1, max-image-preview:large, max-video-preview:-1\" \/>\n<link rel=\"canonical\" href=\"https:\/\/www.casinobonusradar.com\/it\/codici-bonus-casino\/\" \/>\n<meta property=\"og:locale\" content=\"it_IT\" \/>\n<meta property=\"og:type\" content=\"article\" \/>\n<meta property=\"og:title\" content=\"Codici bonus casin\u00f2 | Casino Bonus Radar | casin\u00f2 online\" \/>\n<meta property=\"og:description\" content=\"Confrontiamo i migliori codici bonus e promozionali dei pi\u00f9 noti ed affidabili casin\u00f2 online. Usa il codice per il bonus che pi\u00f9 fa al caso tuo. Tutti i codici sono disponibili grazie all&#039;esperienza di Casino Bonus Radar. Solo i migliori bonus sul mercato!\" \/>\n<meta property=\"og:url\" content=\"https:\/\/www.casinobonusradar.com\/it\/codici-bonus-casino\/\" \/>\n<meta property=\"og:site_name\" content=\"Casino Bonus Radar IT\" \/>\n<meta property=\"article:modified_time\" content=\"2018-07-18T07:33:26+00:00\" \/>\n<meta name=\"twitter:card\" content=\"summary_large_image\" \/>\n<meta name=\"twitter:label1\" content=\"Est. reading time\" \/>\n\t<meta name=\"twitter:data1\" content=\"3 minutes\" \/>\n<script type=\"application\/ld+json\" class=\"yoast-schema-graph\">{\"@context\":\"https:\/\/schema.org\",\"@graph\":[{\"@type\":\"WebPage\",\"@id\":\"https:\/\/www.casinobonusradar.com\/it\/codici-bonus-casino\/\",\"url\":\"https:\/\/www.casinobonusradar.com\/it\/codici-bonus-casino\/\",\"name\":\"Codici bonus casin\u00f2 | Casino Bonus Radar | casin\u00f2 online\",\"isPartOf\":{\"@id\":\"https:\/\/www.casinobonusradar.com\/it\/#website\"},\"datePublished\":\"2018-05-02T12:36:32+00:00\",\"dateModified\":\"2018-07-18T07:33:26+00:00\",\"description\":\"Confrontiamo i migliori codici bonus e promozionali dei pi\u00f9 noti ed affidabili casin\u00f2 online. Usa il codice per il bonus che pi\u00f9 fa al caso tuo. Tutti i codici sono disponibili grazie all'esperienza di Casino Bonus Radar. Solo i migliori bonus sul mercato!\",\"breadcrumb\":{\"@id\":\"https:\/\/www.casinobonusradar.com\/it\/codici-bonus-casino\/#breadcrumb\"},\"inLanguage\":\"it-IT\",\"potentialAction\":[{\"@type\":\"ReadAction\",\"target\":[\"https:\/\/www.casinobonusradar.com\/it\/codici-bonus-casino\/\"]}]},{\"@type\":\"BreadcrumbList\",\"@id\":\"https:\/\/www.casinobonusradar.com\/it\/codici-bonus-casino\/#breadcrumb\",\"itemListElement\":[{\"@type\":\"ListItem\",\"position\":1,\"name\":\"Home\",\"item\":\"https:\/\/www.casinobonusradar.com\/it\/\"},{\"@type\":\"ListItem\",\"position\":2,\"name\":\"Codici bonus casin\u00f2\"}]},{\"@type\":\"WebSite\",\"@id\":\"https:\/\/www.casinobonusradar.com\/it\/#website\",\"url\":\"https:\/\/www.casinobonusradar.com\/it\/\",\"name\":\"Casino Bonus Radar IT\",\"description\":\"\",\"potentialAction\":[{\"@type\":\"SearchAction\",\"target\":{\"@type\":\"EntryPoint\",\"urlTemplate\":\"https:\/\/www.casinobonusradar.com\/it\/?s={search_term_string}\"},\"query-input\":\"required name=search_term_string\"}],\"inLanguage\":\"it-IT\"}]}<\/script>\n<!-- \/ Yoast SEO plugin. -->","yoast_head_json":{"title":"Codici bonus casin\u00f2 | Casino Bonus Radar | casin\u00f2 online","description":"Confrontiamo i migliori codici bonus e promozionali dei pi\u00f9 noti ed affidabili casin\u00f2 online. Usa il codice per il bonus che pi\u00f9 fa al caso tuo. Tutti i codici sono disponibili grazie all'esperienza di Casino Bonus Radar. Solo i migliori bonus sul mercato!","robots":{"index":"index","follow":"follow","max-snippet":"max-snippet:-1","max-image-preview":"max-image-preview:large","max-video-preview":"max-video-preview:-1"},"canonical":"https:\/\/www.casinobonusradar.com\/it\/codici-bonus-casino\/","og_locale":"it_IT","og_type":"article","og_title":"Codici bonus casin\u00f2 | Casino Bonus Radar | casin\u00f2 online","og_description":"Confrontiamo i migliori codici bonus e promozionali dei pi\u00f9 noti ed affidabili casin\u00f2 online. Usa il codice per il bonus che pi\u00f9 fa al caso tuo. Tutti i codici sono disponibili grazie all'esperienza di Casino Bonus Radar. Solo i migliori bonus sul mercato!","og_url":"https:\/\/www.casinobonusradar.com\/it\/codici-bonus-casino\/","og_site_name":"Casino Bonus Radar IT","article_modified_time":"2018-07-18T07:33:26+00:00","twitter_card":"summary_large_image","twitter_misc":{"Est. reading time":"3 minutes"},"schema":{"@context":"https:\/\/schema.org","@graph":[{"@type":"WebPage","@id":"https:\/\/www.casinobonusradar.com\/it\/codici-bonus-casino\/","url":"https:\/\/www.casinobonusradar.com\/it\/codici-bonus-casino\/","name":"Codici bonus casin\u00f2 | Casino Bonus Radar | casin\u00f2 online","isPartOf":{"@id":"https:\/\/www.casinobonusradar.com\/it\/#website"},"datePublished":"2018-05-02T12:36:32+00:00","dateModified":"2018-07-18T07:33:26+00:00","description":"Confrontiamo i migliori codici bonus e promozionali dei pi\u00f9 noti ed affidabili casin\u00f2 online. Usa il codice per il bonus che pi\u00f9 fa al caso tuo. Tutti i codici sono disponibili grazie all'esperienza di Casino Bonus Radar. Solo i migliori bonus sul mercato!","breadcrumb":{"@id":"https:\/\/www.casinobonusradar.com\/it\/codici-bonus-casino\/#breadcrumb"},"inLanguage":"it-IT","potentialAction":[{"@type":"ReadAction","target":["https:\/\/www.casinobonusradar.com\/it\/codici-bonus-casino\/"]}]},{"@type":"BreadcrumbList","@id":"https:\/\/www.casinobonusradar.com\/it\/codici-bonus-casino\/#breadcrumb","itemListElement":[{"@type":"ListItem","position":1,"name":"Home","item":"https:\/\/www.casinobonusradar.com\/it\/"},{"@type":"ListItem","position":2,"name":"Codici bonus casin\u00f2"}]},{"@type":"WebSite","@id":"https:\/\/www.casinobonusradar.com\/it\/#website","url":"https:\/\/www.casinobonusradar.com\/it\/","name":"Casino Bonus Radar IT","description":"","potentialAction":[{"@type":"SearchAction","target":{"@type":"EntryPoint","urlTemplate":"https:\/\/www.casinobonusradar.com\/it\/?s={search_term_string}"},"query-input":"required name=search_term_string"}],"inLanguage":"it-IT"}]}},"_links":{"self":[{"href":"https:\/\/www.casinobonusradar.com\/it\/wp-json\/wp\/v2\/pages\/191"}],"collection":[{"href":"https:\/\/www.casinobonusradar.com\/it\/wp-json\/wp\/v2\/pages"}],"about":[{"href":"https:\/\/www.casinobonusradar.com\/it\/wp-json\/wp\/v2\/types\/page"}],"author":[{"embeddable":true,"href":"https:\/\/www.casinobonusradar.com\/it\/wp-json\/wp\/v2\/users\/17"}],"replies":[{"embeddable":true,"href":"https:\/\/www.casinobonusradar.com\/it\/wp-json\/wp\/v2\/comments?post=191"}],"version-history":[{"count":5,"href":"https:\/\/www.casinobonusradar.com\/it\/wp-json\/wp\/v2\/pages\/191\/revisions"}],"predecessor-version":[{"id":301,"href":"https:\/\/www.casinobonusradar.com\/it\/wp-json\/wp\/v2\/pages\/191\/revisions\/301"}],"wp:attachment":[{"href":"https:\/\/www.casinobonusradar.com\/it\/wp-json\/wp\/v2\/media?parent=191"}],"wp:term":[{"taxonomy":"category","embeddable":true,"href":"https:\/\/www.casinobonusradar.com\/it\/wp-json\/wp\/v2\/categories?post=191"},{"taxonomy":"post_tag","embeddable":true,"href":"https:\/\/www.casinobonusradar.com\/it\/wp-json\/wp\/v2\/tags?post=191"}],"curies":[{"name":"wp","href":"https:\/\/api.w.org\/{rel}","templated":true}]}}