{"id":167,"date":"2018-05-02T10:19:16","date_gmt":"2018-05-02T10:19:16","guid":{"rendered":"https:\/\/www.casinobonusradar.com\/it\/?page_id=167"},"modified":"2019-03-02T06:26:10","modified_gmt":"2019-03-02T06:26:10","slug":"casino-com-casino","status":"publish","type":"page","link":"https:\/\/www.casinobonusradar.com\/it\/online-casino\/casino-com-casino\/","title":{"rendered":"Casino.com"},"content":{"rendered":"<p>        <div class=\"casino-review container\">            <div class=\"casino-logo\">            <a href=\"https:\/\/www.casinobonusradar.com\/it\/goto\/casino.com\" target=\"_blank\"> <img width=\"250\" height=\"150\" src=\"https:\/\/www.casinobonusradar.com\/wp-content\/uploads\/sites\/4\/2018\/05\/casinocom_bg.jpg\" class=\"attachment-post-thumbnail size-post-thumbnail wp-post-image\" alt=\"\" decoding=\"async\" loading=\"lazy\" \/><\/a>             <\/div>            <div class=\"review-scores\">        <div class=\"column\"><div class=\"row\"><span>88%<\/span> Bonus<\/div><div class=\"row\"><span>75%<\/span> Giochi<\/div><div class=\"row\"><span>85%<\/span> Mobile<\/div><\/div><div class=\"column\"><div class=\"row\"><span>88%<\/span> Assistenza clienti<\/div><div class=\"row\"><span>87%<\/span> Metodi di pagamento<\/div>                <\/div>            <\/div>           <div class=\"total-score\" data-totalscore=\"85\">                <div class=\"single-chart\">                    <svg viewbox=\"0 0 36 36\" class=\"circular-chart\">                        <path class=\"circle-bg\" d=\"M18 2.0845 a 15.9155 15.9155 0 0 1 0 31.831 a 15.9155 15.9155 0 0 1 0 -31.831\"\/>                        <path class=\"circle\" stroke-dasharray=\"85, 100\" d=\"M18 2.0845 a 15.9155 15.9155 0 0 1 0 31.831 a 15.9155 15.9155 0 0 1 0 -31.831\"\/>                        <text x=\"18\" y=\"20.35\" class=\"percentage\">85%<\/text>                    <\/svg>                <\/div>            <\/div>                        <\/div>        <\/div><br \/>\n<br \/>\n<\/p>\n<p>Casino.com \u00e8 stato ideato e realizzato dalla Mansion Group fondata nel 2004 e la piattaforma del gioco digitale \u00e8 stata lanciata successivamente nel 2007. Casino.com si definisce un casin\u00f2 user friedly, dall'ambiente divertente ed amichevole. Nel mercato gi\u00e0 da qualche anno Casino.com ha in Italia regolare licenza aams, senza troppe pretese e di facile utilizzo Casino.com \u00e8 un casin\u00f2 adatto a tutti i tipi di giocatori.<\/p>\n<h2>Casino.com Bonus<\/h2>\n<p>Casino.com propone un\u2019offerta di benvenuto abbastanza corposa il 100% del primo deposito fino a 500\u20ac. Ci sono anche particolari promozioni oltre a quella di benvenuto, legate ai giorni della settimana come quella del magico luned\u00ec o anche quelle durante il weekend (Weeked da Leoni). \u00c8 disponibile inoltre anche un bonus senza deposito di 10\u20ac ed un bonus \u201cassicurazioni\u201d fino a 150\u20ac. Quest\u2019ultimo viene attivato automaticamente nel caso in cui il giocatore abbia perso tutto il denaro del primo versamento e non sia riuscito a sbloccare il bonus reale di benvenuto.<\/p>\n<p>Si possono inoltre accumulare punti nel programma fedelt\u00e0 Vip che permettono ai clienti esclusivi trattamenti come per esempio la possibilit\u00e0 del cambio bonus in soldi reali.<\/p>\n<h2>Casino.com senza bonus deposito<\/h2>\n<p>Casino.com offre un bonus senza deposito di 10\u20ac a tutti i nuovi iscritti, ottenerlo \u00e8 molto semplice baster\u00e0 inviare correttamente i documenti di identit\u00e0 in fase di registrazione e si otterranno, entro 72h dall\u2019apertura dell\u2019account, 10\u20ac da poter utilizzare su tutti i giochi.<\/p>\n<p>Il bonus senza deposito ha requisiti di giocata di 40x.<\/p>\n\n        <div class=\"bonusoffer_wrap\">                        \n            <div class=\"bonusoffer_main_text\"><span> 10\u20ac Bonus senza deposito + Bonus 100% fino a 500\u20ac <\/span><div class=\"et_pb_button_module_wrapper et_pb_module et_pb_button_alignment_center\"><a class=\"et_pb_button et_pb_custom_button_icon et_pb_button_1 et_pb_module et_pb_bg_layout_dark\" href=\"https:\/\/www.casinobonusradar.com\/it\/goto\/casino.com\" target=\"_blank\" data-icon=\"=\">Ottieni il bonus<\/a><\/div>\n        <\/div><\/div>\n        <div class=\"clear\"><\/div>        \n  \n<h2>Casino.com Bonus benvenuto<\/h2>\n<p>Il benvenuto di Casino.com del 100% fino a 500\u20ac \u00e8 un cos\u00ec detto &#8220;bonus post-puntata&#8221;.<\/p>\n<p>\u00c8 un bonus che verr\u00e0 accreditato non in soluzione unica ma in tre fasi, \u00e8 necessario infatti soddisfare dei requisiti di giocata (30x) con il deposito a soldi reali prima di poter ricevere una certa percentuale di bonus sulla prima ricarica.<\/p>\n<p>Le tre fasi seguono il seguente schema:<\/p>\n<p>&#8211; Quando avrai puntato 30x volte il 20% del valore del bonus, riceverai l\u2019equivalente 20%<\/p>\n<p>&#8211; Quando avrai puntato 30x volte il 30% del valore del bonus, riceverai l\u2019equivalente 30%<\/p>\n<p>&#8211; Quando avrai puntato 30x volte il 50% del valore del bonus, riceverai l\u2019equivalente 50%<\/p>\n<p>Viste le condizioni di giocata non proprio semplicissime Casino.com ha pensato ad un bonus assicurazione, un bonus che garantisce comunque al nuovo cliente un fun bonus qualora non fosse riuscito ad ottenerlo con il pacchetto di benvenuto ed avesse esaurito il primo deposito effettuato.<\/p>\n<p>Il bonus Assicurazione ha requisiti di giocata 40x e la sua entit\u00e0 sar\u00e0 proporzionale all\u2019ammontare del primo deposito, secondo questo schema:<\/p>\n<ul>\n<li>Fino a 49\u20ac di deposito, 15\u20ac di game bonus<\/li>\n<li>Tra 50\u20ac e 99\u20ac di deposito, 30\u20ac di game bonus<\/li>\n<li>Tra 100\u20ac e 299\u20ac di deposito, 80\u20ac di game bonus<\/li>\n<li>300\u20ac o piu` di deposito, 150\u20ac di game bonus<\/li>\n<\/ul>\n\n        <div class=\"bonusoffer_wrap\">                        \n            <div class=\"bonusoffer_main_text\"><span> 10\u20ac Bonus senza deposito + Bonus 100% fino a 500\u20ac <\/span><div class=\"et_pb_button_module_wrapper et_pb_module et_pb_button_alignment_center\"><a class=\"et_pb_button et_pb_custom_button_icon et_pb_button_1 et_pb_module et_pb_bg_layout_dark\" href=\"https:\/\/www.casinobonusradar.com\/it\/goto\/casino.com\" target=\"_blank\" data-icon=\"=\">Ottieni il bonus<\/a><\/div>\n        <\/div><\/div>\n        <div class=\"clear\"><\/div>        \n  \n<h2>Casino.com Codici bonus<\/h2>\n<p>Non sono previsti codici bonus. Per aderire all\u2019offerta di benvenuto baster\u00e0 cliccare sul bottone \u201caccetta\u201d durante la fase di registrazione.<\/p>\n<h2>Casino.com giri gratis<\/h2>\n<p>Non sono previsti giri gratis ma ricordiamo che tutte le slot possono essere provare anche in modalit\u00e0 demo senza denaro reale per provarle e capire la loro funzionalit\u00e0.<\/p>\n<h2>Giochi disponibili su Casino.com<\/h2>\n<p>Il casin\u00f2 online di Casino.com ha un\u2019ampia offerta di giochi disponili, ritroviamo diverse categorie come Blackjack Online, Roulette Online, Slot Machine Online, Video Poker Online e Giochi Arcade.<\/p>\n<p>Casino.com utilizza il sofisticato sistema software Playtech garanzia di divertimento e qualit\u00e0, tra i prodotti pi\u00f9 in voga troviamo Age of Gods, Batman e Captain\u2019s Treasure.<\/p>\n\n        <div class=\"bonusoffer_wrap\">                        \n            <div class=\"bonusoffer_main_text\"><span> 10\u20ac Bonus senza deposito + Bonus 100% fino a 500\u20ac <\/span><div class=\"et_pb_button_module_wrapper et_pb_module et_pb_button_alignment_center\"><a class=\"et_pb_button et_pb_custom_button_icon et_pb_button_1 et_pb_module et_pb_bg_layout_dark\" href=\"https:\/\/www.casinobonusradar.com\/it\/goto\/casino.com\" target=\"_blank\" data-icon=\"=\">Ottieni il bonus<\/a><\/div>\n        <\/div><\/div>\n        <div class=\"clear\"><\/div>        \n  \n<h2>Slot con Jackpot su Casino.com<\/h2>\n<p>Sono presenti diverse slot con jackpot progressivo, Slot machine Playtech con montepremi elevatissimi che vale la pena provare ad aggiudicarsi tentando la fortuna almeno una volta.<\/p>\n<h2>Casin\u00f2 live<\/h2>\n<p>Purtroppo, Casino.com non offre nel proprio pacchetto il casin\u00f2 live, una grande lacuna per tutti gli amanti del casin\u00f2 live e non solo. Speriamo cambi qualcosa in futuro.<\/p>\n<h2>Prelievi e pagamenti<\/h2>\n<p>\u00c8 possibile effettuare pagamenti con i circuiti Visa e Mastercard, oppure tramite le seguenti prepagate e portafogli elettronici:<\/p>\n<ul>\n<li>Postepay<\/li>\n<li>Paysafecard<\/li>\n<li>Netteller<\/li>\n<li>Skrill<\/li>\n<li>Paypal<\/li>\n<li>Citabel Banking Payouts<\/li>\n<li>Entropay<\/li>\n<\/ul>\n<h2>Servizio clienti<\/h2>\n<p>Servizio clienti di cui non ci si pu\u00f2 lamentare, attivo 24h su 24h 7\/7 e disponibile ai seguenti indirizzi:<\/p>\n<ul>\n<li>casino.com\/it<\/li>\n<li>assistenza@casino.com<\/li>\n<li>800 897 534<\/li>\n<li>Chat live<\/li>\n<li>Sezione FAQs<\/li>\n<\/ul>\n\n        <div class=\"bonusoffer_wrap\">                        \n            <div class=\"bonusoffer_main_text\"><span> 10\u20ac Bonus senza deposito + Bonus 100% fino a 500\u20ac <\/span><div class=\"et_pb_button_module_wrapper et_pb_module et_pb_button_alignment_center\"><a class=\"et_pb_button et_pb_custom_button_icon et_pb_button_1 et_pb_module et_pb_bg_layout_dark\" href=\"https:\/\/www.casinobonusradar.com\/it\/goto\/casino.com\" target=\"_blank\" data-icon=\"=\">Ottieni il bonus<\/a><\/div>\n        <\/div><\/div>\n        <div class=\"clear\"><\/div>        \n  \n<h2>Mobile<\/h2>\n<p>\u00c8 disponibile una versione mobile perfettamente funzionate compatibile con tutti i sistemi operativi Android e iOS. Inoltre Casino.com ci fa anche sapere, tramite l\u2019home page del sito, che arriver\u00e0 presto la app tutta dedicata al casin\u00f2 sia per Android che per iOS.<\/p>\n<h2>Affidabilit\u00e0 di Casino.com<\/h2>\n<p>Casino.com possiede regolare licenza aams numero 15009 ed \u00e8 proprio l\u2019Amministrazione Autonoma dei Monopoli di Stato a garantirne l\u2019affidabilit\u00e0 e la sicurezza. Casino.com tiene inoltre a far sapere ai propri clienti che utilizzano il sistema di crittografia 128-bit grazie al quale, vengono protetti, tutti i dati del giocatore. Casino.com si impegna anche per la questione del Gioco Responsabile, possiede infatti una sezione dedicata con consigli e contatti utili per tutti coloro che accusano dipendenza dal gioco.<\/p>\n\n        <div class=\"bonusoffer_wrap\">                        \n            <div class=\"bonusoffer_main_text\"><span> 10\u20ac Bonus senza deposito + Bonus 100% fino a 500\u20ac <\/span><div class=\"et_pb_button_module_wrapper et_pb_module et_pb_button_alignment_center\"><a class=\"et_pb_button et_pb_custom_button_icon et_pb_button_1 et_pb_module et_pb_bg_layout_dark\" href=\"https:\/\/www.casinobonusradar.com\/it\/goto\/casino.com\" target=\"_blank\" data-icon=\"=\">Ottieni il bonus<\/a><\/div>\n        <\/div><\/div>\n        <div class=\"clear\"><\/div>        \n  \n<h2>Altri prodotti<\/h2>\n<p>Casino.com \u00e8 appunto una piattaforma tutta dedicata al casin\u00f2 online perci\u00f2 non possiede altri prodotti.<\/p>\n<p>&nbsp;<\/p>\n<div class=\"cbr_bg_bluebox\">\n<h2 class=\"bluebox_header\">Qual \u00e8 stata la cosa migliore di Casino.com?<\/h2>\n<div class=\"bluebox_text\">\n<p>Consigliamo Casino.com per l\u2019affidabilit\u00e0 garantita ma anche per il bonus senza deposito di 10\u20ac, ormai non facilissimo da trovare, per le slot con jackpot progressivi da capogiro e il buon utilizzo da dispositivi mobili. Lo consigliamo a tutti gli amanti dei giochi online non live, infatti ricordiamo che\u00a0 non sono disponibili giochi dal vivo.<\/p>\n<div class=\"et_pb_button_wrapper\"><a class=\"et_pb_promo_button et_pb_button\" href=\"https:\/\/www.casinobonusradar.com\/it\/goto\/casino.com\" target=\"_blank\" rel=\"noopener\">Vai a Casino.com<\/a><\/div>\n<\/div>\n<div class=\"clear\"><\/div>\n<\/div>\n\n<div id=\"review\" class=\"review-wrapper wp-review-167 wp-review-percentage-type wp-review-default-template wp-review-box-full-width\">\n\t\t\t<div class=\"review-heading\">\n\t\t\t<h5 class=\"review-title\">\n\t\t\t\tCasino.com\n\t\t\t\t\t\t\t<\/h5>\n\t\t<\/div>\n\t\n\t\n\t\t\t<ul class=\"review-list\">\n\t\t\t\t\t\t\t<li>\n\t\t\t\t\t<div class=\"review-percentage\">\n\t<div class=\"review-result-wrapper\" style=\"background-color: #95bae0;\">\n\t\t<div class=\"review-result\" style=\"width:88%; background-color: #1e73be;\"><\/div>\n\t\t<div class=\"review-result-text\" style=\"color: #e7e7e7;\">88%<\/div>\n\t<\/div>\n<\/div><!-- .review-percentage -->\n\t\t\t\t\t<span>Bonus - <span>88%<\/span><\/span>\n\t\t\t\t<\/li>\n\t\t\t\t\t\t\t<li>\n\t\t\t\t\t<div class=\"review-percentage\">\n\t<div class=\"review-result-wrapper\" style=\"background-color: #95bae0;\">\n\t\t<div class=\"review-result\" style=\"width:75%; background-color: #1e73be;\"><\/div>\n\t\t<div class=\"review-result-text\" style=\"color: #e7e7e7;\">75%<\/div>\n\t<\/div>\n<\/div><!-- .review-percentage -->\n\t\t\t\t\t<span>Giochi - <span>75%<\/span><\/span>\n\t\t\t\t<\/li>\n\t\t\t\t\t\t\t<li>\n\t\t\t\t\t<div class=\"review-percentage\">\n\t<div class=\"review-result-wrapper\" style=\"background-color: #95bae0;\">\n\t\t<div class=\"review-result\" style=\"width:85%; background-color: #1e73be;\"><\/div>\n\t\t<div class=\"review-result-text\" style=\"color: #e7e7e7;\">85%<\/div>\n\t<\/div>\n<\/div><!-- .review-percentage -->\n\t\t\t\t\t<span>Mobile - <span>85%<\/span><\/span>\n\t\t\t\t<\/li>\n\t\t\t\t\t\t\t<li>\n\t\t\t\t\t<div class=\"review-percentage\">\n\t<div class=\"review-result-wrapper\" style=\"background-color: #95bae0;\">\n\t\t<div class=\"review-result\" style=\"width:88%; background-color: #1e73be;\"><\/div>\n\t\t<div class=\"review-result-text\" style=\"color: #e7e7e7;\">88%<\/div>\n\t<\/div>\n<\/div><!-- .review-percentage -->\n\t\t\t\t\t<span>Assistenza clienti - <span>88%<\/span><\/span>\n\t\t\t\t<\/li>\n\t\t\t\t\t\t\t<li>\n\t\t\t\t\t<div class=\"review-percentage\">\n\t<div class=\"review-result-wrapper\" style=\"background-color: #95bae0;\">\n\t\t<div class=\"review-result\" style=\"width:87%; background-color: #1e73be;\"><\/div>\n\t\t<div class=\"review-result-text\" style=\"color: #e7e7e7;\">87%<\/div>\n\t<\/div>\n<\/div><!-- .review-percentage -->\n\t\t\t\t\t<span>Metodi di pagamento - <span>87%<\/span><\/span>\n\t\t\t\t<\/li>\n\t\t\t\t\t<\/ul>\n\t\n\t\t\t\t\t\t<div class=\"review-total-wrapper\">\n\t\t\t\t<span class=\"review-total-box\">84.6%<\/span>\n\t\t\t\t\t\t\t<\/div>\n\t\t\n\t\t\t\n\t\t\t<div class=\"user-review-area visitors-review-area\">\n\t\t\t<div class=\"wp-review-user-rating wp-review-user-rating-star\"><div id=\"wp-review-star-rating-4534\" class=\"wp-review-rating-input review-star\" data-post-id=\"167\" data-token=\"884b0fa699\">\n\t<div class=\"wp-review-loading-msg\">\n\t\t<span class=\"animate-spin fa fa-spinner\"><\/span>\t\tSending\t<\/div>\n\n\t<div class=\"review-result-wrapper\">\n\t\t<span data-input-value=\"1\" title=\"1\/5\"><i class=\"mts-icon-star\"><\/i><\/span><span data-input-value=\"2\" title=\"2\/5\"><i class=\"mts-icon-star\"><\/i><\/span><span data-input-value=\"3\" title=\"3\/5\"><i class=\"mts-icon-star\"><\/i><\/span><span data-input-value=\"4\" title=\"4\/5\"><i class=\"mts-icon-star\"><\/i><\/span><span data-input-value=\"5\" title=\"5\/5\"><i class=\"mts-icon-star\"><\/i><\/span>\t\t<div class=\"review-result\" style=\"width:0%;\">\n\t\t\t<i class=\"mts-icon-star\"><\/i><i class=\"mts-icon-star\"><\/i><i class=\"mts-icon-star\"><\/i><i class=\"mts-icon-star\"><\/i><i class=\"mts-icon-star\"><\/i>\t\t<\/div>\n\t<\/div>\n\t<input type=\"hidden\" class=\"wp-review-user-rating-val\" name=\"wp-review-user-rating-val\" value=\"0.0\" \/>\n\t<input type=\"hidden\" class=\"wp-review-user-rating-nonce\" value=\"884b0fa699\" \/>\n\t<input type=\"hidden\" class=\"wp-review-user-rating-postid\" value=\"167\" \/>\n<\/div>\n\n<style type=\"text\/css\">\n\t.wp-review-comment-rating #wp-review-star-rating-4534 .review-result-wrapper i {\n\t\tcolor: #95bae0;\n\t}\n\t.wp-review-167 #wp-review-star-rating-4534 .review-result-wrapper .review-result i {\n\t\tcolor: #1e73be;\n\t\topacity: 1;\n\t\tfilter: alpha(opacity=100);\n\t}\n\t.wp-review-167 #wp-review-star-rating-4534 .review-result-wrapper i {\n\t\tcolor: #95bae0;\n\t}\n\t.wp-review-167 .mts-user-review-star-container #wp-review-star-rating-4534 .selected i,\n\t.wp-review-167 .user-review-area #wp-review-star-rating-4534 .review-result i,\n\t.wp-review-comment-field #wp-review-star-rating-4534 .review-result i,\n\t.wp-review-comment-rating #wp-review-star-rating-4534 .review-result i,\n\t.wp-review-user-rating #wp-review-star-rating-4534 .review-result-wrapper:hover span i,\n\t.wp-review-comment-rating #wp-review-star-rating-4534 .review-result-wrapper:hover span i {\n\t\tcolor: #1e73be;\n\t\topacity: 1;\n\t\tfilter: alpha(opacity=100);\n\t}\n\t.wp-review-user-rating #wp-review-star-rating-4534 .review-result-wrapper span:hover ~ span i,\n\t.wp-review-comment-rating #wp-review-star-rating-4534 .review-result-wrapper span:hover ~ span i {\n\t\topacity: 1;\n\t\tcolor: #95bae0;\n\t}\n<\/style>\n<\/div>\t\t\t<div class=\"user-total-wrapper\">\n\t\t\t\t<h5 class=\"user-review-title\">User Review<\/h5>\n\t\t\t\t<span class=\"review-total-box\">\n\t\t\t\t\t\t\t\t\t\t<span class=\"wp-review-user-rating-total\">0<\/span>\n\t\t\t\t\t<small>(<span class=\"wp-review-user-rating-counter\">0<\/span> votes)<\/small>\n\t\t\t\t<\/span>\n\t\t\t<\/div>\n\t\t<\/div>\n\t\n\t<\/div>\n\n<style type=\"text\/css\">\n\t.wp-review-167.review-wrapper {\n\t\twidth: 100%;\n\t\toverflow: hidden;\n\t}\n\t.wp-review-167.review-wrapper,\n\t.wp-review-167 .review-title,\n\t.wp-review-167 .review-desc p,\n\t.wp-review-167 .reviewed-item p {\n\t\tcolor: #555555;\n\t}\n\t.wp-review-167 .review-title {\n\t\tpadding-top: 15px;\n\t\tfont-weight: bold;\n\t}\n\t.wp-review-167 .review-links a {\n\t\tcolor: #1e73be;\n\t}\n\t.wp-review-167 .review-links a:hover {\n\t\tbackground: #1e73be;\n\t\tcolor: #fff;\n\t}\n\t.wp-review-167 .review-list li,\n\t.wp-review-167.review-wrapper {\n\t\tbackground: #ffffff;\n\t}\n\t.wp-review-167 .review-title,\n\t.wp-review-167 .review-list li:nth-child(2n),\n\t.wp-review-167 .wpr-user-features-rating .user-review-title {\n\t\tbackground: #e7e7e7;\n\t}\n\t.wp-review-167.review-wrapper,\n\t.wp-review-167 .review-title,\n\t.wp-review-167 .review-list li,\n\t.wp-review-167 .review-list li:last-child,\n\t.wp-review-167 .user-review-area,\n\t.wp-review-167 .reviewed-item,\n\t.wp-review-167 .review-links,\n\t.wp-review-167 .wpr-user-features-rating {\n\t\tborder-color: #e7e7e7;\n\t}\n\t.wp-review-167 .wpr-rating-accept-btn {\n\t\tbackground: #1e73be;\n\t}\n\t.wp-review-167.review-wrapper .user-review-title {\n\t\tcolor: inherit;\n\t}\n<\/style>\n\n","protected":false},"excerpt":{"rendered":"<p>Casino.com \u00e8 stato ideato e realizzato dalla Mansion Group fondata nel 2004 e la piattaforma del gioco digitale \u00e8 stata lanciata successivamente nel 2007. Casino.com si definisce un casin\u00f2 user friedly, dall&#8217;ambiente divertente ed amichevole. Nel mercato gi\u00e0 da qualche anno Casino.com ha in Italia regolare licenza aams, senza troppe pretese e di facile utilizzo [&hellip;]<\/p>\n","protected":false},"author":17,"featured_media":168,"parent":53,"menu_order":0,"comment_status":"closed","ping_status":"closed","template":"page-template-casinoreview.php","meta":[],"categories":[2],"tags":[],"yoast_head":"<!-- This site is optimized with the Yoast SEO plugin v19.10 - https:\/\/yoast.com\/wordpress\/plugins\/seo\/ -->\n<title>Casino.com recensioni | Casino Bonus Radar | Recensione casin\u00f2 online<\/title>\n<meta name=\"description\" content=\"casino.com recensioni: Leggi la recensioni e scopri bonus, free spins, giochi disponibili, metodi di pagamento, servizio clienti e molto altro ancora\" \/>\n<meta name=\"robots\" content=\"index, follow, max-snippet:-1, max-image-preview:large, max-video-preview:-1\" \/>\n<link rel=\"canonical\" href=\"https:\/\/www.casinobonusradar.com\/it\/online-casino\/casino-com-casino\/\" \/>\n<meta property=\"og:locale\" content=\"it_IT\" \/>\n<meta property=\"og:type\" content=\"article\" \/>\n<meta property=\"og:title\" content=\"Casino.com recensioni | Casino Bonus Radar | Recensione casin\u00f2 online\" \/>\n<meta property=\"og:description\" content=\"casino.com recensioni: Leggi la recensioni e scopri bonus, free spins, giochi disponibili, metodi di pagamento, servizio clienti e molto altro ancora\" \/>\n<meta property=\"og:url\" content=\"https:\/\/www.casinobonusradar.com\/it\/online-casino\/casino-com-casino\/\" \/>\n<meta property=\"og:site_name\" content=\"Casino Bonus Radar IT\" \/>\n<meta property=\"article:modified_time\" content=\"2019-03-02T06:26:10+00:00\" \/>\n<meta property=\"og:image\" content=\"https:\/\/www.casinobonusradar.com\/wp-content\/uploads\/sites\/4\/2018\/05\/casinocom_bg.jpg\" \/>\n\t<meta property=\"og:image:width\" content=\"250\" \/>\n\t<meta property=\"og:image:height\" content=\"150\" \/>\n\t<meta property=\"og:image:type\" content=\"image\/jpeg\" \/>\n<meta name=\"twitter:card\" content=\"summary_large_image\" \/>\n<meta name=\"twitter:label1\" content=\"Est. reading time\" \/>\n\t<meta name=\"twitter:data1\" content=\"5 minutes\" \/>\n<script type=\"application\/ld+json\" class=\"yoast-schema-graph\">{\"@context\":\"https:\/\/schema.org\",\"@graph\":[{\"@type\":\"WebPage\",\"@id\":\"https:\/\/www.casinobonusradar.com\/it\/online-casino\/casino-com-casino\/\",\"url\":\"https:\/\/www.casinobonusradar.com\/it\/online-casino\/casino-com-casino\/\",\"name\":\"Casino.com recensioni | Casino Bonus Radar | Recensione casin\u00f2 online\",\"isPartOf\":{\"@id\":\"https:\/\/www.casinobonusradar.com\/it\/#website\"},\"datePublished\":\"2018-05-02T10:19:16+00:00\",\"dateModified\":\"2019-03-02T06:26:10+00:00\",\"description\":\"casino.com recensioni: Leggi la recensioni e scopri bonus, free spins, giochi disponibili, metodi di pagamento, servizio clienti e molto altro ancora\",\"breadcrumb\":{\"@id\":\"https:\/\/www.casinobonusradar.com\/it\/online-casino\/casino-com-casino\/#breadcrumb\"},\"inLanguage\":\"it-IT\",\"potentialAction\":[{\"@type\":\"ReadAction\",\"target\":[\"https:\/\/www.casinobonusradar.com\/it\/online-casino\/casino-com-casino\/\"]}]},{\"@type\":\"BreadcrumbList\",\"@id\":\"https:\/\/www.casinobonusradar.com\/it\/online-casino\/casino-com-casino\/#breadcrumb\",\"itemListElement\":[{\"@type\":\"ListItem\",\"position\":1,\"name\":\"Home\",\"item\":\"https:\/\/www.casinobonusradar.com\/it\/\"},{\"@type\":\"ListItem\",\"position\":2,\"name\":\"Online Casino\",\"item\":\"https:\/\/www.casinobonusradar.com\/it\/online-casino\/\"},{\"@type\":\"ListItem\",\"position\":3,\"name\":\"Casino.com\"}]},{\"@type\":\"WebSite\",\"@id\":\"https:\/\/www.casinobonusradar.com\/it\/#website\",\"url\":\"https:\/\/www.casinobonusradar.com\/it\/\",\"name\":\"Casino Bonus Radar IT\",\"description\":\"\",\"potentialAction\":[{\"@type\":\"SearchAction\",\"target\":{\"@type\":\"EntryPoint\",\"urlTemplate\":\"https:\/\/www.casinobonusradar.com\/it\/?s={search_term_string}\"},\"query-input\":\"required name=search_term_string\"}],\"inLanguage\":\"it-IT\"}]}<\/script>\n<!-- \/ Yoast SEO plugin. -->","yoast_head_json":{"title":"Casino.com recensioni | Casino Bonus Radar | Recensione casin\u00f2 online","description":"casino.com recensioni: Leggi la recensioni e scopri bonus, free spins, giochi disponibili, metodi di pagamento, servizio clienti e molto altro ancora","robots":{"index":"index","follow":"follow","max-snippet":"max-snippet:-1","max-image-preview":"max-image-preview:large","max-video-preview":"max-video-preview:-1"},"canonical":"https:\/\/www.casinobonusradar.com\/it\/online-casino\/casino-com-casino\/","og_locale":"it_IT","og_type":"article","og_title":"Casino.com recensioni | Casino Bonus Radar | Recensione casin\u00f2 online","og_description":"casino.com recensioni: Leggi la recensioni e scopri bonus, free spins, giochi disponibili, metodi di pagamento, servizio clienti e molto altro ancora","og_url":"https:\/\/www.casinobonusradar.com\/it\/online-casino\/casino-com-casino\/","og_site_name":"Casino Bonus Radar IT","article_modified_time":"2019-03-02T06:26:10+00:00","og_image":[{"width":250,"height":150,"url":"https:\/\/www.casinobonusradar.com\/wp-content\/uploads\/sites\/4\/2018\/05\/casinocom_bg.jpg","type":"image\/jpeg"}],"twitter_card":"summary_large_image","twitter_misc":{"Est. reading time":"5 minutes"},"schema":{"@context":"https:\/\/schema.org","@graph":[{"@type":"WebPage","@id":"https:\/\/www.casinobonusradar.com\/it\/online-casino\/casino-com-casino\/","url":"https:\/\/www.casinobonusradar.com\/it\/online-casino\/casino-com-casino\/","name":"Casino.com recensioni | Casino Bonus Radar | Recensione casin\u00f2 online","isPartOf":{"@id":"https:\/\/www.casinobonusradar.com\/it\/#website"},"datePublished":"2018-05-02T10:19:16+00:00","dateModified":"2019-03-02T06:26:10+00:00","description":"casino.com recensioni: Leggi la recensioni e scopri bonus, free spins, giochi disponibili, metodi di pagamento, servizio clienti e molto altro ancora","breadcrumb":{"@id":"https:\/\/www.casinobonusradar.com\/it\/online-casino\/casino-com-casino\/#breadcrumb"},"inLanguage":"it-IT","potentialAction":[{"@type":"ReadAction","target":["https:\/\/www.casinobonusradar.com\/it\/online-casino\/casino-com-casino\/"]}]},{"@type":"BreadcrumbList","@id":"https:\/\/www.casinobonusradar.com\/it\/online-casino\/casino-com-casino\/#breadcrumb","itemListElement":[{"@type":"ListItem","position":1,"name":"Home","item":"https:\/\/www.casinobonusradar.com\/it\/"},{"@type":"ListItem","position":2,"name":"Online Casino","item":"https:\/\/www.casinobonusradar.com\/it\/online-casino\/"},{"@type":"ListItem","position":3,"name":"Casino.com"}]},{"@type":"WebSite","@id":"https:\/\/www.casinobonusradar.com\/it\/#website","url":"https:\/\/www.casinobonusradar.com\/it\/","name":"Casino Bonus Radar IT","description":"","potentialAction":[{"@type":"SearchAction","target":{"@type":"EntryPoint","urlTemplate":"https:\/\/www.casinobonusradar.com\/it\/?s={search_term_string}"},"query-input":"required name=search_term_string"}],"inLanguage":"it-IT"}]}},"_links":{"self":[{"href":"https:\/\/www.casinobonusradar.com\/it\/wp-json\/wp\/v2\/pages\/167"}],"collection":[{"href":"https:\/\/www.casinobonusradar.com\/it\/wp-json\/wp\/v2\/pages"}],"about":[{"href":"https:\/\/www.casinobonusradar.com\/it\/wp-json\/wp\/v2\/types\/page"}],"author":[{"embeddable":true,"href":"https:\/\/www.casinobonusradar.com\/it\/wp-json\/wp\/v2\/users\/17"}],"replies":[{"embeddable":true,"href":"https:\/\/www.casinobonusradar.com\/it\/wp-json\/wp\/v2\/comments?post=167"}],"version-history":[{"count":10,"href":"https:\/\/www.casinobonusradar.com\/it\/wp-json\/wp\/v2\/pages\/167\/revisions"}],"predecessor-version":[{"id":16053,"href":"https:\/\/www.casinobonusradar.com\/it\/wp-json\/wp\/v2\/pages\/167\/revisions\/16053"}],"up":[{"embeddable":true,"href":"https:\/\/www.casinobonusradar.com\/it\/wp-json\/wp\/v2\/pages\/53"}],"wp:featuredmedia":[{"embeddable":true,"href":"https:\/\/www.casinobonusradar.com\/it\/wp-json\/wp\/v2\/media\/168"}],"wp:attachment":[{"href":"https:\/\/www.casinobonusradar.com\/it\/wp-json\/wp\/v2\/media?parent=167"}],"wp:term":[{"taxonomy":"category","embeddable":true,"href":"https:\/\/www.casinobonusradar.com\/it\/wp-json\/wp\/v2\/categories?post=167"},{"taxonomy":"post_tag","embeddable":true,"href":"https:\/\/www.casinobonusradar.com\/it\/wp-json\/wp\/v2\/tags?post=167"}],"curies":[{"name":"wp","href":"https:\/\/api.w.org\/{rel}","templated":true}]}}