{"id":15881,"date":"2019-01-07T16:24:48","date_gmt":"2019-01-07T16:24:48","guid":{"rendered":"https:\/\/www.casinobonusradar.com\/it\/?page_id=15881"},"modified":"2019-02-06T15:22:01","modified_gmt":"2019-02-06T15:22:01","slug":"recensione-bonus-lottomatica-casino","status":"publish","type":"page","link":"https:\/\/www.casinobonusradar.com\/it\/online-casino\/recensione-bonus-lottomatica-casino\/","title":{"rendered":"Recensione bonus Lottomatica Casin\u00f2 2026"},"content":{"rendered":"<p>        <div class=\"casino-review container\">            <div class=\"casino-logo\">            <a href=\"https:\/\/www.casinobonusradar.com\/it\/goto\/lottomatica-casino\" target=\"_blank\"> <img width=\"250\" height=\"150\" src=\"https:\/\/www.casinobonusradar.com\/wp-content\/uploads\/sites\/4\/2019\/01\/lottomatica_logo.jpg\" class=\"attachment-post-thumbnail size-post-thumbnail wp-post-image\" alt=\"\" decoding=\"async\" loading=\"lazy\" \/><\/a>             <\/div>            <div class=\"review-scores\">        <div class=\"column\"><div class=\"row\"><span>90%<\/span> Bonus<\/div><div class=\"row\"><span>88%<\/span> Giochi<\/div><div class=\"row\"><span>90%<\/span> Mobile<\/div><\/div><div class=\"column\"><div class=\"row\"><span>85%<\/span> Assistenza Clienti<\/div><div class=\"row\"><span>87%<\/span> Metodi di Pagamento<\/div>                <\/div>            <\/div>           <div class=\"total-score\" data-totalscore=\"88\">                <div class=\"single-chart\">                    <svg viewbox=\"0 0 36 36\" class=\"circular-chart\">                        <path class=\"circle-bg\" d=\"M18 2.0845 a 15.9155 15.9155 0 0 1 0 31.831 a 15.9155 15.9155 0 0 1 0 -31.831\"\/>                        <path class=\"circle\" stroke-dasharray=\"88, 100\" d=\"M18 2.0845 a 15.9155 15.9155 0 0 1 0 31.831 a 15.9155 15.9155 0 0 1 0 -31.831\"\/>                        <text x=\"18\" y=\"20.35\" class=\"percentage\">88%<\/text>                    <\/svg>                <\/div>            <\/div>                        <\/div>        <\/div><br \/>\n<br \/>\n<\/p>\n<p>Se sei un appassionato di giochi di Casin\u00f2 e desideri entrare nell\u2019atmosfera da sogno di un vero <a href=\"https:\/\/www.casinobonusradar.com\/it\/\">casin\u00f2 italiano<\/a>, puoi scegliere il <strong>Lottomatica Casin\u00f2<\/strong>. Grazie alla sua ampia offerta di slot machine, oltre 300 proposte diverse, e grazie a numerose novit\u00e0 arrivate nella sezione del <strong>Casin\u00f2 Live<\/strong>, come la Poker Room e il nuovo gioco Dream Catcher, popolarissima ruota della fortuna, il Casin\u00f2 garantisce ai giocatori la possibilit\u00e0 di scegliere ogni giorno sempre un divertimento diverso. Numerose anche le vincite importanti realizzate ai tavoli live del Blackjack, della Roulette, del Baccarat e del Casin\u00f2 Hold\u2019Em Live con le croupier dal vivo e le migliori promozioni presenti nella sezione specifica. C'\u00e8 un Bonus di benvenuto e la possibilit\u00e0 di entrare subito nel Premium Club, il programma fedelt\u00e0 di Lottomatica che premia tutte le tue giocate. Il tutto con <strong>licenza AAMS<\/strong>.<\/p>\n<p style=\"text-align: center\"><a href='https:\/\/www.casinobonusradar.com\/it\/goto\/lottomatica-casino' class='small-button smallblue' target=\"_blank\">Registrati su Lottomatica Casin\u00f2<\/a><\/p>\n<h2>Lottomatica Offerta Bonus<\/h2>\n<p>Lottomatica Casin\u00f2 offre fino a <span style=\"color: #ffcc00\"><a style=\"color: #ffcc00\" href=\"https:\/\/www.lottomatica.it\/casino\"><strong>620\u20ac di Bonus<\/strong><\/a><\/span> per ogni iscritto: il giocatore ricever\u00e0 subito 20\u20ac di bonus benvenuto Casin\u00f2 e in pi\u00f9 il 200% della prima ricarica fino a 600 \u20ac. Ma sono numerose altre sono le promozioni che si vanno ad aggiungere al bonus di benvenuto. Sono infatti disponibili allettanti Classifiche slot con ricchi premi in palio, rimborsi cashback e molte altre iniziative, fra cui il Premium Club, il programma fedelt\u00e0 grazie a cui accumulare punti e ricevere in cambio tanti bonus.<\/p>\n<p><img decoding=\"async\" loading=\"lazy\" class=\"alignnone size-large wp-image-15884\" src=\"https:\/\/www.casinobonusradar.com\/wp-content\/uploads\/sites\/4\/2019\/01\/lottomatica_casino-1024x443.jpg\" alt=\"\" width=\"1024\" height=\"443\" srcset=\"https:\/\/www.casinobonusradar.com\/wp-content\/uploads\/sites\/4\/2019\/01\/lottomatica_casino-1024x443.jpg 1024w, https:\/\/www.casinobonusradar.com\/wp-content\/uploads\/sites\/4\/2019\/01\/lottomatica_casino-300x130.jpg 300w, https:\/\/www.casinobonusradar.com\/wp-content\/uploads\/sites\/4\/2019\/01\/lottomatica_casino-768x332.jpg 768w, https:\/\/www.casinobonusradar.com\/wp-content\/uploads\/sites\/4\/2019\/01\/lottomatica_casino-1080x467.jpg 1080w, https:\/\/www.casinobonusradar.com\/wp-content\/uploads\/sites\/4\/2019\/01\/lottomatica_casino.jpg 1320w\" sizes=\"(max-width: 1024px) 100vw, 1024px\" \/><\/p>\n<h2>Lottomatica Bonus di benvenuto<\/h2>\n<p>Il Bonus di benvenuto di Lottomatica Casino offre fino a 620 euro di bonus: <strong>20 euro subito<\/strong> ed il 200% della prima ricarica fino a 600 euro da sbloccare in progressione.<\/p>\n<p>Il Bonus di 20\u20ac verr\u00e0 accreditato alla prima ricarica di qualsiasi importo effettuata entro 90 giorni dalla registrazione del conto gioco, mentre il Bonus del 200% fino a 600\u20ac \u00e8 un Bonus progressivo e nominale erogato a scaglioni di 5\u20ac per accumulare Punti Casin\u00f2. Per sbloccare 5 \u20ac di Bonus ti baster\u00e0 raggiungere 800 punti.<br \/>\nPer ogni 1\u20ac giocato ai giochi da Casin\u00f2, guadagnerai 1 Punto Casin\u00f2: se giochi 10\u20ac guadagnerai 10 Punti.<\/p>\n<p>Potrai accumulare punti Casin\u00f2 utili al raggiungimento di un Bonus del 200% della tua prima ricarica fino a un massimo di 600\u20ac giocabili sul Casin\u00f2. Concorrono all'accumulo dei punti tutte le giocate effettuate sui giochi Instant, Download, Smartphone e Tablet.<\/p>\n<p>Puoi consultare il tuo saldo punti dopo aver effettuato il login su lottomatica.it alla sezione Profilo alla voce Bonus Benvenuto.<\/p>\n<p style=\"text-align: center\"><a href='https:\/\/www.casinobonusradar.com\/it\/goto\/lottomatica-casino' class='small-button smallblue' target=\"_blank\">Registrati su Lottomatica Casin\u00f2<\/a><\/p>\n<h2>Lottomatica Giri Gratis e promozioni<\/h2>\n<p>Sono molteplici le <a href=\"https:\/\/www.lottomatica.it\/casino\/promozioni\">offerte settimanali e mensili<\/a> attive sui giochi del casin\u00f2 di Lottomatica. Queste promozioni possono avere durate sul breve-medio periodo e vengono continuamente rinnovate per offrire agli appassionati di Lottomatica nuove succulente occasioni per divertirsi.<\/p>\n<p><strong>Lottomatica Programmi fedelt\u00e0\/Programmi VIP<\/strong><\/p>\n<p>Lottomatica Casin\u00f2 dispone di un programma fedelt\u00e0 denominato &#8220;<strong>Premium Club<\/strong>&#8221; che ricompensa sempre i suoi giocatori. Puoi entrare in Lottomatica Casin\u00f2, scegliere il tavolo che preferisci tra le Roulette in tutte le sue varianti, Blackjack, Baccarat, Video Poker, Slot machine e tanti altri giochi da casin\u00f2 e per ogni euro giocato accumuli Punti Status per salire di Livello e Punti Bonus per richiedere i premi.<\/p>\n<p>Non perdere i bonus e le promozioni che il casin\u00f2 ha studiato per te e partecipa a tutte le speciali iniziative promozionali realizzate con Premium Club. Potrai far lievitare i tuoi Punti Bonus e conquistare pi\u00f9 facilmente i Premi pi\u00f9 prestigiosi. Ogni euro giocato d\u00e0 tanti Punti Status e Punti Bonus a seconda della Fascia di appartenenza del gioco. Oltre a far realizzare una vincita, la prima giocata proietta il giocatore gi\u00e0 al Livello Bronzo. A questo punto basteranno 2.400 Punti Bonus per sbloccare il primo premio Bonus di 0,5 \u20ac.<\/p>\n<p>Verifica l\u2019accredito dei punti che hai gi\u00e0 conquistato su Punti Bonus e fissa il prossimo obiettivo.<\/p>\n<p><img decoding=\"async\" loading=\"lazy\" class=\"size-full wp-image-15885 aligncenter\" src=\"https:\/\/www.casinobonusradar.com\/wp-content\/uploads\/sites\/4\/2019\/01\/BonusBenvenuto_760x270.jpg\" alt=\"\" width=\"760\" height=\"270\" srcset=\"https:\/\/www.casinobonusradar.com\/wp-content\/uploads\/sites\/4\/2019\/01\/BonusBenvenuto_760x270.jpg 760w, https:\/\/www.casinobonusradar.com\/wp-content\/uploads\/sites\/4\/2019\/01\/BonusBenvenuto_760x270-300x107.jpg 300w\" sizes=\"(max-width: 760px) 100vw, 760px\" \/><\/p>\n<h2>Lottomatica Offerta Giochi<\/h2>\n<p>Lottomatica Casino presenta un ampio palinsesto di slot machine online. Le slot <strong>jackpot<\/strong> con premi ricchissimi come Batman & Catwoman Cash, Batman and The Joker Jewels, Gladiator Jackpot, Age of the Gods: Furious Four, The Way of the Three Dragons, Decadence, The Last Crusade hd, Deal or no Deal, Burning Ocean, Space Tale e molte altre. Sono presenti anche slot che offrono giri gratis e bonus game. Ci sono poi una serie di slot in esclusiva solo su Lottomatica Casin\u00f2.<\/p>\n<p>Il palinsesto giochi di Lottomatica offre Roulette in molte versioni, Blackjack, Video Poker, e molti altri table games come per esempio Sette e Mezzo a Quota fissa, Texas Hold'Em, Tens or better ma anche 4Play Hi Lo, Aces High, Triple Chance Hi Lo.<\/p>\n<p style=\"text-align: center\"><a href='https:\/\/www.casinobonusradar.com\/it\/goto\/lottomatica-casino' class='small-button smallblue' target=\"_blank\">Registrati su Lottomatica Casin\u00f2<\/a><\/p>\n<h2>Lottomatica Casin\u00f2 Live<\/h2>\n<p>Lottomatica Casin\u00f2, come tutte le migliori sale giochi, offre anche i cosiddetti giochi &#8220;<strong>live<\/strong>&#8220;, i giochi dal vivo, con croupier collegati in diretta live streaming da sale vere, per vivere l\u2019esperienza di un vero casin\u00f2 rimanendo comodamente seduti in casa o in qualsiasi altro posto muniti di un computer e o di un device mobile. Il Casin\u00f2 Live di Lottomatica dispone di numerosi giochi come il Casino Hold'em, il Baccarat, la Roulette con numerose varianti, il Blackjack e molto altro ancora.<\/p>\n<p>La scommessa minima e quella massima per ogni giocata al Casino Hold\u2019em, al Baccarat, alla Roulette sono rispettivamente di 1\u20ac e di 1000\u20ac. Per il gioco del Blackjack il limite pi\u00f9 alto \u00e8 di 1.000 euro, mentre il minimo \u00e8 compreso tra 5 euro (Blackjack 5\u20ac Live) e 500 euro (Blackjack Grand VIP).<\/p>\n<h2>Lottomatica Mobile<\/h2>\n<p>Si pu\u00f2 giocare al Casin\u00f2 e al Casin\u00f2 Live direttamente dall\u2019<strong>app Lottomatica.it<\/strong>, ricercando la sezione Casin\u00f2 e Casin\u00f2 Live oppure aggiornando la vecchia app Vegas Club. I giocatori tutti i loro giochi preferiti per continuare a divertirsi anche dal proprio dispositivo mobile.<\/p>\n<p>L'app \u00e8 disponibile sia per sistemi operativi iOS sia per Android e permette sia di giocare sia di essere sempre aggiornato su Bonus e Promozioni. L'app di Lottomatica permette di giocare con i giochi da casin\u00f2 ma di provare anche l'esperienza delle scommesse online con Better, di giocare al Bingo e al <a href=\"https:\/\/www.casinobonusradar.com\/it\/novita-bonus\/gratta-e-vinci-online-per-te-tanti-giochi\/\"><strong>Gratta e Vinci<\/strong><\/a>.<\/p>\n<p><img decoding=\"async\" loading=\"lazy\" class=\"size-full wp-image-15886 aligncenter\" src=\"https:\/\/www.casinobonusradar.com\/wp-content\/uploads\/sites\/4\/2019\/01\/nuova-app-lottomatica-760x270.jpg\" alt=\"\" width=\"760\" height=\"270\" srcset=\"https:\/\/www.casinobonusradar.com\/wp-content\/uploads\/sites\/4\/2019\/01\/nuova-app-lottomatica-760x270.jpg 760w, https:\/\/www.casinobonusradar.com\/wp-content\/uploads\/sites\/4\/2019\/01\/nuova-app-lottomatica-760x270-300x107.jpg 300w\" sizes=\"(max-width: 760px) 100vw, 760px\" \/><\/p>\n<h2>Lottomatica Metodi di pagamento e prelievi<\/h2>\n<p>Lottomatica Casin\u00f2 offre ai suoi clienti molti modi differenti per depositare e ritirare denaro dal proprio conto di gioco.<\/p>\n<p>Per caricare denaro sul proprio conto-gioco \u00e8 possibile scegliere tra Carte di credito, Lottomaticard, OnShop, Paysafecard, MyBank, Paypal, Skrill, Neteller, Ricariche Lottomatica.it, Punti Vendita Better, Lis Ricarica di Lottomatica, PostePay e Bonifico bancario.<\/p>\n<p>I prelievi sono invece possibili con Carte di credito, Lottomaticard, PayPal, Skrill, Neteller e Bonifico bancario.<\/p>\n<p style=\"text-align: center\"><a href='https:\/\/www.casinobonusradar.com\/it\/goto\/lottomatica-casino' class='small-button smallblue' target=\"_blank\">Registrati su Lottomatica Casin\u00f2<\/a><\/p>\n<h2>Lottomatica Servizio Clienti<\/h2>\n<p>Lottomatica mette a disposizione dei suoi clienti anche una serie di forme diverse per comunicare. Si pu\u00f2 effettuare la Login su Lottomatica.it per avviare una chat in tempo reale con lo staff di Lottomatica oppure inviare un'email a supporto@lottomatica.it descrivendo il proprio problema.<\/p>\n<p>Lottomatica, inoltre, ha messo a disposizione dei propri clienti sia il numero verde 800.900.009 da chiamare da rete fissa sia il numero 06.2929 da chiamare da rete fissa o mobile al costo del proprio operatore. Entrambi i numeri sono attivi dalle 9 alle 24.<\/p>\n<h2>Lottomatica Sicurezza<\/h2>\n<p>Lottomatica Casin\u00f2 \u00e8 <a href=\"https:\/\/www.casinobonusradar.com\/it\/casino-online-aams\/\">licenziatario AAMS<\/a> e utilizza un sistema di crittografia a 128 bit per garantire la sicurezza dei dati e delle transazioni. Tutte le informazioni vengono trattate in modalit\u00e0 automatizzata sempre nel pieno rispetto della normativa vigente in materia di giochi.<\/p>\n<p>Per qualsiasi dubbio anche in questo caso si pu\u00f2 fare riferimento a chat, email e numeri di telefono descritti nella sezione precedente.<\/p>\n<p><img decoding=\"async\" loading=\"lazy\" class=\"size-full wp-image-15885 aligncenter\" src=\"https:\/\/www.casinobonusradar.com\/wp-content\/uploads\/sites\/4\/2019\/01\/BonusBenvenuto_760x270.jpg\" alt=\"\" width=\"760\" height=\"270\" srcset=\"https:\/\/www.casinobonusradar.com\/wp-content\/uploads\/sites\/4\/2019\/01\/BonusBenvenuto_760x270.jpg 760w, https:\/\/www.casinobonusradar.com\/wp-content\/uploads\/sites\/4\/2019\/01\/BonusBenvenuto_760x270-300x107.jpg 300w\" sizes=\"(max-width: 760px) 100vw, 760px\" \/><\/p>\n<p style=\"text-align: center\"><a href='https:\/\/www.casinobonusradar.com\/it\/goto\/lottomatica-casino' class='small-button smallblue' target=\"_blank\">Registrati su Lottomatica Casin\u00f2<\/a><\/p>\n\n<div id=\"review\" class=\"review-wrapper wp-review-15881 wp-review-percentage-type wp-review-default-template wp-review-box-full-width\">\n\t\t\t<div class=\"review-heading\">\n\t\t\t<h5 class=\"review-title\">\n\t\t\t\tLottomatica\n\t\t\t\t\t\t\t<\/h5>\n\t\t<\/div>\n\t\n\t\n\t\t\t<ul class=\"review-list\">\n\t\t\t\t\t\t\t<li>\n\t\t\t\t\t<div class=\"review-percentage\">\n\t<div class=\"review-result-wrapper\" style=\"background-color: #95bae0;\">\n\t\t<div class=\"review-result\" style=\"width:90%; background-color: #1e73be;\"><\/div>\n\t\t<div class=\"review-result-text\" style=\"color: #e7e7e7;\">90%<\/div>\n\t<\/div>\n<\/div><!-- .review-percentage -->\n\t\t\t\t\t<span>Bonus - <span>90%<\/span><\/span>\n\t\t\t\t<\/li>\n\t\t\t\t\t\t\t<li>\n\t\t\t\t\t<div class=\"review-percentage\">\n\t<div class=\"review-result-wrapper\" style=\"background-color: #95bae0;\">\n\t\t<div class=\"review-result\" style=\"width:88%; background-color: #1e73be;\"><\/div>\n\t\t<div class=\"review-result-text\" style=\"color: #e7e7e7;\">88%<\/div>\n\t<\/div>\n<\/div><!-- .review-percentage -->\n\t\t\t\t\t<span>Giochi - <span>88%<\/span><\/span>\n\t\t\t\t<\/li>\n\t\t\t\t\t\t\t<li>\n\t\t\t\t\t<div class=\"review-percentage\">\n\t<div class=\"review-result-wrapper\" style=\"background-color: #95bae0;\">\n\t\t<div class=\"review-result\" style=\"width:90%; background-color: #1e73be;\"><\/div>\n\t\t<div class=\"review-result-text\" style=\"color: #e7e7e7;\">90%<\/div>\n\t<\/div>\n<\/div><!-- .review-percentage -->\n\t\t\t\t\t<span>Mobile - <span>90%<\/span><\/span>\n\t\t\t\t<\/li>\n\t\t\t\t\t\t\t<li>\n\t\t\t\t\t<div class=\"review-percentage\">\n\t<div class=\"review-result-wrapper\" style=\"background-color: #95bae0;\">\n\t\t<div class=\"review-result\" style=\"width:85%; background-color: #1e73be;\"><\/div>\n\t\t<div class=\"review-result-text\" style=\"color: #e7e7e7;\">85%<\/div>\n\t<\/div>\n<\/div><!-- .review-percentage -->\n\t\t\t\t\t<span>Assistenza Clienti - <span>85%<\/span><\/span>\n\t\t\t\t<\/li>\n\t\t\t\t\t\t\t<li>\n\t\t\t\t\t<div class=\"review-percentage\">\n\t<div class=\"review-result-wrapper\" style=\"background-color: #95bae0;\">\n\t\t<div class=\"review-result\" style=\"width:87%; background-color: #1e73be;\"><\/div>\n\t\t<div class=\"review-result-text\" style=\"color: #e7e7e7;\">87%<\/div>\n\t<\/div>\n<\/div><!-- .review-percentage -->\n\t\t\t\t\t<span>Metodi di Pagamento - <span>87%<\/span><\/span>\n\t\t\t\t<\/li>\n\t\t\t\t\t<\/ul>\n\t\n\t\t\t\t\t\t<div class=\"review-total-wrapper\">\n\t\t\t\t<span class=\"review-total-box\">88%<\/span>\n\t\t\t\t\t\t\t<\/div>\n\t\t\n\t\t\t\n\t\n\t<\/div>\n\n<style type=\"text\/css\">\n\t.wp-review-15881.review-wrapper {\n\t\twidth: 100%;\n\t\toverflow: hidden;\n\t}\n\t.wp-review-15881.review-wrapper,\n\t.wp-review-15881 .review-title,\n\t.wp-review-15881 .review-desc p,\n\t.wp-review-15881 .reviewed-item p {\n\t\tcolor: #555555;\n\t}\n\t.wp-review-15881 .review-title {\n\t\tpadding-top: 15px;\n\t\tfont-weight: bold;\n\t}\n\t.wp-review-15881 .review-links a {\n\t\tcolor: #1e73be;\n\t}\n\t.wp-review-15881 .review-links a:hover {\n\t\tbackground: #1e73be;\n\t\tcolor: #fff;\n\t}\n\t.wp-review-15881 .review-list li,\n\t.wp-review-15881.review-wrapper {\n\t\tbackground: #ffffff;\n\t}\n\t.wp-review-15881 .review-title,\n\t.wp-review-15881 .review-list li:nth-child(2n),\n\t.wp-review-15881 .wpr-user-features-rating .user-review-title {\n\t\tbackground: #e7e7e7;\n\t}\n\t.wp-review-15881.review-wrapper,\n\t.wp-review-15881 .review-title,\n\t.wp-review-15881 .review-list li,\n\t.wp-review-15881 .review-list li:last-child,\n\t.wp-review-15881 .user-review-area,\n\t.wp-review-15881 .reviewed-item,\n\t.wp-review-15881 .review-links,\n\t.wp-review-15881 .wpr-user-features-rating {\n\t\tborder-color: #e7e7e7;\n\t}\n\t.wp-review-15881 .wpr-rating-accept-btn {\n\t\tbackground: #1e73be;\n\t}\n\t.wp-review-15881.review-wrapper .user-review-title {\n\t\tcolor: inherit;\n\t}\n<\/style>\n\n","protected":false},"excerpt":{"rendered":"<p>Se sei un appassionato di giochi di Casin\u00f2 e desideri entrare nell\u2019atmosfera da sogno di un vero casin\u00f2 italiano, puoi scegliere il Lottomatica Casin\u00f2. Grazie alla sua ampia offerta di slot machine, oltre 300 proposte diverse, e grazie a numerose novit\u00e0 arrivate nella sezione del Casin\u00f2 Live, come la Poker Room e il nuovo gioco [&hellip;]<\/p>\n","protected":false},"author":19,"featured_media":15883,"parent":53,"menu_order":0,"comment_status":"closed","ping_status":"closed","template":"page-template-casinoreview.php","meta":[],"categories":[2],"tags":[],"yoast_head":"<!-- This site is optimized with the Yoast SEO plugin v19.10 - https:\/\/yoast.com\/wordpress\/plugins\/seo\/ -->\n<title>| Casino Bonus Radar IT<\/title>\n<meta name=\"description\" content=\"Lottomatica Casin\u00f2 bonus casin\u00f2 e recensione giri gratis. Oltre 300 proposte di slot machine e molti altri giochi. Ricca la sezione del Casin\u00f2 Live. 2026\" \/>\n<meta name=\"robots\" content=\"index, follow, max-snippet:-1, max-image-preview:large, max-video-preview:-1\" \/>\n<link rel=\"canonical\" href=\"https:\/\/www.casinobonusradar.com\/it\/online-casino\/recensione-bonus-lottomatica-casino\/\" \/>\n<meta property=\"og:locale\" content=\"it_IT\" \/>\n<meta property=\"og:type\" content=\"article\" \/>\n<meta property=\"og:title\" content=\"| Casino Bonus Radar IT\" \/>\n<meta property=\"og:description\" content=\"Lottomatica Casin\u00f2 bonus casin\u00f2 e recensione giri gratis. Oltre 300 proposte di slot machine e molti altri giochi. Ricca la sezione del Casin\u00f2 Live. 2026\" \/>\n<meta property=\"og:url\" content=\"https:\/\/www.casinobonusradar.com\/it\/online-casino\/recensione-bonus-lottomatica-casino\/\" \/>\n<meta property=\"og:site_name\" content=\"Casino Bonus Radar IT\" \/>\n<meta property=\"article:modified_time\" content=\"2019-02-06T15:22:01+00:00\" \/>\n<meta property=\"og:image\" content=\"https:\/\/www.casinobonusradar.com\/wp-content\/uploads\/sites\/4\/2019\/01\/lottomatica_logo.jpg\" \/>\n\t<meta property=\"og:image:width\" content=\"250\" \/>\n\t<meta property=\"og:image:height\" content=\"150\" \/>\n\t<meta property=\"og:image:type\" content=\"image\/jpeg\" \/>\n<meta name=\"twitter:card\" content=\"summary_large_image\" \/>\n<meta name=\"twitter:label1\" content=\"Est. reading time\" \/>\n\t<meta name=\"twitter:data1\" content=\"6 minutes\" \/>\n<script type=\"application\/ld+json\" class=\"yoast-schema-graph\">{\"@context\":\"https:\/\/schema.org\",\"@graph\":[{\"@type\":\"WebPage\",\"@id\":\"https:\/\/www.casinobonusradar.com\/it\/online-casino\/recensione-bonus-lottomatica-casino\/\",\"url\":\"https:\/\/www.casinobonusradar.com\/it\/online-casino\/recensione-bonus-lottomatica-casino\/\",\"name\":\"| Casino Bonus Radar IT\",\"isPartOf\":{\"@id\":\"https:\/\/www.casinobonusradar.com\/it\/#website\"},\"datePublished\":\"2019-01-07T16:24:48+00:00\",\"dateModified\":\"2019-02-06T15:22:01+00:00\",\"description\":\"Lottomatica Casin\u00f2 bonus casin\u00f2 e recensione giri gratis. Oltre 300 proposte di slot machine e molti altri giochi. Ricca la sezione del Casin\u00f2 Live. 2026\",\"breadcrumb\":{\"@id\":\"https:\/\/www.casinobonusradar.com\/it\/online-casino\/recensione-bonus-lottomatica-casino\/#breadcrumb\"},\"inLanguage\":\"it-IT\",\"potentialAction\":[{\"@type\":\"ReadAction\",\"target\":[\"https:\/\/www.casinobonusradar.com\/it\/online-casino\/recensione-bonus-lottomatica-casino\/\"]}]},{\"@type\":\"BreadcrumbList\",\"@id\":\"https:\/\/www.casinobonusradar.com\/it\/online-casino\/recensione-bonus-lottomatica-casino\/#breadcrumb\",\"itemListElement\":[{\"@type\":\"ListItem\",\"position\":1,\"name\":\"Home\",\"item\":\"https:\/\/www.casinobonusradar.com\/it\/\"},{\"@type\":\"ListItem\",\"position\":2,\"name\":\"Online Casino\",\"item\":\"https:\/\/www.casinobonusradar.com\/it\/online-casino\/\"},{\"@type\":\"ListItem\",\"position\":3,\"name\":\"Recensione bonus Lottomatica Casin\u00f2 2023\"}]},{\"@type\":\"WebSite\",\"@id\":\"https:\/\/www.casinobonusradar.com\/it\/#website\",\"url\":\"https:\/\/www.casinobonusradar.com\/it\/\",\"name\":\"Casino Bonus Radar IT\",\"description\":\"\",\"potentialAction\":[{\"@type\":\"SearchAction\",\"target\":{\"@type\":\"EntryPoint\",\"urlTemplate\":\"https:\/\/www.casinobonusradar.com\/it\/?s={search_term_string}\"},\"query-input\":\"required name=search_term_string\"}],\"inLanguage\":\"it-IT\"}]}<\/script>\n<!-- \/ Yoast SEO plugin. -->","yoast_head_json":{"title":"| Casino Bonus Radar IT","description":"Lottomatica Casin\u00f2 bonus casin\u00f2 e recensione giri gratis. Oltre 300 proposte di slot machine e molti altri giochi. Ricca la sezione del Casin\u00f2 Live. 2026","robots":{"index":"index","follow":"follow","max-snippet":"max-snippet:-1","max-image-preview":"max-image-preview:large","max-video-preview":"max-video-preview:-1"},"canonical":"https:\/\/www.casinobonusradar.com\/it\/online-casino\/recensione-bonus-lottomatica-casino\/","og_locale":"it_IT","og_type":"article","og_title":"| Casino Bonus Radar IT","og_description":"Lottomatica Casin\u00f2 bonus casin\u00f2 e recensione giri gratis. Oltre 300 proposte di slot machine e molti altri giochi. Ricca la sezione del Casin\u00f2 Live. 2026","og_url":"https:\/\/www.casinobonusradar.com\/it\/online-casino\/recensione-bonus-lottomatica-casino\/","og_site_name":"Casino Bonus Radar IT","article_modified_time":"2019-02-06T15:22:01+00:00","og_image":[{"width":250,"height":150,"url":"https:\/\/www.casinobonusradar.com\/wp-content\/uploads\/sites\/4\/2019\/01\/lottomatica_logo.jpg","type":"image\/jpeg"}],"twitter_card":"summary_large_image","twitter_misc":{"Est. reading time":"6 minutes"},"schema":{"@context":"https:\/\/schema.org","@graph":[{"@type":"WebPage","@id":"https:\/\/www.casinobonusradar.com\/it\/online-casino\/recensione-bonus-lottomatica-casino\/","url":"https:\/\/www.casinobonusradar.com\/it\/online-casino\/recensione-bonus-lottomatica-casino\/","name":"| Casino Bonus Radar IT","isPartOf":{"@id":"https:\/\/www.casinobonusradar.com\/it\/#website"},"datePublished":"2019-01-07T16:24:48+00:00","dateModified":"2019-02-06T15:22:01+00:00","description":"Lottomatica Casin\u00f2 bonus casin\u00f2 e recensione giri gratis. Oltre 300 proposte di slot machine e molti altri giochi. Ricca la sezione del Casin\u00f2 Live. 2026","breadcrumb":{"@id":"https:\/\/www.casinobonusradar.com\/it\/online-casino\/recensione-bonus-lottomatica-casino\/#breadcrumb"},"inLanguage":"it-IT","potentialAction":[{"@type":"ReadAction","target":["https:\/\/www.casinobonusradar.com\/it\/online-casino\/recensione-bonus-lottomatica-casino\/"]}]},{"@type":"BreadcrumbList","@id":"https:\/\/www.casinobonusradar.com\/it\/online-casino\/recensione-bonus-lottomatica-casino\/#breadcrumb","itemListElement":[{"@type":"ListItem","position":1,"name":"Home","item":"https:\/\/www.casinobonusradar.com\/it\/"},{"@type":"ListItem","position":2,"name":"Online Casino","item":"https:\/\/www.casinobonusradar.com\/it\/online-casino\/"},{"@type":"ListItem","position":3,"name":"Recensione bonus Lottomatica Casin\u00f2 2023"}]},{"@type":"WebSite","@id":"https:\/\/www.casinobonusradar.com\/it\/#website","url":"https:\/\/www.casinobonusradar.com\/it\/","name":"Casino Bonus Radar IT","description":"","potentialAction":[{"@type":"SearchAction","target":{"@type":"EntryPoint","urlTemplate":"https:\/\/www.casinobonusradar.com\/it\/?s={search_term_string}"},"query-input":"required name=search_term_string"}],"inLanguage":"it-IT"}]}},"_links":{"self":[{"href":"https:\/\/www.casinobonusradar.com\/it\/wp-json\/wp\/v2\/pages\/15881"}],"collection":[{"href":"https:\/\/www.casinobonusradar.com\/it\/wp-json\/wp\/v2\/pages"}],"about":[{"href":"https:\/\/www.casinobonusradar.com\/it\/wp-json\/wp\/v2\/types\/page"}],"author":[{"embeddable":true,"href":"https:\/\/www.casinobonusradar.com\/it\/wp-json\/wp\/v2\/users\/19"}],"replies":[{"embeddable":true,"href":"https:\/\/www.casinobonusradar.com\/it\/wp-json\/wp\/v2\/comments?post=15881"}],"version-history":[{"count":7,"href":"https:\/\/www.casinobonusradar.com\/it\/wp-json\/wp\/v2\/pages\/15881\/revisions"}],"predecessor-version":[{"id":15975,"href":"https:\/\/www.casinobonusradar.com\/it\/wp-json\/wp\/v2\/pages\/15881\/revisions\/15975"}],"up":[{"embeddable":true,"href":"https:\/\/www.casinobonusradar.com\/it\/wp-json\/wp\/v2\/pages\/53"}],"wp:featuredmedia":[{"embeddable":true,"href":"https:\/\/www.casinobonusradar.com\/it\/wp-json\/wp\/v2\/media\/15883"}],"wp:attachment":[{"href":"https:\/\/www.casinobonusradar.com\/it\/wp-json\/wp\/v2\/media?parent=15881"}],"wp:term":[{"taxonomy":"category","embeddable":true,"href":"https:\/\/www.casinobonusradar.com\/it\/wp-json\/wp\/v2\/categories?post=15881"},{"taxonomy":"post_tag","embeddable":true,"href":"https:\/\/www.casinobonusradar.com\/it\/wp-json\/wp\/v2\/tags?post=15881"}],"curies":[{"name":"wp","href":"https:\/\/api.w.org\/{rel}","templated":true}]}}